{"id":1445,"date":"2025-03-22T10:02:31","date_gmt":"2025-03-22T10:02:31","guid":{"rendered":"https:\/\/www.lianyuanceramic.com\/?post_type=product&#038;p=1445"},"modified":"2025-03-26T03:13:10","modified_gmt":"2025-03-26T03:13:10","slug":"wholesale-dinnerware-for-weddings","status":"publish","type":"product","link":"https:\/\/www.lianyuanceramic.com\/fr\/produit\/wholesale-dinnerware-for-weddings\/","title":{"rendered":"Vaisselle de mariage en gros, assiettes blanches perl\u00e9es en vrac"},"content":{"rendered":"<div class=\"wp-block-columns is-layout-flex wp-container-core-columns-is-layout-9d6595d7 wp-block-columns-is-layout-flex\">\n<div class=\"wp-block-column is-layout-flow wp-block-column-is-layout-flow\">\n<h2 class=\"wp-block-heading\">Caract\u00e9ristiques de la vaisselle de mariage :<\/h2>\n\n\n\n<p><strong>Cuisson \u00e0 haute temp\u00e9rature de la dolomie<\/strong>Les produits de l'industrie de l'acier : cuits \u00e0 une temp\u00e9rature \u00e9lev\u00e9e de plus de 1300\u00b0C, avec une structure dense, r\u00e9sistante \u00e0 la chaleur et durable.<\/p>\n\n\n\n<p><strong>S\u00fbr et respectueux de l'environnement :<\/strong> l'\u00e9mail est lisse et d\u00e9licat, sain et respectueux de l'environnement, et ne contient pas de substances nocives telles que le plomb et le cadmium.<\/p>\n\n\n\n<p><strong>Motif perl\u00e9<\/strong>: Il est d\u00e9coratif et rehausse la qualit\u00e9 g\u00e9n\u00e9rale de la vaisselle, tout en am\u00e9liorant la sensation et le toucher de la vaisselle.<\/p>\n\n\n\n<p><strong>Toucher confortable et d\u00e9licat<\/strong>Les bords sont polis, ce qui \u00e9vite de se blesser les mains lors de l'utilisation et am\u00e9liore l'exp\u00e9rience de l'utilisateur.<\/p>\n\n\n\n<p><strong>Adaptable \u00e0 diff\u00e9rents styles de repas<\/strong>La collection de l'artiste : convient aux sc\u00e8nes haut de gamme telles que les f\u00eates de mariage, les restaurants fran\u00e7ais, les caf\u00e9s-boutiques, les th\u00e9s de l'apr\u00e8s-midi, etc.<\/p>\n<\/div>\n\n\n\n<div class=\"wp-block-column is-layout-flow wp-block-column-is-layout-flow\"><div class=\"wp-block-image\">\n<figure class=\"aligncenter size-full\"><img decoding=\"async\" width=\"1000\" height=\"579\" src=\"https:\/\/www.lianyuanceramic.com\/wp-content\/uploads\/2025\/03\/wholesale-dinnerware-for-weddings-1.webp\" alt=\"vaisselle en gros pour les mariages (1)\" class=\"wp-image-1446\" style=\"object-fit:cover\" srcset=\"https:\/\/www.lianyuanceramic.com\/wp-content\/uploads\/2025\/03\/wholesale-dinnerware-for-weddings-1.webp 1000w, https:\/\/www.lianyuanceramic.com\/wp-content\/uploads\/2025\/03\/wholesale-dinnerware-for-weddings-1-300x174.webp 300w, https:\/\/www.lianyuanceramic.com\/wp-content\/uploads\/2025\/03\/wholesale-dinnerware-for-weddings-1-768x445.webp 768w, https:\/\/www.lianyuanceramic.com\/wp-content\/uploads\/2025\/03\/wholesale-dinnerware-for-weddings-1-18x10.webp 18w, https:\/\/www.lianyuanceramic.com\/wp-content\/uploads\/2025\/03\/wholesale-dinnerware-for-weddings-1-600x347.webp 600w\" sizes=\"(max-width: 1000px) 100vw, 1000px\" \/><\/figure>\n<\/div><\/div>\n<\/div>\n\n\n\n<div class=\"wp-block-columns is-layout-flex wp-container-core-columns-is-layout-9d6595d7 wp-block-columns-is-layout-flex\">\n<div class=\"wp-block-column is-layout-flow wp-block-column-is-layout-flow\"><div class=\"wp-block-image\">\n<figure class=\"aligncenter size-full\"><img decoding=\"async\" width=\"1000\" height=\"579\" src=\"https:\/\/www.lianyuanceramic.com\/wp-content\/uploads\/2025\/03\/wholesale-dinnerware-for-weddings-1.webp\" alt=\"vaisselle en gros pour les mariages (1)\" class=\"wp-image-1446\" style=\"object-fit:cover\" srcset=\"https:\/\/www.lianyuanceramic.com\/wp-content\/uploads\/2025\/03\/wholesale-dinnerware-for-weddings-1.webp 1000w, https:\/\/www.lianyuanceramic.com\/wp-content\/uploads\/2025\/03\/wholesale-dinnerware-for-weddings-1-300x174.webp 300w, https:\/\/www.lianyuanceramic.com\/wp-content\/uploads\/2025\/03\/wholesale-dinnerware-for-weddings-1-768x445.webp 768w, https:\/\/www.lianyuanceramic.com\/wp-content\/uploads\/2025\/03\/wholesale-dinnerware-for-weddings-1-18x10.webp 18w, https:\/\/www.lianyuanceramic.com\/wp-content\/uploads\/2025\/03\/wholesale-dinnerware-for-weddings-1-600x347.webp 600w\" sizes=\"(max-width: 1000px) 100vw, 1000px\" \/><\/figure>\n<\/div><\/div>\n\n\n\n<div class=\"wp-block-column is-layout-flow wp-block-column-is-layout-flow\">\n<h2 class=\"wp-block-heading\">Vaisselle personnalis\u00e9e pour les mariages<\/h2>\n\n\n\n<p>Lianyuan propose diverses options de vaisselle personnalis\u00e9e en fonction des besoins de la marque ou des tendances de la mode, ce qui en fait un produit id\u00e9al pour un usage personnel ou commercial.<\/p>\n\n\n\n<p><strong>Conception :&nbsp;<\/strong>Choisissez des motifs floraux ou cr\u00e9ez votre propre motif.<\/p>\n\n\n\n<p><strong>Composition de l'ensemble :<\/strong>&nbsp;Sets de tasses en c\u00e9ramique personnalis\u00e9s avec des combinaisons de tasses, de bols et de cuill\u00e8res.<\/p>\n\n\n\n<p><strong>Taille :&nbsp;<\/strong>Choisissez parmi diff\u00e9rentes tailles pour convenir \u00e0 diff\u00e9rentes portions de repas.<\/p>\n\n\n\n<p><strong>Mat\u00e9riau :<\/strong>&nbsp;C\u00e9ramique, porcelaine, porcelaine osseuse ou se renseigner sur les autres possibilit\u00e9s.<\/p>\n\n\n\n<p><strong>Artisanat :&nbsp;<\/strong>D\u00e9calcomanies de gla\u00e7age, changement de four, peinture \u00e0 la main, motifs en relief ou autres.<\/p>\n\n\n\n<p><strong>Emballage :&nbsp;<\/strong>Emballage en vrac, bo\u00eete de couleur, bo\u00eete cadeau, bo\u00eete de pr\u00e9sentation, bo\u00eete postale, etc.<\/p>\n<\/div>\n<\/div>","protected":false},"excerpt":{"rendered":"<div class=\"D5aOJc vJwDU\" style=\"text-align: left;\">\n<p>Vaisselle en gros pour les mariages, design perl\u00e9 avec forme ronde, carr\u00e9e et rectangulaire, \u00e9l\u00e9gante et haut de gamme. Parfait pour les mariages, les restaurants et le th\u00e9 de l'apr\u00e8s-midi. Support OEM\/ODM, livraison rapide dans le monde entier. Nous vous invitons \u00e0 commander en gros, contactez-nous d\u00e8s maintenant !<\/p>\n<\/div>\n<h2 class=\"D5aOJc vJwDU\" style=\"text-align: left;\">\u00a0<\/h2>\n<h2 class=\"D5aOJc vJwDU\" style=\"text-align: left;\">Param\u00e8tres de la vaisselle pour les mariages :<\/h2>\n<table style=\"border-collapse: collapse; width: 370.82pt;\" border=\"0\" width=\"618\" cellspacing=\"0\" cellpadding=\"0\">\n<tbody>\n<tr style=\"height: 15.60pt;\">\n<td class=\"et3\" style=\"height: 15.60pt; width: 108.00pt;\" width=\"180\" height=\"26\">Fabricant<\/td>\n<td width=\"438\">Lianyuan<\/td>\n<\/tr>\n<tr>\n<td height=\"26\">Type de produit<\/td>\n<td>Assiettes \u00e0 d\u00eener, Plateaux de service<\/td>\n<\/tr>\n<tr>\n<td height=\"26\">Mod\u00e8le<\/td>\n<td>Motif perl\u00e9<\/td>\n<\/tr>\n<tr>\n<td height=\"26\">Couleur<\/td>\n<td>Blanc<\/td>\n<\/tr>\n<tr>\n<td height=\"26\">Mat\u00e9riau<\/td>\n<td>\n<p>Dolomie<\/p>\n<\/td>\n<\/tr>\n<tr>\n<td height=\"26\">Artisanat<\/td>\n<td>Glacis blanc<\/td>\n<\/tr>\n<tr>\n<td height=\"26\">Application<\/td>\n<td>Passe au micro-ondes, au lave-vaisselle et au four<\/td>\n<\/tr>\n<tr>\n<td height=\"26\">Sur mesure<\/td>\n<td>Couleur\/Taille\/Logo\/Emballage<\/td>\n<\/tr>\n<\/tbody>\n<\/table>","protected":false},"featured_media":1447,"comment_status":"open","ping_status":"closed","template":"","meta":{"_acf_changed":false},"product_brand":[],"product_cat":[19],"product_tag":[32],"class_list":{"0":"post-1445","1":"product","2":"type-product","3":"status-publish","4":"has-post-thumbnail","6":"product_cat-serveware-wholesale","7":"product_tag-dolomite-dinnerware-wholesale","9":"first","10":"instock","11":"shipping-taxable","12":"product-type-simple"},"acf":[],"_links":{"self":[{"href":"https:\/\/www.lianyuanceramic.com\/fr\/wp-json\/wp\/v2\/product\/1445","targetHints":{"allow":["GET"]}}],"collection":[{"href":"https:\/\/www.lianyuanceramic.com\/fr\/wp-json\/wp\/v2\/product"}],"about":[{"href":"https:\/\/www.lianyuanceramic.com\/fr\/wp-json\/wp\/v2\/types\/product"}],"replies":[{"embeddable":true,"href":"https:\/\/www.lianyuanceramic.com\/fr\/wp-json\/wp\/v2\/comments?post=1445"}],"wp:featuredmedia":[{"embeddable":true,"href":"https:\/\/www.lianyuanceramic.com\/fr\/wp-json\/wp\/v2\/media\/1447"}],"wp:attachment":[{"href":"https:\/\/www.lianyuanceramic.com\/fr\/wp-json\/wp\/v2\/media?parent=1445"}],"wp:term":[{"taxonomy":"product_brand","embeddable":true,"href":"https:\/\/www.lianyuanceramic.com\/fr\/wp-json\/wp\/v2\/product_brand?post=1445"},{"taxonomy":"product_cat","embeddable":true,"href":"https:\/\/www.lianyuanceramic.com\/fr\/wp-json\/wp\/v2\/product_cat?post=1445"},{"taxonomy":"product_tag","embeddable":true,"href":"https:\/\/www.lianyuanceramic.com\/fr\/wp-json\/wp\/v2\/product_tag?post=1445"}],"curies":[{"name":"wp","href":"https:\/\/api.w.org\/{rel}","templated":true}]}}