{"id":1413,"date":"2025-03-21T03:10:09","date_gmt":"2025-03-21T03:10:09","guid":{"rendered":"https:\/\/www.lianyuanceramic.com\/?post_type=product&#038;p=1413"},"modified":"2025-03-22T09:16:59","modified_gmt":"2025-03-22T09:16:59","slug":"restaurant-dinnerware-wholesale","status":"publish","type":"product","link":"https:\/\/www.lianyuanceramic.com\/fr\/produit\/restaurant-dinnerware-wholesale\/","title":{"rendered":"Vaisselle de restaurant en gros, Vaisselle de service Dolomire blanche en vrac"},"content":{"rendered":"<div class=\"wp-block-columns is-layout-flex wp-container-core-columns-is-layout-9d6595d7 wp-block-columns-is-layout-flex\">\n<div class=\"wp-block-column is-layout-flow wp-block-column-is-layout-flow\">\n<h2 class=\"wp-block-heading\">Vaisselle de restaurant Caract\u00e9ristiques :<\/h2>\n\n\n\n<p><strong>Mat\u00e9riau dolomitique respectueux de l'environnement :<\/strong> Fabriqu\u00e9 en dolomie recycl\u00e9e, il est l\u00e9ger, durable et blanc.<\/p>\n\n\n\n<p><strong>Gla\u00e7age blanc et lisse : <\/strong>Gr\u00e2ce \u00e0 la technologie du gla\u00e7age blanc, la surface est lisse et brillante, ce qui t\u00e9moigne d'une grande qualit\u00e9.<\/p>\n\n\n\n<p><strong>Design d'aspect martel\u00e9 :<\/strong> Le design martel\u00e9 apporte une sensation de richesse, minimaliste et unique.<\/p>\n\n\n\n<p><strong>Plusieurs options de couleurs :<\/strong> En plus du blanc classique, il y a aussi du rouge, du bleu et du vert actifs, des collisions de couleurs vives, qui conviennent \u00e0 diverses occasions de manger.<\/p>\n\n\n\n<p><strong>Sp\u00e9cifications multiples des services de table pour les restaurants<\/strong>: including dinner plates, soup bowls, mugs, coffee cups, teapots, etc., can meet the diverse needs of different restaurants and hotels.<\/p>\n<\/div>\n\n\n\n<div class=\"wp-block-column is-layout-flow wp-block-column-is-layout-flow\"><div class=\"wp-block-image\">\n<figure class=\"aligncenter size-full\"><img decoding=\"async\" width=\"2915\" height=\"1648\" src=\"https:\/\/www.lianyuanceramic.com\/wp-content\/uploads\/2025\/03\/Restaurant-Dinnerware-Wholesale-White-Dolomire-Serveware-Bulk-11.webp\" alt=\"Vaisselle de restaurant en gros, Vaisselle de service en dolomite blanche en vrac\" class=\"wp-image-1436\" style=\"object-fit:cover\" srcset=\"https:\/\/www.lianyuanceramic.com\/wp-content\/uploads\/2025\/03\/Restaurant-Dinnerware-Wholesale-White-Dolomire-Serveware-Bulk-11.webp 2915w, https:\/\/www.lianyuanceramic.com\/wp-content\/uploads\/2025\/03\/Restaurant-Dinnerware-Wholesale-White-Dolomire-Serveware-Bulk-11-300x170.webp 300w, https:\/\/www.lianyuanceramic.com\/wp-content\/uploads\/2025\/03\/Restaurant-Dinnerware-Wholesale-White-Dolomire-Serveware-Bulk-11-768x434.webp 768w, https:\/\/www.lianyuanceramic.com\/wp-content\/uploads\/2025\/03\/Restaurant-Dinnerware-Wholesale-White-Dolomire-Serveware-Bulk-11-18x10.webp 18w, https:\/\/www.lianyuanceramic.com\/wp-content\/uploads\/2025\/03\/Restaurant-Dinnerware-Wholesale-White-Dolomire-Serveware-Bulk-11-1200x678.webp 1200w, https:\/\/www.lianyuanceramic.com\/wp-content\/uploads\/2025\/03\/Restaurant-Dinnerware-Wholesale-White-Dolomire-Serveware-Bulk-11-600x339.webp 600w\" sizes=\"(max-width: 2915px) 100vw, 2915px\" \/><\/figure>\n<\/div><\/div>\n<\/div>\n\n\n\n<div class=\"wp-block-columns is-layout-flex wp-container-core-columns-is-layout-9d6595d7 wp-block-columns-is-layout-flex\">\n<div class=\"wp-block-column is-layout-flow wp-block-column-is-layout-flow\"><div class=\"wp-block-image\">\n<figure class=\"aligncenter size-full\"><img decoding=\"async\" width=\"1000\" height=\"615\" src=\"https:\/\/www.lianyuanceramic.com\/wp-content\/uploads\/2025\/03\/Restaurant-Dinnerware-Wholesale-White-Dolomire-Serveware-Bulk-12.webp\" alt=\"Vaisselle de restaurant en gros, Vaisselle de service en dolomite blanche en vrac\" class=\"wp-image-1437\" style=\"object-fit:cover\" srcset=\"https:\/\/www.lianyuanceramic.com\/wp-content\/uploads\/2025\/03\/Restaurant-Dinnerware-Wholesale-White-Dolomire-Serveware-Bulk-12.webp 1000w, https:\/\/www.lianyuanceramic.com\/wp-content\/uploads\/2025\/03\/Restaurant-Dinnerware-Wholesale-White-Dolomire-Serveware-Bulk-12-300x185.webp 300w, https:\/\/www.lianyuanceramic.com\/wp-content\/uploads\/2025\/03\/Restaurant-Dinnerware-Wholesale-White-Dolomire-Serveware-Bulk-12-768x472.webp 768w, https:\/\/www.lianyuanceramic.com\/wp-content\/uploads\/2025\/03\/Restaurant-Dinnerware-Wholesale-White-Dolomire-Serveware-Bulk-12-18x12.webp 18w, https:\/\/www.lianyuanceramic.com\/wp-content\/uploads\/2025\/03\/Restaurant-Dinnerware-Wholesale-White-Dolomire-Serveware-Bulk-12-600x369.webp 600w\" sizes=\"(max-width: 1000px) 100vw, 1000px\" \/><\/figure>\n<\/div><\/div>\n\n\n\n<div class=\"wp-block-column is-layout-flow wp-block-column-is-layout-flow\">\n<h2 class=\"wp-block-heading\">Vaisselle de restaurant personnalis\u00e9e <\/h2>\n\n\n\n<p>Lianyuan propose diverses options de vaisselle personnalis\u00e9e en fonction des besoins de la marque ou des tendances de la mode, ce qui en fait un produit id\u00e9al pour un usage personnel ou commercial.<\/p>\n\n\n\n<p><strong>Conception :&nbsp;<\/strong>Choisissez des motifs floraux ou cr\u00e9ez votre propre motif.<\/p>\n\n\n\n<p><strong>Composition de l'ensemble :<\/strong>&nbsp;Sets de tasses en c\u00e9ramique personnalis\u00e9s avec des combinaisons de tasses, de bols et de cuill\u00e8res.<\/p>\n\n\n\n<p><strong>Taille :&nbsp;<\/strong>Choisissez parmi diff\u00e9rentes tailles pour convenir \u00e0 diff\u00e9rentes portions de repas.<\/p>\n\n\n\n<p><strong>Mat\u00e9riau :<\/strong>&nbsp;C\u00e9ramique, porcelaine, porcelaine osseuse ou se renseigner sur les autres possibilit\u00e9s.<\/p>\n\n\n\n<p><strong>Artisanat :&nbsp;<\/strong>D\u00e9calcomanies de gla\u00e7age, changement de four, peinture \u00e0 la main, motifs en relief ou autres.<\/p>\n\n\n\n<p><strong>Emballage :&nbsp;<\/strong>Emballage en vrac, bo\u00eete de couleur, bo\u00eete cadeau, bo\u00eete de pr\u00e9sentation, bo\u00eete d'exp\u00e9dition, etc.<\/p>\n<\/div>\n<\/div>","protected":false},"excerpt":{"rendered":"<div class=\"D5aOJc vJwDU\" style=\"text-align: left;\">Bienvenue dans la vente en gros de vaisselle de restaurant avec finition martel\u00e9e, diverses sp\u00e9cifications, des ensembles de service simples et exquis pour les restaurants. Ventes directes \u00e0 l'usine, des remises sur la personnalisation en gros sont disponibles, consultez d\u00e8s maintenant !<\/div>\n<h2 class=\"D5aOJc vJwDU\" style=\"text-align: left;\">Vaisselle de restaurant Param\u00e8tre :<\/h2>\n<table style=\"border-collapse: collapse; width: 370.82pt;\" border=\"0\" width=\"618\" cellspacing=\"0\" cellpadding=\"0\">\n<tbody>\n<tr style=\"height: 15.60pt;\">\n<td class=\"et3\" style=\"height: 15.60pt; width: 108.00pt;\" width=\"180\" height=\"26\">Fabricant<\/td>\n<td width=\"438\">Lianyuan<\/td>\n<\/tr>\n<tr>\n<td height=\"26\">Type de produit<\/td>\n<td>Assiettes, bols, bols \u00e0 soupe, tasses, tasses \u00e0 th\u00e9 et pots<\/td>\n<\/tr>\n<tr>\n<td height=\"26\">Mod\u00e8le<\/td>\n<td>Design martel\u00e9<\/td>\n<\/tr>\n<tr>\n<td height=\"26\">Couleur<\/td>\n<td>Blanc<\/td>\n<\/tr>\n<tr>\n<td height=\"26\">Mat\u00e9riau<\/td>\n<td>\n<p>Dolomie<\/p>\n<\/td>\n<\/tr>\n<tr>\n<td height=\"26\">Artisanat<\/td>\n<td>Glacis blanc<\/td>\n<\/tr>\n<tr>\n<td height=\"26\">Application<\/td>\n<td>Passe au micro-ondes, au lave-vaisselle et au four<\/td>\n<\/tr>\n<tr>\n<td height=\"26\">Sur mesure<\/td>\n<td>Couleur\/Taille\/Logo\/Emballage<\/td>\n<\/tr>\n<\/tbody>\n<\/table>","protected":false},"featured_media":1429,"comment_status":"open","ping_status":"closed","template":"","meta":{"_acf_changed":false},"product_brand":[],"product_cat":[19,17],"product_tag":[32],"class_list":{"0":"post-1413","1":"product","2":"type-product","3":"status-publish","4":"has-post-thumbnail","6":"product_cat-serveware-wholesale","7":"product_cat-dinnerware-wholesale","8":"product_tag-dolomite-dinnerware-wholesale","10":"first","11":"instock","12":"shipping-taxable","13":"product-type-simple"},"acf":[],"_links":{"self":[{"href":"https:\/\/www.lianyuanceramic.com\/fr\/wp-json\/wp\/v2\/product\/1413","targetHints":{"allow":["GET"]}}],"collection":[{"href":"https:\/\/www.lianyuanceramic.com\/fr\/wp-json\/wp\/v2\/product"}],"about":[{"href":"https:\/\/www.lianyuanceramic.com\/fr\/wp-json\/wp\/v2\/types\/product"}],"replies":[{"embeddable":true,"href":"https:\/\/www.lianyuanceramic.com\/fr\/wp-json\/wp\/v2\/comments?post=1413"}],"wp:featuredmedia":[{"embeddable":true,"href":"https:\/\/www.lianyuanceramic.com\/fr\/wp-json\/wp\/v2\/media\/1429"}],"wp:attachment":[{"href":"https:\/\/www.lianyuanceramic.com\/fr\/wp-json\/wp\/v2\/media?parent=1413"}],"wp:term":[{"taxonomy":"product_brand","embeddable":true,"href":"https:\/\/www.lianyuanceramic.com\/fr\/wp-json\/wp\/v2\/product_brand?post=1413"},{"taxonomy":"product_cat","embeddable":true,"href":"https:\/\/www.lianyuanceramic.com\/fr\/wp-json\/wp\/v2\/product_cat?post=1413"},{"taxonomy":"product_tag","embeddable":true,"href":"https:\/\/www.lianyuanceramic.com\/fr\/wp-json\/wp\/v2\/product_tag?post=1413"}],"curies":[{"name":"wp","href":"https:\/\/api.w.org\/{rel}","templated":true}]}}