{"id":1412,"date":"2025-03-26T07:30:07","date_gmt":"2025-03-26T07:30:07","guid":{"rendered":"https:\/\/www.lianyuanceramic.com\/?post_type=product&#038;p=1412"},"modified":"2025-03-27T07:36:42","modified_gmt":"2025-03-27T07:36:42","slug":"wholesale-royal-china-dinnerware","status":"publish","type":"product","link":"https:\/\/www.lianyuanceramic.com\/fr\/produit\/wholesale-royal-china-dinnerware\/","title":{"rendered":"Wholesale Royal China Dinnerware, Western Serveware, Tea Set Custom"},"content":{"rendered":"<div class=\"wp-block-image\">\n<figure class=\"aligncenter size-full\"><img decoding=\"async\" width=\"4626\" height=\"2606\" src=\"https:\/\/www.lianyuanceramic.com\/wp-content\/uploads\/2025\/03\/wholesale-royal-china-dinnerware-3.webp\" alt=\"vaisselle en gros en porcelaine royale (3)\" class=\"wp-image-1409\" style=\"object-fit:cover\" srcset=\"https:\/\/www.lianyuanceramic.com\/wp-content\/uploads\/2025\/03\/wholesale-royal-china-dinnerware-3.webp 4626w, https:\/\/www.lianyuanceramic.com\/wp-content\/uploads\/2025\/03\/wholesale-royal-china-dinnerware-3-300x169.webp 300w, https:\/\/www.lianyuanceramic.com\/wp-content\/uploads\/2025\/03\/wholesale-royal-china-dinnerware-3-768x433.webp 768w, https:\/\/www.lianyuanceramic.com\/wp-content\/uploads\/2025\/03\/wholesale-royal-china-dinnerware-3-18x10.webp 18w, https:\/\/www.lianyuanceramic.com\/wp-content\/uploads\/2025\/03\/wholesale-royal-china-dinnerware-3-1200x676.webp 1200w, https:\/\/www.lianyuanceramic.com\/wp-content\/uploads\/2025\/03\/wholesale-royal-china-dinnerware-3-600x338.webp 600w\" sizes=\"(max-width: 4626px) 100vw, 4626px\" \/><\/figure>\n<\/div>\n\n\n<div class=\"wp-block-columns is-layout-flex wp-container-core-columns-is-layout-9d6595d7 wp-block-columns-is-layout-flex\">\n<div class=\"wp-block-column is-layout-flow wp-block-column-is-layout-flow\">\n<h2 class=\"wp-block-heading\">Royal China Dinnerware Caract\u00e9ristiques :<\/h2>\n\n\n\n<p><strong>Style royal britannique classique<\/strong>Les couleurs de l'image sont : l'architecture europ\u00e9enne et les paysages pastoraux, le rouge royal et le blanc, qui illustrent le luxe et l'\u00e9l\u00e9gance.<\/p>\n\n\n\n<p><strong>Forme de palais r\u00e9tro :<\/strong> Les bords ondul\u00e9s et la d\u00e9coration sculpt\u00e9e en creux rehaussent le temp\u00e9rament aristocratique du palais.<\/p>\n\n\n\n<p><strong>Excellente qualit\u00e9 :<\/strong> En porcelaine durable cuite \u00e0 haute temp\u00e9rature, s\u00fbre et non toxique, r\u00e9sistante \u00e0 l'usure, adapt\u00e9e \u00e0 une utilisation \u00e0 long terme dans des environnements commerciaux tels que les restaurants haut de gamme, les caf\u00e9s, les h\u00f4tels, etc.<\/p>\n\n\n\n<p><strong>Technologie In-Glaze Decal :<\/strong> Gr\u00e2ce \u00e0 la technologie In-Glaze Decal, le motif est int\u00e9gr\u00e9 dans la couche de gla\u00e7age, la surface du gla\u00e7age est lisse et brillante, la couleur est pleine et ne s'estompe pas facilement.<\/p>\n\n\n\n<p><strong>Ensemble complet de diverses sp\u00e9cifications : <\/strong>y compris th\u00e9i\u00e8res, tasses \u00e0 th\u00e9, plateaux, bols \u00e0 soupe, assiettes \u00e0 dessert, assiettes \u00e0 d\u00eener, pots \u00e0 lait, pots \u00e0 sucre, etc., convenant \u00e0 diff\u00e9rentes sc\u00e8nes de repas et de d\u00e9gustation de th\u00e9.<\/p>\n<\/div>\n\n\n\n<div class=\"wp-block-column is-layout-flow wp-block-column-is-layout-flow\">\n<h2 class=\"wp-block-heading\">Vaisselle en porcelaine royale personnalis\u00e9e :<\/h2>\n\n\n\n<p>Lianyuan propose diverses options de vaisselle personnalis\u00e9e en fonction des besoins de la marque ou des tendances de la mode, ce qui en fait un produit id\u00e9al pour un usage personnel ou commercial.<\/p>\n\n\n\n<p><strong>Conception :&nbsp;<\/strong>Couleur unie<\/p>\n\n\n\n<p><strong>Composition de l'ensemble :<\/strong>&nbsp;Sets de tasses en c\u00e9ramique personnalis\u00e9s avec des combinaisons de tasses, de bols et de cuill\u00e8res.<\/p>\n\n\n\n<p><strong>Taille :&nbsp;<\/strong>Choisissez parmi diff\u00e9rentes tailles pour convenir \u00e0 diff\u00e9rentes portions de repas.<\/p>\n\n\n\n<p><strong>Mat\u00e9riau :<\/strong>&nbsp;C\u00e9ramique, porcelaine, porcelaine osseuse ou se renseigner sur les autres possibilit\u00e9s.<\/p>\n\n\n\n<p><strong>Artisanat :&nbsp;<\/strong>D\u00e9calcomanies de gla\u00e7age, changement de four, peinture \u00e0 la main, motifs en relief ou autres.<\/p>\n\n\n\n<p><strong>Emballage :&nbsp;<\/strong>Emballage en vrac, bo\u00eete de couleur, bo\u00eete cadeau, bo\u00eete de pr\u00e9sentation, bo\u00eete postale, etc.<\/p>\n<\/div>\n<\/div>","protected":false},"excerpt":{"rendered":"<div class=\"D5aOJc vJwDU\">\n<div data-zone-id=\"0\" data-line-index=\"0\" data-line=\"true\">\n<p>Vaisselle, service et service \u00e0 th\u00e9 en gros en porcelaine royale, motif architectural vintage rouge et blanc, convient aux restaurants haut de gamme, aux h\u00f4tels, etc. Fabrication de haute qualit\u00e9, magasin d'usine, possibilit\u00e9 de personnalisation en vrac, n'h\u00e9sitez pas \u00e0 nous contacter d\u00e8s maintenant !<\/p>\n<\/div>\n<\/div>\n<h2>Param\u00e8tres de la vaisselle Royal China<\/h2>\n<table style=\"border-collapse: collapse; width: 370.82pt;\" border=\"0\" width=\"618\" cellspacing=\"0\" cellpadding=\"0\">\n<tbody>\n<tr style=\"height: 15.60pt;\">\n<td class=\"et3\" style=\"height: 15.60pt; width: 108.00pt;\" width=\"180\" height=\"26\">Fabricant<\/td>\n<td class=\"et3\" style=\"width: 263.25pt;\" width=\"438\">Lianyuan<\/td>\n<\/tr>\n<tr style=\"height: 15.60pt;\">\n<td class=\"et3\" style=\"height: 15.60pt;\" height=\"26\">Type de produit<\/td>\n<td class=\"et3\">Th\u00e9i\u00e8res, tasses \u00e0 th\u00e9, plateaux, bols \u00e0 soupe, assiettes \u00e0 dessert, assiettes \u00e0 d\u00eener, pots \u00e0 lait, pots \u00e0 sucre, etc.<\/td>\n<\/tr>\n<tr style=\"height: 15.60pt;\">\n<td class=\"et3\" style=\"height: 15.60pt;\" height=\"26\">Mod\u00e8le<\/td>\n<td class=\"et3\">Style britannique antique<\/td>\n<\/tr>\n<tr style=\"height: 15.60pt;\">\n<td class=\"et3\" style=\"height: 15.60pt;\" height=\"26\">Couleur<\/td>\n<td class=\"et3\">Rouge et blanc<\/td>\n<\/tr>\n<tr style=\"height: 15.60pt;\">\n<td class=\"et3\" style=\"height: 15.60pt;\" height=\"26\">Mat\u00e9riau<\/td>\n<td class=\"et3\">Porcelaine durable<\/td>\n<\/tr>\n<tr style=\"height: 15.60pt;\">\n<td class=\"et3\" style=\"height: 15.60pt;\" height=\"26\">Artisanat<\/td>\n<td class=\"et3\">D\u00e9calque In-Glaze<\/td>\n<\/tr>\n<tr style=\"height: 15.60pt;\">\n<td class=\"et3\" style=\"height: 15.60pt;\" height=\"26\">Application<\/td>\n<td class=\"et3\">Passe au micro-ondes, au lave-vaisselle et au four<\/td>\n<\/tr>\n<tr style=\"height: 15.60pt;\">\n<td class=\"et3\" style=\"height: 15.60pt;\" height=\"26\">Sur mesure<\/td>\n<td class=\"et3\">Couleur\/Taille\/Logo\/Emballage<\/td>\n<\/tr>\n<\/tbody>\n<\/table>","protected":false},"featured_media":1459,"comment_status":"open","ping_status":"closed","template":"","meta":{"_acf_changed":false},"product_brand":[],"product_cat":[18,17,19],"product_tag":[30,27],"class_list":{"0":"post-1412","1":"product","2":"type-product","3":"status-publish","4":"has-post-thumbnail","6":"product_cat-wholesale-custom-tea-set","7":"product_cat-dinnerware-wholesale","8":"product_cat-serveware-wholesale","9":"product_tag-custom-porcelain-dinnerware","10":"product_tag-wholesale-decal-ceramics","12":"first","13":"instock","14":"shipping-taxable","15":"product-type-simple"},"acf":[],"_links":{"self":[{"href":"https:\/\/www.lianyuanceramic.com\/fr\/wp-json\/wp\/v2\/product\/1412","targetHints":{"allow":["GET"]}}],"collection":[{"href":"https:\/\/www.lianyuanceramic.com\/fr\/wp-json\/wp\/v2\/product"}],"about":[{"href":"https:\/\/www.lianyuanceramic.com\/fr\/wp-json\/wp\/v2\/types\/product"}],"replies":[{"embeddable":true,"href":"https:\/\/www.lianyuanceramic.com\/fr\/wp-json\/wp\/v2\/comments?post=1412"}],"wp:featuredmedia":[{"embeddable":true,"href":"https:\/\/www.lianyuanceramic.com\/fr\/wp-json\/wp\/v2\/media\/1459"}],"wp:attachment":[{"href":"https:\/\/www.lianyuanceramic.com\/fr\/wp-json\/wp\/v2\/media?parent=1412"}],"wp:term":[{"taxonomy":"product_brand","embeddable":true,"href":"https:\/\/www.lianyuanceramic.com\/fr\/wp-json\/wp\/v2\/product_brand?post=1412"},{"taxonomy":"product_cat","embeddable":true,"href":"https:\/\/www.lianyuanceramic.com\/fr\/wp-json\/wp\/v2\/product_cat?post=1412"},{"taxonomy":"product_tag","embeddable":true,"href":"https:\/\/www.lianyuanceramic.com\/fr\/wp-json\/wp\/v2\/product_tag?post=1412"}],"curies":[{"name":"wp","href":"https:\/\/api.w.org\/{rel}","templated":true}]}}