{"id":1411,"date":"2025-03-26T07:29:30","date_gmt":"2025-03-26T07:29:30","guid":{"rendered":"https:\/\/www.lianyuanceramic.com\/?post_type=product&#038;p=1411"},"modified":"2025-03-27T07:39:01","modified_gmt":"2025-03-27T07:39:01","slug":"wholesale-vintage-blue-and-white-dinnerware","status":"publish","type":"product","link":"https:\/\/www.lianyuanceramic.com\/fr\/produit\/wholesale-vintage-blue-and-white-dinnerware\/","title":{"rendered":"Wholesale Vintage Blue and White Dinnerware, Ceramic Tableware Bulk (Vaisselle en c\u00e9ramique en vrac)"},"content":{"rendered":"<div class=\"wp-block-image\">\n<figure class=\"aligncenter size-full\"><img decoding=\"async\" width=\"4741\" height=\"2671\" src=\"https:\/\/www.lianyuanceramic.com\/wp-content\/uploads\/2025\/03\/wholesale-vintage-blue-and-white-dinnerware.webp\" alt=\"vaisselle vintage bleue et blanche en gros\" class=\"wp-image-1410\" style=\"object-fit:cover\" srcset=\"https:\/\/www.lianyuanceramic.com\/wp-content\/uploads\/2025\/03\/wholesale-vintage-blue-and-white-dinnerware.webp 4741w, https:\/\/www.lianyuanceramic.com\/wp-content\/uploads\/2025\/03\/wholesale-vintage-blue-and-white-dinnerware-300x169.webp 300w, https:\/\/www.lianyuanceramic.com\/wp-content\/uploads\/2025\/03\/wholesale-vintage-blue-and-white-dinnerware-768x433.webp 768w, https:\/\/www.lianyuanceramic.com\/wp-content\/uploads\/2025\/03\/wholesale-vintage-blue-and-white-dinnerware-18x10.webp 18w, https:\/\/www.lianyuanceramic.com\/wp-content\/uploads\/2025\/03\/wholesale-vintage-blue-and-white-dinnerware-1200x676.webp 1200w, https:\/\/www.lianyuanceramic.com\/wp-content\/uploads\/2025\/03\/wholesale-vintage-blue-and-white-dinnerware-600x338.webp 600w\" sizes=\"(max-width: 4741px) 100vw, 4741px\" \/><\/figure>\n<\/div>\n\n\n<div class=\"wp-block-columns is-layout-flex wp-container-core-columns-is-layout-9d6595d7 wp-block-columns-is-layout-flex\">\n<div class=\"wp-block-column is-layout-flow wp-block-column-is-layout-flow\">\n<h2 class=\"wp-block-heading\">Vaisselle vintage bleue et blanche Caract\u00e9ristiques :<\/h2>\n\n\n\n<p><strong>Design r\u00e9tro classique : <\/strong>S'inspirant du style artistique de la porcelaine bleue et blanche europ\u00e9enne des XVIIIe et XIXe si\u00e8cles, combin\u00e9e \u00e0 des \u00e9l\u00e9ments de porcelaine bleue et blanche orientale, elle pr\u00e9sente un temp\u00e9rament aristocratique r\u00e9tro.<\/p>\n\n\n\n<p><strong>Mat\u00e9riau c\u00e9ramique de haute qualit\u00e9 : <\/strong>C\u00e9ramique de haute qualit\u00e9 cuite \u00e0 haute temp\u00e9rature, durable, ne se cassant pas facilement et convenant \u00e0 une utilisation \u00e0 long terme.<\/p>\n\n\n\n<p><strong>Technologie de d\u00e9calcomanie In-Glaze : <\/strong>Le proc\u00e9d\u00e9 de d\u00e9calcomanie dans l'\u00e9mail est utilis\u00e9 pour int\u00e9grer le motif dans la couche d'\u00e9mail sous une cuisson \u00e0 haute temp\u00e9rature, et la surface est lisse et ne se raye pas facilement. Les couleurs vives sont conserv\u00e9es pendant longtemps, ce qui garantit la durabilit\u00e9 et la beaut\u00e9 de la vaisselle.<\/p>\n\n\n\n<p><strong>Une vari\u00e9t\u00e9 de formes et de riches combinaisons<\/strong>:<br><strong>Une gamme compl\u00e8te d'articles de table :<\/strong> y compris des grands plateaux, des assiettes \u00e0 d\u00eener, des bols \u00e0 soupe, des services \u00e0 th\u00e9, des pr\u00e9sentoirs \u00e0 dessert, etc. pour r\u00e9pondre aux diff\u00e9rents besoins de la restauration.<br><strong>Forme unique : <\/strong>Certaines assiettes sont con\u00e7ues avec des bordures en dentelle, ondul\u00e9es et sculpt\u00e9es pour ajouter une touche tridimensionnelle et stratifi\u00e9e.<br><strong>Plateaux \u00e0 pieds hauts et services \u00e0 th\u00e9 r\u00e9tro : <\/strong>Ajoutez des assiettes \u00e0 dessert \u00e0 pied haut et des th\u00e9i\u00e8res \u00e0 bec r\u00e9tro pour renforcer l'impression g\u00e9n\u00e9rale de raffinement.<\/p>\n\n\n\n<p><strong>Applicable \u00e0 une vari\u00e9t\u00e9 de sc\u00e9narios, la personnalisation par lots est possible : <\/strong>Convient aux h\u00f4tels haut de gamme, aux caf\u00e9s, aux restaurants, aux banquets de mariage, aux march\u00e9s de cadeaux et \u00e0 d'autres usages commerciaux.<\/p>\n<\/div>\n\n\n\n<div class=\"wp-block-column is-layout-flow wp-block-column-is-layout-flow\">\n<h2 class=\"wp-block-heading\">Vaisselle vintage bleue et blanche personnalis\u00e9e :<\/h2>\n\n\n\n<p>Lianyuan propose diverses options de vaisselle personnalis\u00e9e en fonction des besoins de la marque ou des tendances de la mode, ce qui en fait un produit id\u00e9al pour un usage personnel ou commercial.<\/p>\n\n\n\n<p><strong>Conception :&nbsp;<\/strong>Couleur unie<\/p>\n\n\n\n<p><strong>Composition de l'ensemble :<\/strong>&nbsp;Sets de tasses en c\u00e9ramique personnalis\u00e9s avec des combinaisons de tasses, de bols et de cuill\u00e8res.<\/p>\n\n\n\n<p><strong>Taille :&nbsp;<\/strong>Choisissez parmi diff\u00e9rentes tailles pour convenir \u00e0 diff\u00e9rentes portions de repas.<\/p>\n\n\n\n<p><strong>Mat\u00e9riau :<\/strong>&nbsp;C\u00e9ramique, porcelaine, porcelaine osseuse ou se renseigner sur les autres possibilit\u00e9s.<\/p>\n\n\n\n<p><strong>Artisanat :&nbsp;<\/strong>D\u00e9calcomanies de gla\u00e7age, changement de four, peinture \u00e0 la main, motifs en relief ou autres.<\/p>\n\n\n\n<p><strong>Emballage :&nbsp;<\/strong>Emballage en vrac, bo\u00eete de couleur, bo\u00eete cadeau, bo\u00eete de pr\u00e9sentation, bo\u00eete postale, etc.<\/p>\n<\/div>\n<\/div>","protected":false},"excerpt":{"rendered":"<div class=\"D5aOJc vJwDU\">\n<div data-zone-id=\"0\" data-line-index=\"0\" data-line=\"true\">\n<p>Wholesale Vintage Blue and White Dinnerware, style r\u00e9tro britannique classique, fabrication de haute qualit\u00e9, d\u00e9tails exquis, convient aux h\u00f4tels haut de gamme, aux caf\u00e9s, aux boutiques de desserts fran\u00e7aises, aux salons de th\u00e9 britanniques, aux march\u00e9s de cadeaux. Nous avons un magasin d'usine, nous supportons la personnalisation en gros, nous avons un approvisionnement stable ! N'h\u00e9sitez pas \u00e0 nous contacter !<\/p>\n<\/div>\n<\/div>\n<h2>Vaisselle vintage bleue et blanche Param\u00e8tre :<\/h2>\n<table style=\"border-collapse: collapse; width: 370.82pt;\" border=\"0\" width=\"618\" cellspacing=\"0\" cellpadding=\"0\">\n<tbody>\n<tr style=\"height: 15.60pt;\">\n<td class=\"et3\" style=\"height: 15.60pt; width: 108.00pt;\" width=\"180\" height=\"26\">Fabricant<\/td>\n<td class=\"et3\" style=\"width: 263.25pt;\" width=\"438\">Lianyuan<\/td>\n<\/tr>\n<tr style=\"height: 15.60pt;\">\n<td class=\"et3\" style=\"height: 15.60pt;\" height=\"26\">Type de produit<\/td>\n<td class=\"et3\">\u00a0Grands plateaux, assiettes \u00e0 d\u00eener, bols \u00e0 soupe, services \u00e0 th\u00e9, pr\u00e9sentoirs \u00e0 dessert, etc.<\/td>\n<\/tr>\n<tr style=\"height: 15.60pt;\">\n<td class=\"et3\" style=\"height: 15.60pt;\" height=\"26\">Mod\u00e8le<\/td>\n<td class=\"et3\">Style britannique antique<\/td>\n<\/tr>\n<tr style=\"height: 15.60pt;\">\n<td class=\"et3\" style=\"height: 15.60pt;\" height=\"26\">Couleur<\/td>\n<td class=\"et3\">Bleu et blanc<\/td>\n<\/tr>\n<tr style=\"height: 15.60pt;\">\n<td class=\"et3\" style=\"height: 15.60pt;\" height=\"26\">Mat\u00e9riau<\/td>\n<td class=\"et3\">Porcelaine durable<\/td>\n<\/tr>\n<tr style=\"height: 15.60pt;\">\n<td class=\"et3\" style=\"height: 15.60pt;\" height=\"26\">Artisanat<\/td>\n<td class=\"et3\">In-Glaze Deacl\u00a0<\/td>\n<\/tr>\n<tr style=\"height: 15.60pt;\">\n<td class=\"et3\" style=\"height: 15.60pt;\" height=\"26\">Application<\/td>\n<td class=\"et3\">Passe au micro-ondes, au lave-vaisselle et au four<\/td>\n<\/tr>\n<tr style=\"height: 15.60pt;\">\n<td class=\"et3\" style=\"height: 15.60pt;\" height=\"26\">Sur mesure<\/td>\n<td class=\"et3\">Couleur\/Taille\/Logo\/Emballage<\/td>\n<\/tr>\n<\/tbody>\n<\/table>","protected":false},"featured_media":1461,"comment_status":"open","ping_status":"closed","template":"","meta":{"_acf_changed":false},"product_brand":[],"product_cat":[17,18,19],"product_tag":[30,27],"class_list":{"0":"post-1411","1":"product","2":"type-product","3":"status-publish","4":"has-post-thumbnail","6":"product_cat-dinnerware-wholesale","7":"product_cat-wholesale-custom-tea-set","8":"product_cat-serveware-wholesale","9":"product_tag-custom-porcelain-dinnerware","10":"product_tag-wholesale-decal-ceramics","12":"first","13":"instock","14":"shipping-taxable","15":"product-type-simple"},"acf":[],"_links":{"self":[{"href":"https:\/\/www.lianyuanceramic.com\/fr\/wp-json\/wp\/v2\/product\/1411","targetHints":{"allow":["GET"]}}],"collection":[{"href":"https:\/\/www.lianyuanceramic.com\/fr\/wp-json\/wp\/v2\/product"}],"about":[{"href":"https:\/\/www.lianyuanceramic.com\/fr\/wp-json\/wp\/v2\/types\/product"}],"replies":[{"embeddable":true,"href":"https:\/\/www.lianyuanceramic.com\/fr\/wp-json\/wp\/v2\/comments?post=1411"}],"wp:featuredmedia":[{"embeddable":true,"href":"https:\/\/www.lianyuanceramic.com\/fr\/wp-json\/wp\/v2\/media\/1461"}],"wp:attachment":[{"href":"https:\/\/www.lianyuanceramic.com\/fr\/wp-json\/wp\/v2\/media?parent=1411"}],"wp:term":[{"taxonomy":"product_brand","embeddable":true,"href":"https:\/\/www.lianyuanceramic.com\/fr\/wp-json\/wp\/v2\/product_brand?post=1411"},{"taxonomy":"product_cat","embeddable":true,"href":"https:\/\/www.lianyuanceramic.com\/fr\/wp-json\/wp\/v2\/product_cat?post=1411"},{"taxonomy":"product_tag","embeddable":true,"href":"https:\/\/www.lianyuanceramic.com\/fr\/wp-json\/wp\/v2\/product_tag?post=1411"}],"curies":[{"name":"wp","href":"https:\/\/api.w.org\/{rel}","templated":true}]}}