{"id":1400,"date":"2025-03-26T07:28:25","date_gmt":"2025-03-26T07:28:25","guid":{"rendered":"https:\/\/www.lianyuanceramic.com\/?post_type=product&#038;p=1400"},"modified":"2025-03-27T07:39:27","modified_gmt":"2025-03-27T07:39:27","slug":"custom-vintage-dinnerware-sets","status":"publish","type":"product","link":"https:\/\/www.lianyuanceramic.com\/fr\/produit\/custom-vintage-dinnerware-sets\/","title":{"rendered":"Service de vaisselle vintage personnalis\u00e9, service \u00e0 th\u00e9 r\u00e9tro britannique, vente en gros"},"content":{"rendered":"<div class=\"wp-block-image\">\n<figure class=\"aligncenter size-full\"><img decoding=\"async\" width=\"4553\" height=\"2136\" src=\"https:\/\/www.lianyuanceramic.com\/wp-content\/uploads\/2025\/03\/wholesale-vintage-dinnerware-sets.webp\" alt=\"vaisselle vintage en gros\" class=\"wp-image-1406\" style=\"object-fit:cover\" srcset=\"https:\/\/www.lianyuanceramic.com\/wp-content\/uploads\/2025\/03\/wholesale-vintage-dinnerware-sets.webp 4553w, https:\/\/www.lianyuanceramic.com\/wp-content\/uploads\/2025\/03\/wholesale-vintage-dinnerware-sets-300x141.webp 300w, https:\/\/www.lianyuanceramic.com\/wp-content\/uploads\/2025\/03\/wholesale-vintage-dinnerware-sets-768x360.webp 768w, https:\/\/www.lianyuanceramic.com\/wp-content\/uploads\/2025\/03\/wholesale-vintage-dinnerware-sets-18x8.webp 18w, https:\/\/www.lianyuanceramic.com\/wp-content\/uploads\/2025\/03\/wholesale-vintage-dinnerware-sets-1200x563.webp 1200w, https:\/\/www.lianyuanceramic.com\/wp-content\/uploads\/2025\/03\/wholesale-vintage-dinnerware-sets-600x281.webp 600w\" sizes=\"(max-width: 4553px) 100vw, 4553px\" \/><\/figure>\n<\/div>\n\n\n<div class=\"wp-block-columns is-layout-flex wp-container-core-columns-is-layout-9d6595d7 wp-block-columns-is-layout-flex\">\n<div class=\"wp-block-column is-layout-flow wp-block-column-is-layout-flow\">\n<h2 class=\"wp-block-heading\">Ensemble de vaisselle vintage Caract\u00e9ristiques :<\/h2>\n\n\n\n<p><strong>Design r\u00e9tro britannique : <\/strong>\u00c9l\u00e9gantes couleurs noir et blanc assorties, motifs de cal\u00e8ches britanniques, style r\u00e9tro riche, d\u00e9montrant un temp\u00e9rament \u00e9l\u00e9gant et noble.<\/p>\n\n\n\n<p><strong>C\u00e9ramique de haute qualit\u00e9<\/strong>Les mat\u00e9riaux utilis\u00e9s sont des c\u00e9ramiques de haute qualit\u00e9, s\u00fbres et sans plomb, saines et respectueuses de l'environnement.<\/p>\n\n\n\n<p><strong>D\u00e9calcomanies In-Glaze : <\/strong>En utilisant des d\u00e9calcomanies en gla\u00e7ure, le motif et la gla\u00e7ure sont int\u00e9gr\u00e9s, la surface est lisse et sans couture, la couleur est douce et plus r\u00e9sistante \u00e0 l'usure.<\/p>\n\n\n\n<p><strong>Forme r\u00e9tro : <\/strong>La vaisselle adopte des bords ondul\u00e9s et des bords sculpt\u00e9s en relief pour rehausser la beaut\u00e9 artistique r\u00e9tro. Les assiettes \u00e0 dessert \u00e0 pied haut et les th\u00e9i\u00e8res r\u00e9tro rehaussent le rituel aristocratique du th\u00e9 de l'apr\u00e8s-midi.<\/p>\n\n\n\n<p><strong>Ensemble complet de vaisselle et de vases :<\/strong> des ensembles de vaisselle pr\u00e9sentant le m\u00eame design : assiettes plates, bols, bols \u00e0 soupe, plateaux de service, th\u00e9i\u00e8res et tasses, tasses \u00e0 caf\u00e9, supports \u00e0 g\u00e2teaux, etc. ainsi que des pots de rangement en c\u00e9ramique, des vases, etc. Une vari\u00e9t\u00e9 de sp\u00e9cifications et de styles pour r\u00e9pondre aux diff\u00e9rents besoins.<\/p>\n\n\n\n<p><strong>Soutenir les services personnalis\u00e9s<\/strong>Les produits de l'entreprise : offrent une personnalisation personnalis\u00e9e, con\u00e7oivent des motifs, des formes et des tailles uniques et d'autres personnalisations en fonction des besoins du restaurant.<\/p>\n<\/div>\n\n\n\n<div class=\"wp-block-column is-layout-flow wp-block-column-is-layout-flow\">\n<h2 class=\"wp-block-heading\">Service de vaisselle vintage personnalis\u00e9 :<\/h2>\n\n\n\n<p>Lianyuan propose diverses options de vaisselle personnalis\u00e9e en fonction des besoins de la marque ou des tendances de la mode, ce qui en fait un produit id\u00e9al pour un usage personnel ou commercial.<\/p>\n\n\n\n<p><strong>Conception :&nbsp;<\/strong>Couleur unie<\/p>\n\n\n\n<p><strong>Composition de l'ensemble :<\/strong>&nbsp;Sets de tasses en c\u00e9ramique personnalis\u00e9s avec des combinaisons de tasses, de bols et de cuill\u00e8res.<\/p>\n\n\n\n<p><strong>Taille :&nbsp;<\/strong>Choisissez parmi diff\u00e9rentes tailles pour convenir \u00e0 diff\u00e9rentes portions de repas.<\/p>\n\n\n\n<p><strong>Mat\u00e9riau :<\/strong>&nbsp;C\u00e9ramique, porcelaine, porcelaine osseuse ou se renseigner sur les autres possibilit\u00e9s.<\/p>\n\n\n\n<p><strong>Artisanat :&nbsp;<\/strong>D\u00e9calcomanies de gla\u00e7age, changement de four, peinture \u00e0 la main, motifs en relief ou autres.<\/p>\n\n\n\n<p><strong>Emballage :&nbsp;<\/strong>Emballage en vrac, bo\u00eete de couleur, bo\u00eete cadeau, bo\u00eete de pr\u00e9sentation, bo\u00eete postale, etc.<\/p>\n<\/div>\n<\/div>","protected":false},"excerpt":{"rendered":"<div class=\"D5aOJc vJwDU\">\n<div data-zone-id=\"0\" data-line-index=\"0\" data-line=\"true\">\n<p>Vente en gros de vaisselle vintage, de services \u00e0 th\u00e9, de vases et d'autres articles aux motifs r\u00e9tro britanniques classiques, qui exhalent l'\u00e9l\u00e9gance et le charme. Fabriqu\u00e9s en porcelaine de haute qualit\u00e9 avec la technologie des d\u00e9cors en gla\u00e7ure, ils sont parfaits pour les restaurants haut de gamme, les caf\u00e9s et le march\u00e9 des cadeaux. Contactez-nous d\u00e8s maintenant pour une personnalisation en vrac et des prix d'usine !<\/p>\n<\/div>\n<\/div>\n<h2>Service de vaisselle vintage Param\u00e8tres :<\/h2>\n<table style=\"border-collapse: collapse; width: 370.82pt;\" border=\"0\" width=\"618\" cellspacing=\"0\" cellpadding=\"0\">\n<tbody>\n<tr style=\"height: 15.60pt;\">\n<td class=\"et3\" style=\"height: 15.60pt; width: 108.00pt;\" width=\"180\" height=\"26\">Fabricant<\/td>\n<td class=\"et3\" style=\"width: 263.25pt;\" width=\"438\">Lianyuan<\/td>\n<\/tr>\n<tr style=\"height: 15.60pt;\">\n<td class=\"et3\" style=\"height: 15.60pt;\" height=\"26\">Type de produit<\/td>\n<td class=\"et3\">Assiettes, bols, tasses \u00e0 th\u00e9, th\u00e9i\u00e8res, vases, supports \u00e0 g\u00e2teaux<\/td>\n<\/tr>\n<tr style=\"height: 15.60pt;\">\n<td class=\"et3\" style=\"height: 15.60pt;\" height=\"26\">Mod\u00e8le<\/td>\n<td class=\"et3\">Style britannique antique<\/td>\n<\/tr>\n<tr style=\"height: 15.60pt;\">\n<td class=\"et3\" style=\"height: 15.60pt;\" height=\"26\">Couleur<\/td>\n<td class=\"et3\">Noir<\/td>\n<\/tr>\n<tr style=\"height: 15.60pt;\">\n<td class=\"et3\" style=\"height: 15.60pt;\" height=\"26\">Mat\u00e9riau<\/td>\n<td class=\"et3\">Porcelaine durable<\/td>\n<\/tr>\n<tr style=\"height: 15.60pt;\">\n<td class=\"et3\" style=\"height: 15.60pt;\" height=\"26\">Artisanat<\/td>\n<td class=\"et3\">D\u00e9calque In-Glaze<\/td>\n<\/tr>\n<tr style=\"height: 15.60pt;\">\n<td class=\"et3\" style=\"height: 15.60pt;\" height=\"26\">Application<\/td>\n<td class=\"et3\">Passe au micro-ondes, au lave-vaisselle et au four<\/td>\n<\/tr>\n<tr style=\"height: 15.60pt;\">\n<td class=\"et3\" style=\"height: 15.60pt;\" height=\"26\">Sur mesure<\/td>\n<td class=\"et3\">Couleur\/Taille\/Logo\/Emballage<\/td>\n<\/tr>\n<\/tbody>\n<\/table>","protected":false},"featured_media":1460,"comment_status":"open","ping_status":"closed","template":"","meta":{"_acf_changed":false},"product_brand":[],"product_cat":[17,18,19,21],"product_tag":[30,27],"class_list":{"0":"post-1400","1":"product","2":"type-product","3":"status-publish","4":"has-post-thumbnail","6":"product_cat-dinnerware-wholesale","7":"product_cat-wholesale-custom-tea-set","8":"product_cat-serveware-wholesale","9":"product_cat-ceramic-home-decor-manufacturer","10":"product_tag-custom-porcelain-dinnerware","11":"product_tag-wholesale-decal-ceramics","13":"first","14":"instock","15":"shipping-taxable","16":"product-type-simple"},"acf":[],"_links":{"self":[{"href":"https:\/\/www.lianyuanceramic.com\/fr\/wp-json\/wp\/v2\/product\/1400","targetHints":{"allow":["GET"]}}],"collection":[{"href":"https:\/\/www.lianyuanceramic.com\/fr\/wp-json\/wp\/v2\/product"}],"about":[{"href":"https:\/\/www.lianyuanceramic.com\/fr\/wp-json\/wp\/v2\/types\/product"}],"replies":[{"embeddable":true,"href":"https:\/\/www.lianyuanceramic.com\/fr\/wp-json\/wp\/v2\/comments?post=1400"}],"wp:featuredmedia":[{"embeddable":true,"href":"https:\/\/www.lianyuanceramic.com\/fr\/wp-json\/wp\/v2\/media\/1460"}],"wp:attachment":[{"href":"https:\/\/www.lianyuanceramic.com\/fr\/wp-json\/wp\/v2\/media?parent=1400"}],"wp:term":[{"taxonomy":"product_brand","embeddable":true,"href":"https:\/\/www.lianyuanceramic.com\/fr\/wp-json\/wp\/v2\/product_brand?post=1400"},{"taxonomy":"product_cat","embeddable":true,"href":"https:\/\/www.lianyuanceramic.com\/fr\/wp-json\/wp\/v2\/product_cat?post=1400"},{"taxonomy":"product_tag","embeddable":true,"href":"https:\/\/www.lianyuanceramic.com\/fr\/wp-json\/wp\/v2\/product_tag?post=1400"}],"curies":[{"name":"wp","href":"https:\/\/api.w.org\/{rel}","templated":true}]}}