{"id":1308,"date":"2025-03-06T10:02:45","date_gmt":"2025-03-06T10:02:45","guid":{"rendered":"https:\/\/www.lianyuanceramic.com\/?post_type=product&#038;p=1308"},"modified":"2025-03-06T10:22:03","modified_gmt":"2025-03-06T10:22:03","slug":"tea-cup-and-saucer-set-bulk","status":"publish","type":"product","link":"https:\/\/www.lianyuanceramic.com\/fr\/produit\/tea-cup-and-saucer-set-bulk\/","title":{"rendered":"Tasses \u00e0 th\u00e9 et soucoupes en vrac, Tasses \u00e0 caf\u00e9 en c\u00e9ramique en gros"},"content":{"rendered":"<div class=\"wp-block-columns is-layout-flex wp-container-core-columns-is-layout-9d6595d7 wp-block-columns-is-layout-flex\">\n<div class=\"wp-block-column is-layout-flow wp-block-column-is-layout-flow\">\n<h2 class=\"wp-block-heading\">Caract\u00e9ristiques de l'ensemble tasse \u00e0 th\u00e9 et soucoupe :<\/h2>\n\n\n\n<p><strong>Motif floral \u00e9l\u00e9gant :<\/strong> une vari\u00e9t\u00e9 de motifs floraux, naturels et \u00e9l\u00e9gants, qui rendent le th\u00e9 artistique et appr\u00e9ciable<\/p>\n\n\n\n<p><strong>Gla\u00e7ure lisse, couleurs vives :<\/strong> Utilisation de d\u00e9calcomanies de gla\u00e7age, coll\u00e9es sans couture sur la tasse de th\u00e9, rendant la surface de la tasse de th\u00e9 lisse, riche en couleurs, ne se d\u00e9colorant pas facilement, toucher de haute qualit\u00e9.<\/p>\n\n\n\n<p><strong>Mat\u00e9riau c\u00e9ramique s\u00fbr : <\/strong>Utilisation d'un mat\u00e9riau en porcelaine s\u00fbr et non toxique, r\u00e9sistant aux fissures, utilisable pendant longtemps<\/p>\n\n\n\n<p><strong>Combinaison tasse et soucoupe :<\/strong> le m\u00eame style de conception de la combinaison tasse et soucoupe, fournit une vari\u00e9t\u00e9 d'options de motifs floraux, peut \u00eatre personnalis\u00e9 l'emballage, la couleur et le motif, convient pour le th\u00e9 \u00e9l\u00e9gant de l'apr\u00e8s-midi.<\/p>\n\n\n\n<h2 class=\"wp-block-heading\">Tasse \u00e0 th\u00e9 et soucoupe personnalis\u00e9es :<\/h2>\n\n\n\n<p>Que vous souhaitiez personnaliser la marque ou concevoir un nouveau produit, faites-nous part de vos id\u00e9es d\u00e8s maintenant. Notre \u00e9quipe de conception et de fabrication de moules peut r\u00e9pondre \u00e0 vos besoins illimit\u00e9s.<\/p>\n\n\n\n<p><strong>Conception :&nbsp;<\/strong>Choisissez des motifs floraux ou cr\u00e9ez votre propre motif.<\/p>\n\n\n\n<p><strong>Composition de l'ensemble :<\/strong>&nbsp;Sets de tasses en c\u00e9ramique personnalis\u00e9s avec des combinaisons de tasses, de bols et de cuill\u00e8res.<\/p>\n\n\n\n<p><strong>Taille :&nbsp;<\/strong>Choisissez parmi diff\u00e9rentes tailles pour convenir \u00e0 diff\u00e9rentes portions de repas.<\/p>\n\n\n\n<p><strong>Mat\u00e9riau :<\/strong>&nbsp;C\u00e9ramique, porcelaine, porcelaine osseuse ou se renseigner sur les autres possibilit\u00e9s.<\/p>\n\n\n\n<p><strong>Artisanat :&nbsp;<\/strong>D\u00e9calcomanies de gla\u00e7age, changement de four, peinture \u00e0 la main, motifs en relief ou autres.<\/p>\n\n\n\n<p><strong>Emballage :&nbsp;<\/strong>Emballage en vrac, bo\u00eete de couleur, bo\u00eete cadeau, bo\u00eete de pr\u00e9sentation, bo\u00eete d'exp\u00e9dition, etc.<\/p>\n<\/div>\n\n\n\n<div class=\"wp-block-column is-layout-flow wp-block-column-is-layout-flow\">\n<figure class=\"wp-block-image size-full\"><img decoding=\"async\" width=\"4160\" height=\"5654\" src=\"https:\/\/www.lianyuanceramic.com\/wp-content\/uploads\/2025\/03\/tea-cup-and-saucer-set-bulk-coffee-cups-4.webp\" alt=\"set de tasses \u00e0 th\u00e9 et soucoupes tasses \u00e0 caf\u00e9 en vrac\" class=\"wp-image-1312\" srcset=\"https:\/\/www.lianyuanceramic.com\/wp-content\/uploads\/2025\/03\/tea-cup-and-saucer-set-bulk-coffee-cups-4.webp 4160w, https:\/\/www.lianyuanceramic.com\/wp-content\/uploads\/2025\/03\/tea-cup-and-saucer-set-bulk-coffee-cups-4-221x300.webp 221w, https:\/\/www.lianyuanceramic.com\/wp-content\/uploads\/2025\/03\/tea-cup-and-saucer-set-bulk-coffee-cups-4-768x1044.webp 768w, https:\/\/www.lianyuanceramic.com\/wp-content\/uploads\/2025\/03\/tea-cup-and-saucer-set-bulk-coffee-cups-4-9x12.webp 9w, https:\/\/www.lianyuanceramic.com\/wp-content\/uploads\/2025\/03\/tea-cup-and-saucer-set-bulk-coffee-cups-4-1200x1631.webp 1200w, https:\/\/www.lianyuanceramic.com\/wp-content\/uploads\/2025\/03\/tea-cup-and-saucer-set-bulk-coffee-cups-4-600x815.webp 600w\" sizes=\"(max-width: 4160px) 100vw, 4160px\" \/><\/figure>\n<\/div>\n<\/div>","protected":false},"excerpt":{"rendered":"<div class=\"D5aOJc vJwDU\">Ensemble \u00e9l\u00e9gant de tasses \u00e0 th\u00e9 et soucoupes en vrac, riche en motifs floraux, adapt\u00e9 au th\u00e9 et au caf\u00e9 de l'apr\u00e8s-midi. Emballage, logo, etc. personnalisables pour cr\u00e9er une marque unique. N'h\u00e9sitez pas \u00e0 nous contacter pour des solutions personnalis\u00e9es abordables !<\/div>\n<h2>Param\u00e8tre de l'ensemble tasse \u00e0 th\u00e9 et soucoupe :<\/h2>\n<table style=\"border-collapse: collapse; width: 370.82pt;\" border=\"0\" width=\"618\" cellspacing=\"0\" cellpadding=\"0\">\n<tbody>\n<tr style=\"height: 15.60pt;\">\n<td class=\"et3\" style=\"height: 15.60pt; width: 108.00pt;\" width=\"180\" height=\"26\">Fabricant<\/td>\n<td class=\"et3\" style=\"width: 263.25pt;\" width=\"438\">Lianyuan<\/td>\n<\/tr>\n<tr style=\"height: 15.60pt;\">\n<td class=\"et3\" style=\"height: 15.60pt;\" height=\"26\">Type de produit<\/td>\n<td class=\"et3\">Tasses \u00e0 th\u00e9 et soucoupes, Tasses \u00e0 caf\u00e9<\/td>\n<\/tr>\n<tr style=\"height: 15.60pt;\">\n<td class=\"et3\" style=\"height: 15.60pt;\" height=\"26\">Mod\u00e8le<\/td>\n<td class=\"et3\">Floral<\/td>\n<\/tr>\n<tr style=\"height: 15.60pt;\">\n<td class=\"et3\" style=\"height: 15.60pt;\" height=\"26\">Couleur<\/td>\n<td class=\"et3\">Color\u00e9e<\/td>\n<\/tr>\n<tr style=\"height: 15.60pt;\">\n<td class=\"et3\" style=\"height: 15.60pt;\" height=\"26\">Mat\u00e9riau<\/td>\n<td class=\"et3\">Porcelaine durable<\/td>\n<\/tr>\n<tr style=\"height: 15.60pt;\">\n<td class=\"et3\" style=\"height: 15.60pt;\" height=\"26\">Artisanat<\/td>\n<td class=\"et3\">D\u00e9calcomanie, peinture \u00e0 la main<\/td>\n<\/tr>\n<tr style=\"height: 15.60pt;\">\n<td class=\"et3\" style=\"height: 15.60pt;\" height=\"26\">Application<\/td>\n<td class=\"et3\">Passe au micro-ondes, au lave-vaisselle et au four<\/td>\n<\/tr>\n<tr style=\"height: 15.60pt;\">\n<td class=\"et3\" style=\"height: 15.60pt;\" height=\"26\">Sur mesure<\/td>\n<td class=\"et3\">Couleur\/Taille\/Logo\/Emballage<\/td>\n<\/tr>\n<\/tbody>\n<\/table>","protected":false},"featured_media":1310,"comment_status":"open","ping_status":"closed","template":"","meta":{"_acf_changed":false},"product_brand":[],"product_cat":[18],"product_tag":[30,29,27],"class_list":{"0":"post-1308","1":"product","2":"type-product","3":"status-publish","4":"has-post-thumbnail","6":"product_cat-wholesale-custom-tea-set","7":"product_tag-custom-porcelain-dinnerware","8":"product_tag-hand-painted-embossed-dinnerware-wholesale","9":"product_tag-wholesale-decal-ceramics","11":"first","12":"instock","13":"shipping-taxable","14":"product-type-simple"},"acf":[],"_links":{"self":[{"href":"https:\/\/www.lianyuanceramic.com\/fr\/wp-json\/wp\/v2\/product\/1308","targetHints":{"allow":["GET"]}}],"collection":[{"href":"https:\/\/www.lianyuanceramic.com\/fr\/wp-json\/wp\/v2\/product"}],"about":[{"href":"https:\/\/www.lianyuanceramic.com\/fr\/wp-json\/wp\/v2\/types\/product"}],"replies":[{"embeddable":true,"href":"https:\/\/www.lianyuanceramic.com\/fr\/wp-json\/wp\/v2\/comments?post=1308"}],"wp:featuredmedia":[{"embeddable":true,"href":"https:\/\/www.lianyuanceramic.com\/fr\/wp-json\/wp\/v2\/media\/1310"}],"wp:attachment":[{"href":"https:\/\/www.lianyuanceramic.com\/fr\/wp-json\/wp\/v2\/media?parent=1308"}],"wp:term":[{"taxonomy":"product_brand","embeddable":true,"href":"https:\/\/www.lianyuanceramic.com\/fr\/wp-json\/wp\/v2\/product_brand?post=1308"},{"taxonomy":"product_cat","embeddable":true,"href":"https:\/\/www.lianyuanceramic.com\/fr\/wp-json\/wp\/v2\/product_cat?post=1308"},{"taxonomy":"product_tag","embeddable":true,"href":"https:\/\/www.lianyuanceramic.com\/fr\/wp-json\/wp\/v2\/product_tag?post=1308"}],"curies":[{"name":"wp","href":"https:\/\/api.w.org\/{rel}","templated":true}]}}