{"id":1227,"date":"2025-02-27T10:16:32","date_gmt":"2025-02-27T10:16:32","guid":{"rendered":"https:\/\/www.lianyuanceramic.com\/?post_type=product&#038;p=1227"},"modified":"2025-02-27T10:16:33","modified_gmt":"2025-02-27T10:16:33","slug":"wholesale-rustic-dinnerware-sets","status":"publish","type":"product","link":"https:\/\/www.lianyuanceramic.com\/fr\/produit\/wholesale-rustic-dinnerware-sets\/","title":{"rendered":"Wholesale Rustic Dinnerware Sets Pottery Plate Bowl Bulk (vaisselle rustique)"},"content":{"rendered":"<div class=\"wp-block-columns is-layout-flex wp-container-core-columns-is-layout-9d6595d7 wp-block-columns-is-layout-flex\">\n<div class=\"wp-block-column is-layout-flow wp-block-column-is-layout-flow\">\n<h2 class=\"wp-block-heading\">Ensemble de vaisselle rustique Caract\u00e9ristiques :<\/h2>\n\n\n\n<p><strong>Naturel et rugueux :<\/strong> Aspect de poterie grossi\u00e8re + gla\u00e7ure active, texture d'argile naturelle, avec un effet de gla\u00e7ure active unique, chaque produit est unique, montrant la beaut\u00e9 de la nature.<\/p>\n\n\n\n<p><strong>Forme organique, sens artistique aigu : <\/strong>L'\u00e9mail actif se combine \u00e0 la forme organique pour former une texture et une couleur uniques, comme une \u0153uvre d'art.<\/p>\n\n\n\n<p><strong>Diff\u00e9rents styles pour r\u00e9pondre \u00e0 diff\u00e9rents besoins : <\/strong>une gamme compl\u00e8te de produits, offrant une vari\u00e9t\u00e9 d'options telles que des assiettes et des bols.<\/p>\n\n\n\n<p><strong>S\u00fbr et respectueux de l'environnement <strong>mat\u00e9riaux<\/strong>: <\/strong>Fabriqu\u00e9 avec de l'argile naturelle de haute qualit\u00e9 et une gla\u00e7ure sans danger.<\/p>\n\n\n\n<h2 class=\"wp-block-heading\">Vaisselle rustique personnalis\u00e9e :<\/h2>\n\n\n\n<p>Lianyuan propose diverses options de vaisselle personnalis\u00e9e en fonction des besoins de la marque ou des tendances de la mode, ce qui en fait un produit id\u00e9al pour un usage personnel ou commercial.<\/p>\n\n\n\n<p><strong>Conception :&nbsp;<\/strong>Couleur unie simple.<\/p>\n\n\n\n<p><strong>Composition de l'ensemble :<\/strong>&nbsp;Sets de tasses en c\u00e9ramique personnalis\u00e9s avec des combinaisons de tasses, de bols et de cuill\u00e8res.<\/p>\n\n\n\n<p><strong>Taille :&nbsp;<\/strong>Choisissez parmi diff\u00e9rentes tailles pour convenir \u00e0 diff\u00e9rentes portions de repas.<\/p>\n\n\n\n<p><strong>Mat\u00e9riau :<\/strong>&nbsp;C\u00e9ramique, porcelaine, porcelaine osseuse ou se renseigner sur les autres possibilit\u00e9s.<\/p>\n\n\n\n<p><strong>Artisanat :&nbsp;<\/strong>D\u00e9calcomanies de gla\u00e7age, changement de four, peinture \u00e0 la main, motifs en relief ou autres.<\/p>\n\n\n\n<p><strong>Emballage :&nbsp;<\/strong>Emballage en vrac, bo\u00eete de couleur, bo\u00eete cadeau, bo\u00eete de pr\u00e9sentation, bo\u00eete d'exp\u00e9dition, etc.<\/p>\n<\/div>\n\n\n\n<div class=\"wp-block-column is-layout-flow wp-block-column-is-layout-flow\">\n<figure class=\"wp-block-image size-full\"><img decoding=\"async\" width=\"6240\" height=\"4160\" src=\"https:\/\/www.lianyuanceramic.com\/wp-content\/uploads\/2025\/02\/wholesale-rustic-dinnerware-sets-1.webp\" alt=\"vaisselle rustique en gros \" class=\"wp-image-1229\" srcset=\"https:\/\/www.lianyuanceramic.com\/wp-content\/uploads\/2025\/02\/wholesale-rustic-dinnerware-sets-1.webp 6240w, https:\/\/www.lianyuanceramic.com\/wp-content\/uploads\/2025\/02\/wholesale-rustic-dinnerware-sets-1-300x200.webp 300w, https:\/\/www.lianyuanceramic.com\/wp-content\/uploads\/2025\/02\/wholesale-rustic-dinnerware-sets-1-768x512.webp 768w, https:\/\/www.lianyuanceramic.com\/wp-content\/uploads\/2025\/02\/wholesale-rustic-dinnerware-sets-1-18x12.webp 18w, https:\/\/www.lianyuanceramic.com\/wp-content\/uploads\/2025\/02\/wholesale-rustic-dinnerware-sets-1-1200x800.webp 1200w, https:\/\/www.lianyuanceramic.com\/wp-content\/uploads\/2025\/02\/wholesale-rustic-dinnerware-sets-1-600x400.webp 600w\" sizes=\"(max-width: 6240px) 100vw, 6240px\" \/><\/figure>\n<\/div>\n<\/div>","protected":false},"excerpt":{"rendered":"<div class=\"D5aOJc vJwDU\">Bienvenue dans la vente en gros de vaisselle rustique, aspect poterie naturelle, design de forme organique, vaisselle de haute qualit\u00e9. Prix d'usine, service de personnalisation disponible, n'h\u00e9sitez pas \u00e0 nous contacter !<\/div>\n<h2>Param\u00e8tres des ensembles de vaisselle rustique<\/h2>\n<table style=\"border-collapse: collapse; width: 370.82pt;\" border=\"0\" width=\"618\" cellspacing=\"0\" cellpadding=\"0\">\n<tbody>\n<tr style=\"height: 15.60pt;\">\n<td class=\"et3\" style=\"height: 15.60pt; width: 108.00pt;\" width=\"180\" height=\"26\">Fabricant<\/td>\n<td class=\"et3\" style=\"width: 263.25pt;\" width=\"438\">Lianyuan<\/td>\n<\/tr>\n<tr style=\"height: 15.60pt;\">\n<td class=\"et3\" style=\"height: 15.60pt;\" height=\"26\">Type de produit<\/td>\n<td class=\"et3\">Assiettes plates, bols<\/td>\n<\/tr>\n<tr style=\"height: 15.60pt;\">\n<td class=\"et3\" style=\"height: 15.60pt;\" height=\"26\">Mat\u00e9riau<\/td>\n<td class=\"et3\">Porcelaine durable<\/td>\n<\/tr>\n<tr style=\"height: 15.60pt;\">\n<td class=\"et3\" style=\"height: 15.60pt;\" height=\"26\">Artisanat<\/td>\n<td class=\"et3\">Glacis r\u00e9actif<\/td>\n<\/tr>\n<tr style=\"height: 15.60pt;\">\n<td class=\"et3\" style=\"height: 15.60pt;\" height=\"26\">Application<\/td>\n<td class=\"et3\">Passe au micro-ondes, au lave-vaisselle et au four<\/td>\n<\/tr>\n<tr style=\"height: 15.60pt;\">\n<td class=\"et3\" style=\"height: 15.60pt;\" height=\"26\">Sur mesure<\/td>\n<td class=\"et3\">Couleur\/Taille\/Logo\/Emballage<\/td>\n<\/tr>\n<\/tbody>\n<\/table>","protected":false},"featured_media":1228,"comment_status":"open","ping_status":"closed","template":"","meta":{"_acf_changed":false},"product_brand":[],"product_cat":[17],"product_tag":[30,28],"class_list":{"0":"post-1227","1":"product","2":"type-product","3":"status-publish","4":"has-post-thumbnail","6":"product_cat-dinnerware-wholesale","7":"product_tag-custom-porcelain-dinnerware","8":"product_tag-reactive-glaze-dinnerware-manufacturer","10":"first","11":"instock","12":"shipping-taxable","13":"product-type-simple"},"acf":[],"_links":{"self":[{"href":"https:\/\/www.lianyuanceramic.com\/fr\/wp-json\/wp\/v2\/product\/1227","targetHints":{"allow":["GET"]}}],"collection":[{"href":"https:\/\/www.lianyuanceramic.com\/fr\/wp-json\/wp\/v2\/product"}],"about":[{"href":"https:\/\/www.lianyuanceramic.com\/fr\/wp-json\/wp\/v2\/types\/product"}],"replies":[{"embeddable":true,"href":"https:\/\/www.lianyuanceramic.com\/fr\/wp-json\/wp\/v2\/comments?post=1227"}],"wp:featuredmedia":[{"embeddable":true,"href":"https:\/\/www.lianyuanceramic.com\/fr\/wp-json\/wp\/v2\/media\/1228"}],"wp:attachment":[{"href":"https:\/\/www.lianyuanceramic.com\/fr\/wp-json\/wp\/v2\/media?parent=1227"}],"wp:term":[{"taxonomy":"product_brand","embeddable":true,"href":"https:\/\/www.lianyuanceramic.com\/fr\/wp-json\/wp\/v2\/product_brand?post=1227"},{"taxonomy":"product_cat","embeddable":true,"href":"https:\/\/www.lianyuanceramic.com\/fr\/wp-json\/wp\/v2\/product_cat?post=1227"},{"taxonomy":"product_tag","embeddable":true,"href":"https:\/\/www.lianyuanceramic.com\/fr\/wp-json\/wp\/v2\/product_tag?post=1227"}],"curies":[{"name":"wp","href":"https:\/\/api.w.org\/{rel}","templated":true}]}}