{"id":1215,"date":"2025-03-06T03:37:13","date_gmt":"2025-03-06T03:37:13","guid":{"rendered":"https:\/\/www.lianyuanceramic.com\/?post_type=product&#038;p=1215"},"modified":"2025-03-06T04:06:48","modified_gmt":"2025-03-06T04:06:48","slug":"bulk-wedding-dinnerware","status":"publish","type":"product","link":"https:\/\/www.lianyuanceramic.com\/fr\/produit\/bulk-wedding-dinnerware\/","title":{"rendered":"Vaisselle de mariage en vrac, vaisselle de service en porcelaine blanche, vente en gros"},"content":{"rendered":"<div class=\"wp-block-columns is-layout-flex wp-container-core-columns-is-layout-9d6595d7 wp-block-columns-is-layout-flex\">\n<div class=\"wp-block-column is-layout-flow wp-block-column-is-layout-flow\">\n<h2 class=\"wp-block-heading\">Vaisselle de mariage Caract\u00e9ristiques :<\/h2>\n\n\n\n<p><strong>Motif unique en relief : <\/strong>Le bord de l'assiette est d\u00e9cor\u00e9 d'un motif exquis et d'une texture en relief, ce qui rehausse le sens artistique de la vaisselle et convient aux banquets de mariage et aux occasions haut de gamme.<\/p>\n\n\n\n<p><strong>Proc\u00e9d\u00e9 couleur dessin\u00e9 \u00e0 la main :<\/strong> Chaque service est dessin\u00e9 \u00e0 la main afin de garantir la couleur naturelle et d'accro\u00eetre la personnalit\u00e9 et la texture de chaque service de table.<\/p>\n\n\n\n<p><strong>Mat\u00e9riau en porcelaine de haute qualit\u00e9 : <\/strong>La c\u00e9ramique s\u00e9lectionn\u00e9e est de haute qualit\u00e9, durable et r\u00e9sistante aux fissures.<\/p>\n\n\n\n<p><strong>La gla\u00e7ure blanche convient aux mariages<\/strong>: Les ustensiles de service sont \u00e9maill\u00e9s en blanc, lisses et de couleur uniforme, et l'ensemble est d'une grande simplicit\u00e9 et d'une grande \u00e9l\u00e9gance.<\/p>\n\n\n\n<p><strong>Diverses combinaisons d'ustensiles de service :<\/strong> Fournir une vari\u00e9t\u00e9 d'assiettes, de bols et de tasses de diff\u00e9rentes sp\u00e9cifications, adapt\u00e9s \u00e0 diff\u00e9rentes capacit\u00e9s alimentaires.<\/p>\n\n\n\n<h2 class=\"wp-block-heading\"><strong>Vaisselle de mariage en vrac personnalis\u00e9e :<\/strong><\/h2>\n\n\n\n<p>Lianyuan propose diverses options de vaisselle personnalis\u00e9e en fonction des besoins de la marque ou des tendances de la mode, ce qui en fait un produit id\u00e9al pour un usage personnel ou commercial.<\/p>\n\n\n\n<p><strong>Conception :&nbsp;<\/strong>Choisissez des motifs floraux ou cr\u00e9ez votre propre motif.<\/p>\n\n\n\n<p><strong>Composition de l'ensemble :<\/strong>&nbsp;Sets de tasses en c\u00e9ramique personnalis\u00e9s avec des combinaisons de tasses, de bols et de cuill\u00e8res.<\/p>\n\n\n\n<p><strong>Taille :&nbsp;<\/strong>Choisissez parmi diff\u00e9rentes tailles pour convenir \u00e0 diff\u00e9rentes portions de repas.<\/p>\n\n\n\n<p><strong>Mat\u00e9riau :<\/strong>&nbsp;C\u00e9ramique, porcelaine, porcelaine osseuse ou se renseigner sur les autres possibilit\u00e9s.<\/p>\n\n\n\n<p><strong>Artisanat :&nbsp;<\/strong>D\u00e9calcomanies de gla\u00e7age, changement de four, peinture \u00e0 la main, motifs en relief ou autres.<\/p>\n\n\n\n<p><strong>Emballage :&nbsp;<\/strong>Emballage en vrac, bo\u00eete de couleur, bo\u00eete cadeau, bo\u00eete de pr\u00e9sentation, bo\u00eete d'exp\u00e9dition, etc.<\/p>\n<\/div>\n\n\n\n<div class=\"wp-block-column is-layout-flow wp-block-column-is-layout-flow\">\n<figure class=\"wp-block-image size-full\"><img decoding=\"async\" width=\"4128\" height=\"4128\" src=\"https:\/\/www.lianyuanceramic.com\/wp-content\/uploads\/2025\/03\/bulk-weeding-dinnerware-porcelain-serveware-2.webp\" alt=\"vaisselle en porcelaine pour le d\u00e9sherbage en vrac vaisselle en porcelaine\" class=\"wp-image-1300\" srcset=\"https:\/\/www.lianyuanceramic.com\/wp-content\/uploads\/2025\/03\/bulk-weeding-dinnerware-porcelain-serveware-2.webp 4128w, https:\/\/www.lianyuanceramic.com\/wp-content\/uploads\/2025\/03\/bulk-weeding-dinnerware-porcelain-serveware-2-300x300.webp 300w, https:\/\/www.lianyuanceramic.com\/wp-content\/uploads\/2025\/03\/bulk-weeding-dinnerware-porcelain-serveware-2-150x150.webp 150w, https:\/\/www.lianyuanceramic.com\/wp-content\/uploads\/2025\/03\/bulk-weeding-dinnerware-porcelain-serveware-2-768x768.webp 768w, https:\/\/www.lianyuanceramic.com\/wp-content\/uploads\/2025\/03\/bulk-weeding-dinnerware-porcelain-serveware-2-12x12.webp 12w, https:\/\/www.lianyuanceramic.com\/wp-content\/uploads\/2025\/03\/bulk-weeding-dinnerware-porcelain-serveware-2-1200x1200.webp 1200w, https:\/\/www.lianyuanceramic.com\/wp-content\/uploads\/2025\/03\/bulk-weeding-dinnerware-porcelain-serveware-2-600x600.webp 600w, https:\/\/www.lianyuanceramic.com\/wp-content\/uploads\/2025\/03\/bulk-weeding-dinnerware-porcelain-serveware-2-100x100.webp 100w\" sizes=\"(max-width: 4128px) 100vw, 4128px\" \/><\/figure>\n<\/div>\n<\/div>","protected":false},"excerpt":{"rendered":"<div class=\"D5aOJc vJwDU\">Vaisselle de mariage en vrac, \u00e9l\u00e9gante vaisselle blanche avec motif de dentelle gaufr\u00e9e, c\u00e9ramique de haute qualit\u00e9, parfaite pour les restaurants de mariage. Renseignez-vous d\u00e8s maintenant pour les commandes en vrac et les options personnalis\u00e9es !<\/div>\n<h2>Param\u00e8tres de la vaisselle de mariage<\/h2>\n<table style=\"border-collapse: collapse; width: 370.82pt;\" border=\"0\" width=\"618\" cellspacing=\"0\" cellpadding=\"0\">\n<tbody>\n<tr style=\"height: 15.60pt;\">\n<td class=\"et3\" style=\"height: 15.60pt; width: 108.00pt;\" width=\"180\" height=\"26\">Fabricant<\/td>\n<td class=\"et3\" style=\"width: 263.25pt;\" width=\"438\">Lianyuan<\/td>\n<\/tr>\n<tr style=\"height: 15.60pt;\">\n<td class=\"et3\" style=\"height: 15.60pt;\" height=\"26\">Type de produit<\/td>\n<td class=\"et3\">Assiettes de service, bols, tasses<\/td>\n<\/tr>\n<tr style=\"height: 15.60pt;\">\n<td class=\"et3\" style=\"height: 15.60pt;\" height=\"26\">Mod\u00e8le<\/td>\n<td class=\"et3\">Floral<\/td>\n<\/tr>\n<tr style=\"height: 15.60pt;\">\n<td class=\"et3\" style=\"height: 15.60pt;\" height=\"26\">Couleur<\/td>\n<td class=\"et3\">Blanc<\/td>\n<\/tr>\n<tr style=\"height: 15.60pt;\">\n<td class=\"et3\" style=\"height: 15.60pt;\" height=\"26\">Mat\u00e9riau<\/td>\n<td class=\"et3\">Porcelaine durable<\/td>\n<\/tr>\n<tr style=\"height: 15.60pt;\">\n<td class=\"et3\" style=\"height: 15.60pt;\" height=\"26\">Artisanat<\/td>\n<td class=\"et3\">Peinture \u00e0 la main, gaufrage<\/td>\n<\/tr>\n<tr style=\"height: 15.60pt;\">\n<td class=\"et3\" style=\"height: 15.60pt;\" height=\"26\">Application<\/td>\n<td class=\"et3\">Passe au micro-ondes, au lave-vaisselle et au four<\/td>\n<\/tr>\n<tr style=\"height: 15.60pt;\">\n<td class=\"et3\" style=\"height: 15.60pt;\" height=\"26\">Sur mesure<\/td>\n<td class=\"et3\">Couleur\/Taille\/Logo\/Emballage<\/td>\n<\/tr>\n<\/tbody>\n<\/table>","protected":false},"featured_media":1299,"comment_status":"open","ping_status":"closed","template":"","meta":{"_acf_changed":false},"product_brand":[],"product_cat":[19],"product_tag":[30,29],"class_list":{"0":"post-1215","1":"product","2":"type-product","3":"status-publish","4":"has-post-thumbnail","6":"product_cat-serveware-wholesale","7":"product_tag-custom-porcelain-dinnerware","8":"product_tag-hand-painted-embossed-dinnerware-wholesale","10":"first","11":"instock","12":"shipping-taxable","13":"product-type-simple"},"acf":[],"_links":{"self":[{"href":"https:\/\/www.lianyuanceramic.com\/fr\/wp-json\/wp\/v2\/product\/1215","targetHints":{"allow":["GET"]}}],"collection":[{"href":"https:\/\/www.lianyuanceramic.com\/fr\/wp-json\/wp\/v2\/product"}],"about":[{"href":"https:\/\/www.lianyuanceramic.com\/fr\/wp-json\/wp\/v2\/types\/product"}],"replies":[{"embeddable":true,"href":"https:\/\/www.lianyuanceramic.com\/fr\/wp-json\/wp\/v2\/comments?post=1215"}],"wp:featuredmedia":[{"embeddable":true,"href":"https:\/\/www.lianyuanceramic.com\/fr\/wp-json\/wp\/v2\/media\/1299"}],"wp:attachment":[{"href":"https:\/\/www.lianyuanceramic.com\/fr\/wp-json\/wp\/v2\/media?parent=1215"}],"wp:term":[{"taxonomy":"product_brand","embeddable":true,"href":"https:\/\/www.lianyuanceramic.com\/fr\/wp-json\/wp\/v2\/product_brand?post=1215"},{"taxonomy":"product_cat","embeddable":true,"href":"https:\/\/www.lianyuanceramic.com\/fr\/wp-json\/wp\/v2\/product_cat?post=1215"},{"taxonomy":"product_tag","embeddable":true,"href":"https:\/\/www.lianyuanceramic.com\/fr\/wp-json\/wp\/v2\/product_tag?post=1215"}],"curies":[{"name":"wp","href":"https:\/\/api.w.org\/{rel}","templated":true}]}}