{"id":1211,"date":"2025-03-06T09:25:06","date_gmt":"2025-03-06T09:25:06","guid":{"rendered":"https:\/\/www.lianyuanceramic.com\/?post_type=product&#038;p=1211"},"modified":"2025-03-06T09:25:07","modified_gmt":"2025-03-06T09:25:07","slug":"wholesale-pink-dinnerware","status":"publish","type":"product","link":"https:\/\/www.lianyuanceramic.com\/fr\/produit\/wholesale-pink-dinnerware\/","title":{"rendered":"Wholesale Pink Dinnerware Macaron Tea Pot and Cup Set"},"content":{"rendered":"<div class=\"wp-block-columns is-layout-flex wp-container-core-columns-is-layout-9d6595d7 wp-block-columns-is-layout-flex\">\n<div class=\"wp-block-column is-layout-flow wp-block-column-is-layout-flow\">\n<h2 class=\"wp-block-heading\">Vaisselle rose Caract\u00e9ristiques :<\/h2>\n\n\n\n<p><strong>S\u00e9rie gaufr\u00e9e Macaron :<\/strong> la texture gaufr\u00e9e met en valeur chaque produit, cr\u00e9ant ainsi une s\u00e9rie de vaisselle au toucher excellent et fascinant.<\/p>\n\n\n\n<p><strong>Des couleurs vives et lumineuses :<\/strong> en utilisant les couleurs rose et macaron, des couleurs douces, fra\u00eeches et sucr\u00e9es, pleines de romantisme.<\/p>\n\n\n\n<p><strong>Mat\u00e9riau c\u00e9ramique de haute qualit\u00e9 : <\/strong>S\u00fbr et non toxique, sans danger pour le contact avec les aliments, tr\u00e8s r\u00e9sistant, pas facile \u00e0 casser.<\/p>\n\n\n\n<p><strong>Motif floral assorti : <\/strong>Le motif floral \u00e0 l'int\u00e9rieur de la vaisselle est mignon et beau, ce qui rend le produit non monotone, et la forme est \u00e0 la mode et int\u00e9ressante.<\/p>\n\n\n\n<p><strong>Riche service de table : <\/strong>Les th\u00e9i\u00e8res, tasses \u00e0 th\u00e9, assiettes, plateaux \u00e0 go\u00fbter, bols, plateaux de cuisson, etc. con\u00e7us dans la m\u00eame s\u00e9rie conviennent au th\u00e9 de l'apr\u00e8s-midi et aux repas quotidiens.<\/p>\n\n\n\n<h2 class=\"wp-block-heading\">Vaisselle rose personnalis\u00e9e :<\/h2>\n\n\n\n<p>Lianyuan propose diverses options de vaisselle personnalis\u00e9e en fonction des besoins de la marque ou des tendances de la mode, ce qui en fait un produit id\u00e9al pour un usage personnel ou commercial.<\/p>\n\n\n\n<p><strong>Conception :&nbsp;<\/strong>Choisissez des motifs floraux ou cr\u00e9ez votre propre motif.<\/p>\n\n\n\n<p><strong>Composition de l'ensemble :<\/strong>&nbsp;Sets de tasses en c\u00e9ramique personnalis\u00e9s avec des combinaisons de tasses, de bols et de cuill\u00e8res.<\/p>\n\n\n\n<p><strong>Taille :&nbsp;<\/strong>Choisissez parmi diff\u00e9rentes tailles pour convenir \u00e0 diff\u00e9rentes portions de repas.<\/p>\n\n\n\n<p><strong>Mat\u00e9riau :<\/strong>&nbsp;C\u00e9ramique, porcelaine, porcelaine osseuse ou se renseigner sur les autres possibilit\u00e9s.<\/p>\n\n\n\n<p><strong>Artisanat :&nbsp;<\/strong>D\u00e9calcomanies de gla\u00e7age, changement de four, peinture \u00e0 la main, motifs en relief ou autres.<\/p>\n\n\n\n<p><strong>Emballage :&nbsp;<\/strong>Emballage en vrac, bo\u00eete de couleur, bo\u00eete cadeau, bo\u00eete de pr\u00e9sentation, bo\u00eete d'exp\u00e9dition, etc.<\/p>\n<\/div>\n\n\n\n<div class=\"wp-block-column is-layout-flow wp-block-column-is-layout-flow\">\n<figure class=\"wp-block-image size-full\"><img decoding=\"async\" width=\"4160\" height=\"4161\" src=\"https:\/\/www.lianyuanceramic.com\/wp-content\/uploads\/2025\/02\/wholesale-pink-dinnerware-3.webp\" alt=\"vaisselle rose en gros \" class=\"wp-image-1214\" srcset=\"https:\/\/www.lianyuanceramic.com\/wp-content\/uploads\/2025\/02\/wholesale-pink-dinnerware-3.webp 4160w, https:\/\/www.lianyuanceramic.com\/wp-content\/uploads\/2025\/02\/wholesale-pink-dinnerware-3-300x300.webp 300w, https:\/\/www.lianyuanceramic.com\/wp-content\/uploads\/2025\/02\/wholesale-pink-dinnerware-3-150x150.webp 150w, https:\/\/www.lianyuanceramic.com\/wp-content\/uploads\/2025\/02\/wholesale-pink-dinnerware-3-768x768.webp 768w, https:\/\/www.lianyuanceramic.com\/wp-content\/uploads\/2025\/02\/wholesale-pink-dinnerware-3-12x12.webp 12w, https:\/\/www.lianyuanceramic.com\/wp-content\/uploads\/2025\/02\/wholesale-pink-dinnerware-3-1200x1200.webp 1200w, https:\/\/www.lianyuanceramic.com\/wp-content\/uploads\/2025\/02\/wholesale-pink-dinnerware-3-600x600.webp 600w, https:\/\/www.lianyuanceramic.com\/wp-content\/uploads\/2025\/02\/wholesale-pink-dinnerware-3-100x100.webp 100w\" sizes=\"(max-width: 4160px) 100vw, 4160px\" \/><\/figure>\n<\/div>\n<\/div>","protected":false},"excerpt":{"rendered":"<div class=\"D5aOJc vJwDU\">Vaisselle et service \u00e0 th\u00e9 roses en gros, couleurs vives de macaron, motif en relief, \u00e0 la mode pour toutes les occasions. Nous pouvons personnaliser le logo, l'emballage, la couleur, etc., et nous offrons la meilleure remise pour les personnalisations en gros.<\/div>\n<h2>Param\u00e8tres de vaisselle rose<\/h2>\n<table style=\"border-collapse: collapse; width: 370.82pt;\" border=\"0\" width=\"618\" cellspacing=\"0\" cellpadding=\"0\">\n<tbody>\n<tr style=\"height: 15.60pt;\">\n<td class=\"et3\" style=\"height: 15.60pt; width: 108.00pt;\" width=\"180\" height=\"26\">Fabricant<\/td>\n<td class=\"et3\" style=\"width: 263.25pt;\" width=\"438\">Lianyuan<\/td>\n<\/tr>\n<tr style=\"height: 15.60pt;\">\n<td class=\"et3\" style=\"height: 15.60pt;\" height=\"26\">Type de produit<\/td>\n<td class=\"et3\">Th\u00e9i\u00e8res, tasses et soucoupes, moules, bols, etc.<\/td>\n<\/tr>\n<tr style=\"height: 15.60pt;\">\n<td class=\"et3\" style=\"height: 15.60pt;\" height=\"26\">Mod\u00e8le<\/td>\n<td class=\"et3\">Floral<\/td>\n<\/tr>\n<tr style=\"height: 15.60pt;\">\n<td class=\"et3\" style=\"height: 15.60pt;\" height=\"26\">Couleur<\/td>\n<td class=\"et3\">Couleurs des macroons<\/td>\n<\/tr>\n<tr style=\"height: 15.60pt;\">\n<td class=\"et3\" style=\"height: 15.60pt;\" height=\"26\">Mat\u00e9riau<\/td>\n<td class=\"et3\">Porcelaine durable<\/td>\n<\/tr>\n<tr style=\"height: 15.60pt;\">\n<td class=\"et3\" style=\"height: 15.60pt;\" height=\"26\">Artisanat<\/td>\n<td class=\"et3\">D\u00e9calcomanie, peinture \u00e0 la main<\/td>\n<\/tr>\n<tr style=\"height: 15.60pt;\">\n<td class=\"et3\" style=\"height: 15.60pt;\" height=\"26\">Application<\/td>\n<td class=\"et3\">Passe au micro-ondes, au lave-vaisselle et au four<\/td>\n<\/tr>\n<tr style=\"height: 15.60pt;\">\n<td class=\"et3\" style=\"height: 15.60pt;\" height=\"26\">Sur mesure<\/td>\n<td class=\"et3\">Couleur\/Taille\/Logo\/Emballage<\/td>\n<\/tr>\n<\/tbody>\n<\/table>","protected":false},"featured_media":1213,"comment_status":"open","ping_status":"closed","template":"","meta":{"_acf_changed":false},"product_brand":[],"product_cat":[17,18],"product_tag":[30,29,27],"class_list":{"0":"post-1211","1":"product","2":"type-product","3":"status-publish","4":"has-post-thumbnail","6":"product_cat-dinnerware-wholesale","7":"product_cat-wholesale-custom-tea-set","8":"product_tag-custom-porcelain-dinnerware","9":"product_tag-hand-painted-embossed-dinnerware-wholesale","10":"product_tag-wholesale-decal-ceramics","12":"first","13":"instock","14":"shipping-taxable","15":"product-type-simple"},"acf":[],"_links":{"self":[{"href":"https:\/\/www.lianyuanceramic.com\/fr\/wp-json\/wp\/v2\/product\/1211","targetHints":{"allow":["GET"]}}],"collection":[{"href":"https:\/\/www.lianyuanceramic.com\/fr\/wp-json\/wp\/v2\/product"}],"about":[{"href":"https:\/\/www.lianyuanceramic.com\/fr\/wp-json\/wp\/v2\/types\/product"}],"replies":[{"embeddable":true,"href":"https:\/\/www.lianyuanceramic.com\/fr\/wp-json\/wp\/v2\/comments?post=1211"}],"wp:featuredmedia":[{"embeddable":true,"href":"https:\/\/www.lianyuanceramic.com\/fr\/wp-json\/wp\/v2\/media\/1213"}],"wp:attachment":[{"href":"https:\/\/www.lianyuanceramic.com\/fr\/wp-json\/wp\/v2\/media?parent=1211"}],"wp:term":[{"taxonomy":"product_brand","embeddable":true,"href":"https:\/\/www.lianyuanceramic.com\/fr\/wp-json\/wp\/v2\/product_brand?post=1211"},{"taxonomy":"product_cat","embeddable":true,"href":"https:\/\/www.lianyuanceramic.com\/fr\/wp-json\/wp\/v2\/product_cat?post=1211"},{"taxonomy":"product_tag","embeddable":true,"href":"https:\/\/www.lianyuanceramic.com\/fr\/wp-json\/wp\/v2\/product_tag?post=1211"}],"curies":[{"name":"wp","href":"https:\/\/api.w.org\/{rel}","templated":true}]}}