{"id":1204,"date":"2025-03-06T09:00:10","date_gmt":"2025-03-06T09:00:10","guid":{"rendered":"https:\/\/www.lianyuanceramic.com\/?post_type=product&#038;p=1204"},"modified":"2025-03-06T09:09:39","modified_gmt":"2025-03-06T09:09:39","slug":"wholesale-cute-dinnerware-sets","status":"publish","type":"product","link":"https:\/\/www.lianyuanceramic.com\/fr\/produit\/wholesale-cute-dinnerware-sets\/","title":{"rendered":"Wholesale Cute Dinnerware Sets, Ceramic Bowls Plates Bulk (vaisselle mignonne, bols en c\u00e9ramique, assiettes en vrac)"},"content":{"rendered":"<div class=\"wp-block-columns is-layout-flex wp-container-core-columns-is-layout-9d6595d7 wp-block-columns-is-layout-flex\">\n<div class=\"wp-block-column is-layout-flow wp-block-column-is-layout-flow\">\n<h2 class=\"wp-block-heading\">Ensemble de vaisselle mignonne Caract\u00e9ristiques :<\/h2>\n\n\n\n<p><strong>Joli motif tachet\u00e9 :<\/strong> \u00c9toiles, lune, flocon de neige, motifs chanceux, combin\u00e9s \u00e0 une texture gaufr\u00e9e, couleurs riches, amusantes et attrayantes.<\/p>\n\n\n\n<p><strong>Fabrication de haute qualit\u00e9 :<\/strong> Fabriqu\u00e9 en porcelaine durable, avec une gla\u00e7ure mate, des d\u00e9calcomanies et des peintures \u00e0 la main, le motif de la vaisselle est exquis, agr\u00e9able au toucher et t\u00e9moigne d'un go\u00fbt \u00e9l\u00e9gant.<\/p>\n\n\n\n<p><strong>Forme unique : <\/strong>Le design du plat, avec ses bords irr\u00e9guliers et sa forme de coquille, convient aux desserts et aux fruits.<\/p>\n\n\n\n<p><strong>Riche portefeuille de produits :<\/strong> plateaux festonn\u00e9s, ensembles de petits bols, tasses \u00e0 th\u00e9, assiettes ovales, saladiers<\/p>\n<\/div>\n\n\n\n<div class=\"wp-block-column is-layout-flow wp-block-column-is-layout-flow\">\n<figure class=\"wp-block-image size-full\"><img decoding=\"async\" width=\"1143\" height=\"1141\" src=\"https:\/\/www.lianyuanceramic.com\/wp-content\/uploads\/2025\/02\/wholesale-cute-dinnerware-sets-2.webp\" alt=\"vaisselle mignonne en gros\" class=\"wp-image-1207\" srcset=\"https:\/\/www.lianyuanceramic.com\/wp-content\/uploads\/2025\/02\/wholesale-cute-dinnerware-sets-2.webp 1143w, https:\/\/www.lianyuanceramic.com\/wp-content\/uploads\/2025\/02\/wholesale-cute-dinnerware-sets-2-300x300.webp 300w, https:\/\/www.lianyuanceramic.com\/wp-content\/uploads\/2025\/02\/wholesale-cute-dinnerware-sets-2-150x150.webp 150w, https:\/\/www.lianyuanceramic.com\/wp-content\/uploads\/2025\/02\/wholesale-cute-dinnerware-sets-2-768x767.webp 768w, https:\/\/www.lianyuanceramic.com\/wp-content\/uploads\/2025\/02\/wholesale-cute-dinnerware-sets-2-12x12.webp 12w, https:\/\/www.lianyuanceramic.com\/wp-content\/uploads\/2025\/02\/wholesale-cute-dinnerware-sets-2-600x599.webp 600w, https:\/\/www.lianyuanceramic.com\/wp-content\/uploads\/2025\/02\/wholesale-cute-dinnerware-sets-2-100x100.webp 100w\" sizes=\"(max-width: 1143px) 100vw, 1143px\" \/><\/figure>\n<\/div>\n<\/div>\n\n\n\n<div class=\"wp-block-columns is-layout-flex wp-container-core-columns-is-layout-9d6595d7 wp-block-columns-is-layout-flex\">\n<div class=\"wp-block-column is-layout-flow wp-block-column-is-layout-flow\">\n<figure class=\"wp-block-image size-full\"><img decoding=\"async\" width=\"6240\" height=\"4160\" src=\"https:\/\/www.lianyuanceramic.com\/wp-content\/uploads\/2025\/03\/Wholesale-Cute-Dinnerware-Sets-Ceramic-Bowls-Plates-Bulk.webp\" alt=\"Wholesale Cute Dinnerware Sets, Ceramic Bowls Plates Bulk (vaisselle mignonne, bols en c\u00e9ramique, assiettes en vrac)\" class=\"wp-image-1303\" srcset=\"https:\/\/www.lianyuanceramic.com\/wp-content\/uploads\/2025\/03\/Wholesale-Cute-Dinnerware-Sets-Ceramic-Bowls-Plates-Bulk.webp 6240w, https:\/\/www.lianyuanceramic.com\/wp-content\/uploads\/2025\/03\/Wholesale-Cute-Dinnerware-Sets-Ceramic-Bowls-Plates-Bulk-300x200.webp 300w, https:\/\/www.lianyuanceramic.com\/wp-content\/uploads\/2025\/03\/Wholesale-Cute-Dinnerware-Sets-Ceramic-Bowls-Plates-Bulk-768x512.webp 768w, https:\/\/www.lianyuanceramic.com\/wp-content\/uploads\/2025\/03\/Wholesale-Cute-Dinnerware-Sets-Ceramic-Bowls-Plates-Bulk-18x12.webp 18w, https:\/\/www.lianyuanceramic.com\/wp-content\/uploads\/2025\/03\/Wholesale-Cute-Dinnerware-Sets-Ceramic-Bowls-Plates-Bulk-1200x800.webp 1200w, https:\/\/www.lianyuanceramic.com\/wp-content\/uploads\/2025\/03\/Wholesale-Cute-Dinnerware-Sets-Ceramic-Bowls-Plates-Bulk-600x400.webp 600w\" sizes=\"(max-width: 6240px) 100vw, 6240px\" \/><\/figure>\n<\/div>\n\n\n\n<div class=\"wp-block-column is-layout-flow wp-block-column-is-layout-flow\">\n<h2 class=\"wp-block-heading\">Vaisselle mignonne personnalis\u00e9e<\/h2>\n\n\n\n<p>Lianyuan propose diverses options de vaisselle personnalis\u00e9e en fonction des besoins de la marque ou des tendances de la mode, ce qui en fait un produit id\u00e9al pour un usage personnel ou commercial.<\/p>\n\n\n\n<p><strong>Conception :&nbsp;<\/strong>Choisissez des motifs floraux ou cr\u00e9ez votre propre motif.<\/p>\n\n\n\n<p><strong>Composition de l'ensemble :<\/strong>&nbsp;Sets de tasses en c\u00e9ramique personnalis\u00e9s avec des combinaisons de tasses, de bols et de cuill\u00e8res.<\/p>\n\n\n\n<p><strong>Taille :&nbsp;<\/strong>Choisissez parmi diff\u00e9rentes tailles pour convenir \u00e0 diff\u00e9rentes portions de repas.<\/p>\n\n\n\n<p><strong>Mat\u00e9riau :<\/strong>&nbsp;C\u00e9ramique, porcelaine, porcelaine osseuse ou se renseigner sur les autres possibilit\u00e9s.<\/p>\n\n\n\n<p><strong>Artisanat :&nbsp;<\/strong>D\u00e9calcomanies de gla\u00e7age, changement de four, peinture \u00e0 la main, motifs en relief ou autres.<\/p>\n\n\n\n<p><strong>Emballage :&nbsp;<\/strong>Emballage en vrac, bo\u00eete de couleur, bo\u00eete cadeau, bo\u00eete de pr\u00e9sentation, bo\u00eete d'exp\u00e9dition, etc.<\/p>\n<\/div>\n<\/div>","protected":false},"excerpt":{"rendered":"<div class=\"D5aOJc vJwDU\">Vente en gros de vaisselle mignonne, vaisselle personnalis\u00e9e \u00e0 prix d'usine. Cette vaisselle est fabriqu\u00e9e en porcelaine de haute qualit\u00e9 avec un design de symbole chanceux et une gla\u00e7ure mate, mignonne pour attirer les jeunes consommateurs. Vente directe \u00e0 l'usine, n'h\u00e9sitez pas \u00e0 nous contacter !<\/div>\n<h2>Param\u00e8tres des ensembles de vaisselle mignons<\/h2>\n<table style=\"border-collapse: collapse; width: 370.82pt;\" border=\"0\" width=\"618\" cellspacing=\"0\" cellpadding=\"0\">\n<tbody>\n<tr style=\"height: 15.60pt;\">\n<td class=\"et3\" style=\"height: 15.60pt; width: 108.00pt;\" width=\"180\" height=\"26\">Fabricant<\/td>\n<td class=\"et3\" style=\"width: 263.25pt;\" width=\"438\">Lianyuan<\/td>\n<\/tr>\n<tr style=\"height: 15.60pt;\">\n<td class=\"et3\" style=\"height: 15.60pt;\" height=\"26\">Type de produit<\/td>\n<td class=\"et3\">Plateaux festonn\u00e9s, ensembles de bols, tasses \u00e0 th\u00e9, assiettes ovales, saladiers<\/td>\n<\/tr>\n<tr style=\"height: 15.60pt;\">\n<td class=\"et3\" style=\"height: 15.60pt;\" height=\"26\">Mod\u00e8le<\/td>\n<td class=\"et3\">Floral<\/td>\n<\/tr>\n<tr style=\"height: 15.60pt;\">\n<td class=\"et3\" style=\"height: 15.60pt;\" height=\"26\">Couleur<\/td>\n<td class=\"et3\">Taches blanches et de couleur<\/td>\n<\/tr>\n<tr style=\"height: 15.60pt;\">\n<td class=\"et3\" style=\"height: 15.60pt;\" height=\"26\">Mat\u00e9riau<\/td>\n<td class=\"et3\">Porcelaine durable<\/td>\n<\/tr>\n<tr style=\"height: 15.60pt;\">\n<td class=\"et3\" style=\"height: 15.60pt;\" height=\"26\">Artisanat<\/td>\n<td class=\"et3\">Glacis mat, D\u00e9calcomanie, Peinture \u00e0 la main<\/td>\n<\/tr>\n<tr style=\"height: 15.60pt;\">\n<td class=\"et3\" style=\"height: 15.60pt;\" height=\"26\">Application<\/td>\n<td class=\"et3\">Passe au micro-ondes, au lave-vaisselle et au four<\/td>\n<\/tr>\n<tr style=\"height: 15.60pt;\">\n<td class=\"et3\" style=\"height: 15.60pt;\" height=\"26\">Sur mesure<\/td>\n<td class=\"et3\">Couleur\/Taille\/Logo\/Emballage<\/td>\n<\/tr>\n<\/tbody>\n<\/table>","protected":false},"featured_media":1205,"comment_status":"open","ping_status":"closed","template":"","meta":{"_acf_changed":false},"product_brand":[],"product_cat":[17],"product_tag":[30,29,27],"class_list":{"0":"post-1204","1":"product","2":"type-product","3":"status-publish","4":"has-post-thumbnail","6":"product_cat-dinnerware-wholesale","7":"product_tag-custom-porcelain-dinnerware","8":"product_tag-hand-painted-embossed-dinnerware-wholesale","9":"product_tag-wholesale-decal-ceramics","11":"first","12":"instock","13":"shipping-taxable","14":"product-type-simple"},"acf":[],"_links":{"self":[{"href":"https:\/\/www.lianyuanceramic.com\/fr\/wp-json\/wp\/v2\/product\/1204","targetHints":{"allow":["GET"]}}],"collection":[{"href":"https:\/\/www.lianyuanceramic.com\/fr\/wp-json\/wp\/v2\/product"}],"about":[{"href":"https:\/\/www.lianyuanceramic.com\/fr\/wp-json\/wp\/v2\/types\/product"}],"replies":[{"embeddable":true,"href":"https:\/\/www.lianyuanceramic.com\/fr\/wp-json\/wp\/v2\/comments?post=1204"}],"wp:featuredmedia":[{"embeddable":true,"href":"https:\/\/www.lianyuanceramic.com\/fr\/wp-json\/wp\/v2\/media\/1205"}],"wp:attachment":[{"href":"https:\/\/www.lianyuanceramic.com\/fr\/wp-json\/wp\/v2\/media?parent=1204"}],"wp:term":[{"taxonomy":"product_brand","embeddable":true,"href":"https:\/\/www.lianyuanceramic.com\/fr\/wp-json\/wp\/v2\/product_brand?post=1204"},{"taxonomy":"product_cat","embeddable":true,"href":"https:\/\/www.lianyuanceramic.com\/fr\/wp-json\/wp\/v2\/product_cat?post=1204"},{"taxonomy":"product_tag","embeddable":true,"href":"https:\/\/www.lianyuanceramic.com\/fr\/wp-json\/wp\/v2\/product_tag?post=1204"}],"curies":[{"name":"wp","href":"https:\/\/api.w.org\/{rel}","templated":true}]}}