{"id":1165,"date":"2025-02-12T08:18:43","date_gmt":"2025-02-12T08:18:43","guid":{"rendered":"https:\/\/www.lianyuanceramic.com\/?post_type=product&#038;p=1165"},"modified":"2025-02-13T01:06:14","modified_gmt":"2025-02-13T01:06:14","slug":"wholesale-unique-dinnerware-sets","status":"publish","type":"product","link":"https:\/\/www.lianyuanceramic.com\/fr\/produit\/wholesale-unique-dinnerware-sets\/","title":{"rendered":"Service de vaisselle unique en gros, service \u00e0 th\u00e9 en poterie personnalis\u00e9"},"content":{"rendered":"<div class=\"wp-block-columns is-layout-flex wp-container-core-columns-is-layout-9d6595d7 wp-block-columns-is-layout-flex\">\n<div class=\"wp-block-column is-layout-flow wp-block-column-is-layout-flow\">\n<h2 class=\"wp-block-heading\">Ensemble de vaisselle unique Caract\u00e9ristiques\uff1a<\/h2>\n\n\n\n<p><strong>Aspect naturel de la poterie : <\/strong>texture unique de la poterie naturelle, chaque produit pr\u00e9sente un effet unique sculpt\u00e9 \u00e0 la main, une qualit\u00e9 durable, une atmosph\u00e8re artistique.<\/p>\n\n\n\n<p><strong>Design purement peint \u00e0 la main :<\/strong> Peint \u00e0 la main sur l'ensemble de la surface, riche en couleurs, plus \u00e0 la mode et plus moderne, ce qui conf\u00e8re \u00e0 la vaisselle une valeur de collection haut de gamme.<\/p>\n\n\n\n<p><strong>Gla\u00e7age lisse et brillant : <\/strong>Cuisson \u00e0 haute temp\u00e9rature, gla\u00e7ure lisse, pr\u00e9sentant une sensation de haute qualit\u00e9 et de haut de gamme, couleur ferme et r\u00e9sistante \u00e0 l'usure.<\/p>\n\n\n\n<p><strong>Conception d'un ensemble complet de combinaisons : <\/strong>comprend le m\u00eame style d'assiettes, de tasses, de soucoupes et de cuill\u00e8res, r\u00e9pondant ainsi \u00e0 l'ensemble des besoins des familles et des industries de la restauration.<\/p>\n\n\n\n<p><\/p>\n<\/div>\n\n\n\n<div class=\"wp-block-column is-layout-flow wp-block-column-is-layout-flow\">\n<figure class=\"wp-block-image size-full\"><img decoding=\"async\" width=\"5974\" height=\"3864\" src=\"https:\/\/www.lianyuanceramic.com\/wp-content\/uploads\/2025\/02\/wholesale-unique-dinnerware-sets-1.webp\" alt=\"\" class=\"wp-image-1169\" srcset=\"https:\/\/www.lianyuanceramic.com\/wp-content\/uploads\/2025\/02\/wholesale-unique-dinnerware-sets-1.webp 5974w, https:\/\/www.lianyuanceramic.com\/wp-content\/uploads\/2025\/02\/wholesale-unique-dinnerware-sets-1-300x194.webp 300w, https:\/\/www.lianyuanceramic.com\/wp-content\/uploads\/2025\/02\/wholesale-unique-dinnerware-sets-1-768x497.webp 768w, https:\/\/www.lianyuanceramic.com\/wp-content\/uploads\/2025\/02\/wholesale-unique-dinnerware-sets-1-18x12.webp 18w, https:\/\/www.lianyuanceramic.com\/wp-content\/uploads\/2025\/02\/wholesale-unique-dinnerware-sets-1-1200x776.webp 1200w, https:\/\/www.lianyuanceramic.com\/wp-content\/uploads\/2025\/02\/wholesale-unique-dinnerware-sets-1-600x388.webp 600w\" sizes=\"(max-width: 5974px) 100vw, 5974px\" \/><\/figure>\n<\/div>\n<\/div>\n\n\n\n<div class=\"wp-block-columns is-layout-flex wp-container-core-columns-is-layout-9d6595d7 wp-block-columns-is-layout-flex\">\n<div class=\"wp-block-column is-layout-flow wp-block-column-is-layout-flow\">\n<figure class=\"wp-block-image size-full\"><img decoding=\"async\" width=\"3985\" height=\"4679\" src=\"https:\/\/www.lianyuanceramic.com\/wp-content\/uploads\/2025\/02\/wholesale-unique-dinnerware-sets-2.webp\" alt=\"\" class=\"wp-image-1170\" srcset=\"https:\/\/www.lianyuanceramic.com\/wp-content\/uploads\/2025\/02\/wholesale-unique-dinnerware-sets-2.webp 3985w, https:\/\/www.lianyuanceramic.com\/wp-content\/uploads\/2025\/02\/wholesale-unique-dinnerware-sets-2-256x300.webp 256w, https:\/\/www.lianyuanceramic.com\/wp-content\/uploads\/2025\/02\/wholesale-unique-dinnerware-sets-2-768x902.webp 768w, https:\/\/www.lianyuanceramic.com\/wp-content\/uploads\/2025\/02\/wholesale-unique-dinnerware-sets-2-10x12.webp 10w, https:\/\/www.lianyuanceramic.com\/wp-content\/uploads\/2025\/02\/wholesale-unique-dinnerware-sets-2-1200x1409.webp 1200w, https:\/\/www.lianyuanceramic.com\/wp-content\/uploads\/2025\/02\/wholesale-unique-dinnerware-sets-2-600x704.webp 600w\" sizes=\"(max-width: 3985px) 100vw, 3985px\" \/><\/figure>\n<\/div>\n\n\n\n<div class=\"wp-block-column is-layout-flow wp-block-column-is-layout-flow\">\n<h2 class=\"wp-block-heading\">Service de vaisselle unique et personnalis\u00e9 :<\/h2>\n\n\n\n<p>Lianyuan propose diverses options de vaisselle personnalis\u00e9e en fonction des besoins de la marque ou des tendances de la mode, ce qui en fait un produit id\u00e9al pour un usage personnel ou commercial.<\/p>\n\n\n\n<p><strong>Conception :&nbsp;<\/strong>La vaisselle color\u00e9e peinte \u00e0 la main apporte \u00e0 votre maison un soleil \u00e9clatant et de la vigueur.<\/p>\n\n\n\n<p><strong>Composition de l'ensemble :<\/strong>\u00a0Services de vaisselle en c\u00e9ramique personnalis\u00e9s avec des combinaisons de tasses, de bols et de cuill\u00e8res.<\/p>\n\n\n\n<p><strong>Taille :&nbsp;<\/strong>Choisissez parmi diff\u00e9rentes tailles pour convenir \u00e0 diff\u00e9rentes portions de repas.<\/p>\n\n\n\n<p><strong>Mat\u00e9riau :<\/strong>&nbsp;Porcelaine durable<\/p>\n\n\n\n<p><strong>Artisanat :&nbsp;<\/strong>poterie naturelle brute \u00e0 l'ext\u00e9rieur + design pur peint \u00e0 la main<\/p>\n\n\n\n<p><strong>Emballage :&nbsp;<\/strong>Emballage en vrac, bo\u00eete de couleur, bo\u00eete cadeau, bo\u00eete de pr\u00e9sentation, bo\u00eete d'exp\u00e9dition, etc.<\/p>\n<\/div>\n<\/div>","protected":false},"excerpt":{"rendered":"<p>Vente en gros d'ensembles de vaisselle uniques avec une finition en gr\u00e8s naturel et de magnifiques motifs peints \u00e0 la main. Cette collection compl\u00e8te de vaisselle (assiettes, bols et tasses) est moderne et pratique. Profitez d'un service personnalis\u00e9, de prix d'usine et d'une livraison efficace. Contactez-nous d\u00e8s maintenant pour passer votre commande en gros !<\/p>\n<h2>Ensemble de vaisselle unique Param\u00e8tre :<\/h2>\n<table style=\"border-collapse: collapse;width: 370.82pt\" border=\"0\" width=\"618\" cellspacing=\"0\" cellpadding=\"0\">\n<tbody>\n<tr style=\"height: 15.60pt\">\n<td class=\"et3\" style=\"height: 15.60pt;width: 108.00pt\" width=\"180\" height=\"26\">Fabricant<\/td>\n<td class=\"et3\" style=\"width: 263.25pt\" width=\"438\">Lianyuan<\/td>\n<\/tr>\n<tr style=\"height: 15.60pt\">\n<td class=\"et3\" style=\"height: 15.60pt\" height=\"26\">Type de produit<\/td>\n<td class=\"et3\">Assiettes plates, tasses, soucoupes, cruches<\/td>\n<\/tr>\n<tr style=\"height: 15.60pt\">\n<td class=\"et3\" style=\"height: 15.60pt\" height=\"26\">Mod\u00e8le<\/td>\n<td class=\"et3\">Morden Digen<\/td>\n<\/tr>\n<tr style=\"height: 15.60pt\">\n<td class=\"et3\" style=\"height: 15.60pt\" height=\"26\">Couleur<\/td>\n<td class=\"et3\">Vert, bleu, marron, jaune, vert<\/td>\n<\/tr>\n<tr style=\"height: 15.60pt\">\n<td class=\"et3\" style=\"height: 15.60pt\" height=\"26\">Mat\u00e9riau<\/td>\n<td class=\"et3\">Porcelaine durable<\/td>\n<\/tr>\n<tr style=\"height: 15.60pt\">\n<td class=\"et3\" style=\"height: 15.60pt\" height=\"26\">Artisanat<\/td>\n<td class=\"et3\">Peint \u00e0 la main<\/td>\n<\/tr>\n<tr style=\"height: 15.60pt\">\n<td class=\"et3\" style=\"height: 15.60pt\" height=\"26\">Application<\/td>\n<td class=\"et3\">Passe au micro-ondes, au lave-vaisselle et au four<\/td>\n<\/tr>\n<tr style=\"height: 15.60pt\">\n<td class=\"et3\" style=\"height: 15.60pt\" height=\"26\">Sur mesure<\/td>\n<td class=\"et3\">Couleur\/Taille\/Logo\/Emballage<\/td>\n<\/tr>\n<\/tbody>\n<\/table>","protected":false},"featured_media":1172,"comment_status":"open","ping_status":"closed","template":"","meta":{"_acf_changed":false},"product_brand":[],"product_cat":[17,18],"product_tag":[30,29],"class_list":{"0":"post-1165","1":"product","2":"type-product","3":"status-publish","4":"has-post-thumbnail","6":"product_cat-dinnerware-wholesale","7":"product_cat-wholesale-custom-tea-set","8":"product_tag-custom-porcelain-dinnerware","9":"product_tag-hand-painted-embossed-dinnerware-wholesale","11":"first","12":"instock","13":"shipping-taxable","14":"product-type-simple"},"acf":[],"_links":{"self":[{"href":"https:\/\/www.lianyuanceramic.com\/fr\/wp-json\/wp\/v2\/product\/1165","targetHints":{"allow":["GET"]}}],"collection":[{"href":"https:\/\/www.lianyuanceramic.com\/fr\/wp-json\/wp\/v2\/product"}],"about":[{"href":"https:\/\/www.lianyuanceramic.com\/fr\/wp-json\/wp\/v2\/types\/product"}],"replies":[{"embeddable":true,"href":"https:\/\/www.lianyuanceramic.com\/fr\/wp-json\/wp\/v2\/comments?post=1165"}],"wp:featuredmedia":[{"embeddable":true,"href":"https:\/\/www.lianyuanceramic.com\/fr\/wp-json\/wp\/v2\/media\/1172"}],"wp:attachment":[{"href":"https:\/\/www.lianyuanceramic.com\/fr\/wp-json\/wp\/v2\/media?parent=1165"}],"wp:term":[{"taxonomy":"product_brand","embeddable":true,"href":"https:\/\/www.lianyuanceramic.com\/fr\/wp-json\/wp\/v2\/product_brand?post=1165"},{"taxonomy":"product_cat","embeddable":true,"href":"https:\/\/www.lianyuanceramic.com\/fr\/wp-json\/wp\/v2\/product_cat?post=1165"},{"taxonomy":"product_tag","embeddable":true,"href":"https:\/\/www.lianyuanceramic.com\/fr\/wp-json\/wp\/v2\/product_tag?post=1165"}],"curies":[{"name":"wp","href":"https:\/\/api.w.org\/{rel}","templated":true}]}}