{"id":1161,"date":"2025-02-12T07:01:23","date_gmt":"2025-02-12T07:01:23","guid":{"rendered":"https:\/\/www.lianyuanceramic.com\/?post_type=product&#038;p=1161"},"modified":"2025-03-27T07:09:30","modified_gmt":"2025-03-27T07:09:30","slug":"wholesale-floral-dinnerware","status":"publish","type":"product","link":"https:\/\/www.lianyuanceramic.com\/fr\/produit\/wholesale-floral-dinnerware\/","title":{"rendered":"Wholesale Floral Dinnerware Porcelain Tea Set Custom in Bulk (vaisselle florale en porcelaine pour le th\u00e9)"},"content":{"rendered":"<div class=\"wp-block-columns is-layout-flex wp-container-core-columns-is-layout-9d6595d7 wp-block-columns-is-layout-flex\">\n<div class=\"wp-block-column is-layout-flow wp-block-column-is-layout-flow\">\n<h2 class=\"wp-block-heading\">Caract\u00e9ristiques de la vaisselle florale\uff1a<\/h2>\n\n\n\n<p><strong>Porcelaine de haute qualit\u00e9 et durable :<\/strong> S\u00e9lection de mat\u00e9riaux en porcelaine de haute qualit\u00e9, r\u00e9sistants aux temp\u00e9ratures \u00e9lev\u00e9es, aux fissures et \u00e0 l'usure, convenant \u00e0 un usage domestique et commercial.<\/p>\n\n\n\n<p><strong>Design floral exquis :<\/strong> Gr\u00e2ce aux d\u00e9calcomanies ou \u00e0 la peinture \u00e0 la main, les motifs floraux multicolores affichent une beaut\u00e9 \u00e9l\u00e9gante, ajoutant une atmosph\u00e8re artistique \u00e0 la salle \u00e0 manger et r\u00e9pondant aux besoins des march\u00e9s europ\u00e9en, am\u00e9ricain et asiatique.<\/p>\n\n\n\n<p><strong>Riche s\u00e9rie de produits : <\/strong>Contient une vari\u00e9t\u00e9 de combinaisons telles que des assiettes, des services \u00e0 th\u00e9, des bols, des tasses, des pots \u00e0 \u00e9pices, adapt\u00e9es \u00e0 diff\u00e9rents sc\u00e9narios.<\/p>\n\n\n\n<p><strong>Protection de l'environnement et s\u00e9curit\u00e9 : <\/strong>Utiliser des \u00e9maux non toxiques, sans plomb et r\u00e9sistants aux temp\u00e9ratures \u00e9lev\u00e9es pour r\u00e9pondre aux normes internationales de s\u00e9curit\u00e9 alimentaire.<\/p>\n<\/div>\n\n\n\n<div class=\"wp-block-column is-layout-flow wp-block-column-is-layout-flow\">\n<figure class=\"wp-block-image size-full\"><img decoding=\"async\" width=\"6240\" height=\"4160\" src=\"https:\/\/www.lianyuanceramic.com\/wp-content\/uploads\/2025\/02\/wholesale-Floral-Dinnerware-1.webp\" alt=\"\" class=\"wp-image-1162\" srcset=\"https:\/\/www.lianyuanceramic.com\/wp-content\/uploads\/2025\/02\/wholesale-Floral-Dinnerware-1.webp 6240w, https:\/\/www.lianyuanceramic.com\/wp-content\/uploads\/2025\/02\/wholesale-Floral-Dinnerware-1-300x200.webp 300w, https:\/\/www.lianyuanceramic.com\/wp-content\/uploads\/2025\/02\/wholesale-Floral-Dinnerware-1-768x512.webp 768w, https:\/\/www.lianyuanceramic.com\/wp-content\/uploads\/2025\/02\/wholesale-Floral-Dinnerware-1-18x12.webp 18w, https:\/\/www.lianyuanceramic.com\/wp-content\/uploads\/2025\/02\/wholesale-Floral-Dinnerware-1-1200x800.webp 1200w, https:\/\/www.lianyuanceramic.com\/wp-content\/uploads\/2025\/02\/wholesale-Floral-Dinnerware-1-600x400.webp 600w\" sizes=\"(max-width: 6240px) 100vw, 6240px\" \/><\/figure>\n<\/div>\n<\/div>\n\n\n\n<div class=\"wp-block-columns is-layout-flex wp-container-core-columns-is-layout-9d6595d7 wp-block-columns-is-layout-flex\">\n<div class=\"wp-block-column is-layout-flow wp-block-column-is-layout-flow\">\n<figure class=\"wp-block-image size-full\"><img decoding=\"async\" width=\"6240\" height=\"4160\" src=\"https:\/\/www.lianyuanceramic.com\/wp-content\/uploads\/2025\/02\/wholesale-Floral-Dinnerware-2.webp\" alt=\"Wholesale Floral Dinnerware tea set\" class=\"wp-image-1163\" srcset=\"https:\/\/www.lianyuanceramic.com\/wp-content\/uploads\/2025\/02\/wholesale-Floral-Dinnerware-2.webp 6240w, https:\/\/www.lianyuanceramic.com\/wp-content\/uploads\/2025\/02\/wholesale-Floral-Dinnerware-2-300x200.webp 300w, https:\/\/www.lianyuanceramic.com\/wp-content\/uploads\/2025\/02\/wholesale-Floral-Dinnerware-2-768x512.webp 768w, https:\/\/www.lianyuanceramic.com\/wp-content\/uploads\/2025\/02\/wholesale-Floral-Dinnerware-2-18x12.webp 18w, https:\/\/www.lianyuanceramic.com\/wp-content\/uploads\/2025\/02\/wholesale-Floral-Dinnerware-2-1200x800.webp 1200w, https:\/\/www.lianyuanceramic.com\/wp-content\/uploads\/2025\/02\/wholesale-Floral-Dinnerware-2-600x400.webp 600w\" sizes=\"(max-width: 6240px) 100vw, 6240px\" \/><\/figure>\n<\/div>\n\n\n\n<div class=\"wp-block-column is-layout-flow wp-block-column-is-layout-flow\">\n<h2 class=\"wp-block-heading\">Vaisselle florale personnalis\u00e9e Vaisselle de table :<\/h2>\n\n\n\n<p>Lianyuan propose diverses options de vaisselle personnalis\u00e9e en fonction des besoins de la marque ou des tendances de la mode, ce qui en fait un produit id\u00e9al pour un usage personnel ou commercial.<\/p>\n\n\n\n<p><strong>Conception :&nbsp;<\/strong>Choisissez des motifs floraux ou cr\u00e9ez votre propre motif.<\/p>\n\n\n\n<p><strong>Composition de l'ensemble :<\/strong>&nbsp;Sets de tasses en c\u00e9ramique personnalis\u00e9s avec des combinaisons de tasses, de bols et de cuill\u00e8res.<\/p>\n\n\n\n<p><strong>Taille :&nbsp;<\/strong>Choisissez parmi diff\u00e9rentes tailles pour convenir \u00e0 diff\u00e9rentes portions de repas.<\/p>\n\n\n\n<p><strong>Mat\u00e9riau :<\/strong>&nbsp;C\u00e9ramique, porcelaine, porcelaine osseuse ou se renseigner sur les autres possibilit\u00e9s.<\/p>\n\n\n\n<p><strong>Artisanat :&nbsp;<\/strong>D\u00e9calcomanies de gla\u00e7age, changement de four, peinture \u00e0 la main, motifs en relief ou autres.<\/p>\n\n\n\n<p><strong>Emballage :&nbsp;<\/strong>Emballage en vrac, bo\u00eete de couleur, bo\u00eete cadeau, bo\u00eete de pr\u00e9sentation, bo\u00eete d'exp\u00e9dition, etc.<\/p>\n<\/div>\n<\/div>","protected":false},"excerpt":{"rendered":"<p>Vaisselle florale en gros, en porcelaine avec d'\u00e9l\u00e9gants motifs floraux. Comprend des assiettes, des bols, des tasses \u00e0 th\u00e9 et des pots \u00e0 \u00e9pices, parfaits pour les restaurants, les h\u00f4tels et les maisons. Respectueux de l'environnement, personnalisables et parfaits pour toutes les occasions. Contactez-nous pour des commandes en gros et des services OEM\/ODM !<\/p>\n<h2>Param\u00e8tres de la vaisselle florale :<\/h2>\n<table style=\"border-collapse: collapse; width: 370.82pt;\" border=\"0\" width=\"618\" cellspacing=\"0\" cellpadding=\"0\">\n<tbody>\n<tr style=\"height: 15.60pt;\">\n<td class=\"et3\" style=\"height: 15.60pt; width: 108.00pt;\" width=\"180\" height=\"26\">Fabricant<\/td>\n<td class=\"et3\" style=\"width: 263.25pt;\" width=\"438\">Lianyuan<\/td>\n<\/tr>\n<tr style=\"height: 15.60pt;\">\n<td class=\"et3\" style=\"height: 15.60pt;\" height=\"26\">Type de produit<\/td>\n<td class=\"et3\">Assiettes, bols, tasses, th\u00e9i\u00e8re<\/td>\n<\/tr>\n<tr style=\"height: 15.60pt;\">\n<td class=\"et3\" style=\"height: 15.60pt;\" height=\"26\">Mod\u00e8le\u00a0<\/td>\n<td class=\"et3\">Conception florale<\/td>\n<\/tr>\n<tr style=\"height: 15.60pt;\">\n<td class=\"et3\" style=\"height: 15.60pt;\" height=\"26\">Couleur<\/td>\n<td class=\"et3\">Color\u00e9e<\/td>\n<\/tr>\n<tr style=\"height: 15.60pt;\">\n<td class=\"et3\" style=\"height: 15.60pt;\" height=\"26\">Mat\u00e9riau<\/td>\n<td class=\"et3\">Porcelaine durable<\/td>\n<\/tr>\n<tr style=\"height: 15.60pt;\">\n<td class=\"et3\" style=\"height: 15.60pt;\" height=\"26\">Artisanat<\/td>\n<td class=\"et3\">D\u00e9calcomanie, peinture \u00e0 la main<\/td>\n<\/tr>\n<tr style=\"height: 15.60pt;\">\n<td class=\"et3\" style=\"height: 15.60pt;\" height=\"26\">Application<\/td>\n<td class=\"et3\">Passe au micro-ondes, au lave-vaisselle et au four<\/td>\n<\/tr>\n<tr style=\"height: 15.60pt;\">\n<td class=\"et3\" style=\"height: 15.60pt;\" height=\"26\">Sur mesure<\/td>\n<td class=\"et3\">Couleur\/Taille\/Logo\/Emballage<\/td>\n<\/tr>\n<\/tbody>\n<\/table>","protected":false},"featured_media":1202,"comment_status":"open","ping_status":"closed","template":"","meta":{"_acf_changed":false},"product_brand":[],"product_cat":[17,18,19],"product_tag":[30,29,27],"class_list":{"0":"post-1161","1":"product","2":"type-product","3":"status-publish","4":"has-post-thumbnail","6":"product_cat-dinnerware-wholesale","7":"product_cat-wholesale-custom-tea-set","8":"product_cat-serveware-wholesale","9":"product_tag-custom-porcelain-dinnerware","10":"product_tag-hand-painted-embossed-dinnerware-wholesale","11":"product_tag-wholesale-decal-ceramics","13":"first","14":"instock","15":"shipping-taxable","16":"product-type-simple"},"acf":[],"_links":{"self":[{"href":"https:\/\/www.lianyuanceramic.com\/fr\/wp-json\/wp\/v2\/product\/1161","targetHints":{"allow":["GET"]}}],"collection":[{"href":"https:\/\/www.lianyuanceramic.com\/fr\/wp-json\/wp\/v2\/product"}],"about":[{"href":"https:\/\/www.lianyuanceramic.com\/fr\/wp-json\/wp\/v2\/types\/product"}],"replies":[{"embeddable":true,"href":"https:\/\/www.lianyuanceramic.com\/fr\/wp-json\/wp\/v2\/comments?post=1161"}],"wp:featuredmedia":[{"embeddable":true,"href":"https:\/\/www.lianyuanceramic.com\/fr\/wp-json\/wp\/v2\/media\/1202"}],"wp:attachment":[{"href":"https:\/\/www.lianyuanceramic.com\/fr\/wp-json\/wp\/v2\/media?parent=1161"}],"wp:term":[{"taxonomy":"product_brand","embeddable":true,"href":"https:\/\/www.lianyuanceramic.com\/fr\/wp-json\/wp\/v2\/product_brand?post=1161"},{"taxonomy":"product_cat","embeddable":true,"href":"https:\/\/www.lianyuanceramic.com\/fr\/wp-json\/wp\/v2\/product_cat?post=1161"},{"taxonomy":"product_tag","embeddable":true,"href":"https:\/\/www.lianyuanceramic.com\/fr\/wp-json\/wp\/v2\/product_tag?post=1161"}],"curies":[{"name":"wp","href":"https:\/\/api.w.org\/{rel}","templated":true}]}}