{"id":116,"date":"2024-10-17T16:04:23","date_gmt":"2024-10-17T16:04:23","guid":{"rendered":"https:\/\/www.lianyuanceramic.com\/?post_type=product&#038;p=116"},"modified":"2024-12-28T14:10:20","modified_gmt":"2024-12-28T14:10:20","slug":"breakfast-cup-wholesale","status":"publish","type":"product","link":"https:\/\/www.lianyuanceramic.com\/fr\/produit\/breakfast-cup-wholesale\/","title":{"rendered":"Tasse \u00e0 d\u00e9jeuner en c\u00e9ramique pour le caf\u00e9, le th\u00e9 et les flocons d'avoine Wholesale"},"content":{"rendered":"<div class=\"wp-block-columns is-layout-flex wp-container-core-columns-is-layout-9d6595d7 wp-block-columns-is-layout-flex\">\n<div class=\"wp-block-column is-layout-flow wp-block-column-is-layout-flow\">\n<h2 class=\"wp-block-heading\">Petit d\u00e9jeuner Caract\u00e9ristiques de la coupe :<\/h2>\n\n\n\n<p><strong>Magnifique motif floral aux couleurs vives<\/strong><br>Magnifiquement con\u00e7u avec des motifs floraux naturels, attrayants et \u00e9l\u00e9gants pour am\u00e9liorer l'exp\u00e9rience du petit-d\u00e9jeuner de l'utilisateur.<\/p>\n\n\n\n<p><strong>Mat\u00e9riau c\u00e9ramique durable<\/strong><br>Fabriqu\u00e9 en c\u00e9ramique de haute qualit\u00e9, il est durable et ne se casse pas facilement.<\/p>\n\n\n\n<p><strong>Qualit\u00e9 sup\u00e9rieure \u00e0 la norme California 65<\/strong><br>R\u00e9pond aux normes de s\u00e9curit\u00e9 California 65 pour garantir qu'il ne contient pas de substances nocives et qu'il r\u00e9pond aux normes d'utilisation quotidienne en toute s\u00e9curit\u00e9.<\/p>\n\n\n\n<p><strong>D\u00e9calcomanies \u00e9maill\u00e9es et artisanat peint \u00e0 la main<br><\/strong>La technique de l'\u00e9maillage int\u00e8gre parfaitement le motif floral, ce qui donne une surface et un toucher d\u00e9licats et lisses.<\/p>\n\n\n\n<p><strong>Emballage cadeau personnalisable<\/strong><br>Disponibles dans de superbes coffrets cadeaux, les combinaisons de sets sont personnalisables et peuvent inclure diff\u00e9rentes quantit\u00e9s de bols et de cuill\u00e8res pour r\u00e9pondre \u00e0 vos besoins.<\/p>\n\n\n\n<p><strong>Convient \u00e0 toutes les occasions<\/strong><br>Design polyvalent, parfait pour le caf\u00e9 au lait, le th\u00e9 et la soupe, adapt\u00e9 aux petits d\u00e9jeuners d\u00e9contract\u00e9s et aux salles \u00e0 manger formelles.<\/p>\n<\/div>\n\n\n\n<div class=\"wp-block-column is-layout-flow wp-block-column-is-layout-flow\">\n<figure class=\"wp-block-image size-full\"><img decoding=\"async\" width=\"3333\" height=\"3333\" src=\"https:\/\/www.lianyuanceramic.com\/wp-content\/uploads\/2024\/10\/Breakfast-Cup-wholesale-and-custom-4.webp\" alt=\"Tasses \u00e0 d\u00e9jeuner en gros et sur mesure (4)\" class=\"wp-image-120\" srcset=\"https:\/\/www.lianyuanceramic.com\/wp-content\/uploads\/2024\/10\/Breakfast-Cup-wholesale-and-custom-4.webp 3333w, https:\/\/www.lianyuanceramic.com\/wp-content\/uploads\/2024\/10\/Breakfast-Cup-wholesale-and-custom-4-300x300.webp 300w, https:\/\/www.lianyuanceramic.com\/wp-content\/uploads\/2024\/10\/Breakfast-Cup-wholesale-and-custom-4-150x150.webp 150w, https:\/\/www.lianyuanceramic.com\/wp-content\/uploads\/2024\/10\/Breakfast-Cup-wholesale-and-custom-4-768x768.webp 768w, https:\/\/www.lianyuanceramic.com\/wp-content\/uploads\/2024\/10\/Breakfast-Cup-wholesale-and-custom-4-1200x1200.webp 1200w, https:\/\/www.lianyuanceramic.com\/wp-content\/uploads\/2024\/10\/Breakfast-Cup-wholesale-and-custom-4-600x600.webp 600w, https:\/\/www.lianyuanceramic.com\/wp-content\/uploads\/2024\/10\/Breakfast-Cup-wholesale-and-custom-4-100x100.webp 100w\" sizes=\"(max-width: 3333px) 100vw, 3333px\" \/><\/figure>\n<\/div>\n<\/div>\n\n\n\n<div class=\"wp-block-columns is-layout-flex wp-container-core-columns-is-layout-9d6595d7 wp-block-columns-is-layout-flex\">\n<div class=\"wp-block-column is-layout-flow wp-block-column-is-layout-flow\"><\/div>\n\n\n\n<div class=\"wp-block-column is-layout-flow wp-block-column-is-layout-flow\"><\/div>\n<\/div>\n\n\n\n<div class=\"wp-block-columns is-layout-flex wp-container-core-columns-is-layout-9d6595d7 wp-block-columns-is-layout-flex\">\n<div class=\"wp-block-column is-layout-flow wp-block-column-is-layout-flow\">\n<figure class=\"wp-block-image size-full\"><img decoding=\"async\" width=\"3333\" height=\"3333\" src=\"https:\/\/www.lianyuanceramic.com\/wp-content\/uploads\/2024\/10\/Breakfast-Cup-wholesale-and-custom-2.webp\" alt=\"Tasses \u00e0 d\u00e9jeuner en gros et sur mesure (2)\" class=\"wp-image-118\" srcset=\"https:\/\/www.lianyuanceramic.com\/wp-content\/uploads\/2024\/10\/Breakfast-Cup-wholesale-and-custom-2.webp 3333w, https:\/\/www.lianyuanceramic.com\/wp-content\/uploads\/2024\/10\/Breakfast-Cup-wholesale-and-custom-2-300x300.webp 300w, https:\/\/www.lianyuanceramic.com\/wp-content\/uploads\/2024\/10\/Breakfast-Cup-wholesale-and-custom-2-150x150.webp 150w, https:\/\/www.lianyuanceramic.com\/wp-content\/uploads\/2024\/10\/Breakfast-Cup-wholesale-and-custom-2-768x768.webp 768w, https:\/\/www.lianyuanceramic.com\/wp-content\/uploads\/2024\/10\/Breakfast-Cup-wholesale-and-custom-2-1200x1200.webp 1200w, https:\/\/www.lianyuanceramic.com\/wp-content\/uploads\/2024\/10\/Breakfast-Cup-wholesale-and-custom-2-600x600.webp 600w, https:\/\/www.lianyuanceramic.com\/wp-content\/uploads\/2024\/10\/Breakfast-Cup-wholesale-and-custom-2-100x100.webp 100w\" sizes=\"(max-width: 3333px) 100vw, 3333px\" \/><\/figure>\n<\/div>\n\n\n\n<div class=\"wp-block-column is-layout-flow wp-block-column-is-layout-flow\">\n<h2 class=\"wp-block-heading\">Tasse \u00e0 d\u00e9jeuner personnalis\u00e9e<\/h2>\n\n\n\n<p>Que vous souhaitiez personnaliser la marque ou concevoir un nouveau produit, faites-nous part de vos id\u00e9es d\u00e8s maintenant. Notre \u00e9quipe de conception et de fabrication de moules peut r\u00e9pondre \u00e0 vos besoins illimit\u00e9s.<\/p>\n\n\n\n<p><strong>Conception : <\/strong>Choisissez des motifs floraux ou cr\u00e9ez votre propre motif.<\/p>\n\n\n\n<p><strong>Composition de l'ensemble :<\/strong> Sets de tasses en c\u00e9ramique personnalis\u00e9s avec des combinaisons de tasses, de bols et de cuill\u00e8res.<\/p>\n\n\n\n<p><strong>Taille : <\/strong>Choisissez parmi diff\u00e9rentes tailles pour convenir \u00e0 diff\u00e9rentes portions de repas.<\/p>\n\n\n\n<p><strong>Mat\u00e9riau :<\/strong> C\u00e9ramique, porcelaine, porcelaine osseuse ou se renseigner sur les autres possibilit\u00e9s.<\/p>\n\n\n\n<p><strong>Artisanat : <\/strong>D\u00e9calcomanies de gla\u00e7age, changement de four, peinture \u00e0 la main, motifs en relief ou autres.<\/p>\n\n\n\n<p><strong>Emballage : <\/strong>Emballage en vrac, bo\u00eete de couleur, bo\u00eete cadeau, bo\u00eete de pr\u00e9sentation, bo\u00eete d'exp\u00e9dition, etc.<\/p>\n<\/div>\n<\/div>\n\n\n\n<p><\/p>","protected":false},"excerpt":{"rendered":"<p>Tasses \u00e0 d\u00e9jeuner de haute qualit\u00e9 fabriqu\u00e9es par un fabricant professionnel de services \u00e0 th\u00e9 en c\u00e9ramique, avec un design floral unique et exquis, combin\u00e9 \u00e0 un travail artisanal de la couleur de l'\u00e9mail. Magnifiques et durables, elles conviennent \u00e0 la maison, aux entreprises et \u00e0 divers lieux haut de gamme. Les fabricants de Lianyuan fournissent des solutions de vaisselle personnalis\u00e9es pour cr\u00e9er des produits de marque uniques pour vous.<\/p>\n<h2>Param\u00e8tre de la tasse de petit-d\u00e9jeuner<\/h2>\n<table width=\"495\">\n<tbody>\n<tr>\n<td width=\"144\">Fabricant<\/td>\n<td width=\"351\">Lianyuan<\/td>\n<\/tr>\n<tr>\n<td>Type de produit<\/td>\n<td width=\"351\">Tasses, Mugs, Tasse \u00e0 caf\u00e9, Tasse \u00e0 th\u00e9<\/td>\n<\/tr>\n<tr>\n<td>Mod\u00e8le<\/td>\n<td>Floral<\/td>\n<\/tr>\n<tr>\n<td>Couleur<\/td>\n<td>Multi-couleur<\/td>\n<\/tr>\n<tr>\n<td>Mat\u00e9riau<\/td>\n<td>Porcelaine durable<\/td>\n<\/tr>\n<tr>\n<td>Artisanat<\/td>\n<td>D\u00e9calcomanie et peinture \u00e0 la main<\/td>\n<\/tr>\n<tr>\n<td>Capacit\u00e9<\/td>\n<td>16 Once ( 450 ml )<\/td>\n<\/tr>\n<tr>\n<td>Application<\/td>\n<td>Passe au micro-ondes, au lave-vaisselle et au four<\/td>\n<\/tr>\n<tr>\n<td>Sur mesure<\/td>\n<td>Couleur\/Taille\/Logo\/Emballage<\/td>\n<\/tr>\n<\/tbody>\n<\/table>","protected":false},"featured_media":118,"comment_status":"open","ping_status":"closed","template":"","meta":{"_acf_changed":true},"product_brand":[],"product_cat":[18],"product_tag":[30,29,27],"class_list":{"0":"post-116","1":"product","2":"type-product","3":"status-publish","4":"has-post-thumbnail","6":"product_cat-wholesale-custom-tea-set","7":"product_tag-custom-porcelain-dinnerware","8":"product_tag-hand-painted-embossed-dinnerware-wholesale","9":"product_tag-wholesale-decal-ceramics","11":"first","12":"instock","13":"shipping-taxable","14":"product-type-simple"},"acf":[],"_links":{"self":[{"href":"https:\/\/www.lianyuanceramic.com\/fr\/wp-json\/wp\/v2\/product\/116","targetHints":{"allow":["GET"]}}],"collection":[{"href":"https:\/\/www.lianyuanceramic.com\/fr\/wp-json\/wp\/v2\/product"}],"about":[{"href":"https:\/\/www.lianyuanceramic.com\/fr\/wp-json\/wp\/v2\/types\/product"}],"replies":[{"embeddable":true,"href":"https:\/\/www.lianyuanceramic.com\/fr\/wp-json\/wp\/v2\/comments?post=116"}],"wp:featuredmedia":[{"embeddable":true,"href":"https:\/\/www.lianyuanceramic.com\/fr\/wp-json\/wp\/v2\/media\/118"}],"wp:attachment":[{"href":"https:\/\/www.lianyuanceramic.com\/fr\/wp-json\/wp\/v2\/media?parent=116"}],"wp:term":[{"taxonomy":"product_brand","embeddable":true,"href":"https:\/\/www.lianyuanceramic.com\/fr\/wp-json\/wp\/v2\/product_brand?post=116"},{"taxonomy":"product_cat","embeddable":true,"href":"https:\/\/www.lianyuanceramic.com\/fr\/wp-json\/wp\/v2\/product_cat?post=116"},{"taxonomy":"product_tag","embeddable":true,"href":"https:\/\/www.lianyuanceramic.com\/fr\/wp-json\/wp\/v2\/product_tag?post=116"}],"curies":[{"name":"wp","href":"https:\/\/api.w.org\/{rel}","templated":true}]}}