{"id":1128,"date":"2025-01-17T08:37:42","date_gmt":"2025-01-17T08:37:42","guid":{"rendered":"https:\/\/www.lianyuanceramic.com\/?post_type=product&#038;p=1128"},"modified":"2025-01-17T09:01:58","modified_gmt":"2025-01-17T09:01:58","slug":"wholesale-porcelain-dinnerware","status":"publish","type":"product","link":"https:\/\/www.lianyuanceramic.com\/fr\/produit\/wholesale-porcelain-dinnerware\/","title":{"rendered":"Wholesale Porcelain Dinnerware Tea Set Elegant White Floral"},"content":{"rendered":"<div class=\"wp-block-columns is-layout-flex wp-container-core-columns-is-layout-9d6595d7 wp-block-columns-is-layout-flex\">\n<div class=\"wp-block-column is-layout-flow wp-block-column-is-layout-flow\">\n<h2 class=\"wp-block-heading\">Vaisselle en porcelaine Caract\u00e9ristiques :<\/h2>\n\n\n\n<p><strong>Porcelaine de haute qualit\u00e9<\/strong><br>Fabriqu\u00e9 en porcelaine durable, texture fine, solide et r\u00e9sistant \u00e0 l'usure, mat\u00e9riau \u00e9cologique et s\u00fbr, sans plomb et non toxique, adapt\u00e9 \u00e0 un usage quotidien.<\/p>\n\n\n\n<p><strong>Design \u00e9l\u00e9gant et \u00e0 la mode<\/strong><br>D'un blanc naturel et \u00e9l\u00e9gant, agr\u00e9ment\u00e9 de magnifiques petits motifs floraux, il \u00e9voque la beaut\u00e9 de la nature et le confort.<\/p>\n\n\n\n<p><strong>Forme irr\u00e9guli\u00e8re<\/strong><br>Rompant avec la forme traditionnelle, le design est unique, ajoutant un sens artistique et renfor\u00e7ant l'attrait de la table.<\/p>\n\n\n\n<p><strong>vaisselle et service \u00e0 th\u00e9<\/strong><br>Couvre les assiettes, les bols, les tasses \u00e0 th\u00e9, les th\u00e9i\u00e8res, etc., et convient pour le th\u00e9 de l'apr\u00e8s-midi, les repas de famille, les services de restauration des h\u00f4tels, etc.<\/p>\n\n\n\n<p><strong>L'attrait du march\u00e9<\/strong><br>Le design \u00e9l\u00e9gant est conforme \u00e0 l'esth\u00e9tique du march\u00e9 mondial et l'emballage cadeau peut \u00eatre personnalis\u00e9, ce qui en fait un choix id\u00e9al pour les mariages, les festivals et les cadeaux d'affaires.<\/p>\n<\/div>\n\n\n\n<div class=\"wp-block-column is-layout-flow wp-block-column-is-layout-flow\">\n<figure class=\"wp-block-image size-full\"><img decoding=\"async\" width=\"6240\" height=\"4160\" src=\"https:\/\/www.lianyuanceramic.com\/wp-content\/uploads\/2025\/01\/wholesale-porcelain-dinnerware-tea-set-2.webp\" alt=\"service \u00e0 th\u00e9 en porcelaine en gros\" class=\"wp-image-1119\" srcset=\"https:\/\/www.lianyuanceramic.com\/wp-content\/uploads\/2025\/01\/wholesale-porcelain-dinnerware-tea-set-2.webp 6240w, https:\/\/www.lianyuanceramic.com\/wp-content\/uploads\/2025\/01\/wholesale-porcelain-dinnerware-tea-set-2-300x200.webp 300w, https:\/\/www.lianyuanceramic.com\/wp-content\/uploads\/2025\/01\/wholesale-porcelain-dinnerware-tea-set-2-768x512.webp 768w, https:\/\/www.lianyuanceramic.com\/wp-content\/uploads\/2025\/01\/wholesale-porcelain-dinnerware-tea-set-2-18x12.webp 18w, https:\/\/www.lianyuanceramic.com\/wp-content\/uploads\/2025\/01\/wholesale-porcelain-dinnerware-tea-set-2-1200x800.webp 1200w, https:\/\/www.lianyuanceramic.com\/wp-content\/uploads\/2025\/01\/wholesale-porcelain-dinnerware-tea-set-2-600x400.webp 600w\" sizes=\"(max-width: 6240px) 100vw, 6240px\" \/><\/figure>\n<\/div>\n<\/div>\n\n\n\n<div class=\"wp-block-columns is-layout-flex wp-container-core-columns-is-layout-9d6595d7 wp-block-columns-is-layout-flex\">\n<div class=\"wp-block-column is-layout-flow wp-block-column-is-layout-flow\">\n<figure class=\"wp-block-image size-full\"><img decoding=\"async\" width=\"4151\" height=\"3452\" src=\"https:\/\/www.lianyuanceramic.com\/wp-content\/uploads\/2025\/01\/wholesale-porcelain-dinnerware-tea-set-1.webp\" alt=\"service \u00e0 th\u00e9 en porcelaine en gros\" class=\"wp-image-1118\" srcset=\"https:\/\/www.lianyuanceramic.com\/wp-content\/uploads\/2025\/01\/wholesale-porcelain-dinnerware-tea-set-1.webp 4151w, https:\/\/www.lianyuanceramic.com\/wp-content\/uploads\/2025\/01\/wholesale-porcelain-dinnerware-tea-set-1-300x249.webp 300w, https:\/\/www.lianyuanceramic.com\/wp-content\/uploads\/2025\/01\/wholesale-porcelain-dinnerware-tea-set-1-768x639.webp 768w, https:\/\/www.lianyuanceramic.com\/wp-content\/uploads\/2025\/01\/wholesale-porcelain-dinnerware-tea-set-1-14x12.webp 14w, https:\/\/www.lianyuanceramic.com\/wp-content\/uploads\/2025\/01\/wholesale-porcelain-dinnerware-tea-set-1-1200x998.webp 1200w, https:\/\/www.lianyuanceramic.com\/wp-content\/uploads\/2025\/01\/wholesale-porcelain-dinnerware-tea-set-1-600x499.webp 600w\" sizes=\"(max-width: 4151px) 100vw, 4151px\" \/><\/figure>\n<\/div>\n\n\n\n<div class=\"wp-block-column is-layout-flow wp-block-column-is-layout-flow\">\n<h2 class=\"wp-block-heading\">Vaisselle en porcelaine personnalis\u00e9e :<\/h2>\n\n\n\n<p>Lianyuan propose diverses options de vaisselle personnalis\u00e9e en fonction des besoins de la marque ou des tendances de la mode, ce qui en fait un produit id\u00e9al pour un usage personnel ou commercial.<\/p>\n\n\n\n<p><strong>Conception :&nbsp;<\/strong>Choisissez des motifs floraux ou cr\u00e9ez votre propre motif.<\/p>\n\n\n\n<p><strong>Composition de l'ensemble :<\/strong>&nbsp;Sets de tasses en c\u00e9ramique personnalis\u00e9s avec des combinaisons de tasses, de bols et de cuill\u00e8res.<\/p>\n\n\n\n<p><strong>Taille :&nbsp;<\/strong>Choisissez parmi diff\u00e9rentes tailles pour convenir \u00e0 diff\u00e9rentes portions de repas.<\/p>\n\n\n\n<p><strong>Mat\u00e9riau :<\/strong>&nbsp;C\u00e9ramique, porcelaine, porcelaine osseuse ou se renseigner sur les autres possibilit\u00e9s.<\/p>\n\n\n\n<p><strong>Artisanat :&nbsp;<\/strong>D\u00e9calcomanies de gla\u00e7age, changement de four, peinture \u00e0 la main, motifs en relief ou autres.<\/p>\n\n\n\n<p><strong>Emballage :&nbsp;<\/strong>Emballage en vrac, bo\u00eete de couleur, bo\u00eete cadeau, bo\u00eete de pr\u00e9sentation, bo\u00eete d'exp\u00e9dition, etc.<\/p>\n<\/div>\n<\/div>","protected":false},"excerpt":{"rendered":"<p>Bienvenue dans la vente en gros de vaisselle en porcelaine et de services \u00e0 th\u00e9. Des fleurs \u00e9l\u00e9gantes et naturelles embellissent les assiettes blanches, de forme irr\u00e9guli\u00e8re, uniques et belles. Nous fournissons des prix d'usine et des services personnalis\u00e9s, veuillez nous contacter pour plus d'informations sur la vaisselle en porcelaine fine.<\/p>\n<h2>Param\u00e8tres de la vaisselle en porcelaine<\/h2>\n<table style=\"border-collapse: collapse; width: 370.82pt;\" border=\"0\" width=\"618\" cellspacing=\"0\" cellpadding=\"0\">\n<tbody>\n<tr style=\"height: 15.60pt;\">\n<td class=\"et3\" style=\"height: 15.60pt; width: 108.00pt;\" width=\"180\" height=\"26\">Fabricant<\/td>\n<td class=\"et3\" style=\"width: 263.25pt;\" width=\"438\">Lianyuan<\/td>\n<\/tr>\n<tr style=\"height: 15.60pt;\">\n<td class=\"et3\" style=\"height: 15.60pt;\" height=\"26\">Type de produit<\/td>\n<td class=\"et3\">Assiettes, Bols, Couverts, Tasses \u00e0 th\u00e9, Th\u00e9i\u00e8res, Vasses<\/td>\n<\/tr>\n<tr style=\"height: 15.60pt;\">\n<td class=\"et3\" style=\"height: 15.60pt;\" height=\"26\">Mod\u00e8le<\/td>\n<td class=\"et3\">Floral<\/td>\n<\/tr>\n<tr style=\"height: 15.60pt;\">\n<td class=\"et3\" style=\"height: 15.60pt;\" height=\"26\">Couleur<\/td>\n<td class=\"et3\">Color\u00e9e<\/td>\n<\/tr>\n<tr style=\"height: 15.60pt;\">\n<td class=\"et3\" style=\"height: 15.60pt;\" height=\"26\">Mat\u00e9riau<\/td>\n<td class=\"et3\">Porcelaine durable<\/td>\n<\/tr>\n<tr style=\"height: 15.60pt;\">\n<td class=\"et3\" style=\"height: 15.60pt;\" height=\"26\">Artisanat<\/td>\n<td class=\"et3\">D\u00e9calcomanie, peinture \u00e0 la main<\/td>\n<\/tr>\n<tr style=\"height: 15.60pt;\">\n<td class=\"et3\" style=\"height: 15.60pt;\" height=\"26\">Application<\/td>\n<td class=\"et3\">Passe au micro-ondes, au lave-vaisselle et au four<\/td>\n<\/tr>\n<tr style=\"height: 15.60pt;\">\n<td class=\"et3\" style=\"height: 15.60pt;\" height=\"26\">Sur mesure<\/td>\n<td class=\"et3\">Couleur\/Taille\/Logo\/Emballage<\/td>\n<\/tr>\n<\/tbody>\n<\/table>","protected":false},"featured_media":1120,"comment_status":"open","ping_status":"closed","template":"","meta":{"_acf_changed":true},"product_brand":[],"product_cat":[17,18],"product_tag":[30,29,27],"class_list":{"0":"post-1128","1":"product","2":"type-product","3":"status-publish","4":"has-post-thumbnail","6":"product_cat-dinnerware-wholesale","7":"product_cat-wholesale-custom-tea-set","8":"product_tag-custom-porcelain-dinnerware","9":"product_tag-hand-painted-embossed-dinnerware-wholesale","10":"product_tag-wholesale-decal-ceramics","12":"first","13":"instock","14":"shipping-taxable","15":"product-type-simple"},"acf":[],"_links":{"self":[{"href":"https:\/\/www.lianyuanceramic.com\/fr\/wp-json\/wp\/v2\/product\/1128","targetHints":{"allow":["GET"]}}],"collection":[{"href":"https:\/\/www.lianyuanceramic.com\/fr\/wp-json\/wp\/v2\/product"}],"about":[{"href":"https:\/\/www.lianyuanceramic.com\/fr\/wp-json\/wp\/v2\/types\/product"}],"replies":[{"embeddable":true,"href":"https:\/\/www.lianyuanceramic.com\/fr\/wp-json\/wp\/v2\/comments?post=1128"}],"wp:featuredmedia":[{"embeddable":true,"href":"https:\/\/www.lianyuanceramic.com\/fr\/wp-json\/wp\/v2\/media\/1120"}],"wp:attachment":[{"href":"https:\/\/www.lianyuanceramic.com\/fr\/wp-json\/wp\/v2\/media?parent=1128"}],"wp:term":[{"taxonomy":"product_brand","embeddable":true,"href":"https:\/\/www.lianyuanceramic.com\/fr\/wp-json\/wp\/v2\/product_brand?post=1128"},{"taxonomy":"product_cat","embeddable":true,"href":"https:\/\/www.lianyuanceramic.com\/fr\/wp-json\/wp\/v2\/product_cat?post=1128"},{"taxonomy":"product_tag","embeddable":true,"href":"https:\/\/www.lianyuanceramic.com\/fr\/wp-json\/wp\/v2\/product_tag?post=1128"}],"curies":[{"name":"wp","href":"https:\/\/api.w.org\/{rel}","templated":true}]}}