{"id":1067,"date":"2025-01-17T03:56:12","date_gmt":"2025-01-17T03:56:12","guid":{"rendered":"https:\/\/www.lianyuanceramic.com\/?post_type=product&#038;p=1067"},"modified":"2025-01-17T05:42:53","modified_gmt":"2025-01-17T05:42:53","slug":"custom-ceramic-food-storage-containers","status":"publish","type":"product","link":"https:\/\/www.lianyuanceramic.com\/fr\/produit\/custom-ceramic-food-storage-containers\/","title":{"rendered":"R\u00e9cipients de conservation en c\u00e9ramique avec couvercle en vrac"},"content":{"rendered":"<div class=\"wp-block-columns is-layout-flex wp-container-core-columns-is-layout-9d6595d7 wp-block-columns-is-layout-flex\">\n<div class=\"wp-block-column is-layout-flow wp-block-column-is-layout-flow\">\n<h2 class=\"wp-block-heading\">R\u00e9cipients de conservation des aliments en c\u00e9ramique Caract\u00e9ristiques :<\/h2>\n\n\n\n<p><strong>Porcelaine durable de haute qualit\u00e9<\/strong><br>Fabriqu\u00e9 en porcelaine s\u00fbre et non toxique, il est plus durable, r\u00e9sistant aux temp\u00e9ratures \u00e9lev\u00e9es et adapt\u00e9 \u00e0 une utilisation dans les fours \u00e0 micro-ondes, les fours et les r\u00e9frig\u00e9rateurs.<\/p>\n\n\n\n<p><strong>Conception unique et exquise<\/strong><br>Les motifs de fleurs et de plantes donnent un style naturel et frais. Les d\u00e9calcomanies et la peinture \u00e0 la main rendent les motifs vifs et brillants, et la surface est lisse et brillante, ce qui donne du charme \u00e0 la cuisine ou \u00e0 la table \u00e0 manger.<\/p>\n\n\n\n<p><strong>Conception \u00e9tanche<\/strong><br>Dot\u00e9 d'un couvercle scell\u00e9 pour \u00e9viter toute fuite du contenu, il inhibe efficacement la croissance bact\u00e9rienne et convient pour un stockage \u00e0 long terme.<\/p>\n\n\n\n<p><strong>Facile \u00e0 nettoyer<\/strong><br>La surface est lisse, n'absorbe pas facilement les r\u00e9sidus alimentaires et est facile \u00e0 nettoyer.<\/p>\n\n\n\n<p><strong>Certification de s\u00e9curit\u00e9<\/strong><br>Conforme aux normes de la California Proposition 65, non toxique et respectueux de l'environnement, garantissant la s\u00e9curit\u00e9 du stockage des aliments.<\/p>\n<\/div>\n\n\n\n<div class=\"wp-block-column is-layout-flow wp-block-column-is-layout-flow\">\n<figure class=\"wp-block-image size-full\"><img decoding=\"async\" width=\"4160\" height=\"4160\" src=\"https:\/\/www.lianyuanceramic.com\/wp-content\/uploads\/2025\/01\/custom-ceramic-food-storage-containers-bulk-17.webp\" alt=\"r\u00e9cipients en c\u00e9ramique personnalis\u00e9s pour le stockage des aliments en vrac\" class=\"wp-image-1069\" srcset=\"https:\/\/www.lianyuanceramic.com\/wp-content\/uploads\/2025\/01\/custom-ceramic-food-storage-containers-bulk-17.webp 4160w, https:\/\/www.lianyuanceramic.com\/wp-content\/uploads\/2025\/01\/custom-ceramic-food-storage-containers-bulk-17-300x300.webp 300w, https:\/\/www.lianyuanceramic.com\/wp-content\/uploads\/2025\/01\/custom-ceramic-food-storage-containers-bulk-17-150x150.webp 150w, https:\/\/www.lianyuanceramic.com\/wp-content\/uploads\/2025\/01\/custom-ceramic-food-storage-containers-bulk-17-768x768.webp 768w, https:\/\/www.lianyuanceramic.com\/wp-content\/uploads\/2025\/01\/custom-ceramic-food-storage-containers-bulk-17-12x12.webp 12w, https:\/\/www.lianyuanceramic.com\/wp-content\/uploads\/2025\/01\/custom-ceramic-food-storage-containers-bulk-17-1200x1200.webp 1200w, https:\/\/www.lianyuanceramic.com\/wp-content\/uploads\/2025\/01\/custom-ceramic-food-storage-containers-bulk-17-600x600.webp 600w, https:\/\/www.lianyuanceramic.com\/wp-content\/uploads\/2025\/01\/custom-ceramic-food-storage-containers-bulk-17-100x100.webp 100w\" sizes=\"(max-width: 4160px) 100vw, 4160px\" \/><\/figure>\n<\/div>\n<\/div>\n\n\n\n<div class=\"wp-block-columns is-layout-flex wp-container-core-columns-is-layout-9d6595d7 wp-block-columns-is-layout-flex\">\n<div class=\"wp-block-column is-layout-flow wp-block-column-is-layout-flow\"><\/div>\n\n\n\n<div class=\"wp-block-column is-layout-flow wp-block-column-is-layout-flow\"><\/div>\n<\/div>\n\n\n\n<div class=\"wp-block-columns is-layout-flex wp-container-core-columns-is-layout-9d6595d7 wp-block-columns-is-layout-flex\">\n<div class=\"wp-block-column is-layout-flow wp-block-column-is-layout-flow\">\n<figure class=\"wp-block-image size-full\"><img decoding=\"async\" width=\"4399\" height=\"4399\" src=\"https:\/\/www.lianyuanceramic.com\/wp-content\/uploads\/2025\/01\/custom-ceramic-food-storage-containers-bulk-18.webp\" alt=\"r\u00e9cipients en c\u00e9ramique personnalis\u00e9s pour le stockage des aliments en vrac\" class=\"wp-image-1070\" srcset=\"https:\/\/www.lianyuanceramic.com\/wp-content\/uploads\/2025\/01\/custom-ceramic-food-storage-containers-bulk-18.webp 4399w, https:\/\/www.lianyuanceramic.com\/wp-content\/uploads\/2025\/01\/custom-ceramic-food-storage-containers-bulk-18-300x300.webp 300w, https:\/\/www.lianyuanceramic.com\/wp-content\/uploads\/2025\/01\/custom-ceramic-food-storage-containers-bulk-18-150x150.webp 150w, https:\/\/www.lianyuanceramic.com\/wp-content\/uploads\/2025\/01\/custom-ceramic-food-storage-containers-bulk-18-768x768.webp 768w, https:\/\/www.lianyuanceramic.com\/wp-content\/uploads\/2025\/01\/custom-ceramic-food-storage-containers-bulk-18-12x12.webp 12w, https:\/\/www.lianyuanceramic.com\/wp-content\/uploads\/2025\/01\/custom-ceramic-food-storage-containers-bulk-18-1200x1200.webp 1200w, https:\/\/www.lianyuanceramic.com\/wp-content\/uploads\/2025\/01\/custom-ceramic-food-storage-containers-bulk-18-600x600.webp 600w, https:\/\/www.lianyuanceramic.com\/wp-content\/uploads\/2025\/01\/custom-ceramic-food-storage-containers-bulk-18-100x100.webp 100w\" sizes=\"(max-width: 4399px) 100vw, 4399px\" \/><\/figure>\n<\/div>\n\n\n\n<div class=\"wp-block-column is-layout-flow wp-block-column-is-layout-flow\">\n<h2 class=\"wp-block-heading\">R\u00e9cipients de conservation en c\u00e9ramique personnalis\u00e9s :<\/h2>\n\n\n\n<p>Le fabricant de r\u00e9cipients alimentaires en c\u00e9ramique de Lianyuan peut fournir des services de personnalisation complets pour r\u00e9aliser vos id\u00e9es.<\/p>\n\n\n\n<p><strong>Taille et forme<\/strong>: Comprend les tailles rondes, ovales, rectangulaires et personnalis\u00e9es.<\/p>\n\n\n\n<p><strong>Mat\u00e9riau et \u00e9paisseur<\/strong>: C\u00e9ramique durable, argile r\u00e9sistante \u00e0 la chaleur, porcelaine, gr\u00e8s, fabriqu\u00e9s sur mesure en diff\u00e9rentes \u00e9paisseurs et r\u00e9sistances \u00e0 la chaleur.<\/p>\n\n\n\n<p><strong>Finitions<\/strong>: Les options comprennent des finitions mates, brillantes ou textur\u00e9es.<\/p>\n\n\n\n<p><strong>D\u00e9coration\/motif<\/strong>: Graphiques, dessins ou logos personnalis\u00e9s, y compris les d\u00e9calcomanies, les peintures \u00e0 la main et les gaufrages.<\/p>\n\n\n\n<p><strong>Paquet<\/strong>: Emballage personnalis\u00e9 pour les commandes en vrac, les coffrets cadeaux ou la distribution au d\u00e9tail avec un \u00e9tiquetage ou un marquage personnalis\u00e9.<\/p>\n<\/div>\n<\/div>\n\n\n\n<div class=\"wp-block-columns is-layout-flex wp-container-core-columns-is-layout-9d6595d7 wp-block-columns-is-layout-flex\">\n<div class=\"wp-block-column is-layout-flow wp-block-column-is-layout-flow\">\n<figure class=\"wp-block-image size-full\"><img decoding=\"async\" width=\"2000\" height=\"2000\" src=\"https:\/\/www.lianyuanceramic.com\/wp-content\/uploads\/2025\/01\/custom-ceramic-food-storage-containers-bulk-20.webp\" alt=\"r\u00e9cipients en c\u00e9ramique personnalis\u00e9s pour le stockage des aliments en vrac\" class=\"wp-image-1072\" srcset=\"https:\/\/www.lianyuanceramic.com\/wp-content\/uploads\/2025\/01\/custom-ceramic-food-storage-containers-bulk-20.webp 2000w, https:\/\/www.lianyuanceramic.com\/wp-content\/uploads\/2025\/01\/custom-ceramic-food-storage-containers-bulk-20-300x300.webp 300w, https:\/\/www.lianyuanceramic.com\/wp-content\/uploads\/2025\/01\/custom-ceramic-food-storage-containers-bulk-20-150x150.webp 150w, https:\/\/www.lianyuanceramic.com\/wp-content\/uploads\/2025\/01\/custom-ceramic-food-storage-containers-bulk-20-768x768.webp 768w, https:\/\/www.lianyuanceramic.com\/wp-content\/uploads\/2025\/01\/custom-ceramic-food-storage-containers-bulk-20-12x12.webp 12w, https:\/\/www.lianyuanceramic.com\/wp-content\/uploads\/2025\/01\/custom-ceramic-food-storage-containers-bulk-20-1200x1200.webp 1200w, https:\/\/www.lianyuanceramic.com\/wp-content\/uploads\/2025\/01\/custom-ceramic-food-storage-containers-bulk-20-600x600.webp 600w, https:\/\/www.lianyuanceramic.com\/wp-content\/uploads\/2025\/01\/custom-ceramic-food-storage-containers-bulk-20-100x100.webp 100w\" sizes=\"(max-width: 2000px) 100vw, 2000px\" \/><\/figure>\n<\/div>\n\n\n\n<div class=\"wp-block-column is-layout-flow wp-block-column-is-layout-flow\">\n<figure class=\"wp-block-image size-full\"><img decoding=\"async\" width=\"2000\" height=\"2000\" src=\"https:\/\/www.lianyuanceramic.com\/wp-content\/uploads\/2025\/01\/custom-ceramic-food-storage-containers-bulk-19.webp\" alt=\"r\u00e9cipients en c\u00e9ramique personnalis\u00e9s pour le stockage des aliments en vrac\" class=\"wp-image-1071\" srcset=\"https:\/\/www.lianyuanceramic.com\/wp-content\/uploads\/2025\/01\/custom-ceramic-food-storage-containers-bulk-19.webp 2000w, https:\/\/www.lianyuanceramic.com\/wp-content\/uploads\/2025\/01\/custom-ceramic-food-storage-containers-bulk-19-300x300.webp 300w, https:\/\/www.lianyuanceramic.com\/wp-content\/uploads\/2025\/01\/custom-ceramic-food-storage-containers-bulk-19-150x150.webp 150w, https:\/\/www.lianyuanceramic.com\/wp-content\/uploads\/2025\/01\/custom-ceramic-food-storage-containers-bulk-19-768x768.webp 768w, https:\/\/www.lianyuanceramic.com\/wp-content\/uploads\/2025\/01\/custom-ceramic-food-storage-containers-bulk-19-12x12.webp 12w, https:\/\/www.lianyuanceramic.com\/wp-content\/uploads\/2025\/01\/custom-ceramic-food-storage-containers-bulk-19-1200x1200.webp 1200w, https:\/\/www.lianyuanceramic.com\/wp-content\/uploads\/2025\/01\/custom-ceramic-food-storage-containers-bulk-19-600x600.webp 600w, https:\/\/www.lianyuanceramic.com\/wp-content\/uploads\/2025\/01\/custom-ceramic-food-storage-containers-bulk-19-100x100.webp 100w\" sizes=\"(max-width: 2000px) 100vw, 2000px\" \/><\/figure>\n<\/div>\n<\/div>\n\n\n\n<p><\/p>","protected":false},"excerpt":{"rendered":"<p>R\u00e9cipients de conservation des aliments en c\u00e9ramique avec couvercles herm\u00e9tiques et design floral. Disponibles en plusieurs tailles et formes (rectangulaires, carr\u00e9s, ronds), directement fournis par le fabricant, meilleures remises pour les commandes en gros, n'h\u00e9sitez pas \u00e0 vous renseigner d\u00e8s aujourd'hui !<\/p>\n<h2>R\u00e9cipients de conservation des aliments en c\u00e9ramique Param\u00e8tres :<\/h2>\n<table width=\"353\">\n<tbody>\n<tr>\n<td width=\"82\">Fabricant<\/td>\n<td width=\"270\">Lianyuan<\/td>\n<\/tr>\n<tr>\n<td>Type de produit<\/td>\n<td width=\"270\">R\u00e9cipient alimentaire, bo\u00eete de conservation<\/td>\n<\/tr>\n<tr>\n<td>Mod\u00e8le<\/td>\n<td>Floral, Plantes<\/td>\n<\/tr>\n<tr>\n<td>Couleur<\/td>\n<td>\n<p>Multi-couleur<\/p>\n<\/td>\n<\/tr>\n<tr>\n<td>Mat\u00e9riau<\/td>\n<td>Porcelaine durable<\/td>\n<\/tr>\n<tr>\n<td>Artisanat<\/td>\n<td>D\u00e9calque en gla\u00e7ure, peint \u00e0 la main\u00a0<\/td>\n<\/tr>\n<tr>\n<td>Application<\/td>\n<td>Passe au micro-ondes et au lave-vaisselle, au four et au cong\u00e9lateur<\/td>\n<\/tr>\n<tr>\n<td>Sur mesure<\/td>\n<td>Couleur\/Taille\/Logo\/Emballage<\/td>\n<\/tr>\n<\/tbody>\n<\/table>","protected":false},"featured_media":1079,"comment_status":"open","ping_status":"closed","template":"","meta":{"_acf_changed":true},"product_brand":[],"product_cat":[20],"product_tag":[30,29,27],"class_list":{"0":"post-1067","1":"product","2":"type-product","3":"status-publish","4":"has-post-thumbnail","6":"product_cat-custom-bakeware-casserole-dish","7":"product_tag-custom-porcelain-dinnerware","8":"product_tag-hand-painted-embossed-dinnerware-wholesale","9":"product_tag-wholesale-decal-ceramics","11":"first","12":"instock","13":"shipping-taxable","14":"product-type-simple"},"acf":[],"_links":{"self":[{"href":"https:\/\/www.lianyuanceramic.com\/fr\/wp-json\/wp\/v2\/product\/1067","targetHints":{"allow":["GET"]}}],"collection":[{"href":"https:\/\/www.lianyuanceramic.com\/fr\/wp-json\/wp\/v2\/product"}],"about":[{"href":"https:\/\/www.lianyuanceramic.com\/fr\/wp-json\/wp\/v2\/types\/product"}],"replies":[{"embeddable":true,"href":"https:\/\/www.lianyuanceramic.com\/fr\/wp-json\/wp\/v2\/comments?post=1067"}],"wp:featuredmedia":[{"embeddable":true,"href":"https:\/\/www.lianyuanceramic.com\/fr\/wp-json\/wp\/v2\/media\/1079"}],"wp:attachment":[{"href":"https:\/\/www.lianyuanceramic.com\/fr\/wp-json\/wp\/v2\/media?parent=1067"}],"wp:term":[{"taxonomy":"product_brand","embeddable":true,"href":"https:\/\/www.lianyuanceramic.com\/fr\/wp-json\/wp\/v2\/product_brand?post=1067"},{"taxonomy":"product_cat","embeddable":true,"href":"https:\/\/www.lianyuanceramic.com\/fr\/wp-json\/wp\/v2\/product_cat?post=1067"},{"taxonomy":"product_tag","embeddable":true,"href":"https:\/\/www.lianyuanceramic.com\/fr\/wp-json\/wp\/v2\/product_tag?post=1067"}],"curies":[{"name":"wp","href":"https:\/\/api.w.org\/{rel}","templated":true}]}}