{"id":1056,"date":"2025-01-17T03:54:06","date_gmt":"2025-01-17T03:54:06","guid":{"rendered":"https:\/\/www.lianyuanceramic.com\/?post_type=product&#038;p=1056"},"modified":"2025-01-17T03:54:07","modified_gmt":"2025-01-17T03:54:07","slug":"custom-chinese-casserole-dish","status":"publish","type":"product","link":"https:\/\/www.lianyuanceramic.com\/fr\/produit\/custom-chinese-casserole-dish\/","title":{"rendered":"Casserole chinoise personnalis\u00e9e Pot \u00e0 soupe noir ustensiles de cuisine en c\u00e9ramique"},"content":{"rendered":"<div class=\"wp-block-columns is-layout-flex wp-container-core-columns-is-layout-9d6595d7 wp-block-columns-is-layout-flex\">\n<div class=\"wp-block-column is-layout-flow wp-block-column-is-layout-flow\">\n<h2 class=\"wp-block-heading\">Casserole chinoise Caract\u00e9ristiques :<\/h2>\n\n\n\n<p><strong>Design moderne et minimaliste noir<\/strong><br>L'aspect \u00e9l\u00e9gant de la c\u00e9ramique noire s'inscrit dans la continuit\u00e9 du design populaire de la marmite en fonte \u00e0 l'\u00e9tranger. Moderne et classique, il s'adapte \u00e0 tous les styles de cuisine et est tr\u00e8s d\u00e9coratif.<\/p>\n\n\n\n<p><strong>Porcelaine \u00e9cologique r\u00e9sistante \u00e0 la chaleur<\/strong><br>Fabriqu\u00e9e en porcelaine r\u00e9sistante aux hautes temp\u00e9ratures, s\u00fbre et non toxique. Le corps de la cocotte chinoise est robuste et durable, avec un transfert de chaleur uniforme, ce qui permet de garder les aliments au chaud pendant longtemps et convient \u00e0 une utilisation \u00e0 long terme.<\/p>\n\n\n\n<p><strong>\u00c9mail de haute qualit\u00e9<\/strong><br>La surface en c\u00e9ramique cuite \u00e0 haute temp\u00e9rature est durable et facile \u00e0 nettoyer. Elle est \u00e9galement r\u00e9sistante aux rayures et ne se d\u00e9colore pas facilement.<\/p>\n\n\n\n<p><strong>Bouton en bois anti-br\u00fblure<\/strong><br>Les boutons en bois naturel respectueux de l'environnement sont sains et non toxiques, et ont une fonction anti-br\u00fblure, ce qui am\u00e9liore la s\u00e9curit\u00e9 et le confort d'utilisation.<\/p>\n\n\n\n<p><strong>Diff\u00e9rents types d'ustensiles de cuisine au choix<\/strong><br>Y compris des marmites \u00e0 soupe, des marmites \u00e0 rago\u00fbt multifonctions et des marmites \u00e0 lait, etc., pour r\u00e9pondre aux diff\u00e9rents besoins de cuisson, convenant \u00e0 la cuisine familiale quotidienne ou aux banquets.<\/p>\n<\/div>\n\n\n\n<div class=\"wp-block-column is-layout-flow wp-block-column-is-layout-flow\">\n<h2 class=\"wp-block-heading\">Casserole chinoise personnalis\u00e9e :<\/h2>\n\n\n\n<p>Une large gamme d'options de cocottes personnalis\u00e9es garantit des cocottes de haute qualit\u00e9 qui r\u00e9pondent aux besoins fonctionnels et d'image de marque des diff\u00e9rents march\u00e9s.<\/p>\n\n\n\n<p><strong>Tailles et formes<\/strong>: Comprend les tailles rondes, ovales, rectangulaires et personnalis\u00e9es.<\/p>\n\n\n\n<p><strong>Mat\u00e9riaux et \u00e9paisseur<\/strong>: Argile r\u00e9sistante \u00e0 la chaleur, c\u00e9ramique durable, porcelaine, gr\u00e8s, et les \u00e9paisseurs varient en fonction de la r\u00e9sistance \u00e0 la chaleur.<\/p>\n\n\n\n<p><strong>Mod\u00e8les de couvercles et de poign\u00e9es<\/strong>: Personnalisez la forme, le mat\u00e9riau et la taille du couvercle et de la poign\u00e9e afin d'am\u00e9liorer la facilit\u00e9 d'utilisation.<\/p>\n\n\n\n<p><strong>Finitions<\/strong>: Les options comprennent des finitions mates, brillantes ou textur\u00e9es.<\/p>\n\n\n\n<p><strong>D\u00e9corations\/motifs<\/strong>: Motifs, dessins ou logos personnalis\u00e9s, y compris les d\u00e9calcomanies, la peinture \u00e0 la main et le gaufrage.<\/p>\n\n\n\n<p><strong>Emballage<\/strong>: Emballage personnalis\u00e9 pour les commandes en vrac, les coffrets cadeaux ou la distribution au d\u00e9tail avec des \u00e9tiquettes ou une marque personnalis\u00e9es.<\/p>\n<\/div>\n<\/div>\n\n\n\n<div class=\"wp-block-columns is-layout-flex wp-container-core-columns-is-layout-9d6595d7 wp-block-columns-is-layout-flex\">\n<div class=\"wp-block-column is-layout-flow wp-block-column-is-layout-flow\">\n<figure class=\"wp-block-image size-full\"><img decoding=\"async\" width=\"4160\" height=\"5546\" src=\"https:\/\/www.lianyuanceramic.com\/wp-content\/uploads\/2025\/01\/custom-chinese-casserole-dish-6.webp\" alt=\"cocotte chinoise personnalis\u00e9e\" class=\"wp-image-1064\" srcset=\"https:\/\/www.lianyuanceramic.com\/wp-content\/uploads\/2025\/01\/custom-chinese-casserole-dish-6.webp 4160w, https:\/\/www.lianyuanceramic.com\/wp-content\/uploads\/2025\/01\/custom-chinese-casserole-dish-6-225x300.webp 225w, https:\/\/www.lianyuanceramic.com\/wp-content\/uploads\/2025\/01\/custom-chinese-casserole-dish-6-768x1024.webp 768w, https:\/\/www.lianyuanceramic.com\/wp-content\/uploads\/2025\/01\/custom-chinese-casserole-dish-6-9x12.webp 9w, https:\/\/www.lianyuanceramic.com\/wp-content\/uploads\/2025\/01\/custom-chinese-casserole-dish-6-1200x1600.webp 1200w, https:\/\/www.lianyuanceramic.com\/wp-content\/uploads\/2025\/01\/custom-chinese-casserole-dish-6-600x800.webp 600w\" sizes=\"(max-width: 4160px) 100vw, 4160px\" \/><\/figure>\n<\/div>\n\n\n\n<div class=\"wp-block-column is-layout-flow wp-block-column-is-layout-flow\">\n<figure class=\"wp-block-image size-full\"><img decoding=\"async\" width=\"3943\" height=\"5257\" src=\"https:\/\/www.lianyuanceramic.com\/wp-content\/uploads\/2025\/01\/custom-chinese-casserole-dish-8.webp\" alt=\"cocotte chinoise personnalis\u00e9e\" class=\"wp-image-1066\" srcset=\"https:\/\/www.lianyuanceramic.com\/wp-content\/uploads\/2025\/01\/custom-chinese-casserole-dish-8.webp 3943w, https:\/\/www.lianyuanceramic.com\/wp-content\/uploads\/2025\/01\/custom-chinese-casserole-dish-8-225x300.webp 225w, https:\/\/www.lianyuanceramic.com\/wp-content\/uploads\/2025\/01\/custom-chinese-casserole-dish-8-768x1024.webp 768w, https:\/\/www.lianyuanceramic.com\/wp-content\/uploads\/2025\/01\/custom-chinese-casserole-dish-8-9x12.webp 9w, https:\/\/www.lianyuanceramic.com\/wp-content\/uploads\/2025\/01\/custom-chinese-casserole-dish-8-1200x1600.webp 1200w, https:\/\/www.lianyuanceramic.com\/wp-content\/uploads\/2025\/01\/custom-chinese-casserole-dish-8-600x800.webp 600w\" sizes=\"(max-width: 3943px) 100vw, 3943px\" \/><\/figure>\n<\/div>\n\n\n\n<div class=\"wp-block-column is-layout-flow wp-block-column-is-layout-flow\">\n<figure class=\"wp-block-image size-full\"><img decoding=\"async\" width=\"3896\" height=\"5195\" src=\"https:\/\/www.lianyuanceramic.com\/wp-content\/uploads\/2025\/01\/custom-chinese-casserole-dish-3.webp\" alt=\"cocotte chinoise personnalis\u00e9e\" class=\"wp-image-1061\" srcset=\"https:\/\/www.lianyuanceramic.com\/wp-content\/uploads\/2025\/01\/custom-chinese-casserole-dish-3.webp 3896w, https:\/\/www.lianyuanceramic.com\/wp-content\/uploads\/2025\/01\/custom-chinese-casserole-dish-3-225x300.webp 225w, https:\/\/www.lianyuanceramic.com\/wp-content\/uploads\/2025\/01\/custom-chinese-casserole-dish-3-768x1024.webp 768w, https:\/\/www.lianyuanceramic.com\/wp-content\/uploads\/2025\/01\/custom-chinese-casserole-dish-3-9x12.webp 9w, https:\/\/www.lianyuanceramic.com\/wp-content\/uploads\/2025\/01\/custom-chinese-casserole-dish-3-1200x1600.webp 1200w, https:\/\/www.lianyuanceramic.com\/wp-content\/uploads\/2025\/01\/custom-chinese-casserole-dish-3-600x800.webp 600w\" sizes=\"(max-width: 3896px) 100vw, 3896px\" \/><\/figure>\n<\/div>\n<\/div>\n\n\n\n<p><\/p>","protected":false},"excerpt":{"rendered":"<p>Cocotte chinoise personnalis\u00e9e avec un corps noir moderne et une poign\u00e9e en bois, avec un design de pot en fonte en c\u00e9ramique r\u00e9sistant aux hautes temp\u00e9ratures. Elle offre une excellente r\u00e9tention de la chaleur et un chauffage uniforme. Fourni directement par le fabricant de la cocotte, n'h\u00e9sitez pas \u00e0 nous contacter !<\/p>\n<h2>Casserole chinoise Param\u00e8tre :<\/h2>\n<table style=\"border-collapse: collapse; width: 370.82pt;\" border=\"0\" width=\"618\" cellspacing=\"0\" cellpadding=\"0\">\n<tbody>\n<tr style=\"height: 15.60pt;\">\n<td class=\"et3\" style=\"height: 15.60pt; width: 108.00pt;\" width=\"180\" height=\"26\">Fabricant<\/td>\n<td class=\"et3\" style=\"width: 263.25pt;\" width=\"438\">Lianyuan<\/td>\n<\/tr>\n<tr style=\"height: 15.60pt;\">\n<td class=\"et3\" style=\"height: 15.60pt;\" height=\"26\">Type de produit<\/td>\n<td class=\"et3\">Casserole \u00e0 soupe, Casserole multifonctionnelle, Pot \u00e0 lait<\/td>\n<\/tr>\n<tr style=\"height: 15.60pt;\">\n<td class=\"et3\" style=\"height: 15.60pt;\" height=\"26\">Couleur<\/td>\n<td class=\"et3\">Noir avec bouton en bois<\/td>\n<\/tr>\n<tr style=\"height: 15.60pt;\">\n<td class=\"et3\" style=\"height: 15.60pt;\" height=\"26\">Mat\u00e9riau<\/td>\n<td class=\"et3\">Porcelaine r\u00e9sistante \u00e0 la chaleur<\/td>\n<\/tr>\n<tr style=\"height: 15.60pt;\">\n<td class=\"et3\" style=\"height: 15.60pt;\" height=\"26\">Application<\/td>\n<td class=\"et3\">Passe au micro-ondes, au lave-vaisselle et au four<\/td>\n<\/tr>\n<tr style=\"height: 15.60pt;\">\n<td class=\"et3\" style=\"height: 15.60pt;\" height=\"26\">Sur mesure<\/td>\n<td class=\"et3\">Couleur\/Taille\/Logo\/Emballage<\/td>\n<\/tr>\n<\/tbody>\n<\/table>","protected":false},"featured_media":1059,"comment_status":"open","ping_status":"closed","template":"","meta":{"_acf_changed":false},"product_brand":[],"product_cat":[20],"product_tag":[33],"class_list":{"0":"post-1056","1":"product","2":"type-product","3":"status-publish","4":"has-post-thumbnail","6":"product_cat-custom-bakeware-casserole-dish","7":"product_tag-wholesale-heat-resistant-ceramics","9":"first","10":"instock","11":"shipping-taxable","12":"product-type-simple"},"acf":[],"_links":{"self":[{"href":"https:\/\/www.lianyuanceramic.com\/fr\/wp-json\/wp\/v2\/product\/1056","targetHints":{"allow":["GET"]}}],"collection":[{"href":"https:\/\/www.lianyuanceramic.com\/fr\/wp-json\/wp\/v2\/product"}],"about":[{"href":"https:\/\/www.lianyuanceramic.com\/fr\/wp-json\/wp\/v2\/types\/product"}],"replies":[{"embeddable":true,"href":"https:\/\/www.lianyuanceramic.com\/fr\/wp-json\/wp\/v2\/comments?post=1056"}],"wp:featuredmedia":[{"embeddable":true,"href":"https:\/\/www.lianyuanceramic.com\/fr\/wp-json\/wp\/v2\/media\/1059"}],"wp:attachment":[{"href":"https:\/\/www.lianyuanceramic.com\/fr\/wp-json\/wp\/v2\/media?parent=1056"}],"wp:term":[{"taxonomy":"product_brand","embeddable":true,"href":"https:\/\/www.lianyuanceramic.com\/fr\/wp-json\/wp\/v2\/product_brand?post=1056"},{"taxonomy":"product_cat","embeddable":true,"href":"https:\/\/www.lianyuanceramic.com\/fr\/wp-json\/wp\/v2\/product_cat?post=1056"},{"taxonomy":"product_tag","embeddable":true,"href":"https:\/\/www.lianyuanceramic.com\/fr\/wp-json\/wp\/v2\/product_tag?post=1056"}],"curies":[{"name":"wp","href":"https:\/\/api.w.org\/{rel}","templated":true}]}}