{"id":1054,"date":"2025-01-16T17:12:51","date_gmt":"2025-01-16T17:12:51","guid":{"rendered":"https:\/\/www.lianyuanceramic.com\/?post_type=product&#038;p=1054"},"modified":"2025-01-16T17:14:13","modified_gmt":"2025-01-16T17:14:13","slug":"cheese-fondue-wholesale","status":"publish","type":"product","link":"https:\/\/www.lianyuanceramic.com\/fr\/produit\/cheese-fondue-wholesale\/","title":{"rendered":"Meilleure Fondue au Fromage Grossiste Fondue au Chocolat Plongeur C\u00e9ramique"},"content":{"rendered":"<div class=\"wp-block-columns is-layout-flex wp-container-core-columns-is-layout-9d6595d7 wp-block-columns-is-layout-flex\">\n<div class=\"wp-block-column is-layout-flow wp-block-column-is-layout-flow\">\n<h2 class=\"wp-block-heading\">Fondue au fromage Caract\u00e9ristiques :<\/h2>\n\n\n\n<p><strong>Convient \u00e0 une vari\u00e9t\u00e9 d'ingr\u00e9dients<\/strong><br>Permet de faire fondre facilement le chocolat et le fromage, de chauffer et de tremper diverses sauces et desserts, extr\u00eamement polyvalent.<\/p>\n\n\n\n<p><strong>Facile \u00e0 utiliser et \u00e0 nettoyer<\/strong><br>Peut \u00eatre plac\u00e9 dans le four pour le chauffage, la surface en c\u00e9ramique \u00e9maill\u00e9e emp\u00eache le chocolat et le fromage de coller au fond, facile \u00e0 utiliser. Le pot en c\u00e9ramique est adapt\u00e9 au micro-ondes et au lave-vaisselle, facile \u00e0 nettoyer apr\u00e8s utilisation.<\/p>\n\n\n\n<p><strong>Aspect mignon et \u00e0 la mode<\/strong><br>Style moderne, design mignon avec double poign\u00e9e, convient \u00e0 toutes sortes d'environnements domestiques et festifs, am\u00e9liorant l'attrait.<\/p>\n\n\n\n<p><strong>Avec un support stable<\/strong><br>La fondue au fromage peut \u00eatre plac\u00e9e fermement sur le support, chauff\u00e9e \u00e0 l'aide d'une bougie chauffe-plat. Aucun r\u00e9chaud n'est n\u00e9cessaire, il est facile et rapide de chauffer du fromage, du chocolat ou de la sauce, ce qui permet de gagner du temps et d'\u00eatre plus pratique.<\/p>\n\n\n\n<p><strong>S\u00e9curit\u00e9 et durabilit\u00e9<\/strong><br>Adopte un mat\u00e9riau c\u00e9ramique r\u00e9sistant aux hautes temp\u00e9ratures, s\u00fbr et non toxique, garantissant une utilisation \u00e0 long terme et ne s'ab\u00eemant pas facilement.<\/p>\n<\/div>\n\n\n\n<div class=\"wp-block-column is-layout-flow wp-block-column-is-layout-flow\">\n<figure class=\"wp-block-image size-full\"><img decoding=\"async\" width=\"761\" height=\"488\" src=\"https:\/\/www.lianyuanceramic.com\/wp-content\/uploads\/2025\/01\/Cheese-fondue-wholesale-custom-1.webp\" alt=\"Fondue au fromage en gros sur mesure\" class=\"wp-image-1003\" srcset=\"https:\/\/www.lianyuanceramic.com\/wp-content\/uploads\/2025\/01\/Cheese-fondue-wholesale-custom-1.webp 761w, https:\/\/www.lianyuanceramic.com\/wp-content\/uploads\/2025\/01\/Cheese-fondue-wholesale-custom-1-300x192.webp 300w, https:\/\/www.lianyuanceramic.com\/wp-content\/uploads\/2025\/01\/Cheese-fondue-wholesale-custom-1-18x12.webp 18w, https:\/\/www.lianyuanceramic.com\/wp-content\/uploads\/2025\/01\/Cheese-fondue-wholesale-custom-1-600x385.webp 600w\" sizes=\"(max-width: 761px) 100vw, 761px\" \/><\/figure>\n<\/div>\n<\/div>\n\n\n\n<div class=\"wp-block-columns is-layout-flex wp-container-core-columns-is-layout-9d6595d7 wp-block-columns-is-layout-flex\">\n<div class=\"wp-block-column is-layout-flow wp-block-column-is-layout-flow\">\n<figure class=\"wp-block-image size-full\"><img decoding=\"async\" width=\"786\" height=\"786\" src=\"https:\/\/www.lianyuanceramic.com\/wp-content\/uploads\/2025\/01\/Cheese-fondue-wholesale-custom-3.webp\" alt=\"Fondue au fromage en gros sur mesure\" class=\"wp-image-1005\" srcset=\"https:\/\/www.lianyuanceramic.com\/wp-content\/uploads\/2025\/01\/Cheese-fondue-wholesale-custom-3.webp 786w, https:\/\/www.lianyuanceramic.com\/wp-content\/uploads\/2025\/01\/Cheese-fondue-wholesale-custom-3-300x300.webp 300w, https:\/\/www.lianyuanceramic.com\/wp-content\/uploads\/2025\/01\/Cheese-fondue-wholesale-custom-3-150x150.webp 150w, https:\/\/www.lianyuanceramic.com\/wp-content\/uploads\/2025\/01\/Cheese-fondue-wholesale-custom-3-768x768.webp 768w, https:\/\/www.lianyuanceramic.com\/wp-content\/uploads\/2025\/01\/Cheese-fondue-wholesale-custom-3-12x12.webp 12w, https:\/\/www.lianyuanceramic.com\/wp-content\/uploads\/2025\/01\/Cheese-fondue-wholesale-custom-3-600x600.webp 600w, https:\/\/www.lianyuanceramic.com\/wp-content\/uploads\/2025\/01\/Cheese-fondue-wholesale-custom-3-100x100.webp 100w\" sizes=\"(max-width: 786px) 100vw, 786px\" \/><\/figure>\n<\/div>\n\n\n\n<div class=\"wp-block-column is-layout-flow wp-block-column-is-layout-flow\">\n<h2 class=\"wp-block-heading\">Fondue au chocolat personnalis\u00e9e :<\/h2>\n\n\n\n<p>Le fabricant d'ustensiles de cuisine en c\u00e9ramique de Lianyuan peut fournir des services de personnalisation complets pour r\u00e9aliser vos id\u00e9es.<\/p>\n\n\n\n<p><strong>Taille et forme : <\/strong><br>Comprend des tailles rondes, ovales, rectangulaires et personnalis\u00e9es.<\/p>\n\n\n\n<p><strong>Mat\u00e9riau et \u00e9paisseur :<\/strong> <br>C\u00e9ramique durable, argile r\u00e9sistante \u00e0 la chaleur, porcelaine, gr\u00e8s, fabriqu\u00e9s sur mesure en diff\u00e9rentes \u00e9paisseurs et r\u00e9sistances \u00e0 la chaleur.<\/p>\n\n\n\n<p><strong>Finitions : <\/strong><br>Les options comprennent des finitions mates, brillantes ou textur\u00e9es.<\/p>\n\n\n\n<p><strong>D\u00e9coration\/motif : <\/strong><br>Graphiques, dessins ou logos personnalis\u00e9s, y compris les d\u00e9calcomanies, les peintures \u00e0 la main et les gaufrages.<\/p>\n\n\n\n<p><strong>Paquet : <\/strong><br>Emballage personnalis\u00e9 pour les commandes en vrac, les coffrets cadeaux ou la distribution au d\u00e9tail, avec \u00e9tiquetage ou marquage personnalis\u00e9.<\/p>\n<\/div>\n<\/div>\n\n\n\n<p><\/p>","protected":false},"excerpt":{"rendered":"<p>Prix d'usine en gros de la meilleure fondue au fromage, design mignon \u00e0 double poign\u00e9e pour chauffer et tremper le chocolat, le fromage, etc. Po\u00eale antiadh\u00e9sive r\u00e9sistante aux hautes temp\u00e9ratures, possibilit\u00e9 de personnalisation en vrac, n'h\u00e9sitez pas \u00e0 vous renseigner !<\/p>\n<h2>Param\u00e8tre pour la fondue au fromage<\/h2>\n<table style=\"border-collapse: collapse; width: 370.82pt;\" border=\"0\" width=\"618\" cellspacing=\"0\" cellpadding=\"0\">\n<tbody>\n<tr style=\"height: 15.60pt;\">\n<td class=\"et3\" style=\"height: 15.60pt; width: 108.00pt;\" width=\"180\" height=\"26\">Fabricant<\/td>\n<td class=\"et3\" style=\"width: 263.25pt;\" width=\"438\">Lianyuan<\/td>\n<\/tr>\n<tr style=\"height: 15.60pt;\">\n<td class=\"et3\" style=\"height: 15.60pt;\" height=\"26\">Type de produit<\/td>\n<td class=\"et3\">Fondue au chocolat, fondue au fromage<\/td>\n<\/tr>\n<tr style=\"height: 15.60pt;\">\n<td class=\"et3\" style=\"height: 15.60pt;\" height=\"26\">Mod\u00e8le<\/td>\n<td class=\"et3\">Mignon, moderne<\/td>\n<\/tr>\n<tr style=\"height: 15.60pt;\">\n<td class=\"et3\" style=\"height: 15.60pt;\" height=\"26\">Couleur<\/td>\n<td class=\"et3\">Vert, gris, noir, rose, etc.<\/td>\n<\/tr>\n<tr style=\"height: 15.60pt;\">\n<td class=\"et3\" style=\"height: 15.60pt;\" height=\"26\">Mat\u00e9riau<\/td>\n<td class=\"et3\">Porcelaine durable<\/td>\n<\/tr>\n<tr style=\"height: 15.60pt;\">\n<td class=\"et3\" style=\"height: 15.60pt;\" height=\"26\">Artisanat<\/td>\n<td class=\"et3\">Glacis de couleur<\/td>\n<\/tr>\n<tr style=\"height: 15.60pt;\">\n<td class=\"et3\" style=\"height: 15.60pt;\" height=\"26\">Application<\/td>\n<td class=\"et3\">Passe au micro-ondes, au lave-vaisselle et au four<\/td>\n<\/tr>\n<tr style=\"height: 15.60pt;\">\n<td class=\"et3\" style=\"height: 15.60pt;\" height=\"26\">Sur mesure<\/td>\n<td class=\"et3\">Couleur\/Taille\/Logo\/Emballage<\/td>\n<\/tr>\n<\/tbody>\n<\/table>","protected":false},"featured_media":1006,"comment_status":"open","ping_status":"closed","template":"","meta":{"_acf_changed":false},"product_brand":[],"product_cat":[20],"product_tag":[30],"class_list":{"0":"post-1054","1":"product","2":"type-product","3":"status-publish","4":"has-post-thumbnail","6":"product_cat-custom-bakeware-casserole-dish","7":"product_tag-custom-porcelain-dinnerware","9":"first","10":"instock","11":"shipping-taxable","12":"product-type-simple"},"acf":[],"_links":{"self":[{"href":"https:\/\/www.lianyuanceramic.com\/fr\/wp-json\/wp\/v2\/product\/1054","targetHints":{"allow":["GET"]}}],"collection":[{"href":"https:\/\/www.lianyuanceramic.com\/fr\/wp-json\/wp\/v2\/product"}],"about":[{"href":"https:\/\/www.lianyuanceramic.com\/fr\/wp-json\/wp\/v2\/types\/product"}],"replies":[{"embeddable":true,"href":"https:\/\/www.lianyuanceramic.com\/fr\/wp-json\/wp\/v2\/comments?post=1054"}],"wp:featuredmedia":[{"embeddable":true,"href":"https:\/\/www.lianyuanceramic.com\/fr\/wp-json\/wp\/v2\/media\/1006"}],"wp:attachment":[{"href":"https:\/\/www.lianyuanceramic.com\/fr\/wp-json\/wp\/v2\/media?parent=1054"}],"wp:term":[{"taxonomy":"product_brand","embeddable":true,"href":"https:\/\/www.lianyuanceramic.com\/fr\/wp-json\/wp\/v2\/product_brand?post=1054"},{"taxonomy":"product_cat","embeddable":true,"href":"https:\/\/www.lianyuanceramic.com\/fr\/wp-json\/wp\/v2\/product_cat?post=1054"},{"taxonomy":"product_tag","embeddable":true,"href":"https:\/\/www.lianyuanceramic.com\/fr\/wp-json\/wp\/v2\/product_tag?post=1054"}],"curies":[{"name":"wp","href":"https:\/\/api.w.org\/{rel}","templated":true}]}}