{"id":1053,"date":"2025-01-16T16:44:00","date_gmt":"2025-01-16T16:44:00","guid":{"rendered":"https:\/\/www.lianyuanceramic.com\/?post_type=product&#038;p=1053"},"modified":"2025-01-16T16:44:01","modified_gmt":"2025-01-16T16:44:01","slug":"wholesale-serveware-set","status":"publish","type":"product","link":"https:\/\/www.lianyuanceramic.com\/fr\/produit\/wholesale-serveware-set\/","title":{"rendered":"Wholesale Serveware Set Sunflower Dinnerware Grapes Plates"},"content":{"rendered":"<div class=\"wp-block-columns is-layout-flex wp-container-core-columns-is-layout-9d6595d7 wp-block-columns-is-layout-flex\">\n<div class=\"wp-block-column is-layout-flow wp-block-column-is-layout-flow\">\n<h2 class=\"wp-block-heading\">Service de table Caract\u00e9ristiques :<\/h2>\n\n\n\n<p><strong>Th\u00e8me de l'automne<\/strong><br>Avec des tournesols et des raisins comme \u00e9l\u00e9ments centraux de la conception, il capture parfaitement la r\u00e9colte et l'atmosph\u00e8re festive de l'automne.<\/p>\n\n\n\n<p><strong>D\u00e9cor unique<\/strong><br>Convient pour mettre en valeur la table de f\u00eate, en ajoutant une atmosph\u00e8re festive aux r\u00e9unions de famille et aux occasions sp\u00e9ciales.<\/p>\n\n\n\n<p><strong>Ensemble combin\u00e9<\/strong><br>Contient des assiettes et des bols de diff\u00e9rentes tailles, adapt\u00e9s au placement et au service de divers plats.<\/p>\n\n\n\n<p><strong>Porcelaine de haute qualit\u00e9<\/strong><br>Fabriqu\u00e9 en c\u00e9ramique de haute qualit\u00e9, il est tr\u00e8s r\u00e9sistant et convient \u00e0 une utilisation quotidienne \u00e0 haute fr\u00e9quence. S\u00fbr et inoffensif, conforme aux normes de s\u00e9curit\u00e9 en mati\u00e8re de contact alimentaire.<\/p>\n\n\n\n<p><strong>Peinture vitr\u00e9e<\/strong><br>Les motifs lumineux de tournesol et de raisin sont \u00e9maill\u00e9s \u00e0 haute temp\u00e9rature, et les couleurs sont belles et durables. Les d\u00e9tails faits \u00e0 la main sont trait\u00e9s pour rendre les motifs plus vivants et tridimensionnels.<\/p>\n\n\n\n<p><strong>Facile \u00e0 nettoyer, r\u00e9sistant aux hautes temp\u00e9ratures<\/strong><br>Design lisse et glac\u00e9, r\u00e9sistant aux taches et facile \u00e0 laver, peut \u00eatre lav\u00e9 \u00e0 la main ou mis au lave-vaisselle. Convient au micro-ondes et au four, pour r\u00e9pondre aux besoins de chauffage et de cuisson.<\/p>\n<\/div>\n\n\n\n<div class=\"wp-block-column is-layout-flow wp-block-column-is-layout-flow\">\n<figure class=\"wp-block-image size-full\"><img decoding=\"async\" width=\"636\" height=\"635\" src=\"https:\/\/www.lianyuanceramic.com\/wp-content\/uploads\/2025\/01\/sunflower-dinnerware-wholesale-custom-3.webp\" alt=\"Tournesol vaisselle en gros personnalis\u00e9\" class=\"wp-image-1000\" srcset=\"https:\/\/www.lianyuanceramic.com\/wp-content\/uploads\/2025\/01\/sunflower-dinnerware-wholesale-custom-3.webp 636w, https:\/\/www.lianyuanceramic.com\/wp-content\/uploads\/2025\/01\/sunflower-dinnerware-wholesale-custom-3-300x300.webp 300w, https:\/\/www.lianyuanceramic.com\/wp-content\/uploads\/2025\/01\/sunflower-dinnerware-wholesale-custom-3-150x150.webp 150w, https:\/\/www.lianyuanceramic.com\/wp-content\/uploads\/2025\/01\/sunflower-dinnerware-wholesale-custom-3-12x12.webp 12w, https:\/\/www.lianyuanceramic.com\/wp-content\/uploads\/2025\/01\/sunflower-dinnerware-wholesale-custom-3-600x599.webp 600w, https:\/\/www.lianyuanceramic.com\/wp-content\/uploads\/2025\/01\/sunflower-dinnerware-wholesale-custom-3-100x100.webp 100w\" sizes=\"(max-width: 636px) 100vw, 636px\" \/><\/figure>\n<\/div>\n<\/div>\n\n\n\n<div class=\"wp-block-columns is-layout-flex wp-container-core-columns-is-layout-9d6595d7 wp-block-columns-is-layout-flex\">\n<div class=\"wp-block-column is-layout-flow wp-block-column-is-layout-flow\"><\/div>\n\n\n\n<div class=\"wp-block-column is-layout-flow wp-block-column-is-layout-flow\"><\/div>\n<\/div>\n\n\n\n<div class=\"wp-block-columns is-layout-flex wp-container-core-columns-is-layout-9d6595d7 wp-block-columns-is-layout-flex\">\n<div class=\"wp-block-column is-layout-flow wp-block-column-is-layout-flow\">\n<figure class=\"wp-block-image size-full is-resized\"><img decoding=\"async\" width=\"494\" height=\"741\" src=\"https:\/\/www.lianyuanceramic.com\/wp-content\/uploads\/2025\/01\/sunflower-dinnerware-wholesale-custom-5.webp\" alt=\"Tournesol vaisselle en gros personnalis\u00e9\" class=\"wp-image-1002\" style=\"width:416px;height:auto\" srcset=\"https:\/\/www.lianyuanceramic.com\/wp-content\/uploads\/2025\/01\/sunflower-dinnerware-wholesale-custom-5.webp 494w, https:\/\/www.lianyuanceramic.com\/wp-content\/uploads\/2025\/01\/sunflower-dinnerware-wholesale-custom-5-200x300.webp 200w, https:\/\/www.lianyuanceramic.com\/wp-content\/uploads\/2025\/01\/sunflower-dinnerware-wholesale-custom-5-8x12.webp 8w\" sizes=\"(max-width: 494px) 100vw, 494px\" \/><\/figure>\n<\/div>\n\n\n\n<div class=\"wp-block-column is-layout-flow wp-block-column-is-layout-flow\">\n<h2 class=\"wp-block-heading\">Service de table personnalis\u00e9<\/h2>\n\n\n\n<p>Qu'ils soient destin\u00e9s \u00e0 la maison ou \u00e0 l'h\u00f4tellerie, nos ustensiles de service personnalis\u00e9s allient fonctionnalit\u00e9 pratique et \u00e9l\u00e9ments artistiques, tout en respectant les normes de qualit\u00e9 les plus strictes.<\/p>\n\n\n\n<p><strong>Mat\u00e9riaux<\/strong>: Choisissez entre la c\u00e9ramique de haute qualit\u00e9, la porcelaine, la porcelaine r\u00e9sistante \u00e0 la chaleur, la dolomie ou la porcelaine d'os.<\/p>\n\n\n\n<p><strong>Tailles et formes<\/strong>: Des grandes assiettes aux petits bols, nous proposons diff\u00e9rentes tailles et formes, y compris des assiettes rondes, ovales, carr\u00e9es ou des articles de table au design unique.<\/p>\n\n\n\n<p><strong>Couleurs<\/strong>: Choisissez parmi une large gamme de couleurs pour correspondre \u00e0 l'identit\u00e9 de votre marque ou \u00e0 des th\u00e8mes saisonniers.<\/p>\n\n\n\n<p><strong>Finitions et gla\u00e7ures<\/strong>: Les options comprennent des finitions brillantes, mates ou textur\u00e9es.<\/p>\n\n\n\n<p><strong>Dessins et mod\u00e8les<\/strong>: Personnalisez avec le logo de votre marque, des d\u00e9calcomanies complexes ou des motifs grav\u00e9s \u00e0 la main.<\/p>\n\n\n\n<p><strong>Emballage :<\/strong> Emballage en vrac, bo\u00eete de couleur, bo\u00eete cadeau, bo\u00eete de pr\u00e9sentation, bo\u00eete d'exp\u00e9dition, etc.<\/p>\n<\/div>\n<\/div>\n\n\n\n<p><\/p>","protected":false},"excerpt":{"rendered":"<p>C\u00e9l\u00e9brez votre saison pr\u00e9f\u00e9r\u00e9e avec cette collection de services d'automne, ils offrent une fa\u00e7on festive d'appr\u00e9cier les repas. Nous proposons des options de service et de vaisselle personnalis\u00e9es pour vous aider \u00e0 promouvoir rapidement votre marque unique !<\/p>\n<h2>\u00a0Param\u00e8tres de l'ensemble de vaisselle<\/h2>\n<table width=\"353\">\n<tbody>\n<tr>\n<td width=\"82\">Fabricant<\/td>\n<td width=\"270\">Lianyuan<\/td>\n<\/tr>\n<tr>\n<td>Type de produit<\/td>\n<td width=\"270\">Organic Platter Pitcher, Oval Platter, Oblong Tray<\/td>\n<\/tr>\n<tr>\n<td>Mod\u00e8le<\/td>\n<td>Tournesol, Raisins<\/td>\n<\/tr>\n<tr>\n<td>Mat\u00e9riau<\/td>\n<td>Porcelaine durable<\/td>\n<\/tr>\n<tr>\n<td>Artisanat<\/td>\n<td>D\u00e9calque en gla\u00e7ure, peint \u00e0 la main\u00a0<\/td>\n<\/tr>\n<tr>\n<td>Application<\/td>\n<td>Passe au micro-ondes, au lave-vaisselle et au four<\/td>\n<\/tr>\n<tr>\n<td>Sur mesure<\/td>\n<td>Couleur\/Taille\/Logo\/Emballage<\/td>\n<\/tr>\n<\/tbody>\n<\/table>","protected":false},"featured_media":1000,"comment_status":"open","ping_status":"closed","template":"","meta":{"_acf_changed":false},"product_brand":[],"product_cat":[19],"product_tag":[30,29,27],"class_list":{"0":"post-1053","1":"product","2":"type-product","3":"status-publish","4":"has-post-thumbnail","6":"product_cat-serveware-wholesale","7":"product_tag-custom-porcelain-dinnerware","8":"product_tag-hand-painted-embossed-dinnerware-wholesale","9":"product_tag-wholesale-decal-ceramics","11":"first","12":"instock","13":"shipping-taxable","14":"product-type-simple"},"acf":[],"_links":{"self":[{"href":"https:\/\/www.lianyuanceramic.com\/fr\/wp-json\/wp\/v2\/product\/1053","targetHints":{"allow":["GET"]}}],"collection":[{"href":"https:\/\/www.lianyuanceramic.com\/fr\/wp-json\/wp\/v2\/product"}],"about":[{"href":"https:\/\/www.lianyuanceramic.com\/fr\/wp-json\/wp\/v2\/types\/product"}],"replies":[{"embeddable":true,"href":"https:\/\/www.lianyuanceramic.com\/fr\/wp-json\/wp\/v2\/comments?post=1053"}],"wp:featuredmedia":[{"embeddable":true,"href":"https:\/\/www.lianyuanceramic.com\/fr\/wp-json\/wp\/v2\/media\/1000"}],"wp:attachment":[{"href":"https:\/\/www.lianyuanceramic.com\/fr\/wp-json\/wp\/v2\/media?parent=1053"}],"wp:term":[{"taxonomy":"product_brand","embeddable":true,"href":"https:\/\/www.lianyuanceramic.com\/fr\/wp-json\/wp\/v2\/product_brand?post=1053"},{"taxonomy":"product_cat","embeddable":true,"href":"https:\/\/www.lianyuanceramic.com\/fr\/wp-json\/wp\/v2\/product_cat?post=1053"},{"taxonomy":"product_tag","embeddable":true,"href":"https:\/\/www.lianyuanceramic.com\/fr\/wp-json\/wp\/v2\/product_tag?post=1053"}],"curies":[{"name":"wp","href":"https:\/\/api.w.org\/{rel}","templated":true}]}}