{"id":1052,"date":"2025-01-16T16:19:27","date_gmt":"2025-01-16T16:19:27","guid":{"rendered":"https:\/\/www.lianyuanceramic.com\/?post_type=product&#038;p=1052"},"modified":"2025-01-16T16:19:29","modified_gmt":"2025-01-16T16:19:29","slug":"wholesale-porcelain-tea-set","status":"publish","type":"product","link":"https:\/\/www.lianyuanceramic.com\/fr\/produit\/wholesale-porcelain-tea-set\/","title":{"rendered":"Wholesale Porcelain Tea Set Elegant Floral Plats Bowls Cups"},"content":{"rendered":"<div class=\"wp-block-columns is-layout-flex wp-container-core-columns-is-layout-9d6595d7 wp-block-columns-is-layout-flex\">\n<div class=\"wp-block-column is-layout-flow wp-block-column-is-layout-flow\">\n<h2 class=\"wp-block-heading\">Service \u00e0 th\u00e9 en porcelaine Caract\u00e9ristiques :<\/h2>\n\n\n\n<p><strong>\u00c9l\u00e9gante conception florale pastorale<br><\/strong>Les fleurs naturelles, fra\u00eeches et \u00e9l\u00e9gantes, s'harmonisent parfaitement avec le d\u00e9cor de table de style pastoral.<\/p>\n\n\n\n<p><strong>D\u00e9coration en perles d'or<\/strong><br>La d\u00e9coration en perles d'or sur le couvercle de la th\u00e9i\u00e8re est pratique \u00e0 utiliser comme poign\u00e9e, tout en ajoutant du luxe et des d\u00e9tails exquis \u00e0 l'ensemble.<\/p>\n\n\n\n<p><strong>Service complet pour le th\u00e9 et la vaisselle :<\/strong><br>Comprend une th\u00e9i\u00e8re, une assiette, une tasse et une soucoupe, un sucre, un cr\u00e9mier et une tasse. Convient pour les go\u00fbters, les repas et d'autres occasions.<\/p>\n\n\n\n<p><strong>Un savoir-faire exquis<\/strong><br>La combinaison de la d\u00e9calcomanie glac\u00e9e et de la peinture \u00e0 la main, la gla\u00e7ure lisse, rend le motif aussi brillant qu'\u00e0 l'\u00e9tat neuf. Certaines zones sont peintes \u00e0 la main pour souligner le sens artistique et le caract\u00e8re unique.<\/p>\n\n\n\n<p><strong>Mat\u00e9riau en porcelaine de haute qualit\u00e9<\/strong><br>La c\u00e9ramique utilis\u00e9e est durable, l\u00e9g\u00e8re mais r\u00e9sistante, avec une bonne capacit\u00e9 de conservation de la chaleur, convenant au th\u00e9 et aux boissons chaudes.<\/p>\n\n\n\n<p><strong>Positionnement des cadeaux haut de gamme<\/strong><br>L'apparence \u00e9l\u00e9gante et l'emballage exquis conviennent parfaitement comme cadeau de mariage, d'anniversaire ou de f\u00eate.<\/p>\n<\/div>\n\n\n\n<div class=\"wp-block-column is-layout-flow wp-block-column-is-layout-flow\">\n<figure class=\"wp-block-image size-full\"><img decoding=\"async\" width=\"878\" height=\"706\" src=\"https:\/\/www.lianyuanceramic.com\/wp-content\/uploads\/2025\/01\/porcelain-tea-set-wholesale-2.webp\" alt=\"Service \u00e0 th\u00e9 en porcelaine wholesale\" class=\"wp-image-990\" srcset=\"https:\/\/www.lianyuanceramic.com\/wp-content\/uploads\/2025\/01\/porcelain-tea-set-wholesale-2.webp 878w, https:\/\/www.lianyuanceramic.com\/wp-content\/uploads\/2025\/01\/porcelain-tea-set-wholesale-2-300x241.webp 300w, https:\/\/www.lianyuanceramic.com\/wp-content\/uploads\/2025\/01\/porcelain-tea-set-wholesale-2-768x618.webp 768w, https:\/\/www.lianyuanceramic.com\/wp-content\/uploads\/2025\/01\/porcelain-tea-set-wholesale-2-15x12.webp 15w, https:\/\/www.lianyuanceramic.com\/wp-content\/uploads\/2025\/01\/porcelain-tea-set-wholesale-2-600x482.webp 600w\" sizes=\"(max-width: 878px) 100vw, 878px\" \/><\/figure>\n<\/div>\n<\/div>\n\n\n\n<div class=\"wp-block-columns is-layout-flex wp-container-core-columns-is-layout-9d6595d7 wp-block-columns-is-layout-flex\">\n<div class=\"wp-block-column is-layout-flow wp-block-column-is-layout-flow\"><\/div>\n\n\n\n<div class=\"wp-block-column is-layout-flow wp-block-column-is-layout-flow\"><\/div>\n<\/div>\n\n\n\n<div class=\"wp-block-columns is-layout-flex wp-container-core-columns-is-layout-9d6595d7 wp-block-columns-is-layout-flex\">\n<div class=\"wp-block-column is-layout-flow wp-block-column-is-layout-flow\">\n<figure class=\"wp-block-image size-full\"><img decoding=\"async\" width=\"528\" height=\"793\" src=\"https:\/\/www.lianyuanceramic.com\/wp-content\/uploads\/2025\/01\/porcelain-tea-set-wholesale-4.webp\" alt=\"service \u00e0 th\u00e9 en porcelaine vaisselle en gros\" class=\"wp-image-992\" srcset=\"https:\/\/www.lianyuanceramic.com\/wp-content\/uploads\/2025\/01\/porcelain-tea-set-wholesale-4.webp 528w, https:\/\/www.lianyuanceramic.com\/wp-content\/uploads\/2025\/01\/porcelain-tea-set-wholesale-4-200x300.webp 200w, https:\/\/www.lianyuanceramic.com\/wp-content\/uploads\/2025\/01\/porcelain-tea-set-wholesale-4-8x12.webp 8w\" sizes=\"(max-width: 528px) 100vw, 528px\" \/><\/figure>\n<\/div>\n\n\n\n<div class=\"wp-block-column is-layout-flow wp-block-column-is-layout-flow\">\n<h2 class=\"wp-block-heading\">Service \u00e0 th\u00e9 en porcelaine personnalis\u00e9 :<\/h2>\n\n\n\n<p>Que vous souhaitiez personnaliser la marque ou concevoir un nouveau produit, faites-nous part de vos id\u00e9es d\u00e8s maintenant. Notre \u00e9quipe de conception et de fabrication de moules peut r\u00e9pondre \u00e0 vos besoins illimit\u00e9s.<\/p>\n\n\n\n<p><strong>Conception : <\/strong>Choisissez des motifs floraux ou cr\u00e9ez votre propre motif.<\/p>\n\n\n\n<p><strong>Composition de l'ensemble :<\/strong> Sets de tasses en c\u00e9ramique personnalis\u00e9s avec des combinaisons de tasses, de bols et de cuill\u00e8res.<\/p>\n\n\n\n<p><strong>Taille : <\/strong>Choisissez parmi diff\u00e9rentes tailles pour convenir \u00e0 diff\u00e9rentes portions de repas.<\/p>\n\n\n\n<p><strong>Mat\u00e9riau :<\/strong> C\u00e9ramique, porcelaine, porcelaine osseuse ou se renseigner sur les autres possibilit\u00e9s.<\/p>\n\n\n\n<p><strong>Artisanat : <\/strong>D\u00e9calcomanies de gla\u00e7age, changement de four, peinture \u00e0 la main, motifs en relief ou autres.<\/p>\n\n\n\n<p><strong>Emballage : <\/strong>Emballage en vrac, bo\u00eete de couleur, bo\u00eete cadeau, bo\u00eete de pr\u00e9sentation, bo\u00eete d'exp\u00e9dition, etc.<\/p>\n<\/div>\n<\/div>\n\n\n\n<p><\/p>","protected":false},"excerpt":{"rendered":"<p class=\"serp-title\">Services \u00e0 th\u00e9 et services de vaisselle en porcelaine personnalis\u00e9s et en gros, avec des motifs floraux verts et roses, adapt\u00e9s aux th\u00e9s de l'apr\u00e8s-midi haut de gamme, aux mariages et aux restaurants. Nous proposons des solutions de personnalisation OEM et ODM, garantissant une qualit\u00e9 sup\u00e9rieure et des certifications de s\u00e9curit\u00e9. Contactez-nous d\u00e8s aujourd'hui pour une demande de renseignements gratuite !<\/p>\n<h2>Service \u00e0 th\u00e9 en porcelaine Param\u00e8tre<\/h2>\n<table width=\"495\">\n<tbody>\n<tr>\n<td width=\"144\">Fabricant<\/td>\n<td width=\"351\">Lianyuan<\/td>\n<\/tr>\n<tr>\n<td>Type de produit<\/td>\n<td width=\"351\">Th\u00e9i\u00e8re, assiette, bol, tasse et soucoupe, sucre et cr\u00e9mier, tasse<\/td>\n<\/tr>\n<tr>\n<td>Mod\u00e8le<\/td>\n<td>Floral<\/td>\n<\/tr>\n<tr>\n<td>Couleur<\/td>\n<td>Multi-couleur<\/td>\n<\/tr>\n<tr>\n<td>Mat\u00e9riau<\/td>\n<td>Porcelaine durable<\/td>\n<\/tr>\n<tr>\n<td>Artisanat<\/td>\n<td>D\u00e9calcomanie et peinture \u00e0 la main<\/td>\n<\/tr>\n<tr>\n<td>Application<\/td>\n<td>Passe au micro-ondes, au lave-vaisselle et au four<\/td>\n<\/tr>\n<tr>\n<td>Sur mesure<\/td>\n<td>Couleur\/Taille\/Logo\/Emballage<\/td>\n<\/tr>\n<\/tbody>\n<\/table>","protected":false},"featured_media":991,"comment_status":"open","ping_status":"closed","template":"","meta":{"_acf_changed":true},"product_brand":[],"product_cat":[18,17],"product_tag":[30,29,27],"class_list":{"0":"post-1052","1":"product","2":"type-product","3":"status-publish","4":"has-post-thumbnail","6":"product_cat-wholesale-custom-tea-set","7":"product_cat-dinnerware-wholesale","8":"product_tag-custom-porcelain-dinnerware","9":"product_tag-hand-painted-embossed-dinnerware-wholesale","10":"product_tag-wholesale-decal-ceramics","12":"first","13":"instock","14":"shipping-taxable","15":"product-type-simple"},"acf":[],"_links":{"self":[{"href":"https:\/\/www.lianyuanceramic.com\/fr\/wp-json\/wp\/v2\/product\/1052","targetHints":{"allow":["GET"]}}],"collection":[{"href":"https:\/\/www.lianyuanceramic.com\/fr\/wp-json\/wp\/v2\/product"}],"about":[{"href":"https:\/\/www.lianyuanceramic.com\/fr\/wp-json\/wp\/v2\/types\/product"}],"replies":[{"embeddable":true,"href":"https:\/\/www.lianyuanceramic.com\/fr\/wp-json\/wp\/v2\/comments?post=1052"}],"wp:featuredmedia":[{"embeddable":true,"href":"https:\/\/www.lianyuanceramic.com\/fr\/wp-json\/wp\/v2\/media\/991"}],"wp:attachment":[{"href":"https:\/\/www.lianyuanceramic.com\/fr\/wp-json\/wp\/v2\/media?parent=1052"}],"wp:term":[{"taxonomy":"product_brand","embeddable":true,"href":"https:\/\/www.lianyuanceramic.com\/fr\/wp-json\/wp\/v2\/product_brand?post=1052"},{"taxonomy":"product_cat","embeddable":true,"href":"https:\/\/www.lianyuanceramic.com\/fr\/wp-json\/wp\/v2\/product_cat?post=1052"},{"taxonomy":"product_tag","embeddable":true,"href":"https:\/\/www.lianyuanceramic.com\/fr\/wp-json\/wp\/v2\/product_tag?post=1052"}],"curies":[{"name":"wp","href":"https:\/\/api.w.org\/{rel}","templated":true}]}}