{"id":976,"date":"2025-01-02T10:20:54","date_gmt":"2025-01-02T10:20:54","guid":{"rendered":"https:\/\/www.lianyuanceramic.com\/?post_type=product&#038;p=976"},"modified":"2025-01-16T15:26:52","modified_gmt":"2025-01-16T15:26:52","slug":"wholesale-spring-dinnerware","status":"publish","type":"product","link":"https:\/\/www.lianyuanceramic.com\/es\/product\/wholesale-spring-dinnerware\/","title":{"rendered":"Mayorista Vajilla de Primavera Juego de T\u00e9 Verde Cer\u00e1mica Personalizado"},"content":{"rendered":"<div class=\"wp-block-columns is-layout-flex wp-container-core-columns-is-layout-9d6595d7 wp-block-columns-is-layout-flex\">\n<div class=\"wp-block-column is-layout-flow wp-block-column-is-layout-flow\">\n<h2 class=\"wp-block-heading\">Vajilla Spring Caracter\u00edsticas:<\/h2>\n\n\n\n<p><strong>Dise\u00f1o floral primaveral<br><\/strong>El dise\u00f1o de motivos florales con un tema primaveral crea un estilo de dise\u00f1o de escritorio primaveral natural, que atrae al mercado de regalos de temporada.<\/p>\n\n\n\n<p><strong>Calcoman\u00edas pintadas a mano y en esmalte<\/strong><br>Las calcoman\u00edas en esmalte pegan las flores sin costuras, de modo que los colores penetran bajo la capa de esmalte. La superficie es lisa y no se desgasta f\u00e1cilmente, lo que garantiza que se mantenga brillante y nueva tras un uso prolongado. Los detalles pintados a mano confieren singularidad a cada producto, mostrando un sentido art\u00edstico y de alta gama.<\/p>\n\n\n\n<p><strong>Porcelana duradera de alta calidad<\/strong><br>Es duradera y apta para el uso diario y de alta frecuencia gracias a sus materiales cer\u00e1micos de alta calidad.<\/p>\n\n\n\n<p><strong>Vajilla y juegos de t\u00e9 de la misma serie<\/strong><br>Disponga de la misma serie de platos, cuencos, cubiertos, teteras, tazas y platillos, azucareros, cremeras y tazas. Adecuado para comidas familiares, reuniones formales, fiestas del t\u00e9, etc., para satisfacer diversas necesidades.<\/p>\n\n\n\n<p><strong>F\u00e1cil de limpiar<\/strong><br>El esmalte es suave, no absorbe f\u00e1cilmente las manchas y admite el lavado a mano y en lavavajillas.<\/p>\n\n\n\n<p><strong>Seguridad y protecci\u00f3n del medio ambiente<\/strong><br>Seguridad alimentaria: no contiene sustancias nocivas y cumple plenamente las normas internacionales de seguridad de materiales en contacto con alimentos.<\/p>\n\n\n\n<h2 class=\"wp-block-heading\">Vajilla personalizada de primavera:<\/h2>\n\n\n\n<p>Ayudar a los clientes a ajustar el dise\u00f1o de patrones, la combinaci\u00f3n de colores, la combinaci\u00f3n de juegos y el dise\u00f1o de envases de regalo para satisfacer la demanda del mercado y el posicionamiento de la marca.<\/p>\n\n\n\n<p><strong>Dise\u00f1o:&nbsp;<\/strong>Dise\u00f1e diferentes formas o patrones seg\u00fan sus necesidades<\/p>\n\n\n\n<p><strong>Composici\u00f3n del conjunto:<\/strong>&nbsp;Vajillas de cer\u00e1mica personalizadas con combinaciones de platos de cer\u00e1mica, cuencos, tazas, cucharas, etc.<\/p>\n\n\n\n<p><strong>Tama\u00f1o:&nbsp;<\/strong>Elija entre varios tama\u00f1os para adaptarse a las diferentes raciones de comida.<\/p>\n\n\n\n<p><strong>Material:<\/strong>&nbsp;Cer\u00e1mica, porcelana, porcelana china, resistente al calor, dolomita, o pregunte por alternativas.<\/p>\n\n\n\n<p><strong>Artesan\u00eda:&nbsp;<\/strong>Calcoman\u00edas de esmalte, cambio de horno, pintadas a mano, en relieve u otros.<\/p>\n\n\n\n<p><strong>Embalaje:&nbsp;<\/strong>Paquete a granel, caja de color, caja de regalo, caja expositora, caja de correo, etc.<\/p>\n<\/div>\n\n\n\n<div class=\"wp-block-column is-layout-flow wp-block-column-is-layout-flow\">\n<figure class=\"wp-block-image size-full\"><img decoding=\"async\" width=\"992\" height=\"574\" src=\"https:\/\/www.lianyuanceramic.com\/wp-content\/uploads\/2025\/01\/spring-dinnerware-wholesale-2.webp\" alt=\"vajilla de primavera al por mayor\" class=\"wp-image-994\" srcset=\"https:\/\/www.lianyuanceramic.com\/wp-content\/uploads\/2025\/01\/spring-dinnerware-wholesale-2.webp 992w, https:\/\/www.lianyuanceramic.com\/wp-content\/uploads\/2025\/01\/spring-dinnerware-wholesale-2-300x174.webp 300w, https:\/\/www.lianyuanceramic.com\/wp-content\/uploads\/2025\/01\/spring-dinnerware-wholesale-2-768x444.webp 768w, https:\/\/www.lianyuanceramic.com\/wp-content\/uploads\/2025\/01\/spring-dinnerware-wholesale-2-18x10.webp 18w, https:\/\/www.lianyuanceramic.com\/wp-content\/uploads\/2025\/01\/spring-dinnerware-wholesale-2-600x347.webp 600w\" sizes=\"(max-width: 992px) 100vw, 992px\" \/><\/figure>\n\n\n\n<figure class=\"wp-block-image size-full\"><img decoding=\"async\" width=\"726\" height=\"726\" src=\"https:\/\/www.lianyuanceramic.com\/wp-content\/uploads\/2025\/01\/spring-dinnerware-wholesale-1.webp\" alt=\"vajilla de primavera al por mayor\" class=\"wp-image-993\" srcset=\"https:\/\/www.lianyuanceramic.com\/wp-content\/uploads\/2025\/01\/spring-dinnerware-wholesale-1.webp 726w, https:\/\/www.lianyuanceramic.com\/wp-content\/uploads\/2025\/01\/spring-dinnerware-wholesale-1-300x300.webp 300w, https:\/\/www.lianyuanceramic.com\/wp-content\/uploads\/2025\/01\/spring-dinnerware-wholesale-1-150x150.webp 150w, https:\/\/www.lianyuanceramic.com\/wp-content\/uploads\/2025\/01\/spring-dinnerware-wholesale-1-12x12.webp 12w, https:\/\/www.lianyuanceramic.com\/wp-content\/uploads\/2025\/01\/spring-dinnerware-wholesale-1-600x600.webp 600w, https:\/\/www.lianyuanceramic.com\/wp-content\/uploads\/2025\/01\/spring-dinnerware-wholesale-1-100x100.webp 100w\" sizes=\"(max-width: 726px) 100vw, 726px\" \/><\/figure>\n<\/div>\n<\/div>","protected":false},"excerpt":{"rendered":"<p>Vajillas y juegos de t\u00e9 de primavera personalizados y al por mayor fabricados en porcelana resistente con dise\u00f1os florales naturales. Siente el ambiente primaveral poniendo tu mesa con esta delicada colecci\u00f3n con detalles bot\u00e1nicos. P\u00f3ngase en contacto con nosotros para obtener m\u00e1s opciones de personalizaci\u00f3n de vajillas \u00fanicas.<\/p>\n<h2>Vajilla de primavera Par\u00e1metro:<\/h2>\n<table style=\"border-collapse: collapse; width: 370.82pt;\" border=\"0\" width=\"618\" cellspacing=\"0\" cellpadding=\"0\">\n<tbody>\n<tr style=\"height: 15.60pt;\">\n<td class=\"et3\" style=\"height: 15.60pt; width: 108.00pt;\" width=\"180\" height=\"26\">Fabricante<\/td>\n<td class=\"et3\" style=\"width: 263.25pt;\" width=\"438\">Lianyuan<\/td>\n<\/tr>\n<tr style=\"height: 15.60pt;\">\n<td class=\"et3\" style=\"height: 15.60pt;\" height=\"26\">Tipo de producto<\/td>\n<td class=\"et3\">Plato llano, Cuenco, Tetera, Taza y Platillo, Azucarera y Cremera, Taza<\/td>\n<\/tr>\n<tr style=\"height: 15.60pt;\">\n<td class=\"et3\" style=\"height: 15.60pt;\" height=\"26\">Color<\/td>\n<td class=\"et3\">Verde<\/td>\n<\/tr>\n<tr style=\"height: 15.60pt;\">\n<td class=\"et3\" style=\"height: 15.60pt;\" height=\"26\">Material<\/td>\n<td class=\"et3\">Porcelana resistente<\/td>\n<\/tr>\n<tr style=\"height: 15.60pt;\">\n<td class=\"et3\" style=\"height: 15.60pt;\" height=\"26\">Artesan\u00eda<\/td>\n<td class=\"et3\">Calcoman\u00eda y pintura a mano<\/td>\n<\/tr>\n<tr style=\"height: 15.60pt;\">\n<td class=\"et3\" style=\"height: 15.60pt;\" height=\"26\">Aplicaci\u00f3n<\/td>\n<td class=\"et3\">Apto para microondas, lavavajillas y horno<\/td>\n<\/tr>\n<tr style=\"height: 15.60pt;\">\n<td class=\"et3\" style=\"height: 15.60pt;\" height=\"26\">A medida<\/td>\n<td class=\"et3\">Color\/Tama\u00f1o\/Logotipo\/Embalaje<\/td>\n<\/tr>\n<\/tbody>\n<\/table>","protected":false},"featured_media":995,"comment_status":"open","ping_status":"closed","template":"","meta":{"_acf_changed":true},"product_brand":[],"product_cat":[17,18],"product_tag":[30,29,27],"class_list":{"0":"post-976","1":"product","2":"type-product","3":"status-publish","4":"has-post-thumbnail","6":"product_cat-dinnerware-wholesale","7":"product_cat-wholesale-custom-tea-set","8":"product_tag-custom-porcelain-dinnerware","9":"product_tag-hand-painted-embossed-dinnerware-wholesale","10":"product_tag-wholesale-decal-ceramics","12":"first","13":"instock","14":"shipping-taxable","15":"product-type-simple"},"acf":[],"_links":{"self":[{"href":"https:\/\/www.lianyuanceramic.com\/es\/wp-json\/wp\/v2\/product\/976","targetHints":{"allow":["GET"]}}],"collection":[{"href":"https:\/\/www.lianyuanceramic.com\/es\/wp-json\/wp\/v2\/product"}],"about":[{"href":"https:\/\/www.lianyuanceramic.com\/es\/wp-json\/wp\/v2\/types\/product"}],"replies":[{"embeddable":true,"href":"https:\/\/www.lianyuanceramic.com\/es\/wp-json\/wp\/v2\/comments?post=976"}],"wp:featuredmedia":[{"embeddable":true,"href":"https:\/\/www.lianyuanceramic.com\/es\/wp-json\/wp\/v2\/media\/995"}],"wp:attachment":[{"href":"https:\/\/www.lianyuanceramic.com\/es\/wp-json\/wp\/v2\/media?parent=976"}],"wp:term":[{"taxonomy":"product_brand","embeddable":true,"href":"https:\/\/www.lianyuanceramic.com\/es\/wp-json\/wp\/v2\/product_brand?post=976"},{"taxonomy":"product_cat","embeddable":true,"href":"https:\/\/www.lianyuanceramic.com\/es\/wp-json\/wp\/v2\/product_cat?post=976"},{"taxonomy":"product_tag","embeddable":true,"href":"https:\/\/www.lianyuanceramic.com\/es\/wp-json\/wp\/v2\/product_tag?post=976"}],"curies":[{"name":"wp","href":"https:\/\/api.w.org\/{rel}","templated":true}]}}