{"id":972,"date":"2024-12-31T09:30:06","date_gmt":"2024-12-31T09:30:06","guid":{"rendered":"https:\/\/www.lianyuanceramic.com\/?post_type=product&#038;p=972"},"modified":"2025-01-02T04:14:22","modified_gmt":"2025-01-02T04:14:22","slug":"reactive-glaze-dinnerware-wholesale","status":"publish","type":"product","link":"https:\/\/www.lianyuanceramic.com\/es\/product\/reactive-glaze-dinnerware-wholesale\/","title":{"rendered":"Mayorista Vajilla Esmalte Reactivo Vajilla de Cer\u00e1mica Azul"},"content":{"rendered":"<div class=\"wp-block-columns is-layout-flex wp-container-core-columns-is-layout-9d6595d7 wp-block-columns-is-layout-flex\">\n<div class=\"wp-block-column is-layout-flow wp-block-column-is-layout-flow\">\n<h2 class=\"wp-block-heading\">Vajilla Esmalte Reactivo Caracter\u00edsticas:<\/h2>\n\n\n\n<p><strong>Esmalte reactivo \u00fanico: <\/strong>Cada pieza de la vajilla presenta un esmalte de reacci\u00f3n \u00fanico, que crea un patr\u00f3n de color hermoso y variado que es visualmente impresionante.<\/p>\n\n\n\n<p><strong>Azul elegante: <\/strong>El azul degradado evoca una sensaci\u00f3n de tranquilidad y sofisticaci\u00f3n, por lo que es perfecto tanto para comedores informales como formales.<\/p>\n\n\n\n<p><strong>Formas org\u00e1nicas:<\/strong><br>Las formas naturales y org\u00e1nicas de la vajilla confieren a este juego una est\u00e9tica moderna y atemporal.<\/p>\n\n\n\n<p><strong>Material cer\u00e1mico duradero: <\/strong>Esta vajilla est\u00e1 fabricada en cer\u00e1mica de alta calidad, duradera y resistente al desportillado. Apta para microondas y lavavajillas para facilitar su limpieza.<\/p>\n\n\n\n<p><strong>M\u00faltiples opciones de juego: <\/strong>Este juego de vajilla incluye una variedad de vajillas como platos, cuencos, tazas, jarrones, etc.<\/p>\n\n\n\n<h2 class=\"wp-block-heading\">Vajilla personalizada de esmalte reactivo:<\/h2>\n\n\n\n<p>Disponible en dise\u00f1os a granel y tama\u00f1os personalizados, es la elecci\u00f3n perfecta para minoristas, restaurantes u otros negocios que busquen ofrecer una vajilla \u00fanica y de alta calidad.<\/p>\n\n\n\n<p><strong>Dise\u00f1o:\u00a0<\/strong>Dise\u00f1e diferentes formas o patrones seg\u00fan sus necesidades<\/p>\n\n\n\n<p><strong>Composici\u00f3n del conjunto:<\/strong>\u00a0Vajillas de cer\u00e1mica personalizadas con combinaciones de platos de cer\u00e1mica, cuencos, tazas, cucharas, etc.<\/p>\n\n\n\n<p><strong>Tama\u00f1o:&nbsp;<\/strong>Elija entre varios tama\u00f1os para adaptarse a las diferentes raciones de comida.<\/p>\n\n\n\n<p><strong>Material:<\/strong>\u00a0Cer\u00e1mica, porcelana, porcelana china, resistente al calor, dolomita, o pregunte por alternativas.<\/p>\n\n\n\n<p><strong>Artesan\u00eda:\u00a0<\/strong>Calcoman\u00edas de esmalte, cambio de horno, pintadas a mano, en relieve u otros.<\/p>\n\n\n\n<p><strong>Embalaje:\u00a0<\/strong>Paquete a granel, caja de color, caja de regalo, caja expositora, caja de correo, etc.<\/p>\n<\/div>\n\n\n\n<div class=\"wp-block-column is-layout-flow wp-block-column-is-layout-flow\">\n<figure class=\"wp-block-image size-full\"><img decoding=\"async\" width=\"722\" height=\"721\" src=\"https:\/\/www.lianyuanceramic.com\/wp-content\/uploads\/2024\/12\/reactive-glaze-dinnerware-set-wholesale-2.webp\" alt=\"vajilla de esmalte reactivo al por mayor\" class=\"wp-image-908\" srcset=\"https:\/\/www.lianyuanceramic.com\/wp-content\/uploads\/2024\/12\/reactive-glaze-dinnerware-set-wholesale-2.webp 722w, https:\/\/www.lianyuanceramic.com\/wp-content\/uploads\/2024\/12\/reactive-glaze-dinnerware-set-wholesale-2-300x300.webp 300w, https:\/\/www.lianyuanceramic.com\/wp-content\/uploads\/2024\/12\/reactive-glaze-dinnerware-set-wholesale-2-150x150.webp 150w, https:\/\/www.lianyuanceramic.com\/wp-content\/uploads\/2024\/12\/reactive-glaze-dinnerware-set-wholesale-2-600x599.webp 600w, https:\/\/www.lianyuanceramic.com\/wp-content\/uploads\/2024\/12\/reactive-glaze-dinnerware-set-wholesale-2-100x100.webp 100w\" sizes=\"(max-width: 722px) 100vw, 722px\" \/><\/figure>\n\n\n\n<figure class=\"wp-block-image size-full\"><img decoding=\"async\" width=\"523\" height=\"523\" src=\"https:\/\/www.lianyuanceramic.com\/wp-content\/uploads\/2024\/12\/reactive-glaze-dinnerware-set-wholesale-3.webp\" alt=\"vajilla de esmalte reactivo al por mayor\" class=\"wp-image-909\" srcset=\"https:\/\/www.lianyuanceramic.com\/wp-content\/uploads\/2024\/12\/reactive-glaze-dinnerware-set-wholesale-3.webp 523w, https:\/\/www.lianyuanceramic.com\/wp-content\/uploads\/2024\/12\/reactive-glaze-dinnerware-set-wholesale-3-300x300.webp 300w, https:\/\/www.lianyuanceramic.com\/wp-content\/uploads\/2024\/12\/reactive-glaze-dinnerware-set-wholesale-3-150x150.webp 150w, https:\/\/www.lianyuanceramic.com\/wp-content\/uploads\/2024\/12\/reactive-glaze-dinnerware-set-wholesale-3-100x100.webp 100w\" sizes=\"(max-width: 523px) 100vw, 523px\" \/><\/figure>\n<\/div>\n<\/div>\n\n\n\n<p><\/p>","protected":false},"excerpt":{"rendered":"<p>Vajilla de esmalte reactivo \u00fanico personalizado, elegante serie de vajilla azul, muy adecuado para lugares de alta gama o eventos de boda. \u00a1Venta directa al por mayor del fabricante profesional de cer\u00e1mica, garant\u00eda de alta calidad, precio de f\u00e1brica, bienvenido a preguntar!<\/p>\n<h2>Vajilla de esmalte reactivo Par\u00e1metro<\/h2>\n<table style=\"border-collapse: collapse; width: 370.82pt;\" border=\"0\" width=\"618\" cellspacing=\"0\" cellpadding=\"0\">\n<tbody>\n<tr style=\"height: 15.60pt;\">\n<td class=\"et3\" style=\"height: 15.60pt; width: 108.00pt;\" width=\"180\" height=\"26\">Fabricante<\/td>\n<td class=\"et3\" style=\"width: 263.25pt;\" width=\"438\">Lianyuan<\/td>\n<\/tr>\n<tr style=\"height: 15.60pt;\">\n<td class=\"et3\" style=\"height: 15.60pt;\" height=\"26\">Tipo de producto<\/td>\n<td class=\"et3\">Plato org\u00e1nico, Jarra, Plato oval, Bandeja oblonga, Taza, Soporte para tartas con pie, Cuenco, Bandeja de 5 divisiones<\/td>\n<\/tr>\n<tr style=\"height: 15.60pt;\">\n<td class=\"et3\" style=\"height: 15.60pt;\" height=\"26\">Color<\/td>\n<td class=\"et3\">Azul<\/td>\n<\/tr>\n<tr style=\"height: 15.60pt;\">\n<td class=\"et3\" style=\"height: 15.60pt;\" height=\"26\">Material<\/td>\n<td class=\"et3\">Porcelana resistente<\/td>\n<\/tr>\n<tr style=\"height: 15.60pt;\">\n<td class=\"et3\" style=\"height: 15.60pt;\" height=\"26\">Artesan\u00eda<\/td>\n<td class=\"et3\">Esmalte reactivo<\/td>\n<\/tr>\n<tr style=\"height: 15.60pt;\">\n<td class=\"et3\" style=\"height: 15.60pt;\" height=\"26\">Aplicaci\u00f3n<\/td>\n<td class=\"et3\">Apto para microondas, lavavajillas y horno<\/td>\n<\/tr>\n<tr style=\"height: 15.60pt;\">\n<td class=\"et3\" style=\"height: 15.60pt;\" height=\"26\">A medida<\/td>\n<td class=\"et3\">Color\/Tama\u00f1o\/Logotipo\/Embalaje<\/td>\n<\/tr>\n<\/tbody>\n<\/table>","protected":false},"featured_media":908,"comment_status":"open","ping_status":"closed","template":"","meta":{"_acf_changed":true},"product_brand":[],"product_cat":[17,19],"product_tag":[30,28],"class_list":{"0":"post-972","1":"product","2":"type-product","3":"status-publish","4":"has-post-thumbnail","6":"product_cat-dinnerware-wholesale","7":"product_cat-serveware-wholesale","8":"product_tag-custom-porcelain-dinnerware","9":"product_tag-reactive-glaze-dinnerware-manufacturer","11":"first","12":"instock","13":"shipping-taxable","14":"product-type-simple"},"acf":[],"_links":{"self":[{"href":"https:\/\/www.lianyuanceramic.com\/es\/wp-json\/wp\/v2\/product\/972","targetHints":{"allow":["GET"]}}],"collection":[{"href":"https:\/\/www.lianyuanceramic.com\/es\/wp-json\/wp\/v2\/product"}],"about":[{"href":"https:\/\/www.lianyuanceramic.com\/es\/wp-json\/wp\/v2\/types\/product"}],"replies":[{"embeddable":true,"href":"https:\/\/www.lianyuanceramic.com\/es\/wp-json\/wp\/v2\/comments?post=972"}],"wp:featuredmedia":[{"embeddable":true,"href":"https:\/\/www.lianyuanceramic.com\/es\/wp-json\/wp\/v2\/media\/908"}],"wp:attachment":[{"href":"https:\/\/www.lianyuanceramic.com\/es\/wp-json\/wp\/v2\/media?parent=972"}],"wp:term":[{"taxonomy":"product_brand","embeddable":true,"href":"https:\/\/www.lianyuanceramic.com\/es\/wp-json\/wp\/v2\/product_brand?post=972"},{"taxonomy":"product_cat","embeddable":true,"href":"https:\/\/www.lianyuanceramic.com\/es\/wp-json\/wp\/v2\/product_cat?post=972"},{"taxonomy":"product_tag","embeddable":true,"href":"https:\/\/www.lianyuanceramic.com\/es\/wp-json\/wp\/v2\/product_tag?post=972"}],"curies":[{"name":"wp","href":"https:\/\/api.w.org\/{rel}","templated":true}]}}