{"id":949,"date":"2024-12-31T01:40:55","date_gmt":"2024-12-31T01:40:55","guid":{"rendered":"https:\/\/www.lianyuanceramic.com\/?post_type=product&#038;p=949"},"modified":"2025-01-16T15:48:46","modified_gmt":"2025-01-16T15:48:46","slug":"custom-pink-tea-sets","status":"publish","type":"product","link":"https:\/\/www.lianyuanceramic.com\/es\/product\/custom-pink-tea-sets\/","title":{"rendered":"Juegos de T\u00e9 Rosa Personalizados Vajilla de Cer\u00e1mica Coraz\u00f3n Flamingo"},"content":{"rendered":"<div class=\"wp-block-columns is-layout-flex wp-container-core-columns-is-layout-9d6595d7 wp-block-columns-is-layout-flex\">\n<div class=\"wp-block-column is-layout-flow wp-block-column-is-layout-flow\">\n<h2 class=\"wp-block-heading\">Juegos de T\u00e9 Rosa Caracter\u00edsticas:<\/h2>\n\n\n\n<p><strong>Dise\u00f1o bonito y rosa:<\/strong><br>Con un adorable estampado de corazones rosas y flamencos, esta vajilla es perfecta para meriendas o cenas informales.<\/p>\n\n\n\n<p><strong>Porcelana duradera de alta calidad:<\/strong><br>Fabricada en porcelana resistente, es inastillable y lo bastante duradera para soportar el uso diario sin perder su aspecto.<\/p>\n\n\n\n<p><strong>Vers\u00e1til y pr\u00e1ctico para los amantes del t\u00e9:<\/strong><br>Este precioso juego de vajilla incluye una colecci\u00f3n de servicio de t\u00e9 (tazas, platillos, teteras) y cuencos y platos con el mismo dise\u00f1o. Se puede utilizar para postres, aperitivos o comidas ligeras, adecuado para una gran variedad de ocasiones y prop\u00f3sitos.<\/p>\n\n\n\n<h2 class=\"wp-block-heading\">Juegos de t\u00e9 rosas personalizados<\/h2>\n\n\n\n<p>El juego de t\u00e9 ofrece varias opciones de personalizaci\u00f3n, como el color, el dibujo y el tama\u00f1o, y puede adaptarse a las necesidades de la marca o a las tendencias de la moda, por lo que es ideal para uso personal y comercial.<\/p>\n\n\n\n<p><strong>Dise\u00f1o:&nbsp;<\/strong>Elija motivos florales o cree su propio dise\u00f1o.<\/p>\n\n\n\n<p><strong>Composici\u00f3n del conjunto:<\/strong>&nbsp;Juegos de tazas de cer\u00e1mica personalizados con combinaciones de tazas, cuencos y cucharas.<\/p>\n\n\n\n<p><strong>Tama\u00f1o:&nbsp;<\/strong>Elija entre varios tama\u00f1os para adaptarse a las diferentes raciones de comida.<\/p>\n\n\n\n<p><strong>Material:<\/strong>&nbsp;Cer\u00e1mica, porcelana, porcelana china o pregunte por alternativas.<\/p>\n\n\n\n<p><strong>Artesan\u00eda:&nbsp;<\/strong>Calcoman\u00edas de esmalte, cambio de horno, pintadas a mano, motivos en relieve u otros.<\/p>\n\n\n\n<p><strong>Embalaje:&nbsp;<\/strong>Paquete a granel, caja de color, caja de regalo, caja expositora, caja de correo, etc.<\/p>\n<\/div>\n\n\n\n<div class=\"wp-block-column is-layout-flow wp-block-column-is-layout-flow\">\n<figure class=\"wp-block-image size-full\"><img decoding=\"async\" width=\"616\" height=\"617\" src=\"https:\/\/www.lianyuanceramic.com\/wp-content\/uploads\/2024\/12\/pink-tea-set-wholesale-dinnerware-sets-3.webp\" alt=\"juego de t\u00e9 rosa vajilla al por mayor\" class=\"wp-image-971\" srcset=\"https:\/\/www.lianyuanceramic.com\/wp-content\/uploads\/2024\/12\/pink-tea-set-wholesale-dinnerware-sets-3.webp 616w, https:\/\/www.lianyuanceramic.com\/wp-content\/uploads\/2024\/12\/pink-tea-set-wholesale-dinnerware-sets-3-300x300.webp 300w, https:\/\/www.lianyuanceramic.com\/wp-content\/uploads\/2024\/12\/pink-tea-set-wholesale-dinnerware-sets-3-150x150.webp 150w, https:\/\/www.lianyuanceramic.com\/wp-content\/uploads\/2024\/12\/pink-tea-set-wholesale-dinnerware-sets-3-12x12.webp 12w, https:\/\/www.lianyuanceramic.com\/wp-content\/uploads\/2024\/12\/pink-tea-set-wholesale-dinnerware-sets-3-600x601.webp 600w, https:\/\/www.lianyuanceramic.com\/wp-content\/uploads\/2024\/12\/pink-tea-set-wholesale-dinnerware-sets-3-100x100.webp 100w\" sizes=\"(max-width: 616px) 100vw, 616px\" \/><\/figure>\n\n\n\n<figure class=\"wp-block-image size-full\"><img decoding=\"async\" width=\"761\" height=\"565\" src=\"https:\/\/www.lianyuanceramic.com\/wp-content\/uploads\/2024\/12\/pink-tea-set-wholesale-dinnerware-sets-1.webp\" alt=\"juego de t\u00e9 rosa vajilla al por mayor\" class=\"wp-image-969\" srcset=\"https:\/\/www.lianyuanceramic.com\/wp-content\/uploads\/2024\/12\/pink-tea-set-wholesale-dinnerware-sets-1.webp 761w, https:\/\/www.lianyuanceramic.com\/wp-content\/uploads\/2024\/12\/pink-tea-set-wholesale-dinnerware-sets-1-300x223.webp 300w, https:\/\/www.lianyuanceramic.com\/wp-content\/uploads\/2024\/12\/pink-tea-set-wholesale-dinnerware-sets-1-16x12.webp 16w, https:\/\/www.lianyuanceramic.com\/wp-content\/uploads\/2024\/12\/pink-tea-set-wholesale-dinnerware-sets-1-600x445.webp 600w\" sizes=\"(max-width: 761px) 100vw, 761px\" \/><\/figure>\n<\/div>\n<\/div>\n\n\n\n<p><\/p>","protected":false},"excerpt":{"rendered":"<p>Vajilla personalizada con juego de t\u00e9 rosa, que incluye tetera y platillo, taza de t\u00e9, plato y cuenco de cer\u00e1mica, etc. Coraz\u00f3n lindo y dise\u00f1o del flamenco, un estilo popular para las muchachas de moda. \u00a1Suministro directo de China fabricante de vajilla de cer\u00e1mica, el apoyo a las opciones al por mayor, bienvenido a preguntar!<\/p>\n<h2>Juegos de t\u00e9 rosa Par\u00e1metros<\/h2>\n<table style=\"border-collapse: collapse; width: 370.82pt;\" border=\"0\" width=\"618\" cellspacing=\"0\" cellpadding=\"0\">\n<tbody>\n<tr style=\"height: 15.60pt;\">\n<td class=\"et3\" style=\"height: 15.60pt; width: 108.00pt;\" width=\"180\" height=\"26\">Fabricante<\/td>\n<td class=\"et3\" style=\"width: 263.25pt;\" width=\"438\">Lianyuan<\/td>\n<\/tr>\n<tr style=\"height: 15.60pt;\">\n<td class=\"et3\" style=\"height: 15.60pt;\" height=\"26\">Tipo de producto<\/td>\n<td class=\"et3\">Tetera, plato, taza y platillo, azucarero y cremera, taza, cuenco<\/td>\n<\/tr>\n<tr style=\"height: 15.60pt;\">\n<td class=\"et3\" style=\"height: 15.60pt;\" height=\"26\">Patr\u00f3n<\/td>\n<td class=\"et3\">Coraz\u00f3n, Flamenco<\/td>\n<\/tr>\n<tr style=\"height: 15.60pt;\">\n<td class=\"et3\" style=\"height: 15.60pt;\" height=\"26\">Color<\/td>\n<td class=\"et3\">Rosa, Oro, Blanco<\/td>\n<\/tr>\n<tr style=\"height: 15.60pt;\">\n<td class=\"et3\" style=\"height: 15.60pt;\" height=\"26\">Material<\/td>\n<td class=\"et3\">Porcelana resistente<\/td>\n<\/tr>\n<tr style=\"height: 15.60pt;\">\n<td class=\"et3\" style=\"height: 15.60pt;\" height=\"26\">Artesan\u00eda<\/td>\n<td class=\"et3\">Calcoman\u00eda esmaltada y pintura a mano<\/td>\n<\/tr>\n<tr style=\"height: 15.60pt;\">\n<td class=\"et3\" style=\"height: 15.60pt;\" height=\"26\">Aplicaci\u00f3n<\/td>\n<td class=\"et3\">Apto para microondas, lavavajillas y horno<\/td>\n<\/tr>\n<tr style=\"height: 15.60pt;\">\n<td class=\"et3\" style=\"height: 15.60pt;\" height=\"26\">A medida<\/td>\n<td class=\"et3\">Color\/Tama\u00f1o\/Logotipo\/Embalaje<\/td>\n<\/tr>\n<\/tbody>\n<\/table>","protected":false},"featured_media":971,"comment_status":"open","ping_status":"closed","template":"","meta":{"_acf_changed":true},"product_brand":[],"product_cat":[17,18],"product_tag":[30,29,27],"class_list":{"0":"post-949","1":"product","2":"type-product","3":"status-publish","4":"has-post-thumbnail","6":"product_cat-dinnerware-wholesale","7":"product_cat-wholesale-custom-tea-set","8":"product_tag-custom-porcelain-dinnerware","9":"product_tag-hand-painted-embossed-dinnerware-wholesale","10":"product_tag-wholesale-decal-ceramics","12":"first","13":"instock","14":"shipping-taxable","15":"product-type-simple"},"acf":[],"_links":{"self":[{"href":"https:\/\/www.lianyuanceramic.com\/es\/wp-json\/wp\/v2\/product\/949","targetHints":{"allow":["GET"]}}],"collection":[{"href":"https:\/\/www.lianyuanceramic.com\/es\/wp-json\/wp\/v2\/product"}],"about":[{"href":"https:\/\/www.lianyuanceramic.com\/es\/wp-json\/wp\/v2\/types\/product"}],"replies":[{"embeddable":true,"href":"https:\/\/www.lianyuanceramic.com\/es\/wp-json\/wp\/v2\/comments?post=949"}],"wp:featuredmedia":[{"embeddable":true,"href":"https:\/\/www.lianyuanceramic.com\/es\/wp-json\/wp\/v2\/media\/971"}],"wp:attachment":[{"href":"https:\/\/www.lianyuanceramic.com\/es\/wp-json\/wp\/v2\/media?parent=949"}],"wp:term":[{"taxonomy":"product_brand","embeddable":true,"href":"https:\/\/www.lianyuanceramic.com\/es\/wp-json\/wp\/v2\/product_brand?post=949"},{"taxonomy":"product_cat","embeddable":true,"href":"https:\/\/www.lianyuanceramic.com\/es\/wp-json\/wp\/v2\/product_cat?post=949"},{"taxonomy":"product_tag","embeddable":true,"href":"https:\/\/www.lianyuanceramic.com\/es\/wp-json\/wp\/v2\/product_tag?post=949"}],"curies":[{"name":"wp","href":"https:\/\/api.w.org\/{rel}","templated":true}]}}