{"id":317,"date":"2024-10-19T12:25:25","date_gmt":"2024-10-19T12:25:25","guid":{"rendered":"https:\/\/www.lianyuanceramic.com\/?post_type=product&#038;p=317"},"modified":"2024-12-28T14:10:12","modified_gmt":"2024-12-28T14:10:12","slug":"botanic-garden-dinnerware-set-wholesale","status":"publish","type":"product","link":"https:\/\/www.lianyuanceramic.com\/es\/product\/botanic-garden-dinnerware-set-wholesale\/","title":{"rendered":"Vajilla Personalizada Jard\u00edn Bot\u00e1nico Porcelana Azul con Platos, Tazones y Tazas"},"content":{"rendered":"<div class=\"wp-block-columns is-layout-flex wp-container-core-columns-is-layout-9d6595d7 wp-block-columns-is-layout-flex\">\n<div class=\"wp-block-column is-vertically-aligned-center is-layout-flow wp-block-column-is-layout-flow\">\n<h2 class=\"wp-block-heading\">Vajilla Jard\u00edn Bot\u00e1nico Caracter\u00edsticas:<\/h2>\n\n\n\n<p><strong>Material de porcelana duradero<\/strong><br>Fabricado con material cer\u00e1mico seguro y duradero, conforme a las normas de seguridad California 65<\/p>\n\n\n\n<p><strong>Dise\u00f1o de jardines florales y bot\u00e1nicos<\/strong><br>El elegante dise\u00f1o pastoral convierte en especiales las ocasiones cotidianas, como un agradable desayuno dominical con la familia, o el t\u00e9 de la tarde y las reuniones con amigos.<\/p>\n\n\n\n<p><strong>Calcoman\u00edas esmaltadas y artesan\u00eda pintada a mano<\/strong><br>Combinado con la artesan\u00eda pintada a mano en color esmaltado, la superficie es lisa y cada dise\u00f1o tiene un aspecto \u00fanico y exquisito.<\/p>\n\n\n\n<p><strong>Seguro y c\u00f3modo de usar<\/strong><br>Apto para microondas, lavavajillas y hornos, y f\u00e1cil de limpiar.<\/p>\n\n\n\n<p><strong>Varios juegos de vajilla disponibles<\/strong><br>Incluidos platos de cer\u00e1mica, cuencos, teteras, tazas, jarras de cer\u00e1mica para alimentos, etc., seleccione y personalice las especificaciones seg\u00fan las necesidades del cliente.<\/p>\n\n\n\n<p>.<\/p>\n<\/div>\n\n\n\n<div class=\"wp-block-column is-layout-flow wp-block-column-is-layout-flow\">\n<figure class=\"wp-block-image size-full\"><img decoding=\"async\" width=\"705\" height=\"481\" src=\"https:\/\/www.lianyuanceramic.com\/wp-content\/uploads\/2024\/10\/Botanic-Garden-Dinnerware-wholesale.webp\" alt=\"Vajilla Jard\u00edn Bot\u00e1nico al por mayor\" class=\"wp-image-389\" srcset=\"https:\/\/www.lianyuanceramic.com\/wp-content\/uploads\/2024\/10\/Botanic-Garden-Dinnerware-wholesale.webp 705w, https:\/\/www.lianyuanceramic.com\/wp-content\/uploads\/2024\/10\/Botanic-Garden-Dinnerware-wholesale-300x205.webp 300w, https:\/\/www.lianyuanceramic.com\/wp-content\/uploads\/2024\/10\/Botanic-Garden-Dinnerware-wholesale-600x409.webp 600w\" sizes=\"(max-width: 705px) 100vw, 705px\" \/><\/figure>\n<\/div>\n<\/div>\n\n\n\n<div class=\"wp-block-columns is-layout-flex wp-container-core-columns-is-layout-9d6595d7 wp-block-columns-is-layout-flex\">\n<div class=\"wp-block-column is-layout-flow wp-block-column-is-layout-flow\"><div class=\"wp-block-image\">\n<figure class=\"aligncenter size-full\"><img decoding=\"async\" width=\"790\" height=\"586\" src=\"https:\/\/www.lianyuanceramic.com\/wp-content\/uploads\/2024\/10\/Custom-Fall-Dinnerware-1.webp\" alt=\"Vajilla de oto\u00f1o personalizada\" class=\"wp-image-327\" srcset=\"https:\/\/www.lianyuanceramic.com\/wp-content\/uploads\/2024\/10\/Custom-Fall-Dinnerware-1.webp 790w, https:\/\/www.lianyuanceramic.com\/wp-content\/uploads\/2024\/10\/Custom-Fall-Dinnerware-1-300x223.webp 300w, https:\/\/www.lianyuanceramic.com\/wp-content\/uploads\/2024\/10\/Custom-Fall-Dinnerware-1-768x570.webp 768w, https:\/\/www.lianyuanceramic.com\/wp-content\/uploads\/2024\/10\/Custom-Fall-Dinnerware-1-600x445.webp 600w\" sizes=\"(max-width: 790px) 100vw, 790px\" \/><\/figure>\n<\/div><\/div>\n\n\n\n<div class=\"wp-block-column is-vertically-aligned-center is-layout-flow wp-block-column-is-layout-flow\">\n<h2 class=\"wp-block-heading\">Vajilla personalizada Jard\u00edn Bot\u00e1nico<\/h2>\n\n\n\n<p>En Lianyuan, dise\u00f1adores cualificados y artesanos del molde pueden hacer realidad sus ilimitadas necesidades e ideas. Ofrecemos soluciones integrales de OEM y ODM.<\/p>\n\n\n\n<p><strong>Dise\u00f1o: <\/strong>Elija motivos florales o cree su propio dise\u00f1o.<\/p>\n\n\n\n<p><strong>Composici\u00f3n del conjunto:<\/strong> Incluye platos llanos, platos de ensalada, cuencos, tazas, jarras, etc.<\/p>\n\n\n\n<p><strong>Tama\u00f1o: <\/strong>Varios tama\u00f1os de vajilla de uso diario y especificaciones personalizables.<\/p>\n\n\n\n<p><strong>Material:<\/strong> Cer\u00e1mica, porcelana, porcelana china o pregunte por alternativas.<\/p>\n\n\n\n<p><strong>Artesan\u00eda: <\/strong>Calcoman\u00edas de esmalte, cambio de horno, pintadas a mano, motivos en relieve u otros.<\/p>\n\n\n\n<p><strong>Embalaje: <\/strong>Bulk Pack, caja de color, caja de regalo, caja expositora, caja postal, etc.<\/p>\n<\/div>\n<\/div>","protected":false},"excerpt":{"rendered":"<p>Juego de vajilla de jard\u00edn bot\u00e1nico al por mayor, dise\u00f1o floar colorido azul, m\u00faltiples combinaciones de juego y personalizaci\u00f3n de embalaje. Proporcionado por el fabricante de vajilla Lianyuan, y garantizado de alta calidad a precios competitivos.<\/p>\n<h2>Par\u00e1metro de la Vajilla Jard\u00edn Bot\u00e1nico\u00a0<\/h2>\n<table style=\"border-collapse: collapse; width: 370.82pt;\" border=\"0\" width=\"618\" cellspacing=\"0\" cellpadding=\"0\">\n<tbody>\n<tr style=\"height: 15.60pt;\">\n<td class=\"et3\" style=\"height: 15.60pt; width: 108.00pt;\" width=\"180\" height=\"26\">Fabricante<\/td>\n<td class=\"et3\" style=\"width: 263.25pt;\" width=\"438\">Lianyuan<\/td>\n<\/tr>\n<tr style=\"height: 15.60pt;\">\n<td class=\"et3\" style=\"height: 15.60pt;\" height=\"26\">Tipo de producto<\/td>\n<td class=\"et3\">Platos de cer\u00e1mica, cuencos, tazas, teteras, tarros de cer\u00e1mica para alimentos<\/td>\n<\/tr>\n<tr style=\"height: 15.60pt;\">\n<td class=\"et3\" style=\"height: 15.60pt;\" height=\"26\">Patr\u00f3n<\/td>\n<td class=\"et3\">Jard\u00edn floral y bot\u00e1nico<\/td>\n<\/tr>\n<tr style=\"height: 15.60pt;\">\n<td class=\"et3\" style=\"height: 15.60pt;\" height=\"26\">Color<\/td>\n<td class=\"et3\">Multicolor<\/td>\n<\/tr>\n<tr style=\"height: 15.60pt;\">\n<td class=\"et3\" style=\"height: 15.60pt;\" height=\"26\">Material<\/td>\n<td class=\"et3\">Porcelana resistente<\/td>\n<\/tr>\n<tr style=\"height: 15.60pt;\">\n<td class=\"et3\" style=\"height: 15.60pt;\" height=\"26\">Artesan\u00eda<\/td>\n<td class=\"et3\">Calcoman\u00eda esmaltada y pintada a mano<\/td>\n<\/tr>\n<tr style=\"height: 15.60pt;\">\n<td class=\"et3\" style=\"height: 15.60pt;\" height=\"26\">Aplicaci\u00f3n<\/td>\n<td class=\"et3\">Apto para microondas, lavavajillas y horno<\/td>\n<\/tr>\n<tr style=\"height: 15.60pt;\">\n<td class=\"et3\" style=\"height: 15.60pt;\" height=\"26\">A medida<\/td>\n<td class=\"et3\">Color\/Tama\u00f1o\/Logotipo\/Embalaje<\/td>\n<\/tr>\n<\/tbody>\n<\/table>","protected":false},"featured_media":389,"comment_status":"open","ping_status":"closed","template":"","meta":{"_acf_changed":false},"product_brand":[],"product_cat":[17],"product_tag":[30,29,27],"class_list":{"0":"post-317","1":"product","2":"type-product","3":"status-publish","4":"has-post-thumbnail","6":"product_cat-dinnerware-wholesale","7":"product_tag-custom-porcelain-dinnerware","8":"product_tag-hand-painted-embossed-dinnerware-wholesale","9":"product_tag-wholesale-decal-ceramics","11":"first","12":"instock","13":"shipping-taxable","14":"product-type-simple"},"acf":[],"_links":{"self":[{"href":"https:\/\/www.lianyuanceramic.com\/es\/wp-json\/wp\/v2\/product\/317","targetHints":{"allow":["GET"]}}],"collection":[{"href":"https:\/\/www.lianyuanceramic.com\/es\/wp-json\/wp\/v2\/product"}],"about":[{"href":"https:\/\/www.lianyuanceramic.com\/es\/wp-json\/wp\/v2\/types\/product"}],"replies":[{"embeddable":true,"href":"https:\/\/www.lianyuanceramic.com\/es\/wp-json\/wp\/v2\/comments?post=317"}],"wp:featuredmedia":[{"embeddable":true,"href":"https:\/\/www.lianyuanceramic.com\/es\/wp-json\/wp\/v2\/media\/389"}],"wp:attachment":[{"href":"https:\/\/www.lianyuanceramic.com\/es\/wp-json\/wp\/v2\/media?parent=317"}],"wp:term":[{"taxonomy":"product_brand","embeddable":true,"href":"https:\/\/www.lianyuanceramic.com\/es\/wp-json\/wp\/v2\/product_brand?post=317"},{"taxonomy":"product_cat","embeddable":true,"href":"https:\/\/www.lianyuanceramic.com\/es\/wp-json\/wp\/v2\/product_cat?post=317"},{"taxonomy":"product_tag","embeddable":true,"href":"https:\/\/www.lianyuanceramic.com\/es\/wp-json\/wp\/v2\/product_tag?post=317"}],"curies":[{"name":"wp","href":"https:\/\/api.w.org\/{rel}","templated":true}]}}