{"id":311,"date":"2024-10-19T18:01:44","date_gmt":"2024-10-19T18:01:44","guid":{"rendered":"https:\/\/www.lianyuanceramic.com\/?post_type=product&#038;p=311"},"modified":"2024-12-28T14:09:39","modified_gmt":"2024-12-28T14:09:39","slug":"servingware-set-wholesale","status":"publish","type":"product","link":"https:\/\/www.lianyuanceramic.com\/es\/product\/servingware-set-wholesale\/","title":{"rendered":"Vajilla de cer\u00e1mica personalizada con exquisito dise\u00f1o de hojas rojas"},"content":{"rendered":"<div class=\"wp-block-columns is-layout-flex wp-container-core-columns-is-layout-9d6595d7 wp-block-columns-is-layout-flex\">\n<div class=\"wp-block-column is-layout-flow wp-block-column-is-layout-flow\">\n<h2 class=\"wp-block-heading\">Juego de cubiertos Caracter\u00edsticas:<\/h2>\n\n\n\n<p><strong>Trabajos manuales ex\u00f3ticos<\/strong><br>Cada una de estas vajillas de cer\u00e1mica utiliza un exquisito dibujo de hojas rojas en combinaci\u00f3n con calcoman\u00edas bajo vidriado, pintura hecha a mano y repujado.<\/p>\n\n\n\n<p><strong>Gran durabilidad<\/strong><br>Gran durabilidad, apto para microondas, lavavajillas y horno; f\u00e1cil de usar en la vida diaria.<\/p>\n\n\n\n<p><strong>Cumplimiento de la normativa medioambiental<\/strong><br>Cumple las normas de seguridad de la Proposici\u00f3n 65 de California para garantizar una salud inofensiva y apta para uso dom\u00e9stico<\/p>\n\n\n\n<p><strong>Versatilidad<\/strong><br>Es adecuado para diferentes ocasiones, ya sea para cenas diarias, reuniones familiares o celebraciones festivas; embellece exquisitamente la mesa de comedor.<\/p>\n<\/div>\n\n\n\n<div class=\"wp-block-column is-layout-flow wp-block-column-is-layout-flow\">\n<figure class=\"wp-block-image size-full\"><img decoding=\"async\" width=\"612\" height=\"612\" src=\"https:\/\/www.lianyuanceramic.com\/wp-content\/uploads\/2024\/10\/Custom-Ceramic-Servingware-1.webp\" alt=\"Vajilla de cer\u00e1mica personalizada 1\" class=\"wp-image-314\" srcset=\"https:\/\/www.lianyuanceramic.com\/wp-content\/uploads\/2024\/10\/Custom-Ceramic-Servingware-1.webp 612w, https:\/\/www.lianyuanceramic.com\/wp-content\/uploads\/2024\/10\/Custom-Ceramic-Servingware-1-300x300.webp 300w, https:\/\/www.lianyuanceramic.com\/wp-content\/uploads\/2024\/10\/Custom-Ceramic-Servingware-1-150x150.webp 150w, https:\/\/www.lianyuanceramic.com\/wp-content\/uploads\/2024\/10\/Custom-Ceramic-Servingware-1-600x600.webp 600w, https:\/\/www.lianyuanceramic.com\/wp-content\/uploads\/2024\/10\/Custom-Ceramic-Servingware-1-100x100.webp 100w\" sizes=\"(max-width: 612px) 100vw, 612px\" \/><\/figure>\n<\/div>\n<\/div>\n\n\n\n<div class=\"wp-block-columns is-layout-flex wp-container-core-columns-is-layout-9d6595d7 wp-block-columns-is-layout-flex\">\n<div class=\"wp-block-column is-layout-flow wp-block-column-is-layout-flow\"><\/div>\n\n\n\n<div class=\"wp-block-column is-layout-flow wp-block-column-is-layout-flow\"><\/div>\n<\/div>\n\n\n\n<div class=\"wp-block-columns is-layout-flex wp-container-core-columns-is-layout-9d6595d7 wp-block-columns-is-layout-flex\">\n<div class=\"wp-block-column is-layout-flow wp-block-column-is-layout-flow\">\n<figure class=\"wp-block-image size-full is-resized\"><img decoding=\"async\" width=\"5202\" height=\"7803\" src=\"https:\/\/www.lianyuanceramic.com\/wp-content\/uploads\/2024\/10\/servingware-set-wholeale.webp\" alt=\"juego de cubiertos al por mayor\" class=\"wp-image-437\" style=\"width:416px;height:auto\" srcset=\"https:\/\/www.lianyuanceramic.com\/wp-content\/uploads\/2024\/10\/servingware-set-wholeale.webp 5202w, https:\/\/www.lianyuanceramic.com\/wp-content\/uploads\/2024\/10\/servingware-set-wholeale-200x300.webp 200w, https:\/\/www.lianyuanceramic.com\/wp-content\/uploads\/2024\/10\/servingware-set-wholeale-768x1152.webp 768w, https:\/\/www.lianyuanceramic.com\/wp-content\/uploads\/2024\/10\/servingware-set-wholeale-1200x1800.webp 1200w, https:\/\/www.lianyuanceramic.com\/wp-content\/uploads\/2024\/10\/servingware-set-wholeale-600x900.webp 600w\" sizes=\"(max-width: 5202px) 100vw, 5202px\" \/><\/figure>\n<\/div>\n\n\n\n<div class=\"wp-block-column is-layout-flow wp-block-column-is-layout-flow\">\n<h2 class=\"wp-block-heading\">Vajilla personalizada<\/h2>\n\n\n\n<p>Tanto para el hogar como para la hosteler\u00eda, nuestros dise\u00f1os de vajilla a medida combinan la funcionalidad pr\u00e1ctica con elementos art\u00edsticos, manteniendo al mismo tiempo los m\u00e1s altos est\u00e1ndares de calidad.<\/p>\n\n\n\n<p><strong>Materiales<\/strong>: Elija entre cer\u00e1mica de alta calidad, porcelana, porcelana resistente al calor, dolomita o porcelana china<\/p>\n\n\n\n<p><strong>Tama\u00f1os y formas<\/strong>: Desde grandes platos a peque\u00f1os cuencos, ofrecemos varios tama\u00f1os y formas, como vajilla redonda, ovalada, cuadrada o de dise\u00f1o exclusivo.<\/p>\n\n\n\n<p><strong>Colores<\/strong>: Elija entre una amplia gama de colores para combinar con la identidad de su marca o con temas de temporada.<\/p>\n\n\n\n<p><strong>Acabados y esmaltes<\/strong>: Las opciones incluyen acabados brillantes, mates o texturizados.<\/p>\n\n\n\n<p><strong>Dise\u00f1os y patrones<\/strong>: Personal\u00edcelo con el logotipo de su marca, intrincadas calcoman\u00edas o dise\u00f1os grabados pintados a mano.<\/p>\n\n\n\n<p><strong>Embalaje:<\/strong> Paquete a granel, caja de color, caja de regalo, caja expositora, caja de correo, etc.<\/p>\n<\/div>\n<\/div>\n\n\n\n<p><\/p>","protected":false},"excerpt":{"rendered":"<p>Exclusivo juego de servicio personalizado con dise\u00f1o de hojas rojas, m\u00faltiples formas y tama\u00f1os para elegir. Adecuado para servir platos de diferentes capacidades. Recepci\u00f3n para consultar la f\u00e1brica de Lianyuan para la cita libre.<\/p>\n<h2>\u00a0Par\u00e1metros del juego de cubiertos<\/h2>\n<table width=\"353\">\n<tbody>\n<tr>\n<td width=\"82\">Fabricante<\/td>\n<td width=\"270\">Lianyuan<\/td>\n<\/tr>\n<tr>\n<td>Tipo de producto<\/td>\n<td width=\"270\">Bandeja org\u00e1nica, Bandeja ovalada, Bandeja oblonga<\/td>\n<\/tr>\n<tr>\n<td>Patr\u00f3n<\/td>\n<td>Floral, Hojas rojas<\/td>\n<\/tr>\n<tr>\n<td>Material<\/td>\n<td>Porcelana resistente<\/td>\n<\/tr>\n<tr>\n<td>Artesan\u00eda<\/td>\n<td>Calcoman\u00eda en esmalte, pintada a mano\u00a0<\/td>\n<\/tr>\n<tr>\n<td>Aplicaci\u00f3n<\/td>\n<td>Apto para microondas, lavavajillas y horno<\/td>\n<\/tr>\n<tr>\n<td>A medida<\/td>\n<td>Color\/Tama\u00f1o\/Logotipo\/Embalaje<\/td>\n<\/tr>\n<\/tbody>\n<\/table>","protected":false},"featured_media":314,"comment_status":"open","ping_status":"closed","template":"","meta":{"_acf_changed":false},"product_brand":[],"product_cat":[19],"product_tag":[30,29,27],"class_list":{"0":"post-311","1":"product","2":"type-product","3":"status-publish","4":"has-post-thumbnail","6":"product_cat-serveware-wholesale","7":"product_tag-custom-porcelain-dinnerware","8":"product_tag-hand-painted-embossed-dinnerware-wholesale","9":"product_tag-wholesale-decal-ceramics","11":"first","12":"instock","13":"shipping-taxable","14":"product-type-simple"},"acf":[],"_links":{"self":[{"href":"https:\/\/www.lianyuanceramic.com\/es\/wp-json\/wp\/v2\/product\/311","targetHints":{"allow":["GET"]}}],"collection":[{"href":"https:\/\/www.lianyuanceramic.com\/es\/wp-json\/wp\/v2\/product"}],"about":[{"href":"https:\/\/www.lianyuanceramic.com\/es\/wp-json\/wp\/v2\/types\/product"}],"replies":[{"embeddable":true,"href":"https:\/\/www.lianyuanceramic.com\/es\/wp-json\/wp\/v2\/comments?post=311"}],"wp:featuredmedia":[{"embeddable":true,"href":"https:\/\/www.lianyuanceramic.com\/es\/wp-json\/wp\/v2\/media\/314"}],"wp:attachment":[{"href":"https:\/\/www.lianyuanceramic.com\/es\/wp-json\/wp\/v2\/media?parent=311"}],"wp:term":[{"taxonomy":"product_brand","embeddable":true,"href":"https:\/\/www.lianyuanceramic.com\/es\/wp-json\/wp\/v2\/product_brand?post=311"},{"taxonomy":"product_cat","embeddable":true,"href":"https:\/\/www.lianyuanceramic.com\/es\/wp-json\/wp\/v2\/product_cat?post=311"},{"taxonomy":"product_tag","embeddable":true,"href":"https:\/\/www.lianyuanceramic.com\/es\/wp-json\/wp\/v2\/product_tag?post=311"}],"curies":[{"name":"wp","href":"https:\/\/api.w.org\/{rel}","templated":true}]}}