{"id":307,"date":"2024-10-20T04:46:56","date_gmt":"2024-10-20T04:46:56","guid":{"rendered":"https:\/\/www.lianyuanceramic.com\/?post_type=product&#038;p=307"},"modified":"2024-12-28T14:08:49","modified_gmt":"2024-12-28T14:08:49","slug":"great-dinnerware-set-wholesale","status":"publish","type":"product","link":"https:\/\/www.lianyuanceramic.com\/es\/product\/great-dinnerware-set-wholesale\/","title":{"rendered":"Vajilla Grande Personalizada Porcelana Floral Verde"},"content":{"rendered":"<div class=\"wp-block-columns is-layout-flex wp-container-core-columns-is-layout-9d6595d7 wp-block-columns-is-layout-flex\">\n<div class=\"wp-block-column is-layout-flow wp-block-column-is-layout-flow\">\n<h2 class=\"wp-block-heading\">Gran Vajilla Caracter\u00edsticas:<\/h2>\n\n\n\n<p><strong>Elegante dise\u00f1o floral<\/strong><br>La serie Fresh Garden, con calcoman\u00edas esmaltadas y pintadas a mano de forma artesanal, es bella y singularmente atractiva, y a\u00f1ade un toque art\u00edstico a la mesa de comedor.<\/p>\n\n\n\n<p><strong>Porcelana duradera de alta calidad<\/strong><br>Hecho de porcelana duradera, cumple con las normas de seguridad 65 de California, seguro y no t\u00f3xico.<\/p>\n\n\n\n<p><strong>Primera opci\u00f3n para hacer regalos<\/strong><br>Dise\u00f1o y envase exquisitos, adecuados para bodas, cumplea\u00f1os y festivales.<\/p>\n<\/div>\n\n\n\n<div class=\"wp-block-column is-layout-flow wp-block-column-is-layout-flow\">\n<figure class=\"wp-block-image size-full\"><img decoding=\"async\" width=\"4072\" height=\"4072\" src=\"https:\/\/www.lianyuanceramic.com\/wp-content\/uploads\/2024\/10\/Wholesale-Fine-China-Dinnerware-3.webp\" alt=\"Venta al por mayor de vajilla fina china (3)\" class=\"wp-image-316\" srcset=\"https:\/\/www.lianyuanceramic.com\/wp-content\/uploads\/2024\/10\/Wholesale-Fine-China-Dinnerware-3.webp 4072w, https:\/\/www.lianyuanceramic.com\/wp-content\/uploads\/2024\/10\/Wholesale-Fine-China-Dinnerware-3-300x300.webp 300w, https:\/\/www.lianyuanceramic.com\/wp-content\/uploads\/2024\/10\/Wholesale-Fine-China-Dinnerware-3-150x150.webp 150w, https:\/\/www.lianyuanceramic.com\/wp-content\/uploads\/2024\/10\/Wholesale-Fine-China-Dinnerware-3-768x768.webp 768w, https:\/\/www.lianyuanceramic.com\/wp-content\/uploads\/2024\/10\/Wholesale-Fine-China-Dinnerware-3-1200x1200.webp 1200w, https:\/\/www.lianyuanceramic.com\/wp-content\/uploads\/2024\/10\/Wholesale-Fine-China-Dinnerware-3-600x600.webp 600w, https:\/\/www.lianyuanceramic.com\/wp-content\/uploads\/2024\/10\/Wholesale-Fine-China-Dinnerware-3-100x100.webp 100w\" sizes=\"(max-width: 4072px) 100vw, 4072px\" \/><\/figure>\n<\/div>\n<\/div>\n\n\n\n<div class=\"wp-block-columns is-layout-flex wp-container-core-columns-is-layout-9d6595d7 wp-block-columns-is-layout-flex\">\n<div class=\"wp-block-column is-layout-flow wp-block-column-is-layout-flow\">\n<figure class=\"wp-block-image size-full\"><img decoding=\"async\" width=\"2080\" height=\"2080\" src=\"https:\/\/www.lianyuanceramic.com\/wp-content\/uploads\/2024\/10\/Wholesale-Fine-China-Dinnerware-2.webp\" alt=\"Venta al por mayor de vajilla fina china (2)\" class=\"wp-image-313\" srcset=\"https:\/\/www.lianyuanceramic.com\/wp-content\/uploads\/2024\/10\/Wholesale-Fine-China-Dinnerware-2.webp 2080w, https:\/\/www.lianyuanceramic.com\/wp-content\/uploads\/2024\/10\/Wholesale-Fine-China-Dinnerware-2-300x300.webp 300w, https:\/\/www.lianyuanceramic.com\/wp-content\/uploads\/2024\/10\/Wholesale-Fine-China-Dinnerware-2-150x150.webp 150w, https:\/\/www.lianyuanceramic.com\/wp-content\/uploads\/2024\/10\/Wholesale-Fine-China-Dinnerware-2-768x768.webp 768w, https:\/\/www.lianyuanceramic.com\/wp-content\/uploads\/2024\/10\/Wholesale-Fine-China-Dinnerware-2-1200x1200.webp 1200w, https:\/\/www.lianyuanceramic.com\/wp-content\/uploads\/2024\/10\/Wholesale-Fine-China-Dinnerware-2-600x600.webp 600w, https:\/\/www.lianyuanceramic.com\/wp-content\/uploads\/2024\/10\/Wholesale-Fine-China-Dinnerware-2-100x100.webp 100w\" sizes=\"(max-width: 2080px) 100vw, 2080px\" \/><\/figure>\n<\/div>\n\n\n\n<div class=\"wp-block-column is-layout-flow wp-block-column-is-layout-flow\">\n<h2 class=\"wp-block-heading\">Gran vajilla personalizada<\/h2>\n\n\n\n<p>En Lianyuan, dise\u00f1adores cualificados y artesanos del molde pueden hacer realidad sus ilimitadas necesidades e ideas. Ofrecemos soluciones integrales de OEM y ODM.<\/p>\n\n\n\n<p><strong>Dise\u00f1o:&nbsp;<\/strong>Elija motivos florales o cree su propio dise\u00f1o.<\/p>\n\n\n\n<p><strong>Composici\u00f3n del conjunto:<\/strong>&nbsp;Juegos de tazas de cer\u00e1mica personalizados con combinaciones de tazas, cuencos y cucharas.<\/p>\n\n\n\n<p><strong>Tama\u00f1o:&nbsp;<\/strong>Elija entre varios tama\u00f1os para adaptarse a las diferentes raciones de comida.<\/p>\n\n\n\n<p><strong>Material:<\/strong>&nbsp;Cer\u00e1mica, porcelana, hueso chinan o pregunte por alternativas.<\/p>\n\n\n\n<p><strong>Artesan\u00eda:&nbsp;<\/strong>Calcoman\u00edas de esmalte, cambio de horno, pintadas a mano, motivos en relieve u otros.<\/p>\n\n\n\n<p><strong>Embalaje:&nbsp;<\/strong>Paquete a granel, caja de color, caja de regalo, caja expositora, caja de correo, etc.<\/p>\n<\/div>\n<\/div>","protected":false},"excerpt":{"rendered":"<p>Gran vajilla de alta calidad al por mayor y por encargo del fabricante de vajilla superior, con dise\u00f1os de patrones florales elegantes y \u00fanicos, adecuados para comer todos los d\u00edas y tambi\u00e9n una gran opci\u00f3n de regalo.<\/p>\n<h2>Gran Vajilla Par\u00e1metro<\/h2>\n<table style=\"border-collapse: collapse; width: 370.82pt;\" border=\"0\" width=\"618\" cellspacing=\"0\" cellpadding=\"0\">\n<tbody>\n<tr style=\"height: 15.60pt;\">\n<td class=\"et3\" style=\"height: 15.60pt; width: 108.00pt;\" width=\"180\" height=\"26\">Fabricante<\/td>\n<td class=\"et3\" style=\"width: 263.25pt;\" width=\"438\">Lianyuan<\/td>\n<\/tr>\n<tr style=\"height: 15.60pt;\">\n<td class=\"et3\" style=\"height: 15.60pt;\" height=\"26\">Tipo de producto<\/td>\n<td class=\"et3\">Vajilla, Servicio de mesa, Vajilla, Juego de t\u00e9<\/td>\n<\/tr>\n<tr style=\"height: 15.60pt;\">\n<td class=\"et3\" style=\"height: 15.60pt;\" height=\"26\">Patr\u00f3n<\/td>\n<td class=\"et3\">Flora<\/td>\n<\/tr>\n<tr style=\"height: 15.60pt;\">\n<td class=\"et3\" style=\"height: 15.60pt;\" height=\"26\">Color<\/td>\n<td class=\"et3\">Verde, multicolor<\/td>\n<\/tr>\n<tr style=\"height: 15.60pt;\">\n<td class=\"et3\" style=\"height: 15.60pt;\" height=\"26\">Material<\/td>\n<td class=\"et3\">Porcelana resistente<\/td>\n<\/tr>\n<tr style=\"height: 15.60pt;\">\n<td class=\"et3\" style=\"height: 15.60pt;\" height=\"26\">Artesan\u00eda<\/td>\n<td class=\"et3\">Calcoman\u00eda esmaltada y pintura a mano<\/td>\n<\/tr>\n<tr style=\"height: 15.60pt;\">\n<td class=\"et3\" style=\"height: 15.60pt;\" height=\"26\">Aplicaci\u00f3n<\/td>\n<td class=\"et3\">Apto para microondas, lavavajillas y horno<\/td>\n<\/tr>\n<tr style=\"height: 15.60pt;\">\n<td class=\"et3\" style=\"height: 15.60pt;\" height=\"26\">A medida<\/td>\n<td class=\"et3\">Color\/Tama\u00f1o\/Logotipo\/Embalaje<\/td>\n<\/tr>\n<\/tbody>\n<\/table>","protected":false},"featured_media":313,"comment_status":"open","ping_status":"closed","template":"","meta":{"_acf_changed":true},"product_brand":[],"product_cat":[17],"product_tag":[30,29,27],"class_list":{"0":"post-307","1":"product","2":"type-product","3":"status-publish","4":"has-post-thumbnail","6":"product_cat-dinnerware-wholesale","7":"product_tag-custom-porcelain-dinnerware","8":"product_tag-hand-painted-embossed-dinnerware-wholesale","9":"product_tag-wholesale-decal-ceramics","11":"first","12":"instock","13":"shipping-taxable","14":"product-type-simple"},"acf":[],"_links":{"self":[{"href":"https:\/\/www.lianyuanceramic.com\/es\/wp-json\/wp\/v2\/product\/307","targetHints":{"allow":["GET"]}}],"collection":[{"href":"https:\/\/www.lianyuanceramic.com\/es\/wp-json\/wp\/v2\/product"}],"about":[{"href":"https:\/\/www.lianyuanceramic.com\/es\/wp-json\/wp\/v2\/types\/product"}],"replies":[{"embeddable":true,"href":"https:\/\/www.lianyuanceramic.com\/es\/wp-json\/wp\/v2\/comments?post=307"}],"wp:featuredmedia":[{"embeddable":true,"href":"https:\/\/www.lianyuanceramic.com\/es\/wp-json\/wp\/v2\/media\/313"}],"wp:attachment":[{"href":"https:\/\/www.lianyuanceramic.com\/es\/wp-json\/wp\/v2\/media?parent=307"}],"wp:term":[{"taxonomy":"product_brand","embeddable":true,"href":"https:\/\/www.lianyuanceramic.com\/es\/wp-json\/wp\/v2\/product_brand?post=307"},{"taxonomy":"product_cat","embeddable":true,"href":"https:\/\/www.lianyuanceramic.com\/es\/wp-json\/wp\/v2\/product_cat?post=307"},{"taxonomy":"product_tag","embeddable":true,"href":"https:\/\/www.lianyuanceramic.com\/es\/wp-json\/wp\/v2\/product_tag?post=307"}],"curies":[{"name":"wp","href":"https:\/\/api.w.org\/{rel}","templated":true}]}}