{"id":297,"date":"2024-10-20T03:39:28","date_gmt":"2024-10-20T03:39:28","guid":{"rendered":"https:\/\/www.lianyuanceramic.com\/?post_type=product&#038;p=297"},"modified":"2025-01-16T14:43:14","modified_gmt":"2025-01-16T14:43:14","slug":"casserole-dish-with-lid-wholesale","status":"publish","type":"product","link":"https:\/\/www.lianyuanceramic.com\/es\/product\/casserole-dish-with-lid-wholesale\/","title":{"rendered":"Cazuela de Cer\u00e1mica con Tapa Gris Rosa Varias Formas Personalizada"},"content":{"rendered":"<div class=\"wp-block-columns is-layout-flex wp-container-core-columns-is-layout-9d6595d7 wp-block-columns-is-layout-flex\">\n<div class=\"wp-block-column is-layout-flow wp-block-column-is-layout-flow\">\n<h2 class=\"wp-block-heading\">Caracter\u00edsticas de la cacerola con tapa:<\/h2>\n\n\n\n<p><strong>Dise\u00f1o moderno y elegante<\/strong><br>La forma moderna de la tapa se combina con colores modernos y duraderos que no desti\u00f1en para que cocinar sea divertido.<\/p>\n\n\n\n<p><strong>Materiales de alta calidad<\/strong><br>Fabricado con minerales naturales y espodumeno australiano, cumple todas las normas de seguridad alimentaria y es sano y seguro<\/p>\n\n\n\n<p><strong>Excelente resistencia al choque t\u00e9rmico<\/strong><br>Puede soportar cambios r\u00e1pidos de temperatura de hasta 450\u00b0C, y el material de alta densidad bloquea la absorci\u00f3n de humedad y evita que se agriete y se parta.<\/p>\n\n\n\n<p><strong>Uso c\u00f3modo y ahorro de energ\u00eda<\/strong><br>Espesor moderado, peso ligero, r\u00e1pida conducci\u00f3n del calor, enfriamiento lento, se puede cocinar con poco calor, ahorrando tiempo y energ\u00eda.<\/p>\n\n\n\n<p><strong>Duradero y f\u00e1cil de limpiar<\/strong><br>La superficie lisa de la cer\u00e1mica evita ara\u00f1azos, suciedad y corrosi\u00f3n, es antiadherente y f\u00e1cil de limpiar.<\/p>\n<\/div>\n\n\n\n<div class=\"wp-block-column is-layout-flow wp-block-column-is-layout-flow\">\n<figure class=\"wp-block-image size-full\"><img decoding=\"async\" width=\"2500\" height=\"2500\" src=\"https:\/\/www.lianyuanceramic.com\/wp-content\/uploads\/2024\/10\/Wholesale-Earthenware-Pot-10.webp\" alt=\"Venta al por mayor de ollas de barro (10)\" class=\"wp-image-305\" srcset=\"https:\/\/www.lianyuanceramic.com\/wp-content\/uploads\/2024\/10\/Wholesale-Earthenware-Pot-10.webp 2500w, https:\/\/www.lianyuanceramic.com\/wp-content\/uploads\/2024\/10\/Wholesale-Earthenware-Pot-10-300x300.webp 300w, https:\/\/www.lianyuanceramic.com\/wp-content\/uploads\/2024\/10\/Wholesale-Earthenware-Pot-10-150x150.webp 150w, https:\/\/www.lianyuanceramic.com\/wp-content\/uploads\/2024\/10\/Wholesale-Earthenware-Pot-10-768x768.webp 768w, https:\/\/www.lianyuanceramic.com\/wp-content\/uploads\/2024\/10\/Wholesale-Earthenware-Pot-10-1200x1200.webp 1200w, https:\/\/www.lianyuanceramic.com\/wp-content\/uploads\/2024\/10\/Wholesale-Earthenware-Pot-10-600x600.webp 600w, https:\/\/www.lianyuanceramic.com\/wp-content\/uploads\/2024\/10\/Wholesale-Earthenware-Pot-10-100x100.webp 100w\" sizes=\"(max-width: 2500px) 100vw, 2500px\" \/><\/figure>\n<\/div>\n<\/div>\n\n\n\n<div class=\"wp-block-columns is-layout-flex wp-container-core-columns-is-layout-9d6595d7 wp-block-columns-is-layout-flex\">\n<div class=\"wp-block-column is-layout-flow wp-block-column-is-layout-flow\">\n<figure class=\"wp-block-image size-full\"><img decoding=\"async\" width=\"2684\" height=\"2684\" src=\"https:\/\/www.lianyuanceramic.com\/wp-content\/uploads\/2024\/10\/Wholesale-Earthenware-Pot-2.webp\" alt=\"Mayorista de ollas de barro (2)\" class=\"wp-image-301\" srcset=\"https:\/\/www.lianyuanceramic.com\/wp-content\/uploads\/2024\/10\/Wholesale-Earthenware-Pot-2.webp 2684w, https:\/\/www.lianyuanceramic.com\/wp-content\/uploads\/2024\/10\/Wholesale-Earthenware-Pot-2-300x300.webp 300w, https:\/\/www.lianyuanceramic.com\/wp-content\/uploads\/2024\/10\/Wholesale-Earthenware-Pot-2-150x150.webp 150w, https:\/\/www.lianyuanceramic.com\/wp-content\/uploads\/2024\/10\/Wholesale-Earthenware-Pot-2-768x768.webp 768w, https:\/\/www.lianyuanceramic.com\/wp-content\/uploads\/2024\/10\/Wholesale-Earthenware-Pot-2-1200x1200.webp 1200w, https:\/\/www.lianyuanceramic.com\/wp-content\/uploads\/2024\/10\/Wholesale-Earthenware-Pot-2-600x600.webp 600w, https:\/\/www.lianyuanceramic.com\/wp-content\/uploads\/2024\/10\/Wholesale-Earthenware-Pot-2-100x100.webp 100w\" sizes=\"(max-width: 2684px) 100vw, 2684px\" \/><\/figure>\n<\/div>\n\n\n\n<div class=\"wp-block-column is-layout-flow wp-block-column-is-layout-flow\">\n<h2 class=\"wp-block-heading\">Cacerola con tapa personalizada<\/h2>\n\n\n\n<p>Una amplia gama de opciones de cacerolas personalizadas garantiza cacerolas de alta calidad que satisfacen las necesidades funcionales y de imagen de marca de los distintos mercados.<\/p>\n\n\n\n<p><strong>Tama\u00f1os y formas<\/strong>: Incluye tama\u00f1os redondos, ovalados, rectangulares y personalizados.<\/p>\n\n\n\n<p><strong>Materiales y grosor<\/strong>: Arcilla resistente al calor, cer\u00e1mica duradera, porcelana, gres, y los espesores var\u00edan en resistencia al calor.<\/p>\n\n\n\n<p><strong>Dise\u00f1os de tapa y asa<\/strong>: Personalice la forma, el material y el tama\u00f1o de la tapa y el asa para facilitar su manejo.<\/p>\n\n\n\n<p><strong>Acabados<\/strong>: Las opciones incluyen acabados mate, brillante o texturizado.<\/p>\n\n\n\n<p><strong>Decoraciones\/Patrones<\/strong>: Patrones, dise\u00f1os o logotipos personalizados, incluidas calcoman\u00edas, pintados a mano y en relieve.<\/p>\n\n\n\n<p><strong>Embalaje<\/strong>: Envases personalizados para pedidos al por mayor, lotes de regalo o distribuci\u00f3n al por menor con etiquetas o marcas personalizadas.<\/p>\n<\/div>\n<\/div>","protected":false},"excerpt":{"rendered":"<p>Cacerola de alta calidad con tapa, fabricada en cer\u00e1mica duradera, resistente al calor y no propensa a agrietarse, que garantiza una distribuci\u00f3n uniforme del calor. La forma moderna y el color llamativo hacen que la cacerola sea a\u00fan m\u00e1s atractiva. Si desea m\u00e1s informaci\u00f3n, p\u00f3ngase en contacto con nosotros.<\/p>\n<h2>Par\u00e1metro de la cacerola con tapa<\/h2>\n<table style=\"border-collapse: collapse; width: 370.82pt;\" border=\"0\" width=\"618\" cellspacing=\"0\" cellpadding=\"0\">\n<tbody>\n<tr style=\"height: 15.60pt;\">\n<td class=\"et3\" style=\"height: 15.60pt; width: 108.00pt;\" width=\"180\" height=\"26\">Fabricante<\/td>\n<td class=\"et3\" style=\"width: 263.25pt;\" width=\"438\">Lianyuan<\/td>\n<\/tr>\n<tr style=\"height: 15.60pt;\">\n<td class=\"et3\" style=\"height: 15.60pt;\" height=\"26\">Tipo de producto<\/td>\n<td class=\"et3\">Cacerola para sopa, Cacerola multifuncional, Olla para leche<\/td>\n<\/tr>\n<tr style=\"height: 15.60pt;\">\n<td class=\"et3\" style=\"height: 15.60pt;\" height=\"26\">Color<\/td>\n<td class=\"et3\">Cuerpo gris con tapa rosa<\/td>\n<\/tr>\n<tr style=\"height: 15.60pt;\">\n<td class=\"et3\" style=\"height: 15.60pt;\" height=\"26\">Material<\/td>\n<td class=\"et3\">Arcilla resistente al calor<\/td>\n<\/tr>\n<tr style=\"height: 15.60pt;\">\n<td class=\"et3\" style=\"height: 15.60pt;\" height=\"26\">Artesan\u00eda<\/td>\n<td class=\"et3\">Calcoman\u00eda esmaltada y pintura a mano<\/td>\n<\/tr>\n<tr style=\"height: 15.60pt;\">\n<td class=\"et3\" style=\"height: 15.60pt;\" height=\"26\">Aplicaci\u00f3n<\/td>\n<td class=\"et3\">Apto para microondas, lavavajillas y horno<\/td>\n<\/tr>\n<tr style=\"height: 15.60pt;\">\n<td class=\"et3\" style=\"height: 15.60pt;\" height=\"26\">A medida<\/td>\n<td class=\"et3\">Color\/Tama\u00f1o\/Logotipo\/Embalaje<\/td>\n<\/tr>\n<\/tbody>\n<\/table>","protected":false},"featured_media":301,"comment_status":"open","ping_status":"closed","template":"","meta":{"_acf_changed":false},"product_brand":[],"product_cat":[20],"product_tag":[33],"class_list":{"0":"post-297","1":"product","2":"type-product","3":"status-publish","4":"has-post-thumbnail","6":"product_cat-custom-bakeware-casserole-dish","7":"product_tag-wholesale-heat-resistant-ceramics","9":"first","10":"instock","11":"shipping-taxable","12":"product-type-simple"},"acf":[],"_links":{"self":[{"href":"https:\/\/www.lianyuanceramic.com\/es\/wp-json\/wp\/v2\/product\/297","targetHints":{"allow":["GET"]}}],"collection":[{"href":"https:\/\/www.lianyuanceramic.com\/es\/wp-json\/wp\/v2\/product"}],"about":[{"href":"https:\/\/www.lianyuanceramic.com\/es\/wp-json\/wp\/v2\/types\/product"}],"replies":[{"embeddable":true,"href":"https:\/\/www.lianyuanceramic.com\/es\/wp-json\/wp\/v2\/comments?post=297"}],"wp:featuredmedia":[{"embeddable":true,"href":"https:\/\/www.lianyuanceramic.com\/es\/wp-json\/wp\/v2\/media\/301"}],"wp:attachment":[{"href":"https:\/\/www.lianyuanceramic.com\/es\/wp-json\/wp\/v2\/media?parent=297"}],"wp:term":[{"taxonomy":"product_brand","embeddable":true,"href":"https:\/\/www.lianyuanceramic.com\/es\/wp-json\/wp\/v2\/product_brand?post=297"},{"taxonomy":"product_cat","embeddable":true,"href":"https:\/\/www.lianyuanceramic.com\/es\/wp-json\/wp\/v2\/product_cat?post=297"},{"taxonomy":"product_tag","embeddable":true,"href":"https:\/\/www.lianyuanceramic.com\/es\/wp-json\/wp\/v2\/product_tag?post=297"}],"curies":[{"name":"wp","href":"https:\/\/api.w.org\/{rel}","templated":true}]}}