{"id":2902,"date":"2026-04-28T09:16:30","date_gmt":"2026-04-28T09:16:30","guid":{"rendered":"https:\/\/www.lianyuanceramic.com\/?post_type=product&#038;p=2902"},"modified":"2026-04-28T09:16:32","modified_gmt":"2026-04-28T09:16:32","slug":"porcelain-bowls-wholesale","status":"publish","type":"product","link":"https:\/\/www.lianyuanceramic.com\/es\/product\/porcelain-bowls-wholesale\/","title":{"rendered":"Tazones de porcelana blanca al por mayor, Ronda de sopa Ramen Ensaladera con pie de pie personalizado"},"content":{"rendered":"<div class=\"wp-block-columns is-layout-flex wp-container-core-columns-is-layout-9d6595d7 wp-block-columns-is-layout-flex\">\n<div class=\"wp-block-column is-layout-flow wp-block-column-is-layout-flow\">\n<h2 class=\"wp-block-heading\">Tazones de porcelana blanca Caracter\u00edsticas:<\/h2>\n\n\n\n<p><strong>Elegante dise\u00f1o blanco para una mesa vers\u00e1til<\/strong>: El acabado en blanco brillante combina a la perfecci\u00f3n con cualquier vajilla o decoraci\u00f3n de mesa, por lo que resulta ideal para restaurantes, hoteles y caterings modernos. Su aspecto limpio y elegante realza la presentaci\u00f3n de la mesa y eleva la est\u00e9tica general del comedor.<\/p>\n\n\n\n<p><strong>Textura cer\u00e1mica esmaltada lisa<\/strong>: Con un esmalte blanco de alta calidad, la superficie ofrece un acabado uniforme y brillante con un lustre suave y refinado. La delicada textura resalta la artesan\u00eda cer\u00e1mica de primera calidad adecuada para entornos de restauraci\u00f3n comerciales.<\/p>\n\n\n\n<p><strong>Bol funcional multiusos<\/strong>: Dise\u00f1ados para ofrecer versatilidad, estos cuencos son adecuados para servir ensaladas, arroz, pasta, postres, sopas, aperitivos y mucho m\u00e1s. Su pr\u00e1ctico tama\u00f1o los hace ideales para un uso frecuente en restaurantes, buffets y servicios de hosteler\u00eda.<\/p>\n\n\n\n<p><strong>Apto para lavavajillas y de f\u00e1cil mantenimiento<\/strong>: La superficie lisa de porcelana garantiza una limpieza sin esfuerzo, compatible tanto con lavavajillas comerciales como con el lavado manual. Esto reduce el tiempo de trabajo y mejora la eficiencia operativa en entornos de servicios alimentarios.<\/p>\n\n\n\n<p><strong>Material apto para alimentos y resistente a altas temperaturas<\/strong>: Fabricados en porcelana alimentaria, los cuencos no contienen plomo ni cadmio, lo que garantiza un contacto seguro con los alimentos. Son aptos para microondas, horno, congelador y lavavajillas, por lo que ofrecen total flexibilidad operativa para cocinas comerciales.<\/p>\n<\/div>\n\n\n\n<div class=\"wp-block-column is-layout-flow wp-block-column-is-layout-flow\">\n<h2 class=\"wp-block-heading\">Tazones de porcelana blanca personalizados:<\/h2>\n\n\n\n<p>Lianyuan ofrece varias opciones de vajilla personalizada seg\u00fan las necesidades de la marca o las tendencias de la moda, por lo que resulta ideal para uso personal y comercial.<\/p>\n\n\n\n<p><strong>Dise\u00f1o:&nbsp;<\/strong>Formas y motivos variados.<\/p>\n\n\n\n<p><strong>Composici\u00f3n del conjunto:<\/strong>&nbsp;Juegos de tazas de cer\u00e1mica personalizados con combinaciones de tazas, cuencos y cucharas.<\/p>\n\n\n\n<p><strong>Tama\u00f1o:&nbsp;<\/strong>Elija entre varios tama\u00f1os para adaptarse a las diferentes raciones de comida.<\/p>\n\n\n\n<p><strong>Material:<\/strong>&nbsp;Cer\u00e1mica, porcelana, porcelana china o pregunte por alternativas.<\/p>\n\n\n\n<p><strong>Artesan\u00eda:&nbsp;<\/strong>Calcoman\u00edas de esmalte, cambio de horno, pintadas a mano, motivos en relieve u otros.<\/p>\n\n\n\n<p><strong>Embalaje:&nbsp;<\/strong>Bulk Pack, caja de color, caja de regalo, caja expositora, caja postal, etc.<\/p>\n<\/div>\n<\/div>","protected":false},"excerpt":{"rendered":"<div class=\"D5aOJc vJwDU\">\n<div data-zone-id=\"0\" data-line-index=\"0\" data-line=\"true\">\n<p>Lianyuan porcelain bowls wholesale suministra cuencos de cer\u00e1mica duraderos y aptos para alimentos para restaurantes y hoteles, con un dise\u00f1o elegante y un estricto control de calidad sin plomo ni cadmio para un suministro seguro y estable a granel. \u00a1P\u00f3ngase en contacto con nosotros para pedidos al por mayor en stock!<\/p>\n<\/div>\n<\/div>\n<h2>Par\u00e1metros de los cuencos de porcelana:<\/h2>\n<table style=\"border-collapse: collapse; width: 370.82pt;\" border=\"0\" width=\"618\" cellspacing=\"0\" cellpadding=\"0\">\n<tbody>\n<tr style=\"height: 15.60pt;\">\n<td class=\"et3\" style=\"height: 15.60pt; width: 108.00pt;\" width=\"180\" height=\"26\">Fabricante<\/td>\n<td class=\"et3\" style=\"width: 263.25pt;\" width=\"438\">Lianyuan<\/td>\n<\/tr>\n<tr style=\"height: 15.60pt;\">\n<td class=\"et3\" style=\"height: 15.60pt;\" height=\"26\">Tipo de producto<\/td>\n<td class=\"et3\">Tazones de fideos<\/td>\n<\/tr>\n<tr style=\"height: 15.60pt;\">\n<td class=\"et3\" style=\"height: 15.60pt;\" height=\"26\">Patr\u00f3n<\/td>\n<td class=\"et3\">Ninguno<\/td>\n<\/tr>\n<tr style=\"height: 15.60pt;\">\n<td class=\"et3\" style=\"height: 15.60pt;\" height=\"26\">Color<\/td>\n<td class=\"et3\">Blanco<\/td>\n<\/tr>\n<tr style=\"height: 15.60pt;\">\n<td class=\"et3\" style=\"height: 15.60pt;\" height=\"26\">Material<\/td>\n<td class=\"et3\">Porcelana resistente<\/td>\n<\/tr>\n<tr style=\"height: 15.60pt;\">\n<td class=\"et3\" style=\"height: 15.60pt;\" height=\"26\">Artesan\u00eda<\/td>\n<td class=\"et3\">Esmalte<\/td>\n<\/tr>\n<tr style=\"height: 15.60pt;\">\n<td class=\"et3\" style=\"height: 15.60pt;\" height=\"26\">Aplicaci\u00f3n<\/td>\n<td class=\"et3\">Apto para microondas, lavavajillas y horno<\/td>\n<\/tr>\n<tr style=\"height: 15.60pt;\">\n<td class=\"et3\" style=\"height: 15.60pt;\" height=\"26\">A medida<\/td>\n<td class=\"et3\">Color\/Tama\u00f1o\/Logotipo\/Embalaje<\/td>\n<\/tr>\n<\/tbody>\n<\/table>","protected":false},"featured_media":2908,"comment_status":"closed","ping_status":"closed","template":"","meta":{"_acf_changed":false},"product_brand":[],"product_cat":[34],"product_tag":[30],"class_list":{"0":"post-2902","1":"product","2":"type-product","3":"status-publish","4":"has-post-thumbnail","6":"product_cat-bulk-ceramic-tableware-in-stock","7":"product_tag-custom-porcelain-dinnerware","9":"first","10":"instock","11":"shipping-taxable","12":"product-type-simple"},"acf":[],"_links":{"self":[{"href":"https:\/\/www.lianyuanceramic.com\/es\/wp-json\/wp\/v2\/product\/2902","targetHints":{"allow":["GET"]}}],"collection":[{"href":"https:\/\/www.lianyuanceramic.com\/es\/wp-json\/wp\/v2\/product"}],"about":[{"href":"https:\/\/www.lianyuanceramic.com\/es\/wp-json\/wp\/v2\/types\/product"}],"replies":[{"embeddable":true,"href":"https:\/\/www.lianyuanceramic.com\/es\/wp-json\/wp\/v2\/comments?post=2902"}],"wp:featuredmedia":[{"embeddable":true,"href":"https:\/\/www.lianyuanceramic.com\/es\/wp-json\/wp\/v2\/media\/2908"}],"wp:attachment":[{"href":"https:\/\/www.lianyuanceramic.com\/es\/wp-json\/wp\/v2\/media?parent=2902"}],"wp:term":[{"taxonomy":"product_brand","embeddable":true,"href":"https:\/\/www.lianyuanceramic.com\/es\/wp-json\/wp\/v2\/product_brand?post=2902"},{"taxonomy":"product_cat","embeddable":true,"href":"https:\/\/www.lianyuanceramic.com\/es\/wp-json\/wp\/v2\/product_cat?post=2902"},{"taxonomy":"product_tag","embeddable":true,"href":"https:\/\/www.lianyuanceramic.com\/es\/wp-json\/wp\/v2\/product_tag?post=2902"}],"curies":[{"name":"wp","href":"https:\/\/api.w.org\/{rel}","templated":true}]}}