{"id":2878,"date":"2026-04-14T01:42:51","date_gmt":"2026-04-14T01:42:51","guid":{"rendered":"https:\/\/www.lianyuanceramic.com\/?post_type=product&#038;p=2878"},"modified":"2026-04-14T01:42:52","modified_gmt":"2026-04-14T01:42:52","slug":"custom-coffee-mugs","status":"publish","type":"product","link":"https:\/\/www.lianyuanceramic.com\/es\/product\/custom-coffee-mugs\/","title":{"rendered":"Tazas de Caf\u00e9 Personalizadas Minimalistas para Regalo, Tazas de Cer\u00e1mica Blanca para T\u00e9 con Leche con Asa a Granel"},"content":{"rendered":"<div class=\"wp-block-columns is-layout-flex wp-container-core-columns-is-layout-9d6595d7 wp-block-columns-is-layout-flex\">\n<div class=\"wp-block-column is-layout-flow wp-block-column-is-layout-flow\">\n<h2 class=\"wp-block-heading\">Tazas de caf\u00e9 Caracter\u00edsticas:<\/h2>\n\n\n\n<p><strong>Porcelana de primera calidad:<\/strong> Estas tazas de caf\u00e9 est\u00e1n fabricadas en porcelana de alta calidad con un suave acabado esmaltado que evita que las manchas de caf\u00e9 se adhieran f\u00e1cilmente. Ya no tendr\u00e1s que preocuparte por las marcas que quedan tras un uso prolongado, lo que te ayudar\u00e1 a ahorrar tiempo de limpieza.<\/p>\n\n\n\n<p><strong>Asa robusta:<\/strong> Esta cl\u00e1sica taza de caf\u00e9 tiene un asa que proporciona un agarre seguro incluso cuando est\u00e1 llena. Tanto si est\u00e1 tomando un cacao caliente como un t\u00e9 helado, ayuda a evitar derrames y reduce la tensi\u00f3n en las manos.<\/p>\n\n\n\n<p>Limpieza sin esfuerzo para su rutina: Simplifique su vida con los juegos de tazas Sweese, tanto si est\u00e1 saboreando un tranquilo caf\u00e9 matutino como si es el anfitri\u00f3n de una reuni\u00f3n. Estas tazas vers\u00e1tiles son f\u00e1ciles de limpiar y no se manchan.<\/p>\n\n\n\n<p><strong>Apto para microondas y lavavajillas: <\/strong>Esta taza de caf\u00e9 puede utilizarse en el microondas, el lavavajillas, el frigor\u00edfico y el horno. Calienta avena en el microondas, congela un bol de helado en el frigor\u00edfico u hornea un pudin de caramelo en el horno.<\/p>\n\n\n\n<p><strong>Estilo minimalista y regalo perfecto:<\/strong> Su elegante acabado en blanco brillante a\u00f1ade un toque refinado a su mesa. Un regalo perfecto para la inauguraci\u00f3n de una casa, una boda, un cumplea\u00f1os o un d\u00eda festivo.<\/p>\n<\/div>\n\n\n\n<div class=\"wp-block-column is-layout-flow wp-block-column-is-layout-flow\">\n<figure class=\"wp-block-image size-full\"><img decoding=\"async\" width=\"800\" height=\"800\" src=\"https:\/\/www.lianyuanceramic.com\/wp-content\/uploads\/2026\/03\/custom-ceramic-white-water-mugs-in-bulk.webp\" alt=\"tazas de agua blancas de cer\u00e1mica al por mayor\" class=\"wp-image-2881\" srcset=\"https:\/\/www.lianyuanceramic.com\/wp-content\/uploads\/2026\/03\/custom-ceramic-white-water-mugs-in-bulk.webp 800w, https:\/\/www.lianyuanceramic.com\/wp-content\/uploads\/2026\/03\/custom-ceramic-white-water-mugs-in-bulk-300x300.webp 300w, https:\/\/www.lianyuanceramic.com\/wp-content\/uploads\/2026\/03\/custom-ceramic-white-water-mugs-in-bulk-150x150.webp 150w, https:\/\/www.lianyuanceramic.com\/wp-content\/uploads\/2026\/03\/custom-ceramic-white-water-mugs-in-bulk-768x768.webp 768w, https:\/\/www.lianyuanceramic.com\/wp-content\/uploads\/2026\/03\/custom-ceramic-white-water-mugs-in-bulk-12x12.webp 12w, https:\/\/www.lianyuanceramic.com\/wp-content\/uploads\/2026\/03\/custom-ceramic-white-water-mugs-in-bulk-600x600.webp 600w, https:\/\/www.lianyuanceramic.com\/wp-content\/uploads\/2026\/03\/custom-ceramic-white-water-mugs-in-bulk-100x100.webp 100w\" sizes=\"(max-width: 800px) 100vw, 800px\" \/><\/figure>\n<\/div>\n<\/div>\n\n\n\n<div class=\"wp-block-columns is-layout-flex wp-container-core-columns-is-layout-9d6595d7 wp-block-columns-is-layout-flex\">\n<div class=\"wp-block-column is-layout-flow wp-block-column-is-layout-flow\">\n<figure class=\"wp-block-image size-full\"><img decoding=\"async\" width=\"800\" height=\"800\" src=\"https:\/\/www.lianyuanceramic.com\/wp-content\/uploads\/2026\/03\/Factory-Wholesale-Elegant-White-Ceramic-Mug-with-Handle.webp\" alt=\"Taza de Cer\u00e1mica Blanca Elegante con Asa al por Mayor de F\u00e1brica\" class=\"wp-image-2885\" srcset=\"https:\/\/www.lianyuanceramic.com\/wp-content\/uploads\/2026\/03\/Factory-Wholesale-Elegant-White-Ceramic-Mug-with-Handle.webp 800w, https:\/\/www.lianyuanceramic.com\/wp-content\/uploads\/2026\/03\/Factory-Wholesale-Elegant-White-Ceramic-Mug-with-Handle-300x300.webp 300w, https:\/\/www.lianyuanceramic.com\/wp-content\/uploads\/2026\/03\/Factory-Wholesale-Elegant-White-Ceramic-Mug-with-Handle-150x150.webp 150w, https:\/\/www.lianyuanceramic.com\/wp-content\/uploads\/2026\/03\/Factory-Wholesale-Elegant-White-Ceramic-Mug-with-Handle-768x768.webp 768w, https:\/\/www.lianyuanceramic.com\/wp-content\/uploads\/2026\/03\/Factory-Wholesale-Elegant-White-Ceramic-Mug-with-Handle-12x12.webp 12w, https:\/\/www.lianyuanceramic.com\/wp-content\/uploads\/2026\/03\/Factory-Wholesale-Elegant-White-Ceramic-Mug-with-Handle-600x600.webp 600w, https:\/\/www.lianyuanceramic.com\/wp-content\/uploads\/2026\/03\/Factory-Wholesale-Elegant-White-Ceramic-Mug-with-Handle-100x100.webp 100w\" sizes=\"(max-width: 800px) 100vw, 800px\" \/><\/figure>\n<\/div>\n\n\n\n<div class=\"wp-block-column is-layout-flow wp-block-column-is-layout-flow\">\n<h2 class=\"wp-block-heading\">Tazas de caf\u00e9 personalizadas:<\/h2>\n\n\n\n<p>Lianyuan ofrece una gama de vajillas personalizadas adaptadas a las necesidades de las marcas y a las tendencias de la moda, por lo que resultan ideales tanto para uso personal como comercial.<\/p>\n\n\n\n<p><strong>Dise\u00f1o:&nbsp;<\/strong>Formas y motivos variados.<\/p>\n\n\n\n<p><strong>Composici\u00f3n del conjunto:<\/strong>&nbsp;Juegos de tazas de cer\u00e1mica personalizados con combinaciones de tazas, cuencos y cucharas.<\/p>\n\n\n\n<p><strong>Tama\u00f1o:&nbsp;<\/strong>Elija entre una gama de tama\u00f1os para adaptarse a las diferentes raciones de comida.<\/p>\n\n\n\n<p><strong>Material:<\/strong>&nbsp;Cer\u00e1mica, porcelana, porcelana china, o pregunte por alternativas.<\/p>\n\n\n\n<p><strong>Artesan\u00eda:&nbsp;<\/strong>Calcoman\u00edas de esmalte, cambio de horno, pintadas a mano, motivos en relieve u otros.<\/p>\n\n\n\n<p><strong>Embalaje:&nbsp;<\/strong>Bulk Pack, caja de color, caja de regalo, caja expositora, caja postal, etc.<\/p>\n<\/div>\n<\/div>","protected":false},"excerpt":{"rendered":"<div class=\"D5aOJc vJwDU\">\n<div data-zone-id=\"0\" data-line-index=\"0\" data-line=\"true\">\n<p>Tazas de caf\u00e9 personalizadas fabricadas en porcelana de primera calidad con un acabado esmaltado suave y resistente a las manchas. Dise\u00f1adas con un asa resistente para un agarre seguro, aptas para microondas, lavavajillas, horno y frigor\u00edfico, perfectas para el uso diario y para regalar. Ofrecemos opciones personalizadas con un estricto control de calidad. \u00a1Bienvenido a preguntar con nosotros para cotizaciones al por mayor ahora!<\/p>\n<\/div>\n<\/div>\n<h2>Tazas de caf\u00e9 Par\u00e1metros:<\/h2>\n<table style=\"border-collapse: collapse; width: 370.82pt;\" border=\"0\" width=\"618\" cellspacing=\"0\" cellpadding=\"0\">\n<tbody>\n<tr style=\"height: 15.60pt;\">\n<td class=\"et3\" style=\"height: 15.60pt; width: 108.00pt;\" width=\"180\" height=\"26\">Fabricante<\/td>\n<td class=\"et3\" style=\"width: 263.25pt;\" width=\"438\">Lianyuan<\/td>\n<\/tr>\n<tr style=\"height: 15.60pt;\">\n<td class=\"et3\" style=\"height: 15.60pt;\" height=\"26\">Tipo de producto<\/td>\n<td class=\"et3\">Taza de caf\u00e9<\/td>\n<\/tr>\n<tr style=\"height: 15.60pt;\">\n<td class=\"et3\" style=\"height: 15.60pt;\" height=\"26\">Patr\u00f3n<\/td>\n<td class=\"et3\">Sin patr\u00f3n<\/td>\n<\/tr>\n<tr style=\"height: 15.60pt;\">\n<td class=\"et3\" style=\"height: 15.60pt;\" height=\"26\">Color<\/td>\n<td class=\"et3\">Blanco<\/td>\n<\/tr>\n<tr style=\"height: 15.60pt;\">\n<td class=\"et3\" style=\"height: 15.60pt;\" height=\"26\">Material<\/td>\n<td class=\"et3\">Porcelana resistente<\/td>\n<\/tr>\n<tr style=\"height: 15.60pt;\">\n<td class=\"et3\" style=\"height: 15.60pt;\" height=\"26\">Artesan\u00eda<\/td>\n<td class=\"et3\">Brillante<\/td>\n<\/tr>\n<tr style=\"height: 15.60pt;\">\n<td class=\"et3\" style=\"height: 15.60pt;\" height=\"26\">Aplicaci\u00f3n<\/td>\n<td class=\"et3\">Apto para microondas, lavavajillas y horno<\/td>\n<\/tr>\n<tr style=\"height: 15.60pt;\">\n<td class=\"et3\" style=\"height: 15.60pt;\" height=\"26\">A medida<\/td>\n<td class=\"et3\">Color\/Tama\u00f1o\/Logotipo\/Embalaje<\/td>\n<\/tr>\n<\/tbody>\n<\/table>","protected":false},"featured_media":2881,"comment_status":"open","ping_status":"closed","template":"","meta":{"_acf_changed":false},"product_brand":[],"product_cat":[34],"product_tag":[30],"class_list":{"0":"post-2878","1":"product","2":"type-product","3":"status-publish","4":"has-post-thumbnail","6":"product_cat-bulk-ceramic-tableware-in-stock","7":"product_tag-custom-porcelain-dinnerware","9":"first","10":"instock","11":"shipping-taxable","12":"product-type-simple"},"acf":[],"_links":{"self":[{"href":"https:\/\/www.lianyuanceramic.com\/es\/wp-json\/wp\/v2\/product\/2878","targetHints":{"allow":["GET"]}}],"collection":[{"href":"https:\/\/www.lianyuanceramic.com\/es\/wp-json\/wp\/v2\/product"}],"about":[{"href":"https:\/\/www.lianyuanceramic.com\/es\/wp-json\/wp\/v2\/types\/product"}],"replies":[{"embeddable":true,"href":"https:\/\/www.lianyuanceramic.com\/es\/wp-json\/wp\/v2\/comments?post=2878"}],"wp:featuredmedia":[{"embeddable":true,"href":"https:\/\/www.lianyuanceramic.com\/es\/wp-json\/wp\/v2\/media\/2881"}],"wp:attachment":[{"href":"https:\/\/www.lianyuanceramic.com\/es\/wp-json\/wp\/v2\/media?parent=2878"}],"wp:term":[{"taxonomy":"product_brand","embeddable":true,"href":"https:\/\/www.lianyuanceramic.com\/es\/wp-json\/wp\/v2\/product_brand?post=2878"},{"taxonomy":"product_cat","embeddable":true,"href":"https:\/\/www.lianyuanceramic.com\/es\/wp-json\/wp\/v2\/product_cat?post=2878"},{"taxonomy":"product_tag","embeddable":true,"href":"https:\/\/www.lianyuanceramic.com\/es\/wp-json\/wp\/v2\/product_tag?post=2878"}],"curies":[{"name":"wp","href":"https:\/\/api.w.org\/{rel}","templated":true}]}}