{"id":287,"date":"2024-10-20T02:20:14","date_gmt":"2024-10-20T02:20:14","guid":{"rendered":"https:\/\/www.lianyuanceramic.com\/?post_type=product&#038;p=287"},"modified":"2024-12-28T14:09:29","modified_gmt":"2024-12-28T14:09:29","slug":"floral-dinnerware-sets-wholesale","status":"publish","type":"product","link":"https:\/\/www.lianyuanceramic.com\/es\/product\/floral-dinnerware-sets-wholesale\/","title":{"rendered":"Mayorista Vajilla Floral Cer\u00e1mica Verde Elegante No T\u00f3xico\u00a0"},"content":{"rendered":"<div class=\"wp-block-columns is-layout-flex wp-container-core-columns-is-layout-9d6595d7 wp-block-columns-is-layout-flex\">\n<div class=\"wp-block-column is-layout-flow wp-block-column-is-layout-flow\">\n<h2 class=\"wp-block-heading\">Vajilla Floral Caracter\u00edsticas:<\/h2>\n\n\n\n<p><strong>Precioso dise\u00f1o floral<\/strong><br>Con varias combinaciones de calcoman\u00edas en cada una con esmalte de color pintado a mano, proporcionando un aspecto intrincado y \u00fanico.<\/p>\n\n\n\n<p><strong>Duradero y vers\u00e1til<\/strong><br>Fabricado con materiales de calidad, cada pieza es apta para microondas y lavavajillas, y apta para horno, para mayor comodidad y durabilidad en todo momento.<\/p>\n\n\n\n<p><strong>Colecci\u00f3n Fresh Garden<\/strong><br>El vibrante estampado floral inspirado en la naturaleza aporta frescura y alegr\u00eda a todos los eventos casuales y formales en casa.<\/p>\n\n\n\n<p><strong>Seguro y conforme<\/strong><br>Cumpliendo o superando las normas de la Proposici\u00f3n 65 de California, tenga la seguridad de que la vajilla est\u00e1 libre de productos qu\u00edmicos nocivos y es segura para su uso diario.<\/p>\n\n\n\n<p><strong>Vajilla completa<\/strong><br>Ideal para comidas familiares o reuniones, el juego incluye todas las piezas esenciales para una experiencia gastron\u00f3mica completa, realzando la elegancia de cualquier evento formal.<\/p>\n<\/div>\n\n\n\n<div class=\"wp-block-column is-layout-flow wp-block-column-is-layout-flow\">\n<figure class=\"wp-block-image size-full\"><img decoding=\"async\" width=\"706\" height=\"706\" src=\"https:\/\/www.lianyuanceramic.com\/wp-content\/uploads\/2024\/10\/Wholesale-Flower-Dinnerware-Sets-1.webp\" alt=\"Vajilla Mayorista de Flores 1\" class=\"wp-image-298\" srcset=\"https:\/\/www.lianyuanceramic.com\/wp-content\/uploads\/2024\/10\/Wholesale-Flower-Dinnerware-Sets-1.webp 706w, https:\/\/www.lianyuanceramic.com\/wp-content\/uploads\/2024\/10\/Wholesale-Flower-Dinnerware-Sets-1-300x300.webp 300w, https:\/\/www.lianyuanceramic.com\/wp-content\/uploads\/2024\/10\/Wholesale-Flower-Dinnerware-Sets-1-150x150.webp 150w, https:\/\/www.lianyuanceramic.com\/wp-content\/uploads\/2024\/10\/Wholesale-Flower-Dinnerware-Sets-1-600x600.webp 600w, https:\/\/www.lianyuanceramic.com\/wp-content\/uploads\/2024\/10\/Wholesale-Flower-Dinnerware-Sets-1-100x100.webp 100w\" sizes=\"(max-width: 706px) 100vw, 706px\" \/><\/figure>\n<\/div>\n<\/div>\n\n\n\n<div class=\"wp-block-columns is-layout-flex wp-container-core-columns-is-layout-9d6595d7 wp-block-columns-is-layout-flex\">\n<div class=\"wp-block-column is-layout-flow wp-block-column-is-layout-flow\">\n<figure class=\"wp-block-image size-full\"><img decoding=\"async\" width=\"706\" height=\"706\" src=\"https:\/\/www.lianyuanceramic.com\/wp-content\/uploads\/2024\/10\/Wholesale-Flower-Dinnerware-Sets-1.webp\" alt=\"Vajilla Mayorista de Flores 1\" class=\"wp-image-298\" srcset=\"https:\/\/www.lianyuanceramic.com\/wp-content\/uploads\/2024\/10\/Wholesale-Flower-Dinnerware-Sets-1.webp 706w, https:\/\/www.lianyuanceramic.com\/wp-content\/uploads\/2024\/10\/Wholesale-Flower-Dinnerware-Sets-1-300x300.webp 300w, https:\/\/www.lianyuanceramic.com\/wp-content\/uploads\/2024\/10\/Wholesale-Flower-Dinnerware-Sets-1-150x150.webp 150w, https:\/\/www.lianyuanceramic.com\/wp-content\/uploads\/2024\/10\/Wholesale-Flower-Dinnerware-Sets-1-600x600.webp 600w, https:\/\/www.lianyuanceramic.com\/wp-content\/uploads\/2024\/10\/Wholesale-Flower-Dinnerware-Sets-1-100x100.webp 100w\" sizes=\"(max-width: 706px) 100vw, 706px\" \/><\/figure>\n<\/div>\n\n\n\n<div class=\"wp-block-column is-layout-flow wp-block-column-is-layout-flow\">\n<h2 class=\"wp-block-heading\">Vajillas de flores personalizadas<\/h2>\n\n\n\n<p>En Lianyuan, dise\u00f1adores cualificados y artesanos del molde pueden hacer realidad sus ilimitadas necesidades e ideas. Ofrecemos soluciones integrales de OEM y ODM.<\/p>\n\n\n\n<p><strong>Dise\u00f1o:&nbsp;<\/strong>Elija motivos florales o cree su propio dise\u00f1o.<\/p>\n\n\n\n<p><strong>Composici\u00f3n del conjunto:<\/strong>&nbsp;Incluye platos llanos, platos de ensalada, cuencos, tazas, jarras, etc.<\/p>\n\n\n\n<p><strong>Tama\u00f1o:&nbsp;<\/strong>Varios tama\u00f1os de vajilla de uso diario y especificaciones personalizables.<\/p>\n\n\n\n<p><strong>Material:<\/strong>&nbsp;Cer\u00e1mica, porcelana, porcelana china o pregunte por alternativas.<\/p>\n\n\n\n<p><strong>Artesan\u00eda:&nbsp;<\/strong>Calcoman\u00edas de esmalte, cambio de horno, pintadas a mano, motivos en relieve u otros.<\/p>\n\n\n\n<p><strong>Embalaje:&nbsp;<\/strong>Bulk Pack, caja de color, caja de regalo, caja expositora, caja postal, etc.<\/p>\n<\/div>\n<\/div>","protected":false},"excerpt":{"rendered":"<p>Vajillas florales personalizadas y al por mayor, de estilo \u00fanico y elegante, con platos, cuencos, teteras y tazas de cer\u00e1mica. Tama\u00f1o y estilo personalizables, aptos para microondas, horno y lavavajillas. Una de las vajillas m\u00e1s valoradas.<\/p>\n<h2>Vajilla Floral Par\u00e1metro<\/h2>\n<table width=\"353\">\n<tbody>\n<tr>\n<td width=\"82\">Fabricante<\/td>\n<td width=\"270\">Lianyuan<\/td>\n<\/tr>\n<tr>\n<td>Tipo de producto<\/td>\n<td width=\"270\">vajilla, servicio de mesa, juego de t\u00e9<\/td>\n<\/tr>\n<tr>\n<td>Patr\u00f3n<\/td>\n<td>Floral<\/td>\n<\/tr>\n<tr>\n<td>Color<\/td>\n<td>Gree, Multicolor<\/td>\n<\/tr>\n<tr>\n<td>Material<\/td>\n<td>Porcelana resistente<\/td>\n<\/tr>\n<tr>\n<td>Artesan\u00eda<\/td>\n<td>Calcoman\u00eda en esmalte, Pintado a mano\u00a0<\/td>\n<\/tr>\n<tr>\n<td>Aplicaci\u00f3n<\/td>\n<td>Apto para microondas, lavavajillas y horno<\/td>\n<\/tr>\n<tr>\n<td>A medida<\/td>\n<td>Color\/Tama\u00f1o\/Logotipo\/Embalaje<\/td>\n<\/tr>\n<\/tbody>\n<\/table>\n<p>&nbsp;<\/p>","protected":false},"featured_media":298,"comment_status":"open","ping_status":"closed","template":"","meta":{"_acf_changed":true},"product_brand":[],"product_cat":[17],"product_tag":[30,29,27],"class_list":{"0":"post-287","1":"product","2":"type-product","3":"status-publish","4":"has-post-thumbnail","6":"product_cat-dinnerware-wholesale","7":"product_tag-custom-porcelain-dinnerware","8":"product_tag-hand-painted-embossed-dinnerware-wholesale","9":"product_tag-wholesale-decal-ceramics","11":"first","12":"instock","13":"shipping-taxable","14":"product-type-simple"},"acf":[],"_links":{"self":[{"href":"https:\/\/www.lianyuanceramic.com\/es\/wp-json\/wp\/v2\/product\/287","targetHints":{"allow":["GET"]}}],"collection":[{"href":"https:\/\/www.lianyuanceramic.com\/es\/wp-json\/wp\/v2\/product"}],"about":[{"href":"https:\/\/www.lianyuanceramic.com\/es\/wp-json\/wp\/v2\/types\/product"}],"replies":[{"embeddable":true,"href":"https:\/\/www.lianyuanceramic.com\/es\/wp-json\/wp\/v2\/comments?post=287"}],"wp:featuredmedia":[{"embeddable":true,"href":"https:\/\/www.lianyuanceramic.com\/es\/wp-json\/wp\/v2\/media\/298"}],"wp:attachment":[{"href":"https:\/\/www.lianyuanceramic.com\/es\/wp-json\/wp\/v2\/media?parent=287"}],"wp:term":[{"taxonomy":"product_brand","embeddable":true,"href":"https:\/\/www.lianyuanceramic.com\/es\/wp-json\/wp\/v2\/product_brand?post=287"},{"taxonomy":"product_cat","embeddable":true,"href":"https:\/\/www.lianyuanceramic.com\/es\/wp-json\/wp\/v2\/product_cat?post=287"},{"taxonomy":"product_tag","embeddable":true,"href":"https:\/\/www.lianyuanceramic.com\/es\/wp-json\/wp\/v2\/product_tag?post=287"}],"curies":[{"name":"wp","href":"https:\/\/api.w.org\/{rel}","templated":true}]}}