{"id":279,"date":"2024-10-19T16:38:44","date_gmt":"2024-10-19T16:38:44","guid":{"rendered":"https:\/\/www.lianyuanceramic.com\/?post_type=product&#038;p=279"},"modified":"2025-01-16T14:43:46","modified_gmt":"2025-01-16T14:43:46","slug":"custom-casserole-dish","status":"publish","type":"product","link":"https:\/\/www.lianyuanceramic.com\/es\/product\/custom-casserole-dish\/","title":{"rendered":"Cacerola de Cer\u00e1mica Personalizada con Tapa M\u00faltiples Tama\u00f1os"},"content":{"rendered":"<div class=\"wp-block-columns is-layout-flex wp-container-core-columns-is-layout-9d6595d7 wp-block-columns-is-layout-flex\">\n<div class=\"wp-block-column is-layout-flow wp-block-column-is-layout-flow\">\n<h2 class=\"wp-block-heading\">Cacerola Caracter\u00edsticas:<\/h2>\n\n\n\n<p><strong>Dise\u00f1o elegante y exclusivo<\/strong><br>La tapa tiene un dise\u00f1o de jard\u00edn secreto, inspirado en la famosa literatura infantil \"El jard\u00edn secreto\" de Frances Hodgson Burnett. Combina la est\u00e9tica china y occidental y est\u00e1 dise\u00f1ada de acuerdo con los m\u00e9todos y h\u00e1bitos culinarios m\u00e1s populares de hoy en d\u00eda.<\/p>\n\n\n\n<p><strong>Material cer\u00e1mico seguro y resistente a altas temperaturas<\/strong><br>Fabricado con minerales naturales de la tierra y amarillo de plomo australiano, cumple todas las normas de seguridad alimentaria y es sano y seguro.<\/p>\n\n\n\n<p><strong>Ligero y de bajo consumo<\/strong><br>Espesor moderado, peso ligero, conducci\u00f3n r\u00e1pida del calor, enfriamiento lento, calentamiento uniforme, lo que reduce el tiempo de cocci\u00f3n y el consumo de energ\u00eda.<\/p>\n\n\n\n<p><strong>Excelente resistencia al choque t\u00e9rmico<\/strong><br>Soporta cambios r\u00e1pidos de temperatura de hasta 450\u00b0C. El material de alta densidad bloquea la absorci\u00f3n de humedad y evita grietas y roturas.<\/p>\n\n\n\n<p><strong>Varios tama\u00f1os<\/strong><br>Existe una gran variedad de tama\u00f1os de cazuelas para satisfacer distintas necesidades culinarias, desde raciones personales hasta reuniones familiares.<\/p>\n<\/div>\n\n\n\n<div class=\"wp-block-column is-layout-flow wp-block-column-is-layout-flow\">\n<figure class=\"wp-block-image size-full\"><img decoding=\"async\" width=\"2000\" height=\"2000\" src=\"https:\/\/www.lianyuanceramic.com\/wp-content\/uploads\/2024\/10\/Custom-Casserole-Dish-2.webp\" alt=\"Plato cacerola a medida (2)\" class=\"wp-image-293\" srcset=\"https:\/\/www.lianyuanceramic.com\/wp-content\/uploads\/2024\/10\/Custom-Casserole-Dish-2.webp 2000w, https:\/\/www.lianyuanceramic.com\/wp-content\/uploads\/2024\/10\/Custom-Casserole-Dish-2-300x300.webp 300w, https:\/\/www.lianyuanceramic.com\/wp-content\/uploads\/2024\/10\/Custom-Casserole-Dish-2-150x150.webp 150w, https:\/\/www.lianyuanceramic.com\/wp-content\/uploads\/2024\/10\/Custom-Casserole-Dish-2-768x768.webp 768w, https:\/\/www.lianyuanceramic.com\/wp-content\/uploads\/2024\/10\/Custom-Casserole-Dish-2-1200x1200.webp 1200w, https:\/\/www.lianyuanceramic.com\/wp-content\/uploads\/2024\/10\/Custom-Casserole-Dish-2-600x600.webp 600w, https:\/\/www.lianyuanceramic.com\/wp-content\/uploads\/2024\/10\/Custom-Casserole-Dish-2-100x100.webp 100w\" sizes=\"(max-width: 2000px) 100vw, 2000px\" \/><\/figure>\n<\/div>\n<\/div>\n\n\n\n<div class=\"wp-block-columns is-layout-flex wp-container-core-columns-is-layout-9d6595d7 wp-block-columns-is-layout-flex\">\n<div class=\"wp-block-column is-layout-flow wp-block-column-is-layout-flow\">\n<figure class=\"wp-block-image size-full\"><img decoding=\"async\" width=\"2000\" height=\"2000\" src=\"https:\/\/www.lianyuanceramic.com\/wp-content\/uploads\/2024\/10\/Custom-Casserole-Dish-4.webp\" alt=\"Plato cacerola a medida (4)\" class=\"wp-image-295\" srcset=\"https:\/\/www.lianyuanceramic.com\/wp-content\/uploads\/2024\/10\/Custom-Casserole-Dish-4.webp 2000w, https:\/\/www.lianyuanceramic.com\/wp-content\/uploads\/2024\/10\/Custom-Casserole-Dish-4-300x300.webp 300w, https:\/\/www.lianyuanceramic.com\/wp-content\/uploads\/2024\/10\/Custom-Casserole-Dish-4-150x150.webp 150w, https:\/\/www.lianyuanceramic.com\/wp-content\/uploads\/2024\/10\/Custom-Casserole-Dish-4-768x768.webp 768w, https:\/\/www.lianyuanceramic.com\/wp-content\/uploads\/2024\/10\/Custom-Casserole-Dish-4-1200x1200.webp 1200w, https:\/\/www.lianyuanceramic.com\/wp-content\/uploads\/2024\/10\/Custom-Casserole-Dish-4-600x600.webp 600w, https:\/\/www.lianyuanceramic.com\/wp-content\/uploads\/2024\/10\/Custom-Casserole-Dish-4-100x100.webp 100w\" sizes=\"(max-width: 2000px) 100vw, 2000px\" \/><\/figure>\n<\/div>\n\n\n\n<div class=\"wp-block-column is-layout-flow wp-block-column-is-layout-flow\">\n<h2 class=\"wp-block-heading\">Cacerola personalizada<\/h2>\n\n\n\n<p>Una amplia gama de opciones de cacerolas personalizadas garantiza cacerolas de alta calidad que satisfacen las necesidades funcionales y de imagen de marca de los distintos mercados.<\/p>\n\n\n\n<p><strong>Tama\u00f1os y formas<\/strong><br>Incluye tama\u00f1os redondos, ovalados, rectangulares y personalizados.<\/p>\n\n\n\n<p><strong>Materiales y grosor<br><\/strong>La arcilla resistente al calor, la cer\u00e1mica duradera, la porcelana, el gres y los grosores var\u00edan en cuanto a resistencia al calor.<\/p>\n\n\n\n<p><strong>Dise\u00f1os de tapa y asa<\/strong><br>Se puede personalizar la forma, el material y el tama\u00f1o de la tapa y el asa para facilitar su manejo.<\/p>\n\n\n\n<p><strong>Acabados<\/strong><br>Las opciones incluyen acabados mate, brillante o texturizado.<\/p>\n\n\n\n<p><strong>Decoraciones\/Patrones<br><\/strong>Patrones, dise\u00f1os o logotipos personalizados, incluidas calcoman\u00edas, pintados a mano y en relieve.<\/p>\n\n\n\n<p><strong>Embalaje<\/strong><br>Envases personalizados para pedidos al por mayor, lotes de regalo o distribuci\u00f3n al por menor con etiquetas o marcas personalizadas.<\/p>\n<\/div>\n<\/div>","protected":false},"excerpt":{"rendered":"<p>Cacerola personalizada, de material cer\u00e1mico resistente al calor, con tapa de jard\u00edn secreto, \u00fanica y vers\u00e1til. Disponible en varios tama\u00f1os y formas, incluidas tapas y asas, es el estilo de cazuela m\u00e1s popular.<\/p>\n<h2>Cacerola Par\u00e1metro<\/h2>\n<table style=\"border-collapse: collapse; width: 370.82pt;\" border=\"0\" width=\"618\" cellspacing=\"0\" cellpadding=\"0\">\n<tbody>\n<tr style=\"height: 15.60pt;\">\n<td class=\"et3\" style=\"height: 15.60pt; width: 108.00pt;\" width=\"180\" height=\"26\">Fabricante<\/td>\n<td class=\"et3\" style=\"width: 263.25pt;\" width=\"438\">Lianyuan<\/td>\n<\/tr>\n<tr style=\"height: 15.60pt;\">\n<td class=\"et3\" style=\"height: 15.60pt;\" height=\"26\">Tipo de producto<\/td>\n<td class=\"et3\">Cacerola para sopa, Cacerola multifuncional, Olla para leche, Wok, Sart\u00e9n, Tagine, Olla para cocinar arroz, Olla de salud natural<\/td>\n<\/tr>\n<tr style=\"height: 15.60pt;\">\n<td class=\"et3\" style=\"height: 15.60pt;\" height=\"26\">Patr\u00f3n<\/td>\n<td class=\"et3\">Jard\u00edn secreto<\/td>\n<\/tr>\n<tr style=\"height: 15.60pt;\">\n<td class=\"et3\" style=\"height: 15.60pt;\" height=\"26\">Color<\/td>\n<td class=\"et3\">Negro y multicolor<\/td>\n<\/tr>\n<tr style=\"height: 15.60pt;\">\n<td class=\"et3\" style=\"height: 15.60pt;\" height=\"26\">Material<\/td>\n<td class=\"et3\">Arcilla resistente al calor<\/td>\n<\/tr>\n<tr style=\"height: 15.60pt;\">\n<td class=\"et3\" style=\"height: 15.60pt;\" height=\"26\">Artesan\u00eda<\/td>\n<td class=\"et3\">Calcoman\u00eda esmaltada y pintura a mano<\/td>\n<\/tr>\n<tr style=\"height: 15.60pt;\">\n<td class=\"et3\" style=\"height: 15.60pt;\" height=\"26\">Aplicaci\u00f3n<\/td>\n<td class=\"et3\">Apto para microondas, lavavajillas y horno<\/td>\n<\/tr>\n<tr style=\"height: 15.60pt;\">\n<td class=\"et3\" style=\"height: 15.60pt;\" height=\"26\">A medida<\/td>\n<td class=\"et3\">Color\/Tama\u00f1o\/Logotipo\/Embalaje<\/td>\n<\/tr>\n<\/tbody>\n<\/table>","protected":false},"featured_media":292,"comment_status":"open","ping_status":"closed","template":"","meta":{"_acf_changed":false},"product_brand":[],"product_cat":[20],"product_tag":[33],"class_list":{"0":"post-279","1":"product","2":"type-product","3":"status-publish","4":"has-post-thumbnail","6":"product_cat-custom-bakeware-casserole-dish","7":"product_tag-wholesale-heat-resistant-ceramics","9":"first","10":"instock","11":"shipping-taxable","12":"product-type-simple"},"acf":[],"_links":{"self":[{"href":"https:\/\/www.lianyuanceramic.com\/es\/wp-json\/wp\/v2\/product\/279","targetHints":{"allow":["GET"]}}],"collection":[{"href":"https:\/\/www.lianyuanceramic.com\/es\/wp-json\/wp\/v2\/product"}],"about":[{"href":"https:\/\/www.lianyuanceramic.com\/es\/wp-json\/wp\/v2\/types\/product"}],"replies":[{"embeddable":true,"href":"https:\/\/www.lianyuanceramic.com\/es\/wp-json\/wp\/v2\/comments?post=279"}],"wp:featuredmedia":[{"embeddable":true,"href":"https:\/\/www.lianyuanceramic.com\/es\/wp-json\/wp\/v2\/media\/292"}],"wp:attachment":[{"href":"https:\/\/www.lianyuanceramic.com\/es\/wp-json\/wp\/v2\/media?parent=279"}],"wp:term":[{"taxonomy":"product_brand","embeddable":true,"href":"https:\/\/www.lianyuanceramic.com\/es\/wp-json\/wp\/v2\/product_brand?post=279"},{"taxonomy":"product_cat","embeddable":true,"href":"https:\/\/www.lianyuanceramic.com\/es\/wp-json\/wp\/v2\/product_cat?post=279"},{"taxonomy":"product_tag","embeddable":true,"href":"https:\/\/www.lianyuanceramic.com\/es\/wp-json\/wp\/v2\/product_tag?post=279"}],"curies":[{"name":"wp","href":"https:\/\/api.w.org\/{rel}","templated":true}]}}