{"id":2773,"date":"2026-03-12T02:01:19","date_gmt":"2026-03-12T02:01:19","guid":{"rendered":"https:\/\/www.lianyuanceramic.com\/?post_type=product&#038;p=2773"},"modified":"2026-03-12T02:01:19","modified_gmt":"2026-03-12T02:01:19","slug":"wholesale-ceramic-china-plates","status":"publish","type":"product","link":"https:\/\/www.lianyuanceramic.com\/es\/product\/wholesale-ceramic-china-plates\/","title":{"rendered":"Mayorista Platos de Cer\u00e1mica de China Irregulares, Plato de Hueso de China Blanco de Alta Gama Personalizado"},"content":{"rendered":"<div class=\"wp-block-columns is-layout-flex wp-container-core-columns-is-layout-9d6595d7 wp-block-columns-is-layout-flex\">\n<div class=\"wp-block-column is-layout-flow wp-block-column-is-layout-flow\">\n<h2 class=\"wp-block-heading\">Platos de cer\u00e1mica de China Caracter\u00edsticas:<\/h2>\n\n\n\n<p><strong>Alto contenido en harina de huesos:<\/strong> Utilizando una f\u00f3rmula de porcelana de hueso de primera calidad, el contenido de porcelana de hueso cumple las normas, lo que da como resultado una textura de porcelana delicada y transl\u00facida con un sonido claro y met\u00e1lico al golpearla, que la distingue de la cer\u00e1mica ordinaria y le confiere una sensaci\u00f3n de mayor categor\u00eda.<\/p>\n\n\n\n<p><strong>Duradero y resistente:<\/strong> Procesado mediante un doble proceso de cocci\u00f3n a alta temperatura (cocci\u00f3n de bizcocho y cocci\u00f3n de glaseado), el cuerpo de porcelana es denso y duro, resistente a los golpes y ara\u00f1azos, y menos propenso a romperse durante el uso diario, lo que reduce los costes de posventa para las empresas.<\/p>\n\n\n\n<p><strong>Saludable y seguro: <\/strong>Sin plomo, cadmio ni otros metales pesados lixiviados, el esmalte liso es f\u00e1cil de limpiar, cumple las normas de contacto con alimentos y es apto para diversos entornos, como restaurantes, hoteles y hogares.<\/p>\n\n\n\n<p><strong>Forma poligonal irregular<\/strong>: A diferencia de los platos redondos tradicionales, el dise\u00f1o de bordes suaves y ondulados combina est\u00e9tica y practicidad, realzando la presentaci\u00f3n de los platos y mejorando su atractivo visual.<\/p>\n\n\n\n<p><strong>Textura delicada:<\/strong> El esmalte tiene un brillo c\u00e1lido y lustroso y un tacto suave, creando un efecto visual ligero y refinado, que aumenta el precio premium de la marca.<\/p>\n\n\n\n<p><strong>Producci\u00f3n a gran escala:<\/strong> Las l\u00edneas de producci\u00f3n maduras pueden gestionar pedidos de gran volumen, admiten la personalizaci\u00f3n y ofrecen plazos de entrega estables, satisfaciendo las necesidades de gran volumen de las cadenas de restaurantes, la contrataci\u00f3n hotelera y las plataformas de comercio electr\u00f3nico.<\/p>\n<\/div>\n\n\n\n<div class=\"wp-block-column is-layout-flow wp-block-column-is-layout-flow\">\n<h2 class=\"wp-block-heading\">Soluci\u00f3n CustomCeramic China Plates:<\/h2>\n\n\n\n<p>Lianyuan ofrece varias opciones de vajilla personalizada seg\u00fan las necesidades de la marca o las tendencias de la moda, por lo que resulta ideal para uso personal y comercial.<\/p>\n\n\n\n<p><strong>Dise\u00f1o:&nbsp;<\/strong>Formas y motivos variados.<\/p>\n\n\n\n<p><strong>Composici\u00f3n del conjunto:<\/strong>&nbsp;Juegos de tazas de cer\u00e1mica personalizados con combinaciones de tazas, cuencos y cucharas.<\/p>\n\n\n\n<p><strong>Tama\u00f1o:&nbsp;<\/strong>Elija entre varios tama\u00f1os para adaptarse a las diferentes raciones de comida.<\/p>\n\n\n\n<p><strong>Material:<\/strong>&nbsp;Cer\u00e1mica, porcelana, porcelana china o pregunte por alternativas.<\/p>\n\n\n\n<p><strong>Artesan\u00eda:&nbsp;<\/strong>Calcoman\u00edas de esmalte, cambio de horno, pintadas a mano, motivos en relieve u otros.<\/p>\n\n\n\n<p><strong>Embalaje:&nbsp;<\/strong>Bulk Pack, caja de color, caja de regalo, caja expositora, caja postal, etc.<\/p>\n<\/div>\n<\/div>\n\n\n\n<div class=\"wp-block-columns is-layout-flex wp-container-core-columns-is-layout-9d6595d7 wp-block-columns-is-layout-flex\">\n<div class=\"wp-block-column is-layout-flow wp-block-column-is-layout-flow\">\n<figure class=\"wp-block-image size-full\"><img decoding=\"async\" width=\"800\" height=\"800\" src=\"https:\/\/www.lianyuanceramic.com\/wp-content\/uploads\/2026\/03\/wholesala-modern-hotel-white-dessert-plate.webp\" alt=\"mayorista moderno hotel plato de postre blanco\" class=\"wp-image-2776\" srcset=\"https:\/\/www.lianyuanceramic.com\/wp-content\/uploads\/2026\/03\/wholesala-modern-hotel-white-dessert-plate.webp 800w, https:\/\/www.lianyuanceramic.com\/wp-content\/uploads\/2026\/03\/wholesala-modern-hotel-white-dessert-plate-300x300.webp 300w, https:\/\/www.lianyuanceramic.com\/wp-content\/uploads\/2026\/03\/wholesala-modern-hotel-white-dessert-plate-150x150.webp 150w, https:\/\/www.lianyuanceramic.com\/wp-content\/uploads\/2026\/03\/wholesala-modern-hotel-white-dessert-plate-768x768.webp 768w, https:\/\/www.lianyuanceramic.com\/wp-content\/uploads\/2026\/03\/wholesala-modern-hotel-white-dessert-plate-12x12.webp 12w, https:\/\/www.lianyuanceramic.com\/wp-content\/uploads\/2026\/03\/wholesala-modern-hotel-white-dessert-plate-600x600.webp 600w, https:\/\/www.lianyuanceramic.com\/wp-content\/uploads\/2026\/03\/wholesala-modern-hotel-white-dessert-plate-100x100.webp 100w\" sizes=\"(max-width: 800px) 100vw, 800px\" \/><\/figure>\n<\/div>\n\n\n\n<div class=\"wp-block-column is-layout-flow wp-block-column-is-layout-flow\">\n<figure class=\"wp-block-image size-full\"><img decoding=\"async\" width=\"800\" height=\"800\" src=\"https:\/\/www.lianyuanceramic.com\/wp-content\/uploads\/2026\/03\/custom-irregular-rim-white-charge-plates.webp\" alt=\"placas de carga blancas con borde irregular personalizadas\" class=\"wp-image-2774\" srcset=\"https:\/\/www.lianyuanceramic.com\/wp-content\/uploads\/2026\/03\/custom-irregular-rim-white-charge-plates.webp 800w, https:\/\/www.lianyuanceramic.com\/wp-content\/uploads\/2026\/03\/custom-irregular-rim-white-charge-plates-300x300.webp 300w, https:\/\/www.lianyuanceramic.com\/wp-content\/uploads\/2026\/03\/custom-irregular-rim-white-charge-plates-150x150.webp 150w, https:\/\/www.lianyuanceramic.com\/wp-content\/uploads\/2026\/03\/custom-irregular-rim-white-charge-plates-768x768.webp 768w, https:\/\/www.lianyuanceramic.com\/wp-content\/uploads\/2026\/03\/custom-irregular-rim-white-charge-plates-12x12.webp 12w, https:\/\/www.lianyuanceramic.com\/wp-content\/uploads\/2026\/03\/custom-irregular-rim-white-charge-plates-600x600.webp 600w, https:\/\/www.lianyuanceramic.com\/wp-content\/uploads\/2026\/03\/custom-irregular-rim-white-charge-plates-100x100.webp 100w\" sizes=\"(max-width: 800px) 100vw, 800px\" \/><\/figure>\n<\/div>\n<\/div>\n\n\n\n<p><\/p>","protected":false},"excerpt":{"rendered":"<article class=\"text-token-text-primary w-full focus:outline-none [--shadow-height:45px] has-data-writing-block:pointer-events-none has-data-writing-block:-mt-(--shadow-height) has-data-writing-block:pt-(--shadow-height) [&amp;:has([data-writing-block])&gt;*]:pointer-events-auto scroll-mt-(--header-height)\" dir=\"auto\" tabindex=\"-1\" data-turn-id=\"524b95bd-6cd6-4140-a0a2-cd0d70c30993\" data-testid=\"conversation-turn-29\" data-scroll-anchor=\"false\" data-turn=\"user\"><\/article>\n<article class=\"text-token-text-primary w-full focus:outline-none [--shadow-height:45px] has-data-writing-block:pointer-events-none has-data-writing-block:-mt-(--shadow-height) has-data-writing-block:pt-(--shadow-height) [&amp;:has([data-writing-block])&gt;*]:pointer-events-auto scroll-mt-[calc(var(--header-height)+min(200px,max(70px,20svh)))]\" dir=\"auto\" tabindex=\"-1\" data-turn-id=\"request-69b13c79-e86c-8326-992e-4092f5e1c1f6-10\" data-testid=\"conversation-turn-30\" data-scroll-anchor=\"true\" data-turn=\"assistant\">\n<div class=\"text-base my-auto mx-auto pb-10 [--thread-content-margin:var(--thread-content-margin-xs,calc(var(--spacing)*4))] @w-sm\/main:[--thread-content-margin:var(--thread-content-margin-sm,calc(var(--spacing)*6))] @w-lg\/main:[--thread-content-margin:var(--thread-content-margin-lg,calc(var(--spacing)*16))] px-(--thread-content-margin)\">\n<div class=\"[--thread-content-max-width:40rem] @w-lg\/main:[--thread-content-max-width:48rem] mx-auto max-w-(--thread-content-max-width) flex-1 group\/turn-messages focus-visible:outline-hidden relative flex w-full min-w-0 flex-col agent-turn\" tabindex=\"-1\">\n<div class=\"flex max-w-full flex-col gap-4 grow\">\n<div class=\"min-h-8 text-message relative flex w-full flex-col items-end gap-2 text-start break-words whitespace-normal [.text-message+&amp;]:mt-1\" dir=\"auto\" data-message-author-role=\"assistant\" data-message-id=\"5ea96fd2-6e60-40e8-b645-efde9f0c9e1e\" data-message-model-slug=\"gpt-5-mini\">\n<div class=\"flex w-full flex-col gap-1 empty:hidden\">\n<div class=\"markdown prose dark:prose-invert w-full wrap-break-word light markdown-new-styling\">\n<p data-start=\"0\" data-end=\"185\" data-is-last-node=\"\" data-is-only-node=\"\">Los platos de porcelana cer\u00e1mica al por mayor presentan formas irregulares de alta gama, un alto contenido de hueso de porcelana y una duradera construcci\u00f3n de doble cocci\u00f3n con elegantes bordes ondulados. Perfectos para restaurantes y hoteles. P\u00f3ngase en contacto con Lianyuan para pedidos al por mayor y personalizaci\u00f3n.<\/p>\n<\/div>\n<\/div>\n<\/div>\n<\/div>\n<\/div>\n<\/div>\n<\/article>\n<h2>Par\u00e1metros de las placas cer\u00e1micas de China<\/h2>\n<table style=\"border-collapse: collapse; width: 370.82pt;\" border=\"0\" width=\"618\" cellspacing=\"0\" cellpadding=\"0\">\n<tbody>\n<tr style=\"height: 15.60pt;\">\n<td class=\"et3\" style=\"height: 15.60pt; width: 108.00pt;\" width=\"180\" height=\"26\">Fabricante<\/td>\n<td class=\"et3\" style=\"width: 263.25pt;\" width=\"438\">Lianyuan<\/td>\n<\/tr>\n<tr style=\"height: 15.60pt;\">\n<td class=\"et3\" style=\"height: 15.60pt;\" height=\"26\">Estilo<\/td>\n<td class=\"et3\">Vajilla<\/td>\n<\/tr>\n<tr style=\"height: 15.60pt;\">\n<td class=\"et3\" style=\"height: 15.60pt;\" height=\"26\">Dise\u00f1o<\/td>\n<td class=\"et3\">Forma redonda<\/td>\n<\/tr>\n<tr style=\"height: 15.60pt;\">\n<td class=\"et3\" style=\"height: 15.60pt;\" height=\"26\">Color<\/td>\n<td class=\"et3\">Blanco<\/td>\n<\/tr>\n<tr style=\"height: 15.60pt;\">\n<td class=\"et3\" style=\"height: 15.60pt;\" height=\"26\">Material<\/td>\n<td class=\"et3\">China de hueso<\/td>\n<\/tr>\n<tr style=\"height: 15.60pt;\">\n<td class=\"et3\" style=\"height: 15.60pt;\" height=\"26\">Unidades de venta<\/td>\n<td class=\"et3\">Art\u00edculo \u00fanico<\/td>\n<\/tr>\n<tr style=\"height: 15.60pt;\">\n<td class=\"et3\" style=\"height: 15.60pt;\" height=\"26\">Aplicaci\u00f3n<\/td>\n<td class=\"et3\">Apto para microondas, lavavajillas y horno<\/td>\n<\/tr>\n<tr style=\"height: 15.60pt;\">\n<td class=\"et3\" style=\"height: 15.60pt;\" height=\"26\">A medida<\/td>\n<td class=\"et3\">Color\/Tama\u00f1o\/Logotipo\/Embalaje<\/td>\n<\/tr>\n<\/tbody>\n<\/table>","protected":false},"featured_media":2777,"comment_status":"open","ping_status":"closed","template":"","meta":{"_acf_changed":false},"product_brand":[],"product_cat":[34],"product_tag":[31,27],"class_list":{"0":"post-2773","1":"product","2":"type-product","3":"status-publish","4":"has-post-thumbnail","6":"product_cat-bulk-ceramic-tableware-in-stock","7":"product_tag-bone-china-dinnerware-wholesale","8":"product_tag-wholesale-decal-ceramics","10":"first","11":"instock","12":"shipping-taxable","13":"product-type-simple"},"acf":[],"_links":{"self":[{"href":"https:\/\/www.lianyuanceramic.com\/es\/wp-json\/wp\/v2\/product\/2773","targetHints":{"allow":["GET"]}}],"collection":[{"href":"https:\/\/www.lianyuanceramic.com\/es\/wp-json\/wp\/v2\/product"}],"about":[{"href":"https:\/\/www.lianyuanceramic.com\/es\/wp-json\/wp\/v2\/types\/product"}],"replies":[{"embeddable":true,"href":"https:\/\/www.lianyuanceramic.com\/es\/wp-json\/wp\/v2\/comments?post=2773"}],"wp:featuredmedia":[{"embeddable":true,"href":"https:\/\/www.lianyuanceramic.com\/es\/wp-json\/wp\/v2\/media\/2777"}],"wp:attachment":[{"href":"https:\/\/www.lianyuanceramic.com\/es\/wp-json\/wp\/v2\/media?parent=2773"}],"wp:term":[{"taxonomy":"product_brand","embeddable":true,"href":"https:\/\/www.lianyuanceramic.com\/es\/wp-json\/wp\/v2\/product_brand?post=2773"},{"taxonomy":"product_cat","embeddable":true,"href":"https:\/\/www.lianyuanceramic.com\/es\/wp-json\/wp\/v2\/product_cat?post=2773"},{"taxonomy":"product_tag","embeddable":true,"href":"https:\/\/www.lianyuanceramic.com\/es\/wp-json\/wp\/v2\/product_tag?post=2773"}],"curies":[{"name":"wp","href":"https:\/\/api.w.org\/{rel}","templated":true}]}}