{"id":2764,"date":"2026-03-12T02:01:33","date_gmt":"2026-03-12T02:01:33","guid":{"rendered":"https:\/\/www.lianyuanceramic.com\/?post_type=product&#038;p=2764"},"modified":"2026-03-12T02:01:33","modified_gmt":"2026-03-12T02:01:33","slug":"wholesale-coffee-mug-set","status":"publish","type":"product","link":"https:\/\/www.lianyuanceramic.com\/es\/product\/wholesale-coffee-mug-set\/","title":{"rendered":"Mayorista Juego de Tazas de Caf\u00e9, Cer\u00e1mica Artesanal Tazas de Caf\u00e9 con Leche Blanco Personalizadas"},"content":{"rendered":"<div class=\"wp-block-columns is-layout-flex wp-container-core-columns-is-layout-9d6595d7 wp-block-columns-is-layout-flex\">\n<div class=\"wp-block-column is-layout-flow wp-block-column-is-layout-flow\">\n<h2 class=\"wp-block-heading\">Juego de tazas de caf\u00e9 Caracter\u00edsticas:<\/h2>\n\n\n\n<p><strong>Artesan\u00eda en esmalte: <\/strong>Coloraci\u00f3n en esmalte a alta temperatura, la superficie de la taza es suave, delicada y duradera.<\/p>\n\n\n\n<p><strong>Dise\u00f1o de colores contrastados:<\/strong> El cuerpo principal es de color blanco roto, combinado con un asa de color brillante y una base oscura, lo que crea un estilo vivo y retro.<\/p>\n\n\n\n<p><strong>Material cer\u00e1mico alimentario:<\/strong> Fabricado en cer\u00e1mica de primera calidad con un esmalte no t\u00f3xico, sin plomo ni cadmio, que garantiza un consumo de bebidas seguro y saludable.<\/p>\n\n\n\n<p><strong>Dise\u00f1o estructural estable: <\/strong>Dise\u00f1ado con una base de pie alto para un mejor aislamiento t\u00e9rmico y estabilidad, al tiempo que mejora la est\u00e9tica general.<\/p>\n\n\n\n<p><strong>Se adapta a varios escenarios de aplicaci\u00f3n:<\/strong> La gran capacidad es ideal para caf\u00e9, t\u00e9 y cacao caliente; perfecta para el uso diario y la decoraci\u00f3n del hogar, combinando con diversos estilos de interior.<\/p>\n<\/div>\n\n\n\n<div class=\"wp-block-column is-layout-flow wp-block-column-is-layout-flow\">\n<h2 class=\"wp-block-heading\">Juego de tazas de caf\u00e9 personalizadas:<\/h2>\n\n\n\n<p>Lianyuan ofrece una gama de vajillas personalizadas adaptadas a las necesidades de las marcas y a las tendencias de la moda, por lo que resultan ideales tanto para uso personal como comercial.<\/p>\n\n\n\n<p><strong>Dise\u00f1o:&nbsp;<\/strong>Formas y motivos variados.<\/p>\n\n\n\n<p><strong>Composici\u00f3n del conjunto:<\/strong>&nbsp;Juegos de tazas de cer\u00e1mica personalizados con combinaciones de tazas, cuencos y cucharas.<\/p>\n\n\n\n<p><strong>Tama\u00f1o:&nbsp;<\/strong>Elija entre varios tama\u00f1os para adaptarse a las diferentes raciones de comida.<\/p>\n\n\n\n<p><strong>Material:<\/strong>&nbsp;Cer\u00e1mica, porcelana, porcelana china o pregunte por alternativas.<\/p>\n\n\n\n<p><strong>Artesan\u00eda:&nbsp;<\/strong>Calcoman\u00edas de esmalte, cambio de horno, pintadas a mano, motivos en relieve u otros.<\/p>\n\n\n\n<p><strong>Embalaje:&nbsp;<\/strong>Bulk Pack, caja de color, caja de regalo, caja expositora, caja postal, etc.<\/p>\n<\/div>\n<\/div>\n\n\n\n<div class=\"wp-block-columns is-layout-flex wp-container-core-columns-is-layout-9d6595d7 wp-block-columns-is-layout-flex\">\n<div class=\"wp-block-column is-layout-flow wp-block-column-is-layout-flow\"><div class=\"wp-block-image\">\n<figure class=\"aligncenter size-full\"><img decoding=\"async\" width=\"800\" height=\"800\" src=\"https:\/\/www.lianyuanceramic.com\/wp-content\/uploads\/2025\/10\/OEM-ODM-SERVICR-ceramic-coffee-mugs.webp\" alt=\"OEM &amp; ODM SERVICE tazas de caf\u00e9 de cer\u00e1mica\" class=\"wp-image-2299\" srcset=\"https:\/\/www.lianyuanceramic.com\/wp-content\/uploads\/2025\/10\/OEM-ODM-SERVICR-ceramic-coffee-mugs.webp 800w, https:\/\/www.lianyuanceramic.com\/wp-content\/uploads\/2025\/10\/OEM-ODM-SERVICR-ceramic-coffee-mugs-300x300.webp 300w, https:\/\/www.lianyuanceramic.com\/wp-content\/uploads\/2025\/10\/OEM-ODM-SERVICR-ceramic-coffee-mugs-150x150.webp 150w, https:\/\/www.lianyuanceramic.com\/wp-content\/uploads\/2025\/10\/OEM-ODM-SERVICR-ceramic-coffee-mugs-768x768.webp 768w, https:\/\/www.lianyuanceramic.com\/wp-content\/uploads\/2025\/10\/OEM-ODM-SERVICR-ceramic-coffee-mugs-12x12.webp 12w, https:\/\/www.lianyuanceramic.com\/wp-content\/uploads\/2025\/10\/OEM-ODM-SERVICR-ceramic-coffee-mugs-600x600.webp 600w, https:\/\/www.lianyuanceramic.com\/wp-content\/uploads\/2025\/10\/OEM-ODM-SERVICR-ceramic-coffee-mugs-100x100.webp 100w\" sizes=\"(max-width: 800px) 100vw, 800px\" \/><\/figure>\n<\/div><\/div>\n\n\n\n<div class=\"wp-block-column is-layout-flow wp-block-column-is-layout-flow\">\n<figure class=\"wp-block-image size-full\"><img decoding=\"async\" width=\"800\" height=\"800\" src=\"https:\/\/www.lianyuanceramic.com\/wp-content\/uploads\/2026\/03\/custom-pink-handle-ceramic-milk-coffee-cup-mugs.webp\" alt=\"taza de caf\u00e9 con leche de cer\u00e1mica con asa de color rosa\" class=\"wp-image-2768\" srcset=\"https:\/\/www.lianyuanceramic.com\/wp-content\/uploads\/2026\/03\/custom-pink-handle-ceramic-milk-coffee-cup-mugs.webp 800w, https:\/\/www.lianyuanceramic.com\/wp-content\/uploads\/2026\/03\/custom-pink-handle-ceramic-milk-coffee-cup-mugs-300x300.webp 300w, https:\/\/www.lianyuanceramic.com\/wp-content\/uploads\/2026\/03\/custom-pink-handle-ceramic-milk-coffee-cup-mugs-150x150.webp 150w, https:\/\/www.lianyuanceramic.com\/wp-content\/uploads\/2026\/03\/custom-pink-handle-ceramic-milk-coffee-cup-mugs-768x768.webp 768w, https:\/\/www.lianyuanceramic.com\/wp-content\/uploads\/2026\/03\/custom-pink-handle-ceramic-milk-coffee-cup-mugs-12x12.webp 12w, https:\/\/www.lianyuanceramic.com\/wp-content\/uploads\/2026\/03\/custom-pink-handle-ceramic-milk-coffee-cup-mugs-600x600.webp 600w, https:\/\/www.lianyuanceramic.com\/wp-content\/uploads\/2026\/03\/custom-pink-handle-ceramic-milk-coffee-cup-mugs-100x100.webp 100w\" sizes=\"(max-width: 800px) 100vw, 800px\" \/><\/figure>\n<\/div>\n<\/div>","protected":false},"excerpt":{"rendered":"<div class=\"D5aOJc vJwDU\">\n<div data-zone-id=\"0\" data-line-index=\"0\" data-line=\"true\">\n<p>El juego de tazas de caf\u00e9 al por mayor est\u00e1 fabricado en cer\u00e1mica apta para uso alimentario con esmalte artesanal duradero, un dise\u00f1o retro de colores contrastados y una base estable para un uso seguro y c\u00f3modo, perfecto para hogares, cafeter\u00edas, restaurantes y juegos de regalo. P\u00f3ngase en contacto con nosotros para pedidos al por mayor y personalizados.<\/p>\n<\/div>\n<\/div>\n<h2>Par\u00e1metros del juego de tazas de caf\u00e9:<\/h2>\n<table style=\"border-collapse: collapse; width: 370.82pt;\" border=\"0\" width=\"618\" cellspacing=\"0\" cellpadding=\"0\">\n<tbody>\n<tr style=\"height: 15.60pt;\">\n<td class=\"et3\" style=\"height: 15.60pt; width: 108.00pt;\" width=\"180\" height=\"26\">Fabricante<\/td>\n<td class=\"et3\" style=\"width: 263.25pt;\" width=\"438\">Lianyuan<\/td>\n<\/tr>\n<tr style=\"height: 15.60pt;\">\n<td class=\"et3\" style=\"height: 15.60pt;\" height=\"26\">Tipo de producto<\/td>\n<td class=\"et3\">Taza de caf\u00e9<\/td>\n<\/tr>\n<tr style=\"height: 15.60pt;\">\n<td class=\"et3\" style=\"height: 15.60pt;\" height=\"26\">Patr\u00f3n<\/td>\n<td class=\"et3\">Exquisito estampado de hojas<\/td>\n<\/tr>\n<tr style=\"height: 15.60pt;\">\n<td class=\"et3\" style=\"height: 15.60pt;\" height=\"26\">Color<\/td>\n<td class=\"et3\">Colorido<\/td>\n<\/tr>\n<tr style=\"height: 15.60pt;\">\n<td class=\"et3\" style=\"height: 15.60pt;\" height=\"26\">Material<\/td>\n<td class=\"et3\">Porcelana resistente<\/td>\n<\/tr>\n<tr style=\"height: 15.60pt;\">\n<td class=\"et3\" style=\"height: 15.60pt;\" height=\"26\">Artesan\u00eda<\/td>\n<td class=\"et3\">Calcoman\u00eda In-Glaze<\/td>\n<\/tr>\n<tr style=\"height: 15.60pt;\">\n<td class=\"et3\" style=\"height: 15.60pt;\" height=\"26\">Aplicaci\u00f3n<\/td>\n<td class=\"et3\">Apto para microondas, lavavajillas y horno<\/td>\n<\/tr>\n<tr style=\"height: 15.60pt;\">\n<td class=\"et3\" style=\"height: 15.60pt;\" height=\"26\">A medida<\/td>\n<td class=\"et3\">Color\/Tama\u00f1o\/Logotipo\/Embalaje<\/td>\n<\/tr>\n<\/tbody>\n<\/table>","protected":false},"featured_media":2765,"comment_status":"open","ping_status":"closed","template":"","meta":{"_acf_changed":false},"product_brand":[],"product_cat":[34],"product_tag":[30,27],"class_list":{"0":"post-2764","1":"product","2":"type-product","3":"status-publish","4":"has-post-thumbnail","6":"product_cat-bulk-ceramic-tableware-in-stock","7":"product_tag-custom-porcelain-dinnerware","8":"product_tag-wholesale-decal-ceramics","10":"first","11":"instock","12":"shipping-taxable","13":"product-type-simple"},"acf":[],"_links":{"self":[{"href":"https:\/\/www.lianyuanceramic.com\/es\/wp-json\/wp\/v2\/product\/2764","targetHints":{"allow":["GET"]}}],"collection":[{"href":"https:\/\/www.lianyuanceramic.com\/es\/wp-json\/wp\/v2\/product"}],"about":[{"href":"https:\/\/www.lianyuanceramic.com\/es\/wp-json\/wp\/v2\/types\/product"}],"replies":[{"embeddable":true,"href":"https:\/\/www.lianyuanceramic.com\/es\/wp-json\/wp\/v2\/comments?post=2764"}],"wp:featuredmedia":[{"embeddable":true,"href":"https:\/\/www.lianyuanceramic.com\/es\/wp-json\/wp\/v2\/media\/2765"}],"wp:attachment":[{"href":"https:\/\/www.lianyuanceramic.com\/es\/wp-json\/wp\/v2\/media?parent=2764"}],"wp:term":[{"taxonomy":"product_brand","embeddable":true,"href":"https:\/\/www.lianyuanceramic.com\/es\/wp-json\/wp\/v2\/product_brand?post=2764"},{"taxonomy":"product_cat","embeddable":true,"href":"https:\/\/www.lianyuanceramic.com\/es\/wp-json\/wp\/v2\/product_cat?post=2764"},{"taxonomy":"product_tag","embeddable":true,"href":"https:\/\/www.lianyuanceramic.com\/es\/wp-json\/wp\/v2\/product_tag?post=2764"}],"curies":[{"name":"wp","href":"https:\/\/api.w.org\/{rel}","templated":true}]}}