{"id":2743,"date":"2026-03-12T02:01:45","date_gmt":"2026-03-12T02:01:45","guid":{"rendered":"https:\/\/www.lianyuanceramic.com\/?post_type=product&#038;p=2743"},"modified":"2026-03-12T02:01:45","modified_gmt":"2026-03-12T02:01:45","slug":"custom-ceramic-dinner-plates","status":"publish","type":"product","link":"https:\/\/www.lianyuanceramic.com\/es\/product\/custom-ceramic-dinner-plates\/","title":{"rendered":"Platos de cer\u00e1mica de encargo de la cena, Bone China redondo blanco en relieve Steak Plate Fabricante"},"content":{"rendered":"<div class=\"wp-block-columns is-layout-flex wp-container-core-columns-is-layout-9d6595d7 wp-block-columns-is-layout-flex\">\n<div class=\"wp-block-column is-layout-flow wp-block-column-is-layout-flow\">\n<h2 class=\"wp-block-heading\">Platos de Cer\u00e1mica Caracter\u00edsticas:<\/h2>\n\n\n\n<p><strong>Exquisitos detalles artesanales<\/strong>: La textura anular conc\u00e9ntrica del borde del plato se realiza mediante un proceso de gofrado\/rotaci\u00f3n, que realza la estratificaci\u00f3n visual y mejora el rendimiento antideslizante al sujetarlo.<\/p>\n\n\n\n<p><strong>Forma redonda cl\u00e1sica<\/strong>: Plato redondo poco profundo con un borde ancho que presenta finas texturas de anillos conc\u00e9ntricos, realzando el sentido del dise\u00f1o.<\/p>\n\n\n\n<p><strong>Duradero para el uso diario<\/strong>: Nuestro plato est\u00e1 fabricado en porcelana china extremadamente fina y robusta, que ofrece una durabilidad excepcional. No contiene plomo ni cadmio, por lo que es ideal para el uso diario.<\/p>\n\n\n\n<p><strong>F\u00e1cil de limpiar:<\/strong> El glaseado evita que los alimentos se peguen, incluso las salsas espesas o los platos aceitosos, se aclaran con facilidad.<\/p>\n\n\n\n<p><strong>Dise\u00f1o apilable:<\/strong> El plato redondo est\u00e1 dise\u00f1ado para apilarse c\u00f3modamente, lo que permite un almacenamiento f\u00e1cil y eficaz para ahorrar espacio en encimeras y armarios.<\/p>\n\n\n\n<p><strong>Suministro estable de f\u00e1brica: <\/strong>Desde las materias primas hasta los productos acabados, el equipo profesional de inspecci\u00f3n de calidad de Liyuan supervisa el proceso para garantizar la estabilidad, por lo que es adecuado para las necesidades de compra a granel de restaurantes, hoteles y mayoristas.<\/p>\n<\/div>\n\n\n\n<div class=\"wp-block-column is-layout-flow wp-block-column-is-layout-flow\">\n<h2 class=\"wp-block-heading\">Soluci\u00f3n de platos de cer\u00e1mica personalizados:<\/h2>\n\n\n\n<p>Lianyuan ofrece varias opciones de vajilla personalizada seg\u00fan las necesidades de la marca o las tendencias de la moda, por lo que resulta ideal para uso personal y comercial.<\/p>\n\n\n\n<p><strong>Dise\u00f1o:&nbsp;<\/strong>Formas y motivos variados.<\/p>\n\n\n\n<p><strong>Composici\u00f3n del conjunto:<\/strong>&nbsp;Juegos de tazas de cer\u00e1mica personalizados con combinaciones de tazas, cuencos y cucharas.<\/p>\n\n\n\n<p><strong>Tama\u00f1o:&nbsp;<\/strong>Elija entre varios tama\u00f1os para adaptarse a las diferentes raciones de comida.<\/p>\n\n\n\n<p><strong>Material:<\/strong>&nbsp;Cer\u00e1mica, porcelana, porcelana china o pregunte por alternativas.<\/p>\n\n\n\n<p><strong>Artesan\u00eda:&nbsp;<\/strong>Calcoman\u00edas de esmalte, cambio de horno, pintadas a mano, motivos en relieve u otros.<\/p>\n\n\n\n<p><strong>Embalaje:&nbsp;<\/strong>Bulk Pack, caja de color, caja de regalo, caja expositora, caja postal, etc.<\/p>\n<\/div>\n<\/div>","protected":false},"excerpt":{"rendered":"<p>Los platos llanos de cer\u00e1mica personalizados est\u00e1n fabricados en porcelana china de gran durabilidad, con elegantes texturas de anillos conc\u00e9ntricos y un dise\u00f1o redondo cl\u00e1sico, que ofrece tanto atractivo visual como un mango antideslizante. F\u00e1ciles de limpiar, apilables e ideales para restaurantes y hoteles. Admite pedidos al por mayor y soluciones personalizadas. No dude en consultarnos.<\/p>\n<h2>Par\u00e1metros de los platos de cer\u00e1mica<\/h2>\n<table style=\"border-collapse: collapse; width: 370.82pt;\" border=\"0\" width=\"618\" cellspacing=\"0\" cellpadding=\"0\">\n<tbody>\n<tr style=\"height: 15.60pt;\">\n<td class=\"et3\" style=\"height: 15.60pt; width: 108.00pt;\" width=\"180\" height=\"26\">Fabricante<\/td>\n<td class=\"et3\" style=\"width: 263.25pt;\" width=\"438\">Lianyuan<\/td>\n<\/tr>\n<tr style=\"height: 15.60pt;\">\n<td class=\"et3\" style=\"height: 15.60pt;\" height=\"26\">Estilo<\/td>\n<td class=\"et3\">Vajilla<\/td>\n<\/tr>\n<tr style=\"height: 15.60pt;\">\n<td class=\"et3\" style=\"height: 15.60pt;\" height=\"26\">Dise\u00f1o<\/td>\n<td class=\"et3\">Forma redonda<\/td>\n<\/tr>\n<tr style=\"height: 15.60pt;\">\n<td class=\"et3\" style=\"height: 15.60pt;\" height=\"26\">Color<\/td>\n<td class=\"et3\">Blanco<\/td>\n<\/tr>\n<tr style=\"height: 15.60pt;\">\n<td class=\"et3\" style=\"height: 15.60pt;\" height=\"26\">Material<\/td>\n<td class=\"et3\">China de hueso<\/td>\n<\/tr>\n<tr style=\"height: 15.60pt;\">\n<td class=\"et3\" style=\"height: 15.60pt;\" height=\"26\">Unidades de venta<\/td>\n<td class=\"et3\">Art\u00edculo \u00fanico<\/td>\n<\/tr>\n<tr style=\"height: 15.60pt;\">\n<td class=\"et3\" style=\"height: 15.60pt;\" height=\"26\">Aplicaci\u00f3n<\/td>\n<td class=\"et3\">Apto para microondas, lavavajillas y horno<\/td>\n<\/tr>\n<tr style=\"height: 15.60pt;\">\n<td class=\"et3\" style=\"height: 15.60pt;\" height=\"26\">A medida<\/td>\n<td class=\"et3\">Color\/Tama\u00f1o\/Logotipo\/Embalaje<\/td>\n<\/tr>\n<\/tbody>\n<\/table>","protected":false},"featured_media":2752,"comment_status":"open","ping_status":"closed","template":"","meta":{"_acf_changed":false},"product_brand":[],"product_cat":[34],"product_tag":[31],"class_list":{"0":"post-2743","1":"product","2":"type-product","3":"status-publish","4":"has-post-thumbnail","6":"product_cat-bulk-ceramic-tableware-in-stock","7":"product_tag-bone-china-dinnerware-wholesale","9":"first","10":"instock","11":"shipping-taxable","12":"product-type-simple"},"acf":[],"_links":{"self":[{"href":"https:\/\/www.lianyuanceramic.com\/es\/wp-json\/wp\/v2\/product\/2743","targetHints":{"allow":["GET"]}}],"collection":[{"href":"https:\/\/www.lianyuanceramic.com\/es\/wp-json\/wp\/v2\/product"}],"about":[{"href":"https:\/\/www.lianyuanceramic.com\/es\/wp-json\/wp\/v2\/types\/product"}],"replies":[{"embeddable":true,"href":"https:\/\/www.lianyuanceramic.com\/es\/wp-json\/wp\/v2\/comments?post=2743"}],"wp:featuredmedia":[{"embeddable":true,"href":"https:\/\/www.lianyuanceramic.com\/es\/wp-json\/wp\/v2\/media\/2752"}],"wp:attachment":[{"href":"https:\/\/www.lianyuanceramic.com\/es\/wp-json\/wp\/v2\/media?parent=2743"}],"wp:term":[{"taxonomy":"product_brand","embeddable":true,"href":"https:\/\/www.lianyuanceramic.com\/es\/wp-json\/wp\/v2\/product_brand?post=2743"},{"taxonomy":"product_cat","embeddable":true,"href":"https:\/\/www.lianyuanceramic.com\/es\/wp-json\/wp\/v2\/product_cat?post=2743"},{"taxonomy":"product_tag","embeddable":true,"href":"https:\/\/www.lianyuanceramic.com\/es\/wp-json\/wp\/v2\/product_tag?post=2743"}],"curies":[{"name":"wp","href":"https:\/\/api.w.org\/{rel}","templated":true}]}}