{"id":2694,"date":"2026-01-19T03:39:54","date_gmt":"2026-01-19T03:39:54","guid":{"rendered":"https:\/\/www.lianyuanceramic.com\/?post_type=product&#038;p=2694"},"modified":"2026-01-19T03:43:48","modified_gmt":"2026-01-19T03:43:48","slug":"wholesale-western-themed-dinnerware","status":"publish","type":"product","link":"https:\/\/www.lianyuanceramic.com\/es\/product\/wholesale-western-themed-dinnerware\/","title":{"rendered":"Mayorista Vajilla Tem\u00e1tica Western, Decal-Print Vintage Vajilla de Postre Personalizada"},"content":{"rendered":"<div class=\"wp-block-columns is-layout-flex wp-container-core-columns-is-layout-9d6595d7 wp-block-columns-is-layout-flex\">\n<div class=\"wp-block-column is-layout-flow wp-block-column-is-layout-flow\">\n<h2 class=\"wp-block-heading\">Vajilla tem\u00e1tica del Oeste:<\/h2>\n\n\n\n<p><strong>Material seguro con excelente textura:<\/strong> Fabricado con cuerpo cer\u00e1mico de gran pureza cocido a alta temperatura, sin plomo ni cadmio, que cumple las normas de seguridad para el contacto con alimentos. La superficie est\u00e1 esmaltada uniformemente, presentando texturas de color mate, brillante o bajo vidriado, con un tacto delicado y suave que mejora la experiencia sensorial de disfrutar de los postres.<\/p>\n\n\n\n<p><strong>Forma exquisita para escenarios de postres: <\/strong>Dise\u00f1ados principalmente como platos poco profundos (2-4 cm de profundidad) con un di\u00e1metro de 15-20 cm, son adecuados para colocar diversos postres, como pasteles, macarons, pudines y tartas de fruta. Las formas m\u00e1s comunes son redondas, cuadradas y especiales irregulares (p\u00e9talo, nube, etc.), con bordes lisos y sin rebabas, que equilibran la est\u00e9tica y la seguridad de uso.<\/p>\n\n\n\n<p><strong>Resistencia a altas temperaturas: <\/strong>Soporta diferencias de temperatura de -20\u2103 a 120\u2103, compatible con almacenamiento en frigor\u00edfico y calentamiento breve en microondas (para algunos estilos), adapt\u00e1ndose al escenario completo de los postres desde el almacenamiento en fr\u00edo hasta el servicio.<\/p>\n\n\n\n<p><strong>Decoraci\u00f3n fuerte y estilos diversos<\/strong>: Adoptando pintura bajo vidriado, pintura sobre vidriado, calcoman\u00eda, pintura a mano y otros procesos, los patrones abarcan colores s\u00f3lidos simples, patrones retro, frutas frescas, dorado dorado de lujo ligero, etc. Se adapta a varios estilos de hogar y restauraci\u00f3n, como el n\u00f3rdico, el japon\u00e9s, el franc\u00e9s y el de lujo ligero, sirviendo tanto de vajilla como de adorno decorativo para la mesa del comedor.<\/p>\n\n\n\n<p><strong>Estructura robusta<\/strong>: El cuerpo de cer\u00e1mica tiene un grosor moderado (3-5 mm), equilibrando la portabilidad y la resistencia a la rotura, no es f\u00e1cil de romper en el uso diario.<\/p>\n\n\n\n<p><strong>Alta practicidad:<\/strong> El fondo est\u00e1 tratado con un borde antideslizante para evitar que resbale sobre la mesa, y algunos modelos est\u00e1n dise\u00f1ados con ranuras poco profundas para evitar que rebose la salsa del postre.<\/p>\n\n\n\n<p><strong>F\u00e1cil de limpiar:<\/strong> La densa superficie esmaltada es resistente al aceite, las manchas se pueden aclarar f\u00e1cilmente y se puede lavar en el lavavajillas para una limpieza c\u00f3moda.<\/p>\n<\/div>\n\n\n\n<div class=\"wp-block-column is-layout-flow wp-block-column-is-layout-flow\">\n<h2 class=\"wp-block-heading\">Soluci\u00f3n de vajilla personalizada con tem\u00e1tica del Oeste:<\/h2>\n\n\n\n<p>Lianyuan ofrece varias opciones de vajilla personalizada seg\u00fan las necesidades de la marca o las tendencias de la moda, por lo que resulta ideal para uso personal y comercial.<\/p>\n\n\n\n<p><strong>Dise\u00f1o:&nbsp;<\/strong>Formas y motivos variados.<\/p>\n\n\n\n<p><strong>Composici\u00f3n del conjunto:<\/strong>&nbsp;Juegos de tazas de cer\u00e1mica personalizados con combinaciones de tazas, cuencos y cucharas.<\/p>\n\n\n\n<p><strong>Tama\u00f1o:&nbsp;<\/strong>Elija entre varios tama\u00f1os para adaptarse a las diferentes raciones de comida.<\/p>\n\n\n\n<p><strong>Material:<\/strong>&nbsp;Cer\u00e1mica, porcelana, porcelana china o pregunte por alternativas.<\/p>\n\n\n\n<p><strong>Artesan\u00eda:&nbsp;<\/strong>Calcoman\u00edas de esmalte, cambio de horno, pintadas a mano, motivos en relieve u otros.<\/p>\n\n\n\n<p><strong>Embalaje:&nbsp;<\/strong>Bulk Pack, caja de color, caja de regalo, caja expositora, caja postal, etc.<\/p>\n<\/div>\n<\/div>\n\n\n\n<div class=\"wp-block-columns is-layout-flex wp-container-core-columns-is-layout-9d6595d7 wp-block-columns-is-layout-flex\">\n<div class=\"wp-block-column is-layout-flow wp-block-column-is-layout-flow\">\n<figure class=\"wp-block-image size-full\"><img decoding=\"async\" width=\"800\" height=\"800\" src=\"https:\/\/www.lianyuanceramic.com\/wp-content\/uploads\/2026\/01\/custom-ceramic-dessert-plate.webp\" alt=\"plato de postre de cer\u00e1mica personalizado\" class=\"wp-image-2693\" srcset=\"https:\/\/www.lianyuanceramic.com\/wp-content\/uploads\/2026\/01\/custom-ceramic-dessert-plate.webp 800w, https:\/\/www.lianyuanceramic.com\/wp-content\/uploads\/2026\/01\/custom-ceramic-dessert-plate-300x300.webp 300w, https:\/\/www.lianyuanceramic.com\/wp-content\/uploads\/2026\/01\/custom-ceramic-dessert-plate-150x150.webp 150w, https:\/\/www.lianyuanceramic.com\/wp-content\/uploads\/2026\/01\/custom-ceramic-dessert-plate-768x768.webp 768w, https:\/\/www.lianyuanceramic.com\/wp-content\/uploads\/2026\/01\/custom-ceramic-dessert-plate-12x12.webp 12w, https:\/\/www.lianyuanceramic.com\/wp-content\/uploads\/2026\/01\/custom-ceramic-dessert-plate-600x600.webp 600w, https:\/\/www.lianyuanceramic.com\/wp-content\/uploads\/2026\/01\/custom-ceramic-dessert-plate-100x100.webp 100w\" sizes=\"(max-width: 800px) 100vw, 800px\" \/><\/figure>\n<\/div>\n\n\n\n<div class=\"wp-block-column is-layout-flow wp-block-column-is-layout-flow\">\n<figure class=\"wp-block-image size-full\"><img decoding=\"async\" width=\"800\" height=\"800\" src=\"https:\/\/www.lianyuanceramic.com\/wp-content\/uploads\/2026\/01\/Custom-ceramic-Decal-print-Dessert-Dinnerware.webp\" alt=\"Vajilla de cer\u00e1mica personalizada\" class=\"wp-image-2708\" srcset=\"https:\/\/www.lianyuanceramic.com\/wp-content\/uploads\/2026\/01\/Custom-ceramic-Decal-print-Dessert-Dinnerware.webp 800w, https:\/\/www.lianyuanceramic.com\/wp-content\/uploads\/2026\/01\/Custom-ceramic-Decal-print-Dessert-Dinnerware-300x300.webp 300w, https:\/\/www.lianyuanceramic.com\/wp-content\/uploads\/2026\/01\/Custom-ceramic-Decal-print-Dessert-Dinnerware-150x150.webp 150w, https:\/\/www.lianyuanceramic.com\/wp-content\/uploads\/2026\/01\/Custom-ceramic-Decal-print-Dessert-Dinnerware-768x768.webp 768w, https:\/\/www.lianyuanceramic.com\/wp-content\/uploads\/2026\/01\/Custom-ceramic-Decal-print-Dessert-Dinnerware-12x12.webp 12w, https:\/\/www.lianyuanceramic.com\/wp-content\/uploads\/2026\/01\/Custom-ceramic-Decal-print-Dessert-Dinnerware-600x600.webp 600w, https:\/\/www.lianyuanceramic.com\/wp-content\/uploads\/2026\/01\/Custom-ceramic-Decal-print-Dessert-Dinnerware-100x100.webp 100w\" sizes=\"(max-width: 800px) 100vw, 800px\" \/><\/figure>\n<\/div>\n<\/div>\n\n\n\n<p><\/p>","protected":false},"excerpt":{"rendered":"<p>Vajilla al por mayor de tem\u00e1tica del oeste, con escenas de castillos dibujadas a mano, motivos vintage y encanto r\u00fastico. Perfecto para varias escenas de comedor. Porcelana duradera, precios al por mayor de Lianyuan. P\u00f3ngase en contacto con nosotros ahora para una cotizaci\u00f3n.<\/p>\n<h2>Vajilla tem\u00e1tica del Oeste Par\u00e1metro<\/h2>\n<table style=\"border-collapse: collapse; width: 370.82pt;\" border=\"0\" width=\"618\" cellspacing=\"0\" cellpadding=\"0\">\n<tbody>\n<tr style=\"height: 15.60pt;\">\n<td class=\"et3\" style=\"height: 15.60pt; width: 108.00pt;\" width=\"180\" height=\"26\">Fabricante<\/td>\n<td class=\"et3\" style=\"width: 263.25pt;\" width=\"438\">Lianyuan<\/td>\n<\/tr>\n<tr style=\"height: 15.60pt;\">\n<td class=\"et3\" style=\"height: 15.60pt;\" height=\"26\">Tipo de producto<\/td>\n<td class=\"et3\">Platos de postre<\/td>\n<\/tr>\n<tr style=\"height: 15.60pt;\">\n<td class=\"et3\" style=\"height: 15.60pt;\" height=\"26\">Dise\u00f1o<\/td>\n<td class=\"et3\">placa irregular octogonal ondulada<\/td>\n<\/tr>\n<tr style=\"height: 15.60pt;\">\n<td class=\"et3\" style=\"height: 15.60pt;\" height=\"26\">Color<\/td>\n<td class=\"et3\">esmalte rojo vintage<\/td>\n<\/tr>\n<tr style=\"height: 15.60pt;\">\n<td class=\"et3\" style=\"height: 15.60pt;\" height=\"26\">Material<\/td>\n<td class=\"et3\">Porcelana resistente<\/td>\n<\/tr>\n<tr style=\"height: 15.60pt;\">\n<td class=\"et3\" style=\"height: 15.60pt;\" height=\"26\">Unidades de venta<\/td>\n<td class=\"et3\">Art\u00edculo \u00fanico<\/td>\n<\/tr>\n<tr style=\"height: 15.60pt;\">\n<td class=\"et3\" style=\"height: 15.60pt;\" height=\"26\">Aplicaci\u00f3n<\/td>\n<td class=\"et3\">Apto para microondas, lavavajillas y horno<\/td>\n<\/tr>\n<tr style=\"height: 15.60pt;\">\n<td class=\"et3\" style=\"height: 15.60pt;\" height=\"26\">A medida<\/td>\n<td class=\"et3\">Color\/Tama\u00f1o\/Logotipo\/Embalaje<\/td>\n<\/tr>\n<\/tbody>\n<\/table>","protected":false},"featured_media":2707,"comment_status":"open","ping_status":"closed","template":"","meta":{"_acf_changed":false},"product_brand":[],"product_cat":[17],"product_tag":[30,29,27],"class_list":{"0":"post-2694","1":"product","2":"type-product","3":"status-publish","4":"has-post-thumbnail","6":"product_cat-dinnerware-wholesale","7":"product_tag-custom-porcelain-dinnerware","8":"product_tag-hand-painted-embossed-dinnerware-wholesale","9":"product_tag-wholesale-decal-ceramics","11":"first","12":"instock","13":"shipping-taxable","14":"product-type-simple"},"acf":[],"_links":{"self":[{"href":"https:\/\/www.lianyuanceramic.com\/es\/wp-json\/wp\/v2\/product\/2694","targetHints":{"allow":["GET"]}}],"collection":[{"href":"https:\/\/www.lianyuanceramic.com\/es\/wp-json\/wp\/v2\/product"}],"about":[{"href":"https:\/\/www.lianyuanceramic.com\/es\/wp-json\/wp\/v2\/types\/product"}],"replies":[{"embeddable":true,"href":"https:\/\/www.lianyuanceramic.com\/es\/wp-json\/wp\/v2\/comments?post=2694"}],"wp:featuredmedia":[{"embeddable":true,"href":"https:\/\/www.lianyuanceramic.com\/es\/wp-json\/wp\/v2\/media\/2707"}],"wp:attachment":[{"href":"https:\/\/www.lianyuanceramic.com\/es\/wp-json\/wp\/v2\/media?parent=2694"}],"wp:term":[{"taxonomy":"product_brand","embeddable":true,"href":"https:\/\/www.lianyuanceramic.com\/es\/wp-json\/wp\/v2\/product_brand?post=2694"},{"taxonomy":"product_cat","embeddable":true,"href":"https:\/\/www.lianyuanceramic.com\/es\/wp-json\/wp\/v2\/product_cat?post=2694"},{"taxonomy":"product_tag","embeddable":true,"href":"https:\/\/www.lianyuanceramic.com\/es\/wp-json\/wp\/v2\/product_tag?post=2694"}],"curies":[{"name":"wp","href":"https:\/\/api.w.org\/{rel}","templated":true}]}}