{"id":2629,"date":"2026-01-15T12:24:26","date_gmt":"2026-01-15T12:24:26","guid":{"rendered":"https:\/\/www.lianyuanceramic.com\/?post_type=product&#038;p=2629"},"modified":"2026-03-10T03:01:02","modified_gmt":"2026-03-10T03:01:02","slug":"ceramic-dinner-plates-wholesale","status":"publish","type":"product","link":"https:\/\/www.lianyuanceramic.com\/es\/product\/ceramic-dinner-plates-wholesale\/","title":{"rendered":"Platos de Ceramica al por mayor, Platos de Postre con Esmalte Cristalino Personalizados"},"content":{"rendered":"<div class=\"wp-block-columns is-layout-flex wp-container-core-columns-is-layout-9d6595d7 wp-block-columns-is-layout-flex\">\n<div class=\"wp-block-column is-layout-flow wp-block-column-is-layout-flow\">\n<h2 class=\"wp-block-heading\">Platos de Cer\u00e1mica Caracter\u00edsticas:<\/h2>\n\n\n\n<p><strong>Patr\u00f3n decorativo \u00fanico<\/strong>: La superficie est\u00e1 adornada con detalles blancos en forma de p\u00e9talo, creando un aspecto exquisito y art\u00edstico, que recuerda al efecto de los p\u00e9talos esparcidos.<\/p>\n\n\n\n<p><strong>Glaseado delicado<\/strong>: La superficie tiene un esmalte liso y brillante, que presenta tonos suaves (como el amarillo claro o el azul claro), realzando el atractivo visual general.<\/p>\n\n\n\n<p><strong>Estilo elegante y moderno<\/strong>: Combinando la artesan\u00eda cer\u00e1mica moderna con la decoraci\u00f3n art\u00edstica, el dise\u00f1o crea un ambiente elegante a la vez que presenta elementos \u00fanicos y creativos.<\/p>\n\n\n\n<p><strong>Uso vers\u00e1til<\/strong>: Este plato es adecuado para exponer, servir platos delicados o como elemento decorativo, por lo que es perfecto para restaurantes de alta gama o como decoraci\u00f3n de mesa para el hogar.<\/p>\n\n\n\n<p><strong>F\u00e1cil apilamiento y limpieza<\/strong>: Los platos al por mayor tienen forma ovalada, por lo que ocupan menos espacio en el armario y el lavavajillas.<\/p>\n<\/div>\n\n\n\n<div class=\"wp-block-column is-layout-flow wp-block-column-is-layout-flow\">\n<h2 class=\"wp-block-heading\">Platos de cer\u00e1mica personalizados<\/h2>\n\n\n\n<p>Lianyuan ofrece una gran variedad de vajillas personalizadas adaptadas a las necesidades de la marca o a las tendencias de la moda, por lo que resultan ideales tanto para uso personal como comercial.<\/p>\n\n\n\n<p><strong>Dise\u00f1o:&nbsp;<\/strong>Formas y motivos variados.<\/p>\n\n\n\n<p><strong>Composici\u00f3n del conjunto:<\/strong>&nbsp;Juegos de tazas de cer\u00e1mica personalizados con combinaciones de tazas, cuencos y cucharas.<\/p>\n\n\n\n<p><strong>Tama\u00f1o:&nbsp;<\/strong>Elija entre varios tama\u00f1os para adaptarse a las diferentes raciones de comida.<\/p>\n\n\n\n<p><strong>Material:<\/strong>&nbsp;Cer\u00e1mica, porcelana, porcelana china o pregunte por alternativas.<\/p>\n\n\n\n<p><strong>Artesan\u00eda:&nbsp;<\/strong>Calcoman\u00edas de esmalte, cambio de horno, pintadas a mano, motivos en relieve u otros.<\/p>\n\n\n\n<p><strong>Embalaje:&nbsp;<\/strong>Bulk Pack, caja de color, caja de regalo, caja expositora, caja postal, etc.<\/p>\n<\/div>\n<\/div>\n\n\n\n<div class=\"wp-block-columns is-layout-flex wp-container-core-columns-is-layout-9d6595d7 wp-block-columns-is-layout-flex\">\n<div class=\"wp-block-column is-layout-flow wp-block-column-is-layout-flow\">\n<figure class=\"wp-block-image size-full\"><img decoding=\"async\" width=\"800\" height=\"800\" src=\"https:\/\/www.lianyuanceramic.com\/wp-content\/uploads\/2026\/01\/custom-ceramic-crystalline-glaze-plates-1.webp\" alt=\"placas de esmalte cristalino de cer\u00e1mica personalizadas\" class=\"wp-image-2641\" srcset=\"https:\/\/www.lianyuanceramic.com\/wp-content\/uploads\/2026\/01\/custom-ceramic-crystalline-glaze-plates-1.webp 800w, https:\/\/www.lianyuanceramic.com\/wp-content\/uploads\/2026\/01\/custom-ceramic-crystalline-glaze-plates-1-300x300.webp 300w, https:\/\/www.lianyuanceramic.com\/wp-content\/uploads\/2026\/01\/custom-ceramic-crystalline-glaze-plates-1-150x150.webp 150w, https:\/\/www.lianyuanceramic.com\/wp-content\/uploads\/2026\/01\/custom-ceramic-crystalline-glaze-plates-1-768x768.webp 768w, https:\/\/www.lianyuanceramic.com\/wp-content\/uploads\/2026\/01\/custom-ceramic-crystalline-glaze-plates-1-12x12.webp 12w, https:\/\/www.lianyuanceramic.com\/wp-content\/uploads\/2026\/01\/custom-ceramic-crystalline-glaze-plates-1-600x600.webp 600w, https:\/\/www.lianyuanceramic.com\/wp-content\/uploads\/2026\/01\/custom-ceramic-crystalline-glaze-plates-1-100x100.webp 100w\" sizes=\"(max-width: 800px) 100vw, 800px\" \/><\/figure>\n<\/div>\n\n\n\n<div class=\"wp-block-column is-layout-flow wp-block-column-is-layout-flow\">\n<figure class=\"wp-block-image size-full\"><img decoding=\"async\" width=\"800\" height=\"800\" src=\"https:\/\/www.lianyuanceramic.com\/wp-content\/uploads\/2026\/01\/wholesale-ceramic-round-dessert-plate-supplier-1.webp\" alt=\"mayorista plato de postre redondo de ceramica\" class=\"wp-image-2646\" srcset=\"https:\/\/www.lianyuanceramic.com\/wp-content\/uploads\/2026\/01\/wholesale-ceramic-round-dessert-plate-supplier-1.webp 800w, https:\/\/www.lianyuanceramic.com\/wp-content\/uploads\/2026\/01\/wholesale-ceramic-round-dessert-plate-supplier-1-300x300.webp 300w, https:\/\/www.lianyuanceramic.com\/wp-content\/uploads\/2026\/01\/wholesale-ceramic-round-dessert-plate-supplier-1-150x150.webp 150w, https:\/\/www.lianyuanceramic.com\/wp-content\/uploads\/2026\/01\/wholesale-ceramic-round-dessert-plate-supplier-1-768x768.webp 768w, https:\/\/www.lianyuanceramic.com\/wp-content\/uploads\/2026\/01\/wholesale-ceramic-round-dessert-plate-supplier-1-12x12.webp 12w, https:\/\/www.lianyuanceramic.com\/wp-content\/uploads\/2026\/01\/wholesale-ceramic-round-dessert-plate-supplier-1-600x600.webp 600w, https:\/\/www.lianyuanceramic.com\/wp-content\/uploads\/2026\/01\/wholesale-ceramic-round-dessert-plate-supplier-1-100x100.webp 100w\" sizes=\"(max-width: 800px) 100vw, 800px\" \/><\/figure>\n<\/div>\n<\/div>\n\n\n\n<p><\/p>","protected":false},"excerpt":{"rendered":"<p><span class=\"a-list-item\">Lianyuan platos de cer\u00e1mica al por mayor, platos ovalados de postre con esmalte de cristal y dise\u00f1o de p\u00e9talos blancos. Elegantes, modernos, apilables y f\u00e1ciles de limpiar. Perfectos para restaurantes de alta gama o para la decoraci\u00f3n del hogar. Personalizaci\u00f3n al por mayor disponible. \u00a1P\u00f3ngase en contacto con nosotros para obtener m\u00e1s cotizaciones al por mayor!<\/span><\/p>\n<h2>Platos llanos de cer\u00e1mica Par\u00e1metros<\/h2>\n<table style=\"border-collapse: collapse; width: 370.82pt;\" border=\"0\" width=\"618\" cellspacing=\"0\" cellpadding=\"0\">\n<tbody>\n<tr style=\"height: 15.60pt;\">\n<td class=\"et3\" style=\"height: 15.60pt; width: 108.00pt;\" width=\"180\" height=\"26\">Fabricante<\/td>\n<td class=\"et3\" style=\"width: 263.25pt;\" width=\"438\">Lianyuan<\/td>\n<\/tr>\n<tr style=\"height: 15.60pt;\">\n<td class=\"et3\" style=\"height: 15.60pt;\" height=\"26\">Tipo de producto<\/td>\n<td class=\"et3\">Vajilla, Plato llano<\/td>\n<\/tr>\n<tr style=\"height: 15.60pt;\">\n<td class=\"et3\" style=\"height: 15.60pt;\" height=\"26\">Patr\u00f3n<\/td>\n<td class=\"et3\">Cristal<\/td>\n<\/tr>\n<tr style=\"height: 15.60pt;\">\n<td class=\"et3\" style=\"height: 15.60pt;\" height=\"26\">Color<\/td>\n<td class=\"et3\">Amarillo, Verde<\/td>\n<\/tr>\n<tr style=\"height: 15.60pt;\">\n<td class=\"et3\" style=\"height: 15.60pt;\" height=\"26\">Material<\/td>\n<td class=\"et3\">Porcelana resistente<\/td>\n<\/tr>\n<tr style=\"height: 15.60pt;\">\n<td class=\"et3\" style=\"height: 15.60pt;\" height=\"26\">Artesan\u00eda<\/td>\n<td class=\"et3\">Esmalte cristalino\u00a0<\/td>\n<\/tr>\n<tr style=\"height: 15.60pt;\">\n<td class=\"et3\" style=\"height: 15.60pt;\" height=\"26\">Aplicaci\u00f3n<\/td>\n<td class=\"et3\">Apto para microondas, lavavajillas y horno<\/td>\n<\/tr>\n<tr style=\"height: 15.60pt;\">\n<td class=\"et3\" style=\"height: 15.60pt;\" height=\"26\">A medida<\/td>\n<td class=\"et3\">Color\/Tama\u00f1o\/Logotipo\/Embalaje<\/td>\n<\/tr>\n<\/tbody>\n<\/table>","protected":false},"featured_media":2644,"comment_status":"open","ping_status":"closed","template":"","meta":{"_acf_changed":false},"product_brand":[],"product_cat":[17],"product_tag":[30,29],"class_list":{"0":"post-2629","1":"product","2":"type-product","3":"status-publish","4":"has-post-thumbnail","6":"product_cat-dinnerware-wholesale","7":"product_tag-custom-porcelain-dinnerware","8":"product_tag-hand-painted-embossed-dinnerware-wholesale","10":"first","11":"instock","12":"shipping-taxable","13":"product-type-simple"},"acf":[],"_links":{"self":[{"href":"https:\/\/www.lianyuanceramic.com\/es\/wp-json\/wp\/v2\/product\/2629","targetHints":{"allow":["GET"]}}],"collection":[{"href":"https:\/\/www.lianyuanceramic.com\/es\/wp-json\/wp\/v2\/product"}],"about":[{"href":"https:\/\/www.lianyuanceramic.com\/es\/wp-json\/wp\/v2\/types\/product"}],"replies":[{"embeddable":true,"href":"https:\/\/www.lianyuanceramic.com\/es\/wp-json\/wp\/v2\/comments?post=2629"}],"wp:featuredmedia":[{"embeddable":true,"href":"https:\/\/www.lianyuanceramic.com\/es\/wp-json\/wp\/v2\/media\/2644"}],"wp:attachment":[{"href":"https:\/\/www.lianyuanceramic.com\/es\/wp-json\/wp\/v2\/media?parent=2629"}],"wp:term":[{"taxonomy":"product_brand","embeddable":true,"href":"https:\/\/www.lianyuanceramic.com\/es\/wp-json\/wp\/v2\/product_brand?post=2629"},{"taxonomy":"product_cat","embeddable":true,"href":"https:\/\/www.lianyuanceramic.com\/es\/wp-json\/wp\/v2\/product_cat?post=2629"},{"taxonomy":"product_tag","embeddable":true,"href":"https:\/\/www.lianyuanceramic.com\/es\/wp-json\/wp\/v2\/product_tag?post=2629"}],"curies":[{"name":"wp","href":"https:\/\/api.w.org\/{rel}","templated":true}]}}