{"id":2622,"date":"2026-01-15T12:26:36","date_gmt":"2026-01-15T12:26:36","guid":{"rendered":"https:\/\/www.lianyuanceramic.com\/?post_type=product&#038;p=2622"},"modified":"2026-03-10T03:00:52","modified_gmt":"2026-03-10T03:00:52","slug":"custom-ceramic-plate","status":"publish","type":"product","link":"https:\/\/www.lianyuanceramic.com\/es\/product\/custom-ceramic-plate\/","title":{"rendered":"Plato de Cer\u00e1mica Personalizado, Plato Ovalado de Pescado para Restaurante Hotel a Granel"},"content":{"rendered":"<div class=\"wp-block-columns is-layout-flex wp-container-core-columns-is-layout-9d6595d7 wp-block-columns-is-layout-flex\">\n<div class=\"wp-block-column is-layout-flow wp-block-column-is-layout-flow\">\n<h2 class=\"wp-block-heading\">Placa de cer\u00e1mica Caracter\u00edsticas:<\/h2>\n\n\n\n<p><strong>Artesan\u00eda exquisita: <\/strong>Fabricada en cer\u00e1mica, presenta un acabado de esmalte moteado kiln-change\uff0c que crea una textura natural y granulada, con un estilo retro o artesanal.<\/p>\n\n\n\n<p><strong>Material de primera calidad:<\/strong> La base es de porcelana resistente, acabada mediante esmaltado a mano y cocci\u00f3n a temperatura controlada, duradera y a la moda.<\/p>\n\n\n\n<p><strong>Plato de servicio de dise\u00f1o \u00fanico<\/strong>: La fuente ovalada de l\u00edneas elegantes, con bordes redondeados, hace que sea m\u00e1s c\u00f3moda de transportar y servir.<\/p>\n\n\n\n<p><strong>A prueba de microondas:<\/strong> Estas bandejas para servir est\u00e1n hechas de porcelana duradera, resistente a los desconchones y m\u00e1s robusta que el gres, y la fuente ovalada de cer\u00e1mica para servir a la parrilla se puede utilizar en el horno, el microondas, el frigor\u00edfico y el lavavajillas.<\/p>\n\n\n\n<p><strong>F\u00e1cil de limpiar:<\/strong> El glaseado evita que los alimentos se peguen, incluso las salsas espesas o los platos aceitosos se aclaran con facilidad.<\/p>\n\n\n\n<p><strong>Dise\u00f1o apilable: <\/strong>La fuente se apila de forma segura con otros platos para ahorrar espacio en el armario. Un complemento pr\u00e1ctico y elegante para cualquier colecci\u00f3n de vajilla.<\/p>\n<\/div>\n\n\n\n<div class=\"wp-block-column is-layout-flow wp-block-column-is-layout-flow\">\n<h2 class=\"wp-block-heading\">Soluci\u00f3n de placas cer\u00e1micas a medida:<\/h2>\n\n\n\n<p>Lianyuan ofrece varias opciones de vajilla personalizada seg\u00fan las necesidades de la marca o las tendencias de la moda, por lo que resulta ideal para uso personal y comercial.<\/p>\n\n\n\n<p><strong>Dise\u00f1o:&nbsp;<\/strong>Formas y motivos variados.<\/p>\n\n\n\n<p><strong>Composici\u00f3n del conjunto:<\/strong>&nbsp;Juegos de tazas de cer\u00e1mica personalizados con combinaciones de tazas, cuencos y cucharas.<\/p>\n\n\n\n<p><strong>Tama\u00f1o:&nbsp;<\/strong>Elija entre varios tama\u00f1os para adaptarse a las diferentes raciones de comida.<\/p>\n\n\n\n<p><strong>Material:<\/strong>&nbsp;Cer\u00e1mica, porcelana, porcelana china o pregunte por alternativas.<\/p>\n\n\n\n<p><strong>Artesan\u00eda:&nbsp;<\/strong>Calcoman\u00edas de esmalte, cambio de horno, pintadas a mano, motivos en relieve u otros.<\/p>\n\n\n\n<p><strong>Embalaje:&nbsp;<\/strong>Bulk Pack, caja de color, caja de regalo, caja expositora, caja postal, etc.<\/p>\n<\/div>\n<\/div>\n\n\n\n<div class=\"wp-block-columns is-layout-flex wp-container-core-columns-is-layout-9d6595d7 wp-block-columns-is-layout-flex\">\n<div class=\"wp-block-column is-layout-flow wp-block-column-is-layout-flow\">\n<figure class=\"wp-block-image size-full\"><img decoding=\"async\" width=\"800\" height=\"800\" src=\"https:\/\/www.lianyuanceramic.com\/wp-content\/uploads\/2025\/12\/custom-round-ceramic-dinner-plare.webp\" alt=\"plato llano redondo de cer\u00e1mica personalizado\" class=\"wp-image-2626\" srcset=\"https:\/\/www.lianyuanceramic.com\/wp-content\/uploads\/2025\/12\/custom-round-ceramic-dinner-plare.webp 800w, https:\/\/www.lianyuanceramic.com\/wp-content\/uploads\/2025\/12\/custom-round-ceramic-dinner-plare-300x300.webp 300w, https:\/\/www.lianyuanceramic.com\/wp-content\/uploads\/2025\/12\/custom-round-ceramic-dinner-plare-150x150.webp 150w, https:\/\/www.lianyuanceramic.com\/wp-content\/uploads\/2025\/12\/custom-round-ceramic-dinner-plare-768x768.webp 768w, https:\/\/www.lianyuanceramic.com\/wp-content\/uploads\/2025\/12\/custom-round-ceramic-dinner-plare-12x12.webp 12w, https:\/\/www.lianyuanceramic.com\/wp-content\/uploads\/2025\/12\/custom-round-ceramic-dinner-plare-600x600.webp 600w, https:\/\/www.lianyuanceramic.com\/wp-content\/uploads\/2025\/12\/custom-round-ceramic-dinner-plare-100x100.webp 100w\" sizes=\"(max-width: 800px) 100vw, 800px\" \/><\/figure>\n<\/div>\n\n\n\n<div class=\"wp-block-column is-layout-flow wp-block-column-is-layout-flow\">\n<figure class=\"wp-block-image size-full\"><img decoding=\"async\" width=\"800\" height=\"800\" src=\"https:\/\/www.lianyuanceramic.com\/wp-content\/uploads\/2025\/12\/wholesale-ceramic-round-plates.webp\" alt=\"venta al por mayor platos redondos de ceramica\" class=\"wp-image-2627\" srcset=\"https:\/\/www.lianyuanceramic.com\/wp-content\/uploads\/2025\/12\/wholesale-ceramic-round-plates.webp 800w, https:\/\/www.lianyuanceramic.com\/wp-content\/uploads\/2025\/12\/wholesale-ceramic-round-plates-300x300.webp 300w, https:\/\/www.lianyuanceramic.com\/wp-content\/uploads\/2025\/12\/wholesale-ceramic-round-plates-150x150.webp 150w, https:\/\/www.lianyuanceramic.com\/wp-content\/uploads\/2025\/12\/wholesale-ceramic-round-plates-768x768.webp 768w, https:\/\/www.lianyuanceramic.com\/wp-content\/uploads\/2025\/12\/wholesale-ceramic-round-plates-12x12.webp 12w, https:\/\/www.lianyuanceramic.com\/wp-content\/uploads\/2025\/12\/wholesale-ceramic-round-plates-600x600.webp 600w, https:\/\/www.lianyuanceramic.com\/wp-content\/uploads\/2025\/12\/wholesale-ceramic-round-plates-100x100.webp 100w\" sizes=\"(max-width: 800px) 100vw, 800px\" \/><\/figure>\n<\/div>\n<\/div>\n\n\n\n<p><\/p>","protected":false},"excerpt":{"rendered":"<p>Lianyuan ofrece platos de cer\u00e1mica personalizados a granel hechos de material de porcelana duradero con un acabado de esmalte horneado. Bonitos, pr\u00e1cticos y aptos para microondas, frigor\u00edfico y lavavajillas. Son la mejor elecci\u00f3n para los mayoristas de catering. P\u00f3ngase en contacto con nosotros para solicitar un presupuesto.<\/p>\n<h2>Platos llanos de cer\u00e1mica Par\u00e1metros<\/h2>\n<table style=\"border-collapse: collapse; width: 370.82pt;\" border=\"0\" width=\"618\" cellspacing=\"0\" cellpadding=\"0\">\n<tbody>\n<tr style=\"height: 15.60pt;\">\n<td class=\"et3\" style=\"height: 15.60pt; width: 108.00pt;\" width=\"180\" height=\"26\">Fabricante<\/td>\n<td class=\"et3\" style=\"width: 263.25pt;\" width=\"438\">Lianyuan<\/td>\n<\/tr>\n<tr style=\"height: 15.60pt;\">\n<td class=\"et3\" style=\"height: 15.60pt;\" height=\"26\">Tipo de producto<\/td>\n<td class=\"et3\">Vajilla, Plato llano<\/td>\n<\/tr>\n<tr style=\"height: 15.60pt;\">\n<td class=\"et3\" style=\"height: 15.60pt;\" height=\"26\">Dise\u00f1o<\/td>\n<td class=\"et3\">Forma ovalada<\/td>\n<\/tr>\n<tr style=\"height: 15.60pt;\">\n<td class=\"et3\" style=\"height: 15.60pt;\" height=\"26\">Color<\/td>\n<td class=\"et3\">Amarillo, Azul, Verde<\/td>\n<\/tr>\n<tr style=\"height: 15.60pt;\">\n<td class=\"et3\" style=\"height: 15.60pt;\" height=\"26\">Material<\/td>\n<td class=\"et3\">Porcelana resistente<\/td>\n<\/tr>\n<tr style=\"height: 15.60pt;\">\n<td class=\"et3\" style=\"height: 15.60pt;\" height=\"26\">Unidades de venta<\/td>\n<td class=\"et3\">Art\u00edculo \u00fanico<\/td>\n<\/tr>\n<tr style=\"height: 15.60pt;\">\n<td class=\"et3\" style=\"height: 15.60pt;\" height=\"26\">Aplicaci\u00f3n<\/td>\n<td class=\"et3\">Apto para microondas, lavavajillas y horno<\/td>\n<\/tr>\n<tr style=\"height: 15.60pt;\">\n<td class=\"et3\" style=\"height: 15.60pt;\" height=\"26\">A medida<\/td>\n<td class=\"et3\">Color\/Tama\u00f1o\/Logotipo\/Embalaje<\/td>\n<\/tr>\n<\/tbody>\n<\/table>","protected":false},"featured_media":2625,"comment_status":"open","ping_status":"closed","template":"","meta":{"_acf_changed":false},"product_brand":[],"product_cat":[17],"product_tag":[30,29],"class_list":{"0":"post-2622","1":"product","2":"type-product","3":"status-publish","4":"has-post-thumbnail","6":"product_cat-dinnerware-wholesale","7":"product_tag-custom-porcelain-dinnerware","8":"product_tag-hand-painted-embossed-dinnerware-wholesale","10":"first","11":"instock","12":"shipping-taxable","13":"product-type-simple"},"acf":[],"_links":{"self":[{"href":"https:\/\/www.lianyuanceramic.com\/es\/wp-json\/wp\/v2\/product\/2622","targetHints":{"allow":["GET"]}}],"collection":[{"href":"https:\/\/www.lianyuanceramic.com\/es\/wp-json\/wp\/v2\/product"}],"about":[{"href":"https:\/\/www.lianyuanceramic.com\/es\/wp-json\/wp\/v2\/types\/product"}],"replies":[{"embeddable":true,"href":"https:\/\/www.lianyuanceramic.com\/es\/wp-json\/wp\/v2\/comments?post=2622"}],"wp:featuredmedia":[{"embeddable":true,"href":"https:\/\/www.lianyuanceramic.com\/es\/wp-json\/wp\/v2\/media\/2625"}],"wp:attachment":[{"href":"https:\/\/www.lianyuanceramic.com\/es\/wp-json\/wp\/v2\/media?parent=2622"}],"wp:term":[{"taxonomy":"product_brand","embeddable":true,"href":"https:\/\/www.lianyuanceramic.com\/es\/wp-json\/wp\/v2\/product_brand?post=2622"},{"taxonomy":"product_cat","embeddable":true,"href":"https:\/\/www.lianyuanceramic.com\/es\/wp-json\/wp\/v2\/product_cat?post=2622"},{"taxonomy":"product_tag","embeddable":true,"href":"https:\/\/www.lianyuanceramic.com\/es\/wp-json\/wp\/v2\/product_tag?post=2622"}],"curies":[{"name":"wp","href":"https:\/\/api.w.org\/{rel}","templated":true}]}}