{"id":2583,"date":"2025-12-31T03:04:46","date_gmt":"2025-12-31T03:04:46","guid":{"rendered":"https:\/\/www.lianyuanceramic.com\/?post_type=product&#038;p=2583"},"modified":"2025-12-31T03:04:47","modified_gmt":"2025-12-31T03:04:47","slug":"wholesale-ceramic-candle-holder","status":"publish","type":"product","link":"https:\/\/www.lianyuanceramic.com\/es\/product\/wholesale-ceramic-candle-holder\/","title":{"rendered":"Mayorista Portavelas de Cer\u00e1mica, Decoraci\u00f3n de Mesa de Lujo Centro de Mesa para Decoraci\u00f3n del Hogar"},"content":{"rendered":"<div class=\"wp-block-columns is-layout-flex wp-container-core-columns-is-layout-9d6595d7 wp-block-columns-is-layout-flex\">\n<div class=\"wp-block-column is-layout-flow wp-block-column-is-layout-flow\">\n<h2 class=\"wp-block-heading\">Portavelas de cer\u00e1mica Caracter\u00edsticas:<\/h2>\n\n\n\n<p><strong>Dise\u00f1o estructural pr\u00e1ctico:<\/strong> Adopta una forma ramificada de 3 brazos, dise\u00f1ada para albergar varias velas.<\/p>\n\n\n\n<p><strong>Estilo decorativo europeo:<\/strong> Presenta coloridos motivos florales sobre una base negra, combinados con motivos tallados de estilo europeo en metal dorado, que presentan un estilo retro y lujoso.<\/p>\n\n\n\n<p><strong>Material de calidad:<\/strong> El marco es de cobre dorado, combinado con un material decorativo con motivos florales aplicados sobre fondo negro.<\/p>\n\n\n\n<p><strong>Aplicaci\u00f3n m\u00faltiple:<\/strong> Coloque libremente un portavelas sobre una mesa, repisa, estanter\u00eda, mostrador de bar, da el ambiente perfecto. Tambi\u00e9n son muy adecuados para bodas, cumplea\u00f1os, Navidad, fiestas y otras ocasiones festivas.<\/p>\n\n\n\n<p><strong>Servicio OEM&amp;ODM: <\/strong>Ofrecemos un servicio integral de portavelas personalizados para crear portavelas de cer\u00e1mica exclusivos seg\u00fan sus necesidades.<\/p>\n\n\n\n<p><\/p>\n<\/div>\n\n\n\n<div class=\"wp-block-column is-layout-flow wp-block-column-is-layout-flow\">\n<figure class=\"wp-block-image size-full\"><img decoding=\"async\" width=\"800\" height=\"800\" src=\"https:\/\/www.lianyuanceramic.com\/wp-content\/uploads\/2025\/12\/wholesale-ceramic-candle-holders.webp\" alt=\"venta al por mayor portavelas de cer\u00e1mica\" class=\"wp-image-2609\" srcset=\"https:\/\/www.lianyuanceramic.com\/wp-content\/uploads\/2025\/12\/wholesale-ceramic-candle-holders.webp 800w, https:\/\/www.lianyuanceramic.com\/wp-content\/uploads\/2025\/12\/wholesale-ceramic-candle-holders-300x300.webp 300w, https:\/\/www.lianyuanceramic.com\/wp-content\/uploads\/2025\/12\/wholesale-ceramic-candle-holders-150x150.webp 150w, https:\/\/www.lianyuanceramic.com\/wp-content\/uploads\/2025\/12\/wholesale-ceramic-candle-holders-768x768.webp 768w, https:\/\/www.lianyuanceramic.com\/wp-content\/uploads\/2025\/12\/wholesale-ceramic-candle-holders-12x12.webp 12w, https:\/\/www.lianyuanceramic.com\/wp-content\/uploads\/2025\/12\/wholesale-ceramic-candle-holders-600x600.webp 600w, https:\/\/www.lianyuanceramic.com\/wp-content\/uploads\/2025\/12\/wholesale-ceramic-candle-holders-100x100.webp 100w\" sizes=\"(max-width: 800px) 100vw, 800px\" \/><\/figure>\n<\/div>\n<\/div>\n\n\n\n<div class=\"wp-block-columns is-layout-flex wp-container-core-columns-is-layout-9d6595d7 wp-block-columns-is-layout-flex\">\n<div class=\"wp-block-column is-layout-flow wp-block-column-is-layout-flow\">\n<figure class=\"wp-block-image size-full\"><img decoding=\"async\" width=\"800\" height=\"800\" src=\"https:\/\/www.lianyuanceramic.com\/wp-content\/uploads\/2025\/12\/custom-decal-ceramic-candlestick-holder.webp\" alt=\"calcoman\u00eda personalizada portavelas de cer\u00e1mica\" class=\"wp-image-2608\" srcset=\"https:\/\/www.lianyuanceramic.com\/wp-content\/uploads\/2025\/12\/custom-decal-ceramic-candlestick-holder.webp 800w, https:\/\/www.lianyuanceramic.com\/wp-content\/uploads\/2025\/12\/custom-decal-ceramic-candlestick-holder-300x300.webp 300w, https:\/\/www.lianyuanceramic.com\/wp-content\/uploads\/2025\/12\/custom-decal-ceramic-candlestick-holder-150x150.webp 150w, https:\/\/www.lianyuanceramic.com\/wp-content\/uploads\/2025\/12\/custom-decal-ceramic-candlestick-holder-768x768.webp 768w, https:\/\/www.lianyuanceramic.com\/wp-content\/uploads\/2025\/12\/custom-decal-ceramic-candlestick-holder-12x12.webp 12w, https:\/\/www.lianyuanceramic.com\/wp-content\/uploads\/2025\/12\/custom-decal-ceramic-candlestick-holder-600x600.webp 600w, https:\/\/www.lianyuanceramic.com\/wp-content\/uploads\/2025\/12\/custom-decal-ceramic-candlestick-holder-100x100.webp 100w\" sizes=\"(max-width: 800px) 100vw, 800px\" \/><\/figure>\n<\/div>\n\n\n\n<div class=\"wp-block-column is-layout-flow wp-block-column-is-layout-flow\">\n<h2 class=\"wp-block-heading\">Portavelas de cer\u00e1mica personalizado:<\/h2>\n\n\n\n<p>Lianyuan proporciona soluciones de decoraci\u00f3n del hogar de cer\u00e1mica personalizadas OEM y ODM, creando soluciones competitivas con exquisita artesan\u00eda y dise\u00f1o.<\/p>\n\n\n\n<p><strong>Dise\u00f1o:<\/strong> Proporcionar un dise\u00f1o personalizado seg\u00fan las necesidades del cliente, abarcando diferentes estilos como pastoral, moderno, cl\u00e1sico, sencillo, etc.<\/p>\n\n\n\n<p><strong>Color y esmalte: <\/strong>Existe una gran variedad de colores y tratamientos de esmaltado, como mate, brillante, etc.<\/p>\n\n\n\n<p><strong>Tama\u00f1o: <\/strong>Admite la personalizaci\u00f3n de varios tama\u00f1os para garantizar una adaptaci\u00f3n perfecta a diferentes espacios.<\/p>\n\n\n\n<p><strong>Patr\u00f3n y textura:<\/strong> Se pueden personalizar varios motivos, texturas y tallas para satisfacer diferentes necesidades culturales y est\u00e9ticas.<\/p>\n\n\n\n<p><strong>Funcionalidad: <\/strong>Los productos decorativos y pr\u00e1cticos, como jarrones de cer\u00e1mica, adornos, etc., pueden personalizarse seg\u00fan las necesidades.<\/p>\n\n\n\n<p><strong>Artesan\u00eda:<\/strong> Calcoman\u00edas de esmalte, cambios de horno, pintados a mano, motivos en relieve u otros.<\/p>\n\n\n\n<p><strong>Embalaje: <\/strong>Embalajes a granel, cajas de colores, cajas de regalo, cajas expositoras, cajas de correo, etc.<\/p>\n<\/div>\n<\/div>","protected":false},"excerpt":{"rendered":"<div class=\"D5aOJc vJwDU\">\n<div data-zone-id=\"0\" data-line-index=\"0\" data-line=\"true\">\n<div class=\"dad65929\">\n<div class=\"f9bf7997 d7dc56a8 c05b5566\">\n<div class=\"ds-markdown ds-markdown--block\">\n<p>Portavelas de cer\u00e1mica al por mayor con un dise\u00f1o elegante, un regalo perfecto para bodas, Navidad, cumplea\u00f1os, duchas y inauguraci\u00f3n de la casa. Suministro del fabricante Lianyuan, servicios ODM\/OEM. \u00a1P\u00f3ngase en contacto con nosotros para obtener una cotizaci\u00f3n!<\/p>\n<\/div>\n<\/div>\n<\/div>\n<\/div>\n<\/div>\n<h2>Portavelas de cer\u00e1mica Par\u00e1metro:<\/h2>\n<table style=\"border-collapse: collapse; width: 370.82pt;\" border=\"0\" width=\"618\" cellspacing=\"0\" cellpadding=\"0\">\n<tbody>\n<tr style=\"height: 15.60pt;\">\n<td class=\"et3\" style=\"height: 15.60pt; width: 108.00pt;\" width=\"180\" height=\"26\">Fabricante<\/td>\n<td class=\"et3\" style=\"width: 263.25pt;\" width=\"438\">Lianyuan<\/td>\n<\/tr>\n<tr style=\"height: 15.60pt;\">\n<td class=\"et3\" style=\"height: 15.60pt;\" height=\"26\">Tipo de producto<\/td>\n<td class=\"et3\">Portavelas<\/td>\n<\/tr>\n<tr style=\"height: 15.60pt;\">\n<td class=\"et3\" style=\"height: 15.60pt;\" height=\"26\">Patr\u00f3n<\/td>\n<td class=\"et3\">Pura simplicidad crom\u00e1tica<\/td>\n<\/tr>\n<tr style=\"height: 15.60pt;\">\n<td class=\"et3\" style=\"height: 15.60pt;\" height=\"26\">Color<\/td>\n<td class=\"et3\">multi<\/td>\n<\/tr>\n<tr style=\"height: 15.60pt;\">\n<td class=\"et3\" style=\"height: 15.60pt;\" height=\"26\">Material<\/td>\n<td class=\"et3\">Porcelana resistente<\/td>\n<\/tr>\n<tr style=\"height: 15.60pt;\">\n<td class=\"et3\" style=\"height: 15.60pt;\" height=\"26\">Artesan\u00eda<\/td>\n<td class=\"et3\">Calcoman\u00eda esmaltada, pintura a mano<\/td>\n<\/tr>\n<tr style=\"height: 15.60pt;\">\n<td class=\"et3\" style=\"height: 15.60pt;\" height=\"26\">Aplicaci\u00f3n<\/td>\n<td class=\"et3\">Decoraci\u00f3n, Comedor, Boda, Fiesta<\/td>\n<\/tr>\n<tr style=\"height: 15.60pt;\">\n<td class=\"et3\" style=\"height: 15.60pt;\" height=\"26\">A medida<\/td>\n<td class=\"et3\">Color\/Tama\u00f1o\/Logotipo\/Embalaje<\/td>\n<\/tr>\n<\/tbody>\n<\/table>","protected":false},"featured_media":2608,"comment_status":"open","ping_status":"closed","template":"","meta":{"_acf_changed":false},"product_brand":[],"product_cat":[21],"product_tag":[29,27],"class_list":{"0":"post-2583","1":"product","2":"type-product","3":"status-publish","4":"has-post-thumbnail","6":"product_cat-ceramic-home-decor-manufacturer","7":"product_tag-hand-painted-embossed-dinnerware-wholesale","8":"product_tag-wholesale-decal-ceramics","10":"first","11":"instock","12":"shipping-taxable","13":"product-type-simple"},"acf":[],"_links":{"self":[{"href":"https:\/\/www.lianyuanceramic.com\/es\/wp-json\/wp\/v2\/product\/2583","targetHints":{"allow":["GET"]}}],"collection":[{"href":"https:\/\/www.lianyuanceramic.com\/es\/wp-json\/wp\/v2\/product"}],"about":[{"href":"https:\/\/www.lianyuanceramic.com\/es\/wp-json\/wp\/v2\/types\/product"}],"replies":[{"embeddable":true,"href":"https:\/\/www.lianyuanceramic.com\/es\/wp-json\/wp\/v2\/comments?post=2583"}],"wp:featuredmedia":[{"embeddable":true,"href":"https:\/\/www.lianyuanceramic.com\/es\/wp-json\/wp\/v2\/media\/2608"}],"wp:attachment":[{"href":"https:\/\/www.lianyuanceramic.com\/es\/wp-json\/wp\/v2\/media?parent=2583"}],"wp:term":[{"taxonomy":"product_brand","embeddable":true,"href":"https:\/\/www.lianyuanceramic.com\/es\/wp-json\/wp\/v2\/product_brand?post=2583"},{"taxonomy":"product_cat","embeddable":true,"href":"https:\/\/www.lianyuanceramic.com\/es\/wp-json\/wp\/v2\/product_cat?post=2583"},{"taxonomy":"product_tag","embeddable":true,"href":"https:\/\/www.lianyuanceramic.com\/es\/wp-json\/wp\/v2\/product_tag?post=2583"}],"curies":[{"name":"wp","href":"https:\/\/api.w.org\/{rel}","templated":true}]}}