{"id":258,"date":"2024-10-20T02:04:15","date_gmt":"2024-10-20T02:04:15","guid":{"rendered":"https:\/\/www.lianyuanceramic.com\/?post_type=product&#038;p=258"},"modified":"2025-01-16T14:32:50","modified_gmt":"2025-01-16T14:32:50","slug":"chocolate-fondue-set-wholesale","status":"publish","type":"product","link":"https:\/\/www.lianyuanceramic.com\/es\/product\/chocolate-fondue-set-wholesale\/","title":{"rendered":"Fondue de chocolate de cer\u00e1mica al por mayor para fundir nata y queso"},"content":{"rendered":"<div class=\"wp-block-columns is-layout-flex wp-container-core-columns-is-layout-9d6595d7 wp-block-columns-is-layout-flex\">\n<div class=\"wp-block-column is-layout-flow wp-block-column-is-layout-flow\">\n<h2 class=\"wp-block-heading\">Caracter\u00edsticas de la fondue de chocolate:<\/h2>\n\n\n\n<p><strong>M\u00faltiples opciones de color<\/strong><br>Las m\u00faltiples opciones de color (rojo, verde, negro, rosa y marr\u00f3n) pueden satisfacer diferentes necesidades y realzar el atractivo visual del producto.<\/p>\n\n\n\n<p><strong>Usos m\u00faltiples<\/strong><br>Derrita f\u00e1cilmente chocolate y queso para mojar frutas, postres, verduras, pan, galletas, malvaviscos, bizcochos de soletilla y mucho m\u00e1s.<\/p>\n\n\n\n<p><strong>Conservaci\u00f3n del calor<\/strong><br>Utilizando material cer\u00e1mico de alta calidad, el grosor puede mejorar el efecto de conservaci\u00f3n del calor, utilizando calefacci\u00f3n Tealight, puede mantener la temperatura de los alimentos durante mucho tiempo sin quemarse.<\/p>\n\n\n\n<p><strong>C\u00f3modo y r\u00e1pido<\/strong><br>Peque\u00f1o y sencillo, ligero y f\u00e1cil de usar, \u00a1perfecto para recibir invitados!<\/p>\n\n\n\n<p><strong>F\u00e1cil de limpiar, apto para lavavajillas<\/strong><br>La superficie de cer\u00e1mica es lisa, f\u00e1cil de limpiar y se puede lavar en el lavavajillas.<\/p>\n\n\n\n<p><strong>Dise\u00f1o rom\u00e1ntico y elegante<\/strong><br>Perfecto para noches rom\u00e1nticas, aniversarios, cumplea\u00f1os o cualquier ocasi\u00f3n especial, el juego de ollas calientes puede utilizarse en lugares donde no llega la electricidad.<\/p>\n<\/div>\n\n\n\n<div class=\"wp-block-column is-layout-flow wp-block-column-is-layout-flow\">\n<figure class=\"wp-block-image size-full\"><img decoding=\"async\" width=\"626\" height=\"626\" src=\"https:\/\/www.lianyuanceramic.com\/wp-content\/uploads\/2024\/10\/Chocolate-Fondue-Set-Wholesale.webp\" alt=\"Chocolate-Fondue-Set-Mayorista\" class=\"wp-image-278\" srcset=\"https:\/\/www.lianyuanceramic.com\/wp-content\/uploads\/2024\/10\/Chocolate-Fondue-Set-Wholesale.webp 626w, https:\/\/www.lianyuanceramic.com\/wp-content\/uploads\/2024\/10\/Chocolate-Fondue-Set-Wholesale-300x300.webp 300w, https:\/\/www.lianyuanceramic.com\/wp-content\/uploads\/2024\/10\/Chocolate-Fondue-Set-Wholesale-150x150.webp 150w, https:\/\/www.lianyuanceramic.com\/wp-content\/uploads\/2024\/10\/Chocolate-Fondue-Set-Wholesale-600x600.webp 600w, https:\/\/www.lianyuanceramic.com\/wp-content\/uploads\/2024\/10\/Chocolate-Fondue-Set-Wholesale-100x100.webp 100w\" sizes=\"(max-width: 626px) 100vw, 626px\" \/><\/figure>\n<\/div>\n<\/div>\n\n\n\n<div class=\"wp-block-columns is-layout-flex wp-container-core-columns-is-layout-9d6595d7 wp-block-columns-is-layout-flex\">\n<div class=\"wp-block-column is-layout-flow wp-block-column-is-layout-flow\">\n<figure class=\"wp-block-image size-full\"><img decoding=\"async\" width=\"461\" height=\"461\" src=\"https:\/\/www.lianyuanceramic.com\/wp-content\/uploads\/2025\/01\/chocolate-fondue-cup-wholesale-custom-2.webp\" alt=\"taza de fondue de chocolate al por mayor personalizada\" class=\"wp-image-1008\" srcset=\"https:\/\/www.lianyuanceramic.com\/wp-content\/uploads\/2025\/01\/chocolate-fondue-cup-wholesale-custom-2.webp 461w, https:\/\/www.lianyuanceramic.com\/wp-content\/uploads\/2025\/01\/chocolate-fondue-cup-wholesale-custom-2-300x300.webp 300w, https:\/\/www.lianyuanceramic.com\/wp-content\/uploads\/2025\/01\/chocolate-fondue-cup-wholesale-custom-2-150x150.webp 150w, https:\/\/www.lianyuanceramic.com\/wp-content\/uploads\/2025\/01\/chocolate-fondue-cup-wholesale-custom-2-12x12.webp 12w, https:\/\/www.lianyuanceramic.com\/wp-content\/uploads\/2025\/01\/chocolate-fondue-cup-wholesale-custom-2-100x100.webp 100w\" sizes=\"(max-width: 461px) 100vw, 461px\" \/><\/figure>\n<\/div>\n\n\n\n<div class=\"wp-block-column is-layout-flow wp-block-column-is-layout-flow\">\n<h2 class=\"wp-block-heading\">Fondue de chocolate personalizada<\/h2>\n\n\n\n<p>Lianyuan fabricante de utensilios de cocina de cer\u00e1mica puede proporcionar servicios completos de personalizaci\u00f3n para realizar sus ideas.<\/p>\n\n\n\n<p><strong>Tama\u00f1o y forma: <\/strong>Incluye tama\u00f1os redondos, ovalados, rectangulares y personalizados.<br><strong>Material y grosor:<\/strong> Cer\u00e1mica duradera, arcilla resistente al calor, porcelana, gres, a medida en diferentes grosores y resistencia al calor.<br><strong>Acabados: <\/strong>Las opciones incluyen acabados mate, brillante o texturizado.<br><strong>Decoraci\u00f3n\/Patr\u00f3n: <\/strong>Gr\u00e1ficos, dise\u00f1os o logotipos personalizados, incluidas calcoman\u00edas, pintados a mano y en relieve.<br><strong>Paquete: <\/strong>Envases personalizados para pedidos a granel, lotes de regalo o distribuci\u00f3n minorista con etiquetado o marca personalizados.<\/p>\n<\/div>\n<\/div>","protected":false},"excerpt":{"rendered":"<p>Venta directa de f\u00e1brica fondue de chocolate de cer\u00e1mica para fundir nata y queso. Tanto si se trata de una reuni\u00f3n familiar como de un regalo navide\u00f1o, es la mejor olla de chocolate aislante del calor y ligera. Opciones de personalizaci\u00f3n y una variedad de colores est\u00e1n disponibles.<\/p>\n<h2>Par\u00e1metro de fondue de chocolate<\/h2>\n<table style=\"border-collapse: collapse; width: 370.82pt;\" border=\"0\" width=\"618\" cellspacing=\"0\" cellpadding=\"0\">\n<tbody>\n<tr style=\"height: 15.60pt;\">\n<td class=\"et3\" style=\"height: 15.60pt; width: 108.00pt;\" width=\"180\" height=\"26\">Fabricante<\/td>\n<td class=\"et3\" style=\"width: 263.25pt;\" width=\"438\">Lianyuan<\/td>\n<\/tr>\n<tr style=\"height: 15.60pt;\">\n<td class=\"et3\" style=\"height: 15.60pt;\" height=\"26\">Tipo de producto<\/td>\n<td class=\"et3\">Fondue de chocolate,Fondue de queso<\/td>\n<\/tr>\n<tr style=\"height: 15.60pt;\">\n<td class=\"et3\" style=\"height: 15.60pt;\" height=\"26\">Patr\u00f3n<\/td>\n<td class=\"et3\">Moderno<\/td>\n<\/tr>\n<tr style=\"height: 15.60pt;\">\n<td class=\"et3\" style=\"height: 15.60pt;\" height=\"26\">Color<\/td>\n<td class=\"et3\">Verde, gris, negro, etc.<\/td>\n<\/tr>\n<tr style=\"height: 15.60pt;\">\n<td class=\"et3\" style=\"height: 15.60pt;\" height=\"26\">Material<\/td>\n<td class=\"et3\">Porcelana resistente<\/td>\n<\/tr>\n<tr style=\"height: 15.60pt;\">\n<td class=\"et3\" style=\"height: 15.60pt;\" height=\"26\">Artesan\u00eda<\/td>\n<td class=\"et3\">Esmalte de color<\/td>\n<\/tr>\n<tr style=\"height: 15.60pt;\">\n<td class=\"et3\" style=\"height: 15.60pt;\" height=\"26\">Aplicaci\u00f3n<\/td>\n<td class=\"et3\">Apto para microondas, lavavajillas y horno<\/td>\n<\/tr>\n<tr style=\"height: 15.60pt;\">\n<td class=\"et3\" style=\"height: 15.60pt;\" height=\"26\">A medida<\/td>\n<td class=\"et3\">Color\/Tama\u00f1o\/Logotipo\/Embalaje<\/td>\n<\/tr>\n<\/tbody>\n<\/table>","protected":false},"featured_media":278,"comment_status":"open","ping_status":"closed","template":"","meta":{"_acf_changed":false},"product_brand":[],"product_cat":[20],"product_tag":[30],"class_list":{"0":"post-258","1":"product","2":"type-product","3":"status-publish","4":"has-post-thumbnail","6":"product_cat-custom-bakeware-casserole-dish","7":"product_tag-custom-porcelain-dinnerware","9":"first","10":"instock","11":"shipping-taxable","12":"product-type-simple"},"acf":[],"_links":{"self":[{"href":"https:\/\/www.lianyuanceramic.com\/es\/wp-json\/wp\/v2\/product\/258","targetHints":{"allow":["GET"]}}],"collection":[{"href":"https:\/\/www.lianyuanceramic.com\/es\/wp-json\/wp\/v2\/product"}],"about":[{"href":"https:\/\/www.lianyuanceramic.com\/es\/wp-json\/wp\/v2\/types\/product"}],"replies":[{"embeddable":true,"href":"https:\/\/www.lianyuanceramic.com\/es\/wp-json\/wp\/v2\/comments?post=258"}],"wp:featuredmedia":[{"embeddable":true,"href":"https:\/\/www.lianyuanceramic.com\/es\/wp-json\/wp\/v2\/media\/278"}],"wp:attachment":[{"href":"https:\/\/www.lianyuanceramic.com\/es\/wp-json\/wp\/v2\/media?parent=258"}],"wp:term":[{"taxonomy":"product_brand","embeddable":true,"href":"https:\/\/www.lianyuanceramic.com\/es\/wp-json\/wp\/v2\/product_brand?post=258"},{"taxonomy":"product_cat","embeddable":true,"href":"https:\/\/www.lianyuanceramic.com\/es\/wp-json\/wp\/v2\/product_cat?post=258"},{"taxonomy":"product_tag","embeddable":true,"href":"https:\/\/www.lianyuanceramic.com\/es\/wp-json\/wp\/v2\/product_tag?post=258"}],"curies":[{"name":"wp","href":"https:\/\/api.w.org\/{rel}","templated":true}]}}