{"id":2501,"date":"2025-12-02T06:16:17","date_gmt":"2025-12-02T06:16:17","guid":{"rendered":"https:\/\/www.lianyuanceramic.com\/?post_type=product&#038;p=2501"},"modified":"2025-12-02T06:16:19","modified_gmt":"2025-12-02T06:16:19","slug":"custom-ceramic-food-storage-containers-with-airtight-lids","status":"publish","type":"product","link":"https:\/\/www.lianyuanceramic.com\/es\/product\/custom-ceramic-food-storage-containers-with-airtight-lids\/","title":{"rendered":"Recipientes de Cer\u00e1mica con Tapa Herm\u00e9tica, Tazones de Cer\u00e1mica Impresos al por mayor"},"content":{"rendered":"<div class=\"wp-block-columns is-layout-flex wp-container-core-columns-is-layout-9d6595d7 wp-block-columns-is-layout-flex\">\n<div class=\"wp-block-column is-layout-flow wp-block-column-is-layout-flow\">\n<h2 class=\"wp-block-heading\">Caracter\u00edsticas de los Recipientes Cer\u00e1micos para Conservar Alimentos con Tapa Herm\u00e9tica:<\/h2>\n\n\n\n<p><strong>Material cer\u00e1mico natural<\/strong>: Hecho de porcelana de alta calidad y duradero, libre de productos qu\u00edmicos nocivos, inodoro y no t\u00f3xico, lo que garantiza la pureza y seguridad de los alimentos.<\/p>\n\n\n\n<p><strong>Resistencia superior a la temperatura<\/strong>: Presenta una excelente resistencia a altas y bajas temperaturas, permaneciendo estable en un intervalo de temperaturas de -20\u2103 a 400\u2103. Tanto si se refrigera como si se calienta en el microondas, no se deforma ni libera sustancias nocivas.<\/p>\n\n\n\n<p><strong>M\u00faltiples garant\u00edas de sellado:<\/strong> El dise\u00f1o el\u00e1stico del anillo de sellado y el tratamiento especial de la abertura del recipiente consiguen m\u00faltiples efectos de sellado. Incluso cuando el envase se invierte o se agita, garantiza que no haya fugas, lo que lo hace c\u00f3modo para viajar.<\/p>\n\n\n\n<p><strong>Varios tama\u00f1os disponibles<\/strong>: Ofrece diversas opciones de capacidad para satisfacer las necesidades de almacenamiento de los distintos alimentos. Ya sean frutas, verduras, carnes o sopas, hay un recipiente adecuado.<\/p>\n\n\n\n<p><strong>Estricto sistema de control de calidad<\/strong>: Desde la adquisici\u00f3n de las materias primas y los procesos de producci\u00f3n hasta la entrega del producto acabado, los fabricantes de Lianyuan han establecido un sistema de control de calidad exhaustivo y riguroso para garantizar que cada producto cumpla con los est\u00e1ndares de alta calidad.<\/p>\n<\/div>\n\n\n\n<div class=\"wp-block-column is-layout-flow wp-block-column-is-layout-flow\">\n<figure class=\"wp-block-image size-full\"><img decoding=\"async\" width=\"800\" height=\"800\" src=\"https:\/\/www.lianyuanceramic.com\/wp-content\/uploads\/2025\/12\/custom-decal-ceramic-storage-bowl.webp\" alt=\"calcoman\u00eda personalizada taz\u00f3n de cer\u00e1mica\" class=\"wp-image-2511\" srcset=\"https:\/\/www.lianyuanceramic.com\/wp-content\/uploads\/2025\/12\/custom-decal-ceramic-storage-bowl.webp 800w, https:\/\/www.lianyuanceramic.com\/wp-content\/uploads\/2025\/12\/custom-decal-ceramic-storage-bowl-300x300.webp 300w, https:\/\/www.lianyuanceramic.com\/wp-content\/uploads\/2025\/12\/custom-decal-ceramic-storage-bowl-150x150.webp 150w, https:\/\/www.lianyuanceramic.com\/wp-content\/uploads\/2025\/12\/custom-decal-ceramic-storage-bowl-768x768.webp 768w, https:\/\/www.lianyuanceramic.com\/wp-content\/uploads\/2025\/12\/custom-decal-ceramic-storage-bowl-12x12.webp 12w, https:\/\/www.lianyuanceramic.com\/wp-content\/uploads\/2025\/12\/custom-decal-ceramic-storage-bowl-600x600.webp 600w, https:\/\/www.lianyuanceramic.com\/wp-content\/uploads\/2025\/12\/custom-decal-ceramic-storage-bowl-100x100.webp 100w\" sizes=\"(max-width: 800px) 100vw, 800px\" \/><\/figure>\n<\/div>\n<\/div>\n\n\n\n<div class=\"wp-block-columns is-layout-flex wp-container-core-columns-is-layout-9d6595d7 wp-block-columns-is-layout-flex\">\n<div class=\"wp-block-column is-layout-flow wp-block-column-is-layout-flow\"><\/div>\n\n\n\n<div class=\"wp-block-column is-layout-flow wp-block-column-is-layout-flow\"><\/div>\n<\/div>\n\n\n\n<div class=\"wp-block-columns is-layout-flex wp-container-core-columns-is-layout-9d6595d7 wp-block-columns-is-layout-flex\">\n<div class=\"wp-block-column is-layout-flow wp-block-column-is-layout-flow\">\n<figure class=\"wp-block-image size-full\"><img decoding=\"async\" width=\"4399\" height=\"4399\" src=\"https:\/\/www.lianyuanceramic.com\/wp-content\/uploads\/2025\/01\/custom-ceramic-food-storage-containers-bulk-18.webp\" alt=\"recipientes cer\u00e1micos personalizados para alimentos a granel\" class=\"wp-image-1070\" srcset=\"https:\/\/www.lianyuanceramic.com\/wp-content\/uploads\/2025\/01\/custom-ceramic-food-storage-containers-bulk-18.webp 4399w, https:\/\/www.lianyuanceramic.com\/wp-content\/uploads\/2025\/01\/custom-ceramic-food-storage-containers-bulk-18-300x300.webp 300w, https:\/\/www.lianyuanceramic.com\/wp-content\/uploads\/2025\/01\/custom-ceramic-food-storage-containers-bulk-18-150x150.webp 150w, https:\/\/www.lianyuanceramic.com\/wp-content\/uploads\/2025\/01\/custom-ceramic-food-storage-containers-bulk-18-768x768.webp 768w, https:\/\/www.lianyuanceramic.com\/wp-content\/uploads\/2025\/01\/custom-ceramic-food-storage-containers-bulk-18-12x12.webp 12w, https:\/\/www.lianyuanceramic.com\/wp-content\/uploads\/2025\/01\/custom-ceramic-food-storage-containers-bulk-18-1200x1200.webp 1200w, https:\/\/www.lianyuanceramic.com\/wp-content\/uploads\/2025\/01\/custom-ceramic-food-storage-containers-bulk-18-600x600.webp 600w, https:\/\/www.lianyuanceramic.com\/wp-content\/uploads\/2025\/01\/custom-ceramic-food-storage-containers-bulk-18-100x100.webp 100w\" sizes=\"(max-width: 4399px) 100vw, 4399px\" \/><\/figure>\n<\/div>\n\n\n\n<div class=\"wp-block-column is-layout-flow wp-block-column-is-layout-flow\">\n<h2 class=\"wp-block-heading\">Recipientes de cer\u00e1mica con tapa herm\u00e9tica personalizados:<\/h2>\n\n\n\n<p>Lianyuan fabricante de envases de cer\u00e1mica para alimentos puede proporcionar servicios completos de personalizaci\u00f3n para realizar sus ideas.<\/p>\n\n\n\n<p><strong>Tama\u00f1o y forma<\/strong>: Incluye tama\u00f1os redondos, ovalados, rectangulares y personalizados.<\/p>\n\n\n\n<p><strong>Material y grosor<\/strong>: Cer\u00e1mica duradera, arcilla resistente al calor, porcelana, gres, hechos a medida en diferentes espesores y resistencia al calor.<\/p>\n\n\n\n<p><strong>Acabados<\/strong>: Las opciones incluyen acabados mate, brillante o texturizado.<\/p>\n\n\n\n<p><strong>Decoraci\u00f3n\/Patr\u00f3n<\/strong>: Gr\u00e1ficos, dise\u00f1os o logotipos personalizados, incluidas calcoman\u00edas, pintados a mano y en relieve.<\/p>\n\n\n\n<p><strong>Paquete<\/strong>: Embalaje personalizado para pedidos a granel, lotes de regalo o distribuci\u00f3n al por menor con etiquetado o marca personalizados.<\/p>\n<\/div>\n<\/div>\n\n\n\n<div class=\"wp-block-columns is-layout-flex wp-container-core-columns-is-layout-9d6595d7 wp-block-columns-is-layout-flex\">\n<div class=\"wp-block-column is-layout-flow wp-block-column-is-layout-flow\">\n<figure class=\"wp-block-image size-full\"><img decoding=\"async\" width=\"2000\" height=\"2000\" src=\"https:\/\/www.lianyuanceramic.com\/wp-content\/uploads\/2025\/01\/custom-ceramic-food-storage-containers-bulk-20.webp\" alt=\"recipientes cer\u00e1micos personalizados para alimentos a granel\" class=\"wp-image-1072\" srcset=\"https:\/\/www.lianyuanceramic.com\/wp-content\/uploads\/2025\/01\/custom-ceramic-food-storage-containers-bulk-20.webp 2000w, https:\/\/www.lianyuanceramic.com\/wp-content\/uploads\/2025\/01\/custom-ceramic-food-storage-containers-bulk-20-300x300.webp 300w, https:\/\/www.lianyuanceramic.com\/wp-content\/uploads\/2025\/01\/custom-ceramic-food-storage-containers-bulk-20-150x150.webp 150w, https:\/\/www.lianyuanceramic.com\/wp-content\/uploads\/2025\/01\/custom-ceramic-food-storage-containers-bulk-20-768x768.webp 768w, https:\/\/www.lianyuanceramic.com\/wp-content\/uploads\/2025\/01\/custom-ceramic-food-storage-containers-bulk-20-12x12.webp 12w, https:\/\/www.lianyuanceramic.com\/wp-content\/uploads\/2025\/01\/custom-ceramic-food-storage-containers-bulk-20-1200x1200.webp 1200w, https:\/\/www.lianyuanceramic.com\/wp-content\/uploads\/2025\/01\/custom-ceramic-food-storage-containers-bulk-20-600x600.webp 600w, https:\/\/www.lianyuanceramic.com\/wp-content\/uploads\/2025\/01\/custom-ceramic-food-storage-containers-bulk-20-100x100.webp 100w\" sizes=\"(max-width: 2000px) 100vw, 2000px\" \/><\/figure>\n<\/div>\n\n\n\n<div class=\"wp-block-column is-layout-flow wp-block-column-is-layout-flow\">\n<figure class=\"wp-block-image size-full\"><img decoding=\"async\" width=\"2000\" height=\"2000\" src=\"https:\/\/www.lianyuanceramic.com\/wp-content\/uploads\/2025\/01\/custom-ceramic-food-storage-containers-bulk-19.webp\" alt=\"recipientes cer\u00e1micos personalizados para alimentos a granel\" class=\"wp-image-1071\" srcset=\"https:\/\/www.lianyuanceramic.com\/wp-content\/uploads\/2025\/01\/custom-ceramic-food-storage-containers-bulk-19.webp 2000w, https:\/\/www.lianyuanceramic.com\/wp-content\/uploads\/2025\/01\/custom-ceramic-food-storage-containers-bulk-19-300x300.webp 300w, https:\/\/www.lianyuanceramic.com\/wp-content\/uploads\/2025\/01\/custom-ceramic-food-storage-containers-bulk-19-150x150.webp 150w, https:\/\/www.lianyuanceramic.com\/wp-content\/uploads\/2025\/01\/custom-ceramic-food-storage-containers-bulk-19-768x768.webp 768w, https:\/\/www.lianyuanceramic.com\/wp-content\/uploads\/2025\/01\/custom-ceramic-food-storage-containers-bulk-19-12x12.webp 12w, https:\/\/www.lianyuanceramic.com\/wp-content\/uploads\/2025\/01\/custom-ceramic-food-storage-containers-bulk-19-1200x1200.webp 1200w, https:\/\/www.lianyuanceramic.com\/wp-content\/uploads\/2025\/01\/custom-ceramic-food-storage-containers-bulk-19-600x600.webp 600w, https:\/\/www.lianyuanceramic.com\/wp-content\/uploads\/2025\/01\/custom-ceramic-food-storage-containers-bulk-19-100x100.webp 100w\" sizes=\"(max-width: 2000px) 100vw, 2000px\" \/><\/figure>\n<\/div>\n<\/div>\n\n\n\n<p><\/p>","protected":false},"excerpt":{"rendered":"<p>Recipientes cer\u00e1micos personalizados para el almacenamiento de alimentos con tapas herm\u00e9ticas fabricados en cer\u00e1mica natural, con una resistencia superior a la temperatura y m\u00faltiples caracter\u00edsticas de sellado. Ofrecemos una variedad de tama\u00f1os para satisfacer diversas necesidades tales como hornear, preparaci\u00f3n de alimentos y almacenamiento de alimentos. Suministro directo de f\u00e1brica, estricto sistema de control de calidad, personalizaci\u00f3n disponible, se admiten consultas.<\/p>\n<h2>Recipientes de cer\u00e1mica para alimentos con tapa herm\u00e9tica Par\u00e1metros:<\/h2>\n<table width=\"353\">\n<tbody>\n<tr>\n<td width=\"82\">Fabricante<\/td>\n<td width=\"270\">Lianyuan<\/td>\n<\/tr>\n<tr>\n<td>Tipo de producto<\/td>\n<td width=\"270\">Recipiente para alimentos, caja de almacenamiento<\/td>\n<\/tr>\n<tr>\n<td>Patr\u00f3n<\/td>\n<td>Floral, Plantas<\/td>\n<\/tr>\n<tr>\n<td>Color<\/td>\n<td>\n<p>Multicolor<\/p>\n<\/td>\n<\/tr>\n<tr>\n<td>Material<\/td>\n<td>Porcelana resistente<\/td>\n<\/tr>\n<tr>\n<td>Artesan\u00eda<\/td>\n<td>Calcoman\u00eda en esmalte, Pintado a mano\u00a0<\/td>\n<\/tr>\n<tr>\n<td>Aplicaci\u00f3n<\/td>\n<td>Apto para microondas y lavavajillas, horno y congelador<\/td>\n<\/tr>\n<tr>\n<td>A medida<\/td>\n<td>Color\/Tama\u00f1o\/Logotipo\/Embalaje<\/td>\n<\/tr>\n<\/tbody>\n<\/table>","protected":false},"featured_media":2513,"comment_status":"open","ping_status":"closed","template":"","meta":{"_acf_changed":false},"product_brand":[],"product_cat":[20],"product_tag":[30,29,27],"class_list":{"0":"post-2501","1":"product","2":"type-product","3":"status-publish","4":"has-post-thumbnail","6":"product_cat-custom-bakeware-casserole-dish","7":"product_tag-custom-porcelain-dinnerware","8":"product_tag-hand-painted-embossed-dinnerware-wholesale","9":"product_tag-wholesale-decal-ceramics","11":"first","12":"instock","13":"shipping-taxable","14":"product-type-simple"},"acf":[],"_links":{"self":[{"href":"https:\/\/www.lianyuanceramic.com\/es\/wp-json\/wp\/v2\/product\/2501","targetHints":{"allow":["GET"]}}],"collection":[{"href":"https:\/\/www.lianyuanceramic.com\/es\/wp-json\/wp\/v2\/product"}],"about":[{"href":"https:\/\/www.lianyuanceramic.com\/es\/wp-json\/wp\/v2\/types\/product"}],"replies":[{"embeddable":true,"href":"https:\/\/www.lianyuanceramic.com\/es\/wp-json\/wp\/v2\/comments?post=2501"}],"wp:featuredmedia":[{"embeddable":true,"href":"https:\/\/www.lianyuanceramic.com\/es\/wp-json\/wp\/v2\/media\/2513"}],"wp:attachment":[{"href":"https:\/\/www.lianyuanceramic.com\/es\/wp-json\/wp\/v2\/media?parent=2501"}],"wp:term":[{"taxonomy":"product_brand","embeddable":true,"href":"https:\/\/www.lianyuanceramic.com\/es\/wp-json\/wp\/v2\/product_brand?post=2501"},{"taxonomy":"product_cat","embeddable":true,"href":"https:\/\/www.lianyuanceramic.com\/es\/wp-json\/wp\/v2\/product_cat?post=2501"},{"taxonomy":"product_tag","embeddable":true,"href":"https:\/\/www.lianyuanceramic.com\/es\/wp-json\/wp\/v2\/product_tag?post=2501"}],"curies":[{"name":"wp","href":"https:\/\/api.w.org\/{rel}","templated":true}]}}