{"id":248,"date":"2024-10-19T17:08:07","date_gmt":"2024-10-19T17:08:07","guid":{"rendered":"https:\/\/www.lianyuanceramic.com\/?post_type=product&#038;p=248"},"modified":"2024-12-28T14:09:55","modified_gmt":"2024-12-28T14:09:55","slug":"ceramic-bakeware-wholesale","status":"publish","type":"product","link":"https:\/\/www.lianyuanceramic.com\/es\/product\/ceramic-bakeware-wholesale\/","title":{"rendered":"Mayorista Bater\u00eda de Cer\u00e1mica Antiadherente con Tapa para Horno Tostador"},"content":{"rendered":"<div class=\"wp-block-columns is-layout-flex wp-container-core-columns-is-layout-9d6595d7 wp-block-columns-is-layout-flex\">\n<div class=\"wp-block-column is-layout-flow wp-block-column-is-layout-flow\">\n<h2 class=\"wp-block-heading\">Bater\u00eda de cer\u00e1mica Caracter\u00edsticas:<\/h2>\n\n\n\n<p><strong>Material cer\u00e1mico de alta calidad<\/strong><br>Fabricado con esmalte duradero y resistente a los ara\u00f1azos y cer\u00e1mica no reactiva y no t\u00f3xica, resistente a las manchas y los olores<\/p>\n\n\n\n<p><strong>Proceso de cocci\u00f3n<\/strong><br>La cocci\u00f3n a 1.280 grados confiere a la porcelana una gran densidad, detiene la absorci\u00f3n de humedad y evita que se agriete y cuartee.<\/p>\n\n\n\n<p><strong>Norma California 65 de alta calidad<\/strong><br>Cumple la normativa de seguridad California 65 para garantizar que no contiene sustancias nocivas y cumple las normas para un uso diario seguro.<\/p>\n\n\n\n<p><strong>Vibrantes motivos florales<\/strong><br>Colores vivos para utilizar solo o con cualquier utensilio de cocina para realzar la presentaci\u00f3n de los platos<\/p>\n\n\n\n<p><strong>Decoraci\u00f3n esmaltada y artesan\u00eda pintada a mano<\/strong><br>La artesan\u00eda en esmalte y los motivos florales se combinan a la perfecci\u00f3n, con una superficie delicada y suave y un tacto delicado.<\/p>\n\n\n\n<p><strong>Conveniencia<\/strong><br>Los platos redondos y rectangulares son adecuados para la presentaci\u00f3n de diferentes tipos de cocina.<\/p>\n<\/div>\n\n\n\n<div class=\"wp-block-column is-layout-flow wp-block-column-is-layout-flow\">\n<figure class=\"wp-block-image size-full\"><img decoding=\"async\" width=\"538\" height=\"538\" src=\"https:\/\/www.lianyuanceramic.com\/wp-content\/uploads\/2024\/10\/Ceramic-Bakeware-Wholesale-2.webp\" alt=\"Mayoristas de cer\u00e1mica para hornear (2)\" class=\"wp-image-256\" srcset=\"https:\/\/www.lianyuanceramic.com\/wp-content\/uploads\/2024\/10\/Ceramic-Bakeware-Wholesale-2.webp 538w, https:\/\/www.lianyuanceramic.com\/wp-content\/uploads\/2024\/10\/Ceramic-Bakeware-Wholesale-2-300x300.webp 300w, https:\/\/www.lianyuanceramic.com\/wp-content\/uploads\/2024\/10\/Ceramic-Bakeware-Wholesale-2-150x150.webp 150w, https:\/\/www.lianyuanceramic.com\/wp-content\/uploads\/2024\/10\/Ceramic-Bakeware-Wholesale-2-100x100.webp 100w\" sizes=\"(max-width: 538px) 100vw, 538px\" \/><\/figure>\n<\/div>\n<\/div>\n\n\n\n<div class=\"wp-block-columns is-layout-flex wp-container-core-columns-is-layout-9d6595d7 wp-block-columns-is-layout-flex\">\n<div class=\"wp-block-column is-layout-flow wp-block-column-is-layout-flow\">\n<figure class=\"wp-block-image size-full\"><img decoding=\"async\" width=\"764\" height=\"764\" src=\"https:\/\/www.lianyuanceramic.com\/wp-content\/uploads\/2024\/10\/Ceramic-Bakeware-Wholesale-1.webp\" alt=\"Mayoristas de utensilios de cer\u00e1mica para hornear (1)\" class=\"wp-image-255\" srcset=\"https:\/\/www.lianyuanceramic.com\/wp-content\/uploads\/2024\/10\/Ceramic-Bakeware-Wholesale-1.webp 764w, https:\/\/www.lianyuanceramic.com\/wp-content\/uploads\/2024\/10\/Ceramic-Bakeware-Wholesale-1-300x300.webp 300w, https:\/\/www.lianyuanceramic.com\/wp-content\/uploads\/2024\/10\/Ceramic-Bakeware-Wholesale-1-150x150.webp 150w, https:\/\/www.lianyuanceramic.com\/wp-content\/uploads\/2024\/10\/Ceramic-Bakeware-Wholesale-1-600x600.webp 600w, https:\/\/www.lianyuanceramic.com\/wp-content\/uploads\/2024\/10\/Ceramic-Bakeware-Wholesale-1-100x100.webp 100w\" sizes=\"(max-width: 764px) 100vw, 764px\" \/><\/figure>\n<\/div>\n\n\n\n<div class=\"wp-block-column is-layout-flow wp-block-column-is-layout-flow\">\n<h2 class=\"wp-block-heading\">Bater\u00eda de cer\u00e1mica a medida<\/h2>\n\n\n\n<p>Lianyuan fabricante de utensilios de cocina de cer\u00e1mica puede proporcionar servicios completos de personalizaci\u00f3n para realizar sus ideas.<\/p>\n\n\n\n<p><strong>Tama\u00f1o y forma<\/strong><br>Incluye tama\u00f1os redondos, ovalados, rectangulares y personalizados.<\/p>\n\n\n\n<p><strong>Material y grosor<\/strong><br>Cer\u00e1mica duradera, arcilla resistente al calor, porcelana, gres, hechos a medida en diferentes espesores y resistencia al calor.<\/p>\n\n\n\n<p><strong>Acabados<\/strong><br>Las opciones incluyen acabados mate, brillante o texturizado.<\/p>\n\n\n\n<p><strong>Decoraci\u00f3n\/Patr\u00f3n<\/strong><br>Gr\u00e1ficos, dise\u00f1os o logotipos personalizados, incluidas calcoman\u00edas, pintados a mano y en relieve.<\/p>\n\n\n\n<p><strong>Paquete<\/strong><br>Envases personalizados para pedidos a granel, lotes de regalo o distribuci\u00f3n minorista con etiquetado o marca personalizados.<\/p>\n<\/div>\n<\/div>\n\n\n\n<p><\/p>","protected":false},"excerpt":{"rendered":"<p>Elija el juego de 5 piezas de cer\u00e1mica para hornear de Lianyuan Wholesale para mejorar su experiencia culinaria. Cada pieza de utensilios para hornear est\u00e1 hecho de material cer\u00e1mico de alta calidad con buena resistencia al calor y retenci\u00f3n de calor, adecuado para diversos estilos de cocina como hornear y asar.<\/p>\n<h2>Par\u00e1metros de los utensilios de cer\u00e1mica<\/h2>\n<table style=\"border-collapse: collapse; width: 370.82pt;\" border=\"0\" width=\"618\" cellspacing=\"0\" cellpadding=\"0\">\n<tbody>\n<tr style=\"height: 15.60pt;\">\n<td class=\"et3\" style=\"height: 15.60pt; width: 108.00pt;\" width=\"180\" height=\"26\">Fabricante<\/td>\n<td class=\"et3\" style=\"width: 263.25pt;\" width=\"438\">Lianyuan<\/td>\n<\/tr>\n<tr style=\"height: 15.60pt;\">\n<td class=\"et3\" style=\"height: 15.60pt;\" height=\"26\">Tipo de producto<\/td>\n<td class=\"et3\">Vajilla, Bater\u00eda de reposter\u00eda<\/td>\n<\/tr>\n<tr style=\"height: 15.60pt;\">\n<td class=\"et3\" style=\"height: 15.60pt;\" height=\"26\">Patr\u00f3n<\/td>\n<td class=\"et3\">Floral<\/td>\n<\/tr>\n<tr style=\"height: 15.60pt;\">\n<td class=\"et3\" style=\"height: 15.60pt;\" height=\"26\">Color<\/td>\n<td class=\"et3\">Rojo<\/td>\n<\/tr>\n<tr style=\"height: 15.60pt;\">\n<td class=\"et3\" style=\"height: 15.60pt;\" height=\"26\">Material<\/td>\n<td class=\"et3\">Porcelana resistente<\/td>\n<\/tr>\n<tr style=\"height: 15.60pt;\">\n<td class=\"et3\" style=\"height: 15.60pt;\" height=\"26\">Artesan\u00eda<\/td>\n<td class=\"et3\">Calcoman\u00eda esmaltada y pintura a mano<\/td>\n<\/tr>\n<tr style=\"height: 15.60pt;\">\n<td class=\"et3\" style=\"height: 15.60pt;\" height=\"26\">Aplicaci\u00f3n<\/td>\n<td class=\"et3\">Apto para microondas, lavavajillas y horno<\/td>\n<\/tr>\n<tr style=\"height: 15.60pt;\">\n<td class=\"et3\" style=\"height: 15.60pt;\" height=\"26\">A medida<\/td>\n<td class=\"et3\">Color\/Tama\u00f1o\/Logotipo\/Embalaje<\/td>\n<\/tr>\n<\/tbody>\n<\/table>","protected":false},"featured_media":255,"comment_status":"open","ping_status":"closed","template":"","meta":{"_acf_changed":true},"product_brand":[],"product_cat":[20],"product_tag":[30,29,27],"class_list":{"0":"post-248","1":"product","2":"type-product","3":"status-publish","4":"has-post-thumbnail","6":"product_cat-custom-bakeware-casserole-dish","7":"product_tag-custom-porcelain-dinnerware","8":"product_tag-hand-painted-embossed-dinnerware-wholesale","9":"product_tag-wholesale-decal-ceramics","11":"first","12":"instock","13":"shipping-taxable","14":"product-type-simple"},"acf":[],"_links":{"self":[{"href":"https:\/\/www.lianyuanceramic.com\/es\/wp-json\/wp\/v2\/product\/248","targetHints":{"allow":["GET"]}}],"collection":[{"href":"https:\/\/www.lianyuanceramic.com\/es\/wp-json\/wp\/v2\/product"}],"about":[{"href":"https:\/\/www.lianyuanceramic.com\/es\/wp-json\/wp\/v2\/types\/product"}],"replies":[{"embeddable":true,"href":"https:\/\/www.lianyuanceramic.com\/es\/wp-json\/wp\/v2\/comments?post=248"}],"wp:featuredmedia":[{"embeddable":true,"href":"https:\/\/www.lianyuanceramic.com\/es\/wp-json\/wp\/v2\/media\/255"}],"wp:attachment":[{"href":"https:\/\/www.lianyuanceramic.com\/es\/wp-json\/wp\/v2\/media?parent=248"}],"wp:term":[{"taxonomy":"product_brand","embeddable":true,"href":"https:\/\/www.lianyuanceramic.com\/es\/wp-json\/wp\/v2\/product_brand?post=248"},{"taxonomy":"product_cat","embeddable":true,"href":"https:\/\/www.lianyuanceramic.com\/es\/wp-json\/wp\/v2\/product_cat?post=248"},{"taxonomy":"product_tag","embeddable":true,"href":"https:\/\/www.lianyuanceramic.com\/es\/wp-json\/wp\/v2\/product_tag?post=248"}],"curies":[{"name":"wp","href":"https:\/\/api.w.org\/{rel}","templated":true}]}}