{"id":247,"date":"2024-10-19T17:40:58","date_gmt":"2024-10-19T17:40:58","guid":{"rendered":"https:\/\/www.lianyuanceramic.com\/?post_type=product&#038;p=247"},"modified":"2024-12-28T14:12:30","modified_gmt":"2024-12-28T14:12:30","slug":"tea-set-custom","status":"publish","type":"product","link":"https:\/\/www.lianyuanceramic.com\/es\/product\/tea-set-custom\/","title":{"rendered":"Juego de T\u00e9 Personalizado Porcelana Blanca con Elegante Borde Dorado"},"content":{"rendered":"<div class=\"wp-block-columns is-layout-flex wp-container-core-columns-is-layout-9d6595d7 wp-block-columns-is-layout-flex\">\n<div class=\"wp-block-column is-layout-flow wp-block-column-is-layout-flow\">\n<h2 class=\"wp-block-heading\">Juego de t\u00e9 Caracter\u00edsticas:<\/h2>\n\n\n\n<p><strong>Juego de t\u00e9 completo<\/strong><br>La tetera, la taza, el plato de postre y el cuenco se combinan para formar un llamativo y elegante juego de t\u00e9.<\/p>\n\n\n\n<p><strong>Elegante dise\u00f1o de bordes ondulados<\/strong><br>Su exclusivo borde ondulado le confiere un aspecto elegante y refinado; cualquier momento del t\u00e9 que se tome con ella ser\u00e1 bastante decente.<\/p>\n\n\n\n<p><strong>Mayor calidad Norma California 65<\/strong><br>Mayor calidad Norma California 65<br>Materiales de alta calidad, no t\u00f3xicos y seguros, de acuerdo con las normas de la Proposici\u00f3n 65 de California<\/p>\n\n\n\n<p><strong>F\u00e1cil de limpiar y mantener<\/strong><br>Su f\u00e1cil limpieza gracias a que es apto para lavavajillas y no poroso har\u00e1 que su belleza perdure.<\/p>\n\n\n\n<p><strong>Resistente pero ligero<\/strong><br>Delicada en su dise\u00f1o, la porcelana es ligera y f\u00e1cil de manejar sin comprometer su resistencia.<\/p>\n\n\n\n<p><strong>Adecuado para cualquier ocasi\u00f3n<\/strong><br>La colecci\u00f3n premium en plata y oro es perfecta para cualquier ocasi\u00f3n. No importa el entorno, estas piezas de vajilla dar\u00e1n un toque elegante a su evento.<\/p>\n\n\n\n<p><\/p>\n<\/div>\n\n\n\n<div class=\"wp-block-column is-layout-flow wp-block-column-is-layout-flow\">\n<figure class=\"wp-block-image size-full\"><img decoding=\"async\" width=\"904\" height=\"904\" src=\"https:\/\/www.lianyuanceramic.com\/wp-content\/uploads\/2024\/10\/Wholesale-Tea-Set-.webp\" alt=\"Juego de t\u00e9 al por mayor\" class=\"wp-image-282\" srcset=\"https:\/\/www.lianyuanceramic.com\/wp-content\/uploads\/2024\/10\/Wholesale-Tea-Set-.webp 904w, https:\/\/www.lianyuanceramic.com\/wp-content\/uploads\/2024\/10\/Wholesale-Tea-Set--300x300.webp 300w, https:\/\/www.lianyuanceramic.com\/wp-content\/uploads\/2024\/10\/Wholesale-Tea-Set--150x150.webp 150w, https:\/\/www.lianyuanceramic.com\/wp-content\/uploads\/2024\/10\/Wholesale-Tea-Set--768x768.webp 768w, https:\/\/www.lianyuanceramic.com\/wp-content\/uploads\/2024\/10\/Wholesale-Tea-Set--600x600.webp 600w, https:\/\/www.lianyuanceramic.com\/wp-content\/uploads\/2024\/10\/Wholesale-Tea-Set--100x100.webp 100w\" sizes=\"(max-width: 904px) 100vw, 904px\" \/><\/figure>\n<\/div>\n<\/div>\n\n\n\n<div class=\"wp-block-columns is-layout-flex wp-container-core-columns-is-layout-9d6595d7 wp-block-columns-is-layout-flex\">\n<div class=\"wp-block-column is-layout-flow wp-block-column-is-layout-flow\"><\/div>\n\n\n\n<div class=\"wp-block-column is-layout-flow wp-block-column-is-layout-flow\"><\/div>\n<\/div>\n\n\n\n<div class=\"wp-block-columns is-layout-flex wp-container-core-columns-is-layout-9d6595d7 wp-block-columns-is-layout-flex\">\n<div class=\"wp-block-column is-layout-flow wp-block-column-is-layout-flow\">\n<figure class=\"wp-block-image size-full\"><img decoding=\"async\" width=\"904\" height=\"904\" src=\"https:\/\/www.lianyuanceramic.com\/wp-content\/uploads\/2024\/10\/Wholesale-Tea-Set-.webp\" alt=\"Juego de t\u00e9 al por mayor\" class=\"wp-image-282\" srcset=\"https:\/\/www.lianyuanceramic.com\/wp-content\/uploads\/2024\/10\/Wholesale-Tea-Set-.webp 904w, https:\/\/www.lianyuanceramic.com\/wp-content\/uploads\/2024\/10\/Wholesale-Tea-Set--300x300.webp 300w, https:\/\/www.lianyuanceramic.com\/wp-content\/uploads\/2024\/10\/Wholesale-Tea-Set--150x150.webp 150w, https:\/\/www.lianyuanceramic.com\/wp-content\/uploads\/2024\/10\/Wholesale-Tea-Set--768x768.webp 768w, https:\/\/www.lianyuanceramic.com\/wp-content\/uploads\/2024\/10\/Wholesale-Tea-Set--600x600.webp 600w, https:\/\/www.lianyuanceramic.com\/wp-content\/uploads\/2024\/10\/Wholesale-Tea-Set--100x100.webp 100w\" sizes=\"(max-width: 904px) 100vw, 904px\" \/><\/figure>\n<\/div>\n\n\n\n<div class=\"wp-block-column is-layout-flow wp-block-column-is-layout-flow\">\n<h2 class=\"wp-block-heading\">Juego de t\u00e9 personalizado<\/h2>\n\n\n\n<p>Tanto si desea personalizar la marca como dise\u00f1ar un nuevo producto, cu\u00e9ntenos sus ideas ahora. Nuestro equipo de dise\u00f1o y fabricaci\u00f3n de moldes puede satisfacer sus ilimitadas necesidades.<\/p>\n\n\n\n<p><strong>Dise\u00f1o: <\/strong>Elija motivos florales o cree su propio dise\u00f1o.<\/p>\n\n\n\n<p><strong>Composici\u00f3n del conjunto:<\/strong> Juegos de tazas de cer\u00e1mica personalizados con combinaciones de tazas, cuencos y cucharas.<\/p>\n\n\n\n<p><strong>Tama\u00f1o: <\/strong>Elija entre varios tama\u00f1os para adaptarse a las diferentes raciones de comida.<\/p>\n\n\n\n<p><strong>Material:<\/strong> Cer\u00e1mica, porcelana, porcelana china o pregunte por alternativas.<\/p>\n\n\n\n<p><strong>Artesan\u00eda: <\/strong>Calcoman\u00edas de esmalte, cambio de horno, pintadas a mano, motivos en relieve u otros.<\/p>\n\n\n\n<p><strong>Embalaje: <\/strong>Paquete a granel, caja de color, caja de regalo, caja expositora, caja de correo, etc.<\/p>\n<\/div>\n<\/div>\n\n\n\n<p><\/p>","protected":false},"excerpt":{"rendered":"<p>El juego de t\u00e9 personalizado est\u00e1 hecho de porcelana blanca de alta calidad con bordes ondulados dorados, que es de gama alta y elegante, adecuado para todo tipo de t\u00e9 de la tarde o cafeter\u00edas. Admite cajas de regalo de embalaje personalizado. Si desea m\u00e1s opciones personalizadas, p\u00f3ngase en contacto con nosotros.<\/p>\n<h2>Par\u00e1metros del juego de t\u00e9<\/h2>\n<table style=\"border-collapse: collapse; width: 353.02pt;\" border=\"0\" width=\"353\" cellspacing=\"0\" cellpadding=\"0\">\n<tbody>\n<tr style=\"height: 17.60pt;\">\n<td class=\"et2\" style=\"height: 17.60pt; width: 82.50pt;\" width=\"82\" height=\"17\">Fabricante<\/td>\n<td class=\"et2\" style=\"width: 270.80pt;\" width=\"270\">Lianyuan<\/td>\n<\/tr>\n<tr style=\"height: 21.00pt;\">\n<td class=\"et2\" style=\"height: 21.00pt;\" height=\"21\">Tipo de producto<\/td>\n<td class=\"et3\" style=\"width: 270.80pt;\" width=\"270\">Tetera, taza, plato de postre y cuenco<\/td>\n<\/tr>\n<tr style=\"height: 17.60pt;\">\n<td class=\"et2\" style=\"height: 17.60pt;\" height=\"17\">Color<\/td>\n<td class=\"et2\">Blanco<\/td>\n<\/tr>\n<tr style=\"height: 17.60pt;\">\n<td class=\"et2\" style=\"height: 17.60pt;\" height=\"17\">RimColor<\/td>\n<td class=\"et4\">Color oro\/plata<\/td>\n<\/tr>\n<tr style=\"height: 17.60pt;\">\n<td class=\"et2\" style=\"height: 17.60pt;\" height=\"17\">Material<\/td>\n<td class=\"et2\">Porcelana resistente<\/td>\n<\/tr>\n<tr style=\"height: 17.60pt;\">\n<td class=\"et2\" style=\"height: 17.60pt;\" height=\"17\">Artesan\u00eda<\/td>\n<td class=\"et2\">\n<p>Platino pintado a mano<\/p>\n<\/td>\n<\/tr>\n<tr style=\"height: 17.60pt;\">\n<td class=\"et2\" style=\"height: 17.60pt;\" height=\"17\">A medida<\/td>\n<td class=\"et2\">Color\/Tama\u00f1o\/Logotipo\/Embalaje<\/td>\n<\/tr>\n<\/tbody>\n<\/table>\n<p>&nbsp;<\/p>","protected":false},"featured_media":282,"comment_status":"open","ping_status":"closed","template":"","meta":{"_acf_changed":false},"product_brand":[],"product_cat":[18],"product_tag":[30,29],"class_list":{"0":"post-247","1":"product","2":"type-product","3":"status-publish","4":"has-post-thumbnail","6":"product_cat-wholesale-custom-tea-set","7":"product_tag-custom-porcelain-dinnerware","8":"product_tag-hand-painted-embossed-dinnerware-wholesale","10":"first","11":"instock","12":"shipping-taxable","13":"product-type-simple"},"acf":[],"_links":{"self":[{"href":"https:\/\/www.lianyuanceramic.com\/es\/wp-json\/wp\/v2\/product\/247","targetHints":{"allow":["GET"]}}],"collection":[{"href":"https:\/\/www.lianyuanceramic.com\/es\/wp-json\/wp\/v2\/product"}],"about":[{"href":"https:\/\/www.lianyuanceramic.com\/es\/wp-json\/wp\/v2\/types\/product"}],"replies":[{"embeddable":true,"href":"https:\/\/www.lianyuanceramic.com\/es\/wp-json\/wp\/v2\/comments?post=247"}],"wp:featuredmedia":[{"embeddable":true,"href":"https:\/\/www.lianyuanceramic.com\/es\/wp-json\/wp\/v2\/media\/282"}],"wp:attachment":[{"href":"https:\/\/www.lianyuanceramic.com\/es\/wp-json\/wp\/v2\/media?parent=247"}],"wp:term":[{"taxonomy":"product_brand","embeddable":true,"href":"https:\/\/www.lianyuanceramic.com\/es\/wp-json\/wp\/v2\/product_brand?post=247"},{"taxonomy":"product_cat","embeddable":true,"href":"https:\/\/www.lianyuanceramic.com\/es\/wp-json\/wp\/v2\/product_cat?post=247"},{"taxonomy":"product_tag","embeddable":true,"href":"https:\/\/www.lianyuanceramic.com\/es\/wp-json\/wp\/v2\/product_tag?post=247"}],"curies":[{"name":"wp","href":"https:\/\/api.w.org\/{rel}","templated":true}]}}