{"id":2469,"date":"2025-12-02T03:11:23","date_gmt":"2025-12-02T03:11:23","guid":{"rendered":"https:\/\/www.lianyuanceramic.com\/?post_type=product&#038;p=2469"},"modified":"2025-12-10T03:09:28","modified_gmt":"2025-12-10T03:09:28","slug":"custom-home-trends-dinnerware","status":"publish","type":"product","link":"https:\/\/www.lianyuanceramic.com\/es\/product\/custom-home-trends-dinnerware\/","title":{"rendered":"Vajilla Granel Custom Home Trends, Juego de Platos Tazones Flora Roja"},"content":{"rendered":"<div class=\"wp-block-columns is-layout-flex wp-container-core-columns-is-layout-9d6595d7 wp-block-columns-is-layout-flex\">\n<div class=\"wp-block-column is-layout-flow wp-block-column-is-layout-flow\">\n<h2 class=\"wp-block-heading\">Vajilla Home Trends Caracter\u00edsticas:<\/h2>\n\n\n\n<p><strong>Dise\u00f1o art\u00edstico:<\/strong> Adoptando el dise\u00f1o de patrones florales, representa el romanticismo, suave y c\u00e1lido, as\u00ed como el temperamento art\u00edstico, las tendencias de la moda y un estilo de vida de esp\u00edritu libre. A\u00f1ade un estilo art\u00edstico al hogar y a los espacios de restauraci\u00f3n, creando una atm\u00f3sfera encantadora e inspiradora.<\/p>\n\n\n\n<p><strong>Artesan\u00eda de alta calidad:<\/strong>Los juegos de vajilla de cer\u00e1mica est\u00e1n meticulosamente elaborados con cer\u00e1mica duradera de alta calidad, lo que garantiza una larga durabilidad y resistencia a astillarse o romperse. Esmaltadas por expertos para proporcionar un acabado liso y brillante, lo que las hace no solo funcionales, sino tambi\u00e9n visualmente atractivas.<\/p>\n\n\n\n<p><strong>Seguro y duradero:<\/strong>Los esmaltes no contienen plomo, por lo que no hay que preocuparse de que \u00e9ste penetre en el organismo de los clientes. Estos platos se cuecen a alta temperatura para maximizar la resistencia de la porcelana.<\/p>\n\n\n\n<p><strong>Pr\u00e1ctico para el uso diario: <\/strong>Cada cuenco y cada plato se pueden utilizar con seguridad en el lavavajillas y en el microondas, son adecuados para un uso frecuente y para limpiarlos en el lavavajillas, y pueden mantener un aspecto nuevo durante mucho tiempo. <\/p>\n\n\n\n<p><strong>Dise\u00f1o apilable<\/strong>: Tanto en el frigor\u00edfico como en el aparador, este juego de vajilla de colores rinde muy bien. Su dise\u00f1o apilable ayuda a ahorrar espacio en la cocina, permitiendo colocar bien la vajilla en armarios o estanter\u00edas.<\/p>\n\n\n\n<p><strong>Servicios de personalizaci\u00f3n flexibles<\/strong>: Los fabricantes de Lianyuan ofrecen opciones de personalizaci\u00f3n como dise\u00f1os, colores, formas de platos y combinaciones de juegos. Pueden imprimirse logotipos de restaurantes\/hoteles o dise\u00f1os de marcas exclusivas para crear productos diferenciados.<\/p>\n<\/div>\n\n\n\n<div class=\"wp-block-column is-layout-flow wp-block-column-is-layout-flow\">\n<figure class=\"wp-block-image size-full\"><img decoding=\"async\" width=\"800\" height=\"800\" src=\"https:\/\/www.lianyuanceramic.com\/wp-content\/uploads\/2025\/11\/custom-ceramic-decal-dinnerware-sets-supplier.webp\" alt=\"vajilla de cer\u00e1mica personalizada\" class=\"wp-image-2471\" srcset=\"https:\/\/www.lianyuanceramic.com\/wp-content\/uploads\/2025\/11\/custom-ceramic-decal-dinnerware-sets-supplier.webp 800w, https:\/\/www.lianyuanceramic.com\/wp-content\/uploads\/2025\/11\/custom-ceramic-decal-dinnerware-sets-supplier-300x300.webp 300w, https:\/\/www.lianyuanceramic.com\/wp-content\/uploads\/2025\/11\/custom-ceramic-decal-dinnerware-sets-supplier-150x150.webp 150w, https:\/\/www.lianyuanceramic.com\/wp-content\/uploads\/2025\/11\/custom-ceramic-decal-dinnerware-sets-supplier-768x768.webp 768w, https:\/\/www.lianyuanceramic.com\/wp-content\/uploads\/2025\/11\/custom-ceramic-decal-dinnerware-sets-supplier-12x12.webp 12w, https:\/\/www.lianyuanceramic.com\/wp-content\/uploads\/2025\/11\/custom-ceramic-decal-dinnerware-sets-supplier-600x600.webp 600w, https:\/\/www.lianyuanceramic.com\/wp-content\/uploads\/2025\/11\/custom-ceramic-decal-dinnerware-sets-supplier-100x100.webp 100w\" sizes=\"(max-width: 800px) 100vw, 800px\" \/><\/figure>\n<\/div>\n<\/div>\n\n\n\n<div class=\"wp-block-columns is-layout-flex wp-container-core-columns-is-layout-9d6595d7 wp-block-columns-is-layout-flex\">\n<div class=\"wp-block-column is-layout-flow wp-block-column-is-layout-flow\">\n<figure class=\"wp-block-image size-full\"><img decoding=\"async\" width=\"800\" height=\"800\" src=\"https:\/\/www.lianyuanceramic.com\/wp-content\/uploads\/2025\/11\/wholesale-decal-stoneware-dinnerware.webp\" alt=\"venta al por mayor vajilla de gres\" class=\"wp-image-2470\" srcset=\"https:\/\/www.lianyuanceramic.com\/wp-content\/uploads\/2025\/11\/wholesale-decal-stoneware-dinnerware.webp 800w, https:\/\/www.lianyuanceramic.com\/wp-content\/uploads\/2025\/11\/wholesale-decal-stoneware-dinnerware-300x300.webp 300w, https:\/\/www.lianyuanceramic.com\/wp-content\/uploads\/2025\/11\/wholesale-decal-stoneware-dinnerware-150x150.webp 150w, https:\/\/www.lianyuanceramic.com\/wp-content\/uploads\/2025\/11\/wholesale-decal-stoneware-dinnerware-768x768.webp 768w, https:\/\/www.lianyuanceramic.com\/wp-content\/uploads\/2025\/11\/wholesale-decal-stoneware-dinnerware-12x12.webp 12w, https:\/\/www.lianyuanceramic.com\/wp-content\/uploads\/2025\/11\/wholesale-decal-stoneware-dinnerware-600x600.webp 600w, https:\/\/www.lianyuanceramic.com\/wp-content\/uploads\/2025\/11\/wholesale-decal-stoneware-dinnerware-100x100.webp 100w\" sizes=\"(max-width: 800px) 100vw, 800px\" \/><\/figure>\n<\/div>\n\n\n\n<div class=\"wp-block-column is-layout-flow wp-block-column-is-layout-flow\">\n<h2 class=\"wp-block-heading\">Vajilla Custom Home Trends:<\/h2>\n\n\n\n<p>Lianyuan ofrece varias opciones de vajilla personalizada seg\u00fan las necesidades de la marca o las tendencias de la moda, por lo que resulta ideal para uso personal y comercial.<\/p>\n\n\n\n<p><strong>Dise\u00f1o:&nbsp;<\/strong>Simple, de color s\u00f3lido.<\/p>\n\n\n\n<p><strong>Composici\u00f3n del conjunto:<\/strong>&nbsp;Juegos de tazas de cer\u00e1mica personalizados con combinaciones de tazas, cuencos y cucharas.<\/p>\n\n\n\n<p><strong>Tama\u00f1o:&nbsp;<\/strong>Elija entre varios tama\u00f1os para adaptarse a las diferentes raciones de comida.<\/p>\n\n\n\n<p><strong>Material:<\/strong>\u00a0Cer\u00e1mica, porcelana, porcelana china, o pregunte por alternativas.<\/p>\n\n\n\n<p><strong>Artesan\u00eda:&nbsp;<\/strong>Calcoman\u00edas de esmalte, cambio de horno, pintadas a mano, motivos en relieve u otros.<\/p>\n\n\n\n<p><strong>Embalaje:\u00a0<\/strong>Bulk Pack, caja de color, caja de regalo, caja expositora, caja postal, etc.<\/p>\n<\/div>\n<\/div>","protected":false},"excerpt":{"rendered":"<div class=\"D5aOJc vJwDU\">Vajilla personalizada de tendencias para el hogar, con c\u00e1lidas calcoman\u00edas florales, cocida a alta temperatura, esmalte sin plomo, apta para microondas y lavavajillas. Lianyuan fabricante de vajilla de cer\u00e1mica suministra con precios al por mayor y estricto control de calidad. P\u00f3ngase en contacto con nosotros para una consulta inmediata.<\/div>\n<h2>Inicio Tendencias Vajilla Par\u00e1metro<\/h2>\n<table style=\"border-collapse: collapse; width: 370.82pt;\" border=\"0\" width=\"618\" cellspacing=\"0\" cellpadding=\"0\">\n<tbody>\n<tr style=\"height: 15.60pt;\">\n<td class=\"et3\" style=\"height: 15.60pt; width: 108.00pt;\" width=\"180\" height=\"26\">Fabricante<\/td>\n<td class=\"et3\" style=\"width: 263.25pt;\" width=\"438\">Lianyuan<\/td>\n<\/tr>\n<tr style=\"height: 15.60pt;\">\n<td class=\"et3\" style=\"height: 15.60pt;\" height=\"26\">Tipo de producto<\/td>\n<td class=\"et3\">Platos llanos, cuencos, tazas y tarros de condimentos<\/td>\n<\/tr>\n<tr style=\"height: 15.60pt;\">\n<td class=\"et3\" style=\"height: 15.60pt;\" height=\"26\">Material<\/td>\n<td class=\"et3\">Porcelana resistente<\/td>\n<\/tr>\n<tr style=\"height: 15.60pt;\">\n<td class=\"et3\" style=\"height: 15.60pt;\" height=\"26\">Artesan\u00eda<\/td>\n<td class=\"et3\">En glaseado<\/td>\n<\/tr>\n<tr style=\"height: 15.60pt;\">\n<td class=\"et3\" style=\"height: 15.60pt;\" height=\"26\">Aplicaci\u00f3n<\/td>\n<td class=\"et3\">Apto para microondas, lavavajillas y horno<\/td>\n<\/tr>\n<tr style=\"height: 15.60pt;\">\n<td class=\"et3\" style=\"height: 15.60pt;\" height=\"26\">A medida<\/td>\n<td class=\"et3\">Color\/Tama\u00f1o\/Logotipo\/Embalaje<\/td>\n<\/tr>\n<\/tbody>\n<\/table>","protected":false},"featured_media":2470,"comment_status":"open","ping_status":"closed","template":"","meta":{"_acf_changed":false},"product_brand":[],"product_cat":[17],"product_tag":[30,27],"class_list":{"0":"post-2469","1":"product","2":"type-product","3":"status-publish","4":"has-post-thumbnail","6":"product_cat-dinnerware-wholesale","7":"product_tag-custom-porcelain-dinnerware","8":"product_tag-wholesale-decal-ceramics","10":"first","11":"instock","12":"shipping-taxable","13":"product-type-simple"},"acf":[],"_links":{"self":[{"href":"https:\/\/www.lianyuanceramic.com\/es\/wp-json\/wp\/v2\/product\/2469","targetHints":{"allow":["GET"]}}],"collection":[{"href":"https:\/\/www.lianyuanceramic.com\/es\/wp-json\/wp\/v2\/product"}],"about":[{"href":"https:\/\/www.lianyuanceramic.com\/es\/wp-json\/wp\/v2\/types\/product"}],"replies":[{"embeddable":true,"href":"https:\/\/www.lianyuanceramic.com\/es\/wp-json\/wp\/v2\/comments?post=2469"}],"wp:featuredmedia":[{"embeddable":true,"href":"https:\/\/www.lianyuanceramic.com\/es\/wp-json\/wp\/v2\/media\/2470"}],"wp:attachment":[{"href":"https:\/\/www.lianyuanceramic.com\/es\/wp-json\/wp\/v2\/media?parent=2469"}],"wp:term":[{"taxonomy":"product_brand","embeddable":true,"href":"https:\/\/www.lianyuanceramic.com\/es\/wp-json\/wp\/v2\/product_brand?post=2469"},{"taxonomy":"product_cat","embeddable":true,"href":"https:\/\/www.lianyuanceramic.com\/es\/wp-json\/wp\/v2\/product_cat?post=2469"},{"taxonomy":"product_tag","embeddable":true,"href":"https:\/\/www.lianyuanceramic.com\/es\/wp-json\/wp\/v2\/product_tag?post=2469"}],"curies":[{"name":"wp","href":"https:\/\/api.w.org\/{rel}","templated":true}]}}