{"id":2462,"date":"2025-12-02T02:35:46","date_gmt":"2025-12-02T02:35:46","guid":{"rendered":"https:\/\/www.lianyuanceramic.com\/?post_type=product&#038;p=2462"},"modified":"2025-12-02T02:36:07","modified_gmt":"2025-12-02T02:36:07","slug":"ceramic-plates-wholesale","status":"publish","type":"product","link":"https:\/\/www.lianyuanceramic.com\/es\/product\/ceramic-plates-wholesale\/","title":{"rendered":"Platos De Cer\u00e1mica Al Por Mayor, Pintados A Mano En Esmalte Decal Serving Plates Set Proveedor"},"content":{"rendered":"<div class=\"wp-block-columns is-layout-flex wp-container-core-columns-is-layout-9d6595d7 wp-block-columns-is-layout-flex\">\n<div class=\"wp-block-column is-layout-flow wp-block-column-is-layout-flow\">\n<h2 class=\"wp-block-heading\">Placas de cer\u00e1mica Caracter\u00edsticas:<\/h2>\n\n\n\n<p><strong>Patrones florales<\/strong> <strong>Decoraci\u00f3n<\/strong>: La superficie del plato est\u00e1 decorada con peque\u00f1os motivos florales y vegetales, que integran el estilo vintage popular polaco. Dominada por tonos azules, verdes y naranjas, equilibra el atractivo art\u00edstico con un ambiente c\u00e1lido.<\/p>\n\n\n\n<p><strong>Durabilidad y seguridad<\/strong>: El material de alta calidad y la cocci\u00f3n a alta temperatura la hacen compatible con el uso en microondas, lavavajillas, horno y frigor\u00edfico. El suave esmalte es f\u00e1cil de limpiar y los colores resisten la decoloraci\u00f3n con el uso prolongado.<\/p>\n\n\n\n<p><strong>Dise\u00f1o elegante<\/strong>: De forma redonda con calcoman\u00eda de patr\u00f3n floral, el dise\u00f1o es f\u00e1cil de usar y tiene un efecto visual \u00fanico.<\/p>\n\n\n\n<p><strong>Adaptabilidad pr\u00e1ctica<\/strong>: Es adecuada para servir platos\/frutas a diario, as\u00ed como para hornear. Se adapta a escenarios como comidas familiares y agasajos a invitados.<\/p>\n\n\n\n<p><strong>Entrega r\u00e1pida:<\/strong> Stock a granel disponible, sin necesidad de esperar al ciclo de producci\u00f3n, los pedidos pueden enviarse r\u00e1pidamente tras su realizaci\u00f3n, acortando el tiempo desde la adquisici\u00f3n hasta la estanter\u00eda, adecuado para restaurantes, hoteles y otras necesidades urgentes de reabastecimiento.<\/p>\n<\/div>\n\n\n\n<div class=\"wp-block-column is-layout-flow wp-block-column-is-layout-flow\">\n<figure class=\"wp-block-image size-full\"><img decoding=\"async\" width=\"800\" height=\"800\" src=\"https:\/\/www.lianyuanceramic.com\/wp-content\/uploads\/2025\/11\/wholesale-handmade-ceramic-decal-plates.webp\" alt=\"venta al por mayor placas de calcoman\u00eda de cer\u00e1mica hechas a mano\" class=\"wp-image-2467\" srcset=\"https:\/\/www.lianyuanceramic.com\/wp-content\/uploads\/2025\/11\/wholesale-handmade-ceramic-decal-plates.webp 800w, https:\/\/www.lianyuanceramic.com\/wp-content\/uploads\/2025\/11\/wholesale-handmade-ceramic-decal-plates-300x300.webp 300w, https:\/\/www.lianyuanceramic.com\/wp-content\/uploads\/2025\/11\/wholesale-handmade-ceramic-decal-plates-150x150.webp 150w, https:\/\/www.lianyuanceramic.com\/wp-content\/uploads\/2025\/11\/wholesale-handmade-ceramic-decal-plates-768x768.webp 768w, https:\/\/www.lianyuanceramic.com\/wp-content\/uploads\/2025\/11\/wholesale-handmade-ceramic-decal-plates-12x12.webp 12w, https:\/\/www.lianyuanceramic.com\/wp-content\/uploads\/2025\/11\/wholesale-handmade-ceramic-decal-plates-600x600.webp 600w, https:\/\/www.lianyuanceramic.com\/wp-content\/uploads\/2025\/11\/wholesale-handmade-ceramic-decal-plates-100x100.webp 100w\" sizes=\"(max-width: 800px) 100vw, 800px\" \/><\/figure>\n<\/div>\n<\/div>\n\n\n\n<div class=\"wp-block-columns is-layout-flex wp-container-core-columns-is-layout-9d6595d7 wp-block-columns-is-layout-flex\">\n<div class=\"wp-block-column is-layout-flow wp-block-column-is-layout-flow\">\n<figure class=\"wp-block-image size-full\"><img decoding=\"async\" width=\"800\" height=\"800\" src=\"https:\/\/www.lianyuanceramic.com\/wp-content\/uploads\/2025\/11\/Custom-ceramic-flower-pattern-round-plates.webp\" alt=\"Platos redondos de cer\u00e1mica personalizados con motivos florales\" class=\"wp-image-2465\" srcset=\"https:\/\/www.lianyuanceramic.com\/wp-content\/uploads\/2025\/11\/Custom-ceramic-flower-pattern-round-plates.webp 800w, https:\/\/www.lianyuanceramic.com\/wp-content\/uploads\/2025\/11\/Custom-ceramic-flower-pattern-round-plates-300x300.webp 300w, https:\/\/www.lianyuanceramic.com\/wp-content\/uploads\/2025\/11\/Custom-ceramic-flower-pattern-round-plates-150x150.webp 150w, https:\/\/www.lianyuanceramic.com\/wp-content\/uploads\/2025\/11\/Custom-ceramic-flower-pattern-round-plates-768x768.webp 768w, https:\/\/www.lianyuanceramic.com\/wp-content\/uploads\/2025\/11\/Custom-ceramic-flower-pattern-round-plates-12x12.webp 12w, https:\/\/www.lianyuanceramic.com\/wp-content\/uploads\/2025\/11\/Custom-ceramic-flower-pattern-round-plates-600x600.webp 600w, https:\/\/www.lianyuanceramic.com\/wp-content\/uploads\/2025\/11\/Custom-ceramic-flower-pattern-round-plates-100x100.webp 100w\" sizes=\"(max-width: 800px) 100vw, 800px\" \/><\/figure>\n<\/div>\n\n\n\n<div class=\"wp-block-column is-layout-flow wp-block-column-is-layout-flow\">\n<h2 class=\"wp-block-heading\">Placas de cer\u00e1mica personalizadas:<\/h2>\n\n\n\n<p>Lianyuan fabricante de utensilios de cocina de cer\u00e1mica puede proporcionar servicios completos de personalizaci\u00f3n para realizar sus ideas.<\/p>\n\n\n\n<p><strong>Tama\u00f1o y forma<\/strong><br>Incluye tama\u00f1os redondos, ovalados, rectangulares y personalizados.<\/p>\n\n\n\n<p><strong>Material y grosor<\/strong><br>Cer\u00e1mica duradera, arcilla resistente al calor, porcelana, gres, a medida en diferentes grosores y resistencia al calor.<\/p>\n\n\n\n<p><strong>Acabados<\/strong><br>Las opciones incluyen acabados mate, brillante o texturizado.<\/p>\n\n\n\n<p><strong>Decoraci\u00f3n\/Patr\u00f3n<\/strong><br>Gr\u00e1ficos, dise\u00f1os o logotipos personalizados, incluidas calcoman\u00edas, pintados a mano y en relieve.<\/p>\n\n\n\n<p><strong>Paquete<\/strong><br>Envases personalizados para pedidos a granel, lotes de regalo o distribuci\u00f3n minorista con etiquetado o marca personalizados.<\/p>\n<\/div>\n<\/div>","protected":false},"excerpt":{"rendered":"<p>Platos de ceramica al por mayor, juego de platos de ceramica polaca vintage floral, resistente a microondas, lavavajillas y horno, disponible en formas redondas y cuadradas. Amplio stock, se aceptan pedidos al por mayor, env\u00edo r\u00e1pido. \u00a1Contacte con nosotros para precios!<\/p>\n<h2>Par\u00e1metros de las placas cer\u00e1micas<\/h2>\n<table style=\"border-collapse: collapse; width: 370.82pt;\" border=\"0\" width=\"618\" cellspacing=\"0\" cellpadding=\"0\">\n<tbody>\n<tr style=\"height: 15.60pt;\">\n<td class=\"et3\" style=\"height: 15.60pt; width: 108.00pt;\" width=\"180\" height=\"26\">Fabricante<\/td>\n<td class=\"et3\" style=\"width: 263.25pt;\" width=\"438\">Lianyuan<\/td>\n<\/tr>\n<tr style=\"height: 15.60pt;\">\n<td class=\"et3\" style=\"height: 15.60pt;\" height=\"26\">Tipo de producto<\/td>\n<td class=\"et3\">Vajilla, utensilios para hornear<\/td>\n<\/tr>\n<tr style=\"height: 15.60pt;\">\n<td class=\"et3\" style=\"height: 15.60pt;\" height=\"26\">Patr\u00f3n<\/td>\n<td class=\"et3\">Floral<\/td>\n<\/tr>\n<tr style=\"height: 15.60pt;\">\n<td class=\"et3\" style=\"height: 15.60pt;\" height=\"26\">Color<\/td>\n<td class=\"et3\">Rojo, verde<\/td>\n<\/tr>\n<tr style=\"height: 15.60pt;\">\n<td class=\"et3\" style=\"height: 15.60pt;\" height=\"26\">Material<\/td>\n<td class=\"et3\">Porcelana resistente<\/td>\n<\/tr>\n<tr style=\"height: 15.60pt;\">\n<td class=\"et3\" style=\"height: 15.60pt;\" height=\"26\">Artesan\u00eda<\/td>\n<td class=\"et3\">Calcoman\u00eda esmaltada y pintada a mano<\/td>\n<\/tr>\n<tr style=\"height: 15.60pt;\">\n<td class=\"et3\" style=\"height: 15.60pt;\" height=\"26\">Aplicaci\u00f3n<\/td>\n<td class=\"et3\">Apto para microondas y lavavajillas, apto para horno<\/td>\n<\/tr>\n<tr style=\"height: 15.60pt;\">\n<td class=\"et3\" style=\"height: 15.60pt;\" height=\"26\">A medida<\/td>\n<td class=\"et3\">Color\/Tama\u00f1o\/Logotipo\/Embalaje<\/td>\n<\/tr>\n<\/tbody>\n<\/table>","protected":false},"featured_media":2463,"comment_status":"open","ping_status":"closed","template":"","meta":{"_acf_changed":true},"product_brand":[],"product_cat":[34],"product_tag":[30,29,27],"class_list":{"0":"post-2462","1":"product","2":"type-product","3":"status-publish","4":"has-post-thumbnail","6":"product_cat-bulk-ceramic-tableware-in-stock","7":"product_tag-custom-porcelain-dinnerware","8":"product_tag-hand-painted-embossed-dinnerware-wholesale","9":"product_tag-wholesale-decal-ceramics","11":"first","12":"instock","13":"shipping-taxable","14":"product-type-simple"},"acf":[],"_links":{"self":[{"href":"https:\/\/www.lianyuanceramic.com\/es\/wp-json\/wp\/v2\/product\/2462","targetHints":{"allow":["GET"]}}],"collection":[{"href":"https:\/\/www.lianyuanceramic.com\/es\/wp-json\/wp\/v2\/product"}],"about":[{"href":"https:\/\/www.lianyuanceramic.com\/es\/wp-json\/wp\/v2\/types\/product"}],"replies":[{"embeddable":true,"href":"https:\/\/www.lianyuanceramic.com\/es\/wp-json\/wp\/v2\/comments?post=2462"}],"wp:featuredmedia":[{"embeddable":true,"href":"https:\/\/www.lianyuanceramic.com\/es\/wp-json\/wp\/v2\/media\/2463"}],"wp:attachment":[{"href":"https:\/\/www.lianyuanceramic.com\/es\/wp-json\/wp\/v2\/media?parent=2462"}],"wp:term":[{"taxonomy":"product_brand","embeddable":true,"href":"https:\/\/www.lianyuanceramic.com\/es\/wp-json\/wp\/v2\/product_brand?post=2462"},{"taxonomy":"product_cat","embeddable":true,"href":"https:\/\/www.lianyuanceramic.com\/es\/wp-json\/wp\/v2\/product_cat?post=2462"},{"taxonomy":"product_tag","embeddable":true,"href":"https:\/\/www.lianyuanceramic.com\/es\/wp-json\/wp\/v2\/product_tag?post=2462"}],"curies":[{"name":"wp","href":"https:\/\/api.w.org\/{rel}","templated":true}]}}