{"id":2451,"date":"2025-11-25T01:51:04","date_gmt":"2025-11-25T01:51:04","guid":{"rendered":"https:\/\/www.lianyuanceramic.com\/?post_type=product&#038;p=2451"},"modified":"2025-11-25T01:53:05","modified_gmt":"2025-11-25T01:53:05","slug":"wholesale-ceramic-baking-dish","status":"publish","type":"product","link":"https:\/\/www.lianyuanceramic.com\/es\/product\/wholesale-ceramic-baking-dish\/","title":{"rendered":"Mayorista Plato de Ceramica para Hornear, Pintado a Mano Doble Oreja Bakeware para Hotel Proveedor"},"content":{"rendered":"<div class=\"wp-block-columns is-layout-flex wp-container-core-columns-is-layout-9d6595d7 wp-block-columns-is-layout-flex\">\n<div class=\"wp-block-column is-layout-flow wp-block-column-is-layout-flow\">\n<h2 class=\"wp-block-heading\">Plato de cer\u00e1mica para hornear Caracter\u00edsticas:<\/h2>\n\n\n\n<p><strong>Motivo floral pintado a mano<\/strong>: Adopta un estilo pastoral ligero y lujoso con motivos florales pintados a mano en esmalte en el cuerpo del cuenco, retro y exquisito a la vez, con un fuerte car\u00e1cter decorativo.<\/p>\n\n\n\n<p><strong>Material y artesan\u00eda<\/strong>: Hecho de cer\u00e1mica de calidad, con una tecnolog\u00eda de calcoman\u00eda en esmalte, la superficie lisa para una f\u00e1cil limpieza, material seguro y de calidad duradera.<\/p>\n\n\n\n<p><strong>Forma funcional<\/strong>: Equipado con asas dobles para una f\u00e1cil sujeci\u00f3n, adecuado para sostener platos calientes\/sopas. La boca ancha del cuenco y gran capacidad, compatible con diversos platos como cangrejos de r\u00edo y ensaladas.<\/p>\n\n\n\n<p><strong>Calcoman\u00eda de alta calidad: <\/strong>Los motivos florales esmaltados no se decoloran ni se desprenden incluso despu\u00e9s de varios lavados (aptos para lavavajillas), manteniendo un aspecto fresco durante mucho tiempo.<\/p>\n\n\n\n<p><strong>Uso flexible:<\/strong> Adecuado para uso dom\u00e9stico\/fiestas, se puede combinar libremente en un juego de vajilla, equilibrando practicidad y apariencia.<\/p>\n\n\n\n<p>Suministro directo en stock: Seleccionamos cuidadosamente los estilos m\u00e1s populares del mercado para ayudarle a elegir f\u00e1cilmente los productos, facilitar la adquisici\u00f3n universitaria y ampliar r\u00e1pidamente su mercado.<\/p>\n<\/div>\n\n\n\n<div class=\"wp-block-column is-layout-flow wp-block-column-is-layout-flow\">\n<figure class=\"wp-block-image size-full\"><img decoding=\"async\" width=\"800\" height=\"800\" src=\"https:\/\/www.lianyuanceramic.com\/wp-content\/uploads\/2025\/11\/wholesale-ceramic-hand-painted-dinner-plate.webp\" alt=\"mayorista plato de cer\u00e1mica pintado a mano\" class=\"wp-image-2460\" srcset=\"https:\/\/www.lianyuanceramic.com\/wp-content\/uploads\/2025\/11\/wholesale-ceramic-hand-painted-dinner-plate.webp 800w, https:\/\/www.lianyuanceramic.com\/wp-content\/uploads\/2025\/11\/wholesale-ceramic-hand-painted-dinner-plate-300x300.webp 300w, https:\/\/www.lianyuanceramic.com\/wp-content\/uploads\/2025\/11\/wholesale-ceramic-hand-painted-dinner-plate-150x150.webp 150w, https:\/\/www.lianyuanceramic.com\/wp-content\/uploads\/2025\/11\/wholesale-ceramic-hand-painted-dinner-plate-768x768.webp 768w, https:\/\/www.lianyuanceramic.com\/wp-content\/uploads\/2025\/11\/wholesale-ceramic-hand-painted-dinner-plate-12x12.webp 12w, https:\/\/www.lianyuanceramic.com\/wp-content\/uploads\/2025\/11\/wholesale-ceramic-hand-painted-dinner-plate-600x600.webp 600w, https:\/\/www.lianyuanceramic.com\/wp-content\/uploads\/2025\/11\/wholesale-ceramic-hand-painted-dinner-plate-100x100.webp 100w\" sizes=\"(max-width: 800px) 100vw, 800px\" \/><\/figure>\n<\/div>\n<\/div>\n\n\n\n<div class=\"wp-block-columns is-layout-flex wp-container-core-columns-is-layout-9d6595d7 wp-block-columns-is-layout-flex\">\n<div class=\"wp-block-column is-layout-flow wp-block-column-is-layout-flow\">\n<figure class=\"wp-block-image size-full\"><img decoding=\"async\" width=\"4445\" height=\"4445\" src=\"https:\/\/www.lianyuanceramic.com\/wp-content\/uploads\/2025\/11\/custom-logo-ceramic-rectangle-dinner-plates.webp\" alt=\"platos rectangulares de cer\u00e1mica con logotipo personalizado\" class=\"wp-image-2456\" srcset=\"https:\/\/www.lianyuanceramic.com\/wp-content\/uploads\/2025\/11\/custom-logo-ceramic-rectangle-dinner-plates.webp 4445w, https:\/\/www.lianyuanceramic.com\/wp-content\/uploads\/2025\/11\/custom-logo-ceramic-rectangle-dinner-plates-300x300.webp 300w, https:\/\/www.lianyuanceramic.com\/wp-content\/uploads\/2025\/11\/custom-logo-ceramic-rectangle-dinner-plates-150x150.webp 150w, https:\/\/www.lianyuanceramic.com\/wp-content\/uploads\/2025\/11\/custom-logo-ceramic-rectangle-dinner-plates-768x768.webp 768w, https:\/\/www.lianyuanceramic.com\/wp-content\/uploads\/2025\/11\/custom-logo-ceramic-rectangle-dinner-plates-12x12.webp 12w, https:\/\/www.lianyuanceramic.com\/wp-content\/uploads\/2025\/11\/custom-logo-ceramic-rectangle-dinner-plates-1200x1200.webp 1200w, https:\/\/www.lianyuanceramic.com\/wp-content\/uploads\/2025\/11\/custom-logo-ceramic-rectangle-dinner-plates-600x600.webp 600w, https:\/\/www.lianyuanceramic.com\/wp-content\/uploads\/2025\/11\/custom-logo-ceramic-rectangle-dinner-plates-100x100.webp 100w\" sizes=\"(max-width: 4445px) 100vw, 4445px\" \/><\/figure>\n<\/div>\n\n\n\n<div class=\"wp-block-column is-layout-flow wp-block-column-is-layout-flow\">\n<h2 class=\"wp-block-heading\">Plato de cer\u00e1mica para hornear personalizado<\/h2>\n\n\n\n<p>Lianyuan ofrece varias opciones de vajilla personalizada seg\u00fan las necesidades de la marca o las tendencias de la moda, por lo que resulta ideal para uso personal y comercial.<\/p>\n\n\n\n<p><strong>Dise\u00f1o:&nbsp;<\/strong>Formas y motivos variados.<\/p>\n\n\n\n<p><strong>Composici\u00f3n del conjunto:<\/strong>&nbsp;Juegos de tazas de cer\u00e1mica personalizados con combinaciones de tazas, cuencos y cucharas.<\/p>\n\n\n\n<p><strong>Tama\u00f1o:&nbsp;<\/strong>Elija entre varios tama\u00f1os para adaptarse a las diferentes raciones de comida.<\/p>\n\n\n\n<p><strong>Material:<\/strong>&nbsp;Cer\u00e1mica, porcelana, porcelana china o pregunte por alternativas.<\/p>\n\n\n\n<p><strong>Artesan\u00eda:&nbsp;<\/strong>Calcoman\u00edas de esmalte, cambio de horno, pintadas a mano, motivos en relieve u otros.<\/p>\n\n\n\n<p><strong>Embalaje:&nbsp;<\/strong>Bulk Pack, caja de color, caja de regalo, caja expositora, caja postal, etc.<\/p>\n<\/div>\n<\/div>\n\n\n\n<p><\/p>","protected":false},"excerpt":{"rendered":"<p id=\"brxe-5da1c8\" class=\"brxe-product-title\">Bienvenido a la venta al por mayor plato de cer\u00e1mica para hornear, en la calcoman\u00eda de esmalte, patr\u00f3n floral vivo, dise\u00f1o de doble oreja mango, adecuado para el hogar y uso comercial. A granel en stock utensilios para hornear de cer\u00e1mica disponibles, entrega r\u00e1pida y el env\u00edo global. \u00a1P\u00f3ngase en contacto con nosotros para obtener una cotizaci\u00f3n!<\/p>\n<h1 class=\"brxe-product-title\">Par\u00e1metros de la bandeja de cer\u00e1mica<\/h1>\n<table style=\"border-collapse: collapse; width: 370.82pt;\" border=\"0\" width=\"618\" cellspacing=\"0\" cellpadding=\"0\">\n<tbody>\n<tr style=\"height: 15.60pt;\">\n<td class=\"et3\" style=\"height: 15.60pt; width: 108.00pt;\" width=\"180\" height=\"26\">Fabricante<\/td>\n<td class=\"et3\" style=\"width: 263.25pt;\" width=\"438\">Lianyuan<\/td>\n<\/tr>\n<tr style=\"height: 15.60pt;\">\n<td class=\"et3\" style=\"height: 15.60pt;\" height=\"26\">Tipo de producto<\/td>\n<td class=\"et3\">Vajilla, Bater\u00eda de reposter\u00eda<\/td>\n<\/tr>\n<tr style=\"height: 15.60pt;\">\n<td class=\"et3\" style=\"height: 15.60pt;\" height=\"26\">Patr\u00f3n<\/td>\n<td class=\"et3\">Floral<\/td>\n<\/tr>\n<tr style=\"height: 15.60pt;\">\n<td class=\"et3\" style=\"height: 15.60pt;\" height=\"26\">Color<\/td>\n<td class=\"et3\">Rojo,Verde<\/td>\n<\/tr>\n<tr style=\"height: 15.60pt;\">\n<td class=\"et3\" style=\"height: 15.60pt;\" height=\"26\">Material<\/td>\n<td class=\"et3\">Porcelana resistente<\/td>\n<\/tr>\n<tr style=\"height: 15.60pt;\">\n<td class=\"et3\" style=\"height: 15.60pt;\" height=\"26\">Artesan\u00eda<\/td>\n<td class=\"et3\">Calcoman\u00eda esmaltada y pintura a mano<\/td>\n<\/tr>\n<tr style=\"height: 15.60pt;\">\n<td class=\"et3\" style=\"height: 15.60pt;\" height=\"26\">Aplicaci\u00f3n<\/td>\n<td class=\"et3\">Apto para microondas, lavavajillas y horno<\/td>\n<\/tr>\n<tr style=\"height: 15.60pt;\">\n<td class=\"et3\" style=\"height: 15.60pt;\" height=\"26\">A medida<\/td>\n<td class=\"et3\">Color\/Tama\u00f1o\/Logotipo\/Embalaje<\/td>\n<\/tr>\n<\/tbody>\n<\/table>","protected":false},"featured_media":2454,"comment_status":"open","ping_status":"closed","template":"","meta":{"_acf_changed":false},"product_brand":[],"product_cat":[20],"product_tag":[30,29,27],"class_list":{"0":"post-2451","1":"product","2":"type-product","3":"status-publish","4":"has-post-thumbnail","6":"product_cat-custom-bakeware-casserole-dish","7":"product_tag-custom-porcelain-dinnerware","8":"product_tag-hand-painted-embossed-dinnerware-wholesale","9":"product_tag-wholesale-decal-ceramics","11":"first","12":"instock","13":"shipping-taxable","14":"product-type-simple"},"acf":[],"_links":{"self":[{"href":"https:\/\/www.lianyuanceramic.com\/es\/wp-json\/wp\/v2\/product\/2451","targetHints":{"allow":["GET"]}}],"collection":[{"href":"https:\/\/www.lianyuanceramic.com\/es\/wp-json\/wp\/v2\/product"}],"about":[{"href":"https:\/\/www.lianyuanceramic.com\/es\/wp-json\/wp\/v2\/types\/product"}],"replies":[{"embeddable":true,"href":"https:\/\/www.lianyuanceramic.com\/es\/wp-json\/wp\/v2\/comments?post=2451"}],"wp:featuredmedia":[{"embeddable":true,"href":"https:\/\/www.lianyuanceramic.com\/es\/wp-json\/wp\/v2\/media\/2454"}],"wp:attachment":[{"href":"https:\/\/www.lianyuanceramic.com\/es\/wp-json\/wp\/v2\/media?parent=2451"}],"wp:term":[{"taxonomy":"product_brand","embeddable":true,"href":"https:\/\/www.lianyuanceramic.com\/es\/wp-json\/wp\/v2\/product_brand?post=2451"},{"taxonomy":"product_cat","embeddable":true,"href":"https:\/\/www.lianyuanceramic.com\/es\/wp-json\/wp\/v2\/product_cat?post=2451"},{"taxonomy":"product_tag","embeddable":true,"href":"https:\/\/www.lianyuanceramic.com\/es\/wp-json\/wp\/v2\/product_tag?post=2451"}],"curies":[{"name":"wp","href":"https:\/\/api.w.org\/{rel}","templated":true}]}}