{"id":2431,"date":"2025-11-25T01:31:09","date_gmt":"2025-11-25T01:31:09","guid":{"rendered":"https:\/\/www.lianyuanceramic.com\/?post_type=product&#038;p=2431"},"modified":"2025-11-25T01:31:11","modified_gmt":"2025-11-25T01:31:11","slug":"bulk-ceramic-plates","status":"publish","type":"product","link":"https:\/\/www.lianyuanceramic.com\/es\/product\/bulk-ceramic-plates\/","title":{"rendered":"Platos de cer\u00e1mica a granel de la impresi\u00f3n del patr\u00f3n de la flor del juego de platos de la cena de la calcoman\u00eda con la manija doble de la oreja"},"content":{"rendered":"<div class=\"wp-block-columns is-layout-flex wp-container-core-columns-is-layout-9d6595d7 wp-block-columns-is-layout-flex\">\n<div class=\"wp-block-column is-layout-flow wp-block-column-is-layout-flow\">\n<h2 class=\"wp-block-heading\">Placas de cer\u00e1mica Caracter\u00edsticas:<\/h2>\n\n\n\n<p><strong>Decoraci\u00f3n floral \u00fanica<\/strong>: La superficie del plato est\u00e1 adornada con vibrantes motivos florales con flores y ramas de varios colores, como azul, verde, amarillo y naranja, que presentan un estilo retro y art\u00edstico.<\/p>\n\n\n\n<p><strong>Material de primera calidad: <\/strong>Fabricado con material cer\u00e1mico de alta calidad, es resistente al calor y f\u00e1cil de limpiar, con una excelente durabilidad y practicidad. Puede satisfacer las necesidades de las comidas diarias y mantener los alimentos despu\u00e9s de cocinar en la cocina.<\/p>\n\n\n\n<p><strong>Dise\u00f1o pr\u00e1ctico de formas<\/strong>: Su forma cuadrada y sus dos asas verdes facilitan la sujeci\u00f3n, facilitan su uso y le confieren un efecto visual \u00fanico.<\/p>\n\n\n\n<p><strong>Aplicaciones m\u00faltiples<\/strong>: Adecuado para sujetar frutas, aperitivos, etc., y tambi\u00e9n puede utilizarse como plato decorativo para realzar el estilo de los comedores o los ambientes dom\u00e9sticos.<\/p>\n\n\n\n<p><strong>Entrega r\u00e1pida: <\/strong>Stock a granel disponible, respuesta r\u00e1pida a los pedidos y env\u00edo r\u00e1pido. Reduzca considerablemente el tiempo de espera y aproveche r\u00e1pidamente las oportunidades del mercado.<\/p>\n<\/div>\n\n\n\n<div class=\"wp-block-column is-layout-flow wp-block-column-is-layout-flow\">\n<h2 class=\"wp-block-heading\">Placas de cer\u00e1mica personalizadas<\/h2>\n\n\n\n<p>Lianyuan ofrece varias opciones de vajilla personalizada seg\u00fan las necesidades de la marca o las tendencias de la moda, por lo que resulta ideal para uso personal y comercial.<\/p>\n\n\n\n<p><strong>Dise\u00f1o:&nbsp;<\/strong>Formas y motivos variados.<\/p>\n\n\n\n<p><strong>Composici\u00f3n del conjunto:<\/strong>&nbsp;Juegos de tazas de cer\u00e1mica personalizados con combinaciones de tazas, cuencos y cucharas.<\/p>\n\n\n\n<p><strong>Tama\u00f1o:&nbsp;<\/strong>Elija entre varios tama\u00f1os para adaptarse a las diferentes raciones de comida.<\/p>\n\n\n\n<p><strong>Material:<\/strong>&nbsp;Cer\u00e1mica, porcelana, porcelana china o pregunte por alternativas.<\/p>\n\n\n\n<p><strong>Artesan\u00eda:&nbsp;<\/strong>Calcoman\u00edas de esmalte, cambio de horno, pintadas a mano, motivos en relieve u otros.<\/p>\n\n\n\n<p><strong>Embalaje:&nbsp;<\/strong>Bulk Pack, caja de color, caja de regalo, caja expositora, caja postal, etc.<\/p>\n<\/div>\n<\/div>\n\n\n\n<div class=\"wp-block-columns is-layout-flex wp-container-core-columns-is-layout-9d6595d7 wp-block-columns-is-layout-flex\">\n<div class=\"wp-block-column is-layout-flow wp-block-column-is-layout-flow\">\n<figure class=\"wp-block-image size-full\"><img decoding=\"async\" width=\"800\" height=\"800\" src=\"https:\/\/www.lianyuanceramic.com\/wp-content\/uploads\/2025\/11\/custom-ceramic-dinner-plates.webp\" alt=\"platos de cer\u00e1mica personalizados\" class=\"wp-image-2438\" srcset=\"https:\/\/www.lianyuanceramic.com\/wp-content\/uploads\/2025\/11\/custom-ceramic-dinner-plates.webp 800w, https:\/\/www.lianyuanceramic.com\/wp-content\/uploads\/2025\/11\/custom-ceramic-dinner-plates-300x300.webp 300w, https:\/\/www.lianyuanceramic.com\/wp-content\/uploads\/2025\/11\/custom-ceramic-dinner-plates-150x150.webp 150w, https:\/\/www.lianyuanceramic.com\/wp-content\/uploads\/2025\/11\/custom-ceramic-dinner-plates-768x768.webp 768w, https:\/\/www.lianyuanceramic.com\/wp-content\/uploads\/2025\/11\/custom-ceramic-dinner-plates-12x12.webp 12w, https:\/\/www.lianyuanceramic.com\/wp-content\/uploads\/2025\/11\/custom-ceramic-dinner-plates-600x600.webp 600w, https:\/\/www.lianyuanceramic.com\/wp-content\/uploads\/2025\/11\/custom-ceramic-dinner-plates-100x100.webp 100w\" sizes=\"(max-width: 800px) 100vw, 800px\" \/><\/figure>\n<\/div>\n\n\n\n<div class=\"wp-block-column is-layout-flow wp-block-column-is-layout-flow\">\n<figure class=\"wp-block-image size-full\"><img decoding=\"async\" width=\"800\" height=\"800\" src=\"https:\/\/www.lianyuanceramic.com\/wp-content\/uploads\/2025\/11\/wholesale-ceramic-hand-painted-plates.webp\" alt=\"venta al por mayor platos de ceramica pintados a mano\" class=\"wp-image-2437\" srcset=\"https:\/\/www.lianyuanceramic.com\/wp-content\/uploads\/2025\/11\/wholesale-ceramic-hand-painted-plates.webp 800w, https:\/\/www.lianyuanceramic.com\/wp-content\/uploads\/2025\/11\/wholesale-ceramic-hand-painted-plates-300x300.webp 300w, https:\/\/www.lianyuanceramic.com\/wp-content\/uploads\/2025\/11\/wholesale-ceramic-hand-painted-plates-150x150.webp 150w, https:\/\/www.lianyuanceramic.com\/wp-content\/uploads\/2025\/11\/wholesale-ceramic-hand-painted-plates-768x768.webp 768w, https:\/\/www.lianyuanceramic.com\/wp-content\/uploads\/2025\/11\/wholesale-ceramic-hand-painted-plates-12x12.webp 12w, https:\/\/www.lianyuanceramic.com\/wp-content\/uploads\/2025\/11\/wholesale-ceramic-hand-painted-plates-600x600.webp 600w, https:\/\/www.lianyuanceramic.com\/wp-content\/uploads\/2025\/11\/wholesale-ceramic-hand-painted-plates-100x100.webp 100w\" sizes=\"(max-width: 800px) 100vw, 800px\" \/><\/figure>\n<\/div>\n<\/div>\n\n\n\n<p><\/p>","protected":false},"excerpt":{"rendered":"<p><span class=\"a-list-item\">Los platos de cer\u00e1mica a granel Lianyuan cuentan con una calcoman\u00eda floral pintada a mano. Aptos para microondas, lavavajillas, congelador y horno, son aptos para el uso diario y conservan su belleza, lo que facilita la preparaci\u00f3n de comidas, el servicio y la limpieza, tanto en comidas informales como en ocasiones especiales. Suministro de pedidos a granel. P\u00f3ngase en contacto con nosotros para obtener m\u00e1s informaci\u00f3n sobre el producto.<\/span><\/p>\n<h2>Par\u00e1metros de la placa cer\u00e1mica<\/h2>\n<table style=\"border-collapse: collapse; width: 370.82pt;\" border=\"0\" width=\"618\" cellspacing=\"0\" cellpadding=\"0\">\n<tbody>\n<tr style=\"height: 15.60pt;\">\n<td class=\"et3\" style=\"height: 15.60pt; width: 108.00pt;\" width=\"180\" height=\"26\">Fabricante<\/td>\n<td class=\"et3\" style=\"width: 263.25pt;\" width=\"438\">Lianyuan<\/td>\n<\/tr>\n<tr style=\"height: 15.60pt;\">\n<td class=\"et3\" style=\"height: 15.60pt;\" height=\"26\">Tipo de producto<\/td>\n<td class=\"et3\">Vajilla, Bater\u00eda de reposter\u00eda<\/td>\n<\/tr>\n<tr style=\"height: 15.60pt;\">\n<td class=\"et3\" style=\"height: 15.60pt;\" height=\"26\">Patr\u00f3n<\/td>\n<td class=\"et3\">Floral<\/td>\n<\/tr>\n<tr style=\"height: 15.60pt;\">\n<td class=\"et3\" style=\"height: 15.60pt;\" height=\"26\">Color<\/td>\n<td class=\"et3\">Rojo, Verde<\/td>\n<\/tr>\n<tr style=\"height: 15.60pt;\">\n<td class=\"et3\" style=\"height: 15.60pt;\" height=\"26\">Material<\/td>\n<td class=\"et3\">Porcelana resistente<\/td>\n<\/tr>\n<tr style=\"height: 15.60pt;\">\n<td class=\"et3\" style=\"height: 15.60pt;\" height=\"26\">Artesan\u00eda<\/td>\n<td class=\"et3\">Calcoman\u00eda esmaltada y pintada a mano<\/td>\n<\/tr>\n<tr style=\"height: 15.60pt;\">\n<td class=\"et3\" style=\"height: 15.60pt;\" height=\"26\">Aplicaci\u00f3n<\/td>\n<td class=\"et3\">Apto para microondas, lavavajillas y horno<\/td>\n<\/tr>\n<tr style=\"height: 15.60pt;\">\n<td class=\"et3\" style=\"height: 15.60pt;\" height=\"26\">A medida<\/td>\n<td class=\"et3\">Color\/Tama\u00f1o\/Logotipo\/Embalaje<\/td>\n<\/tr>\n<\/tbody>\n<\/table>","protected":false},"featured_media":2432,"comment_status":"open","ping_status":"closed","template":"","meta":{"_acf_changed":false},"product_brand":[],"product_cat":[34],"product_tag":[30,29,27],"class_list":{"0":"post-2431","1":"product","2":"type-product","3":"status-publish","4":"has-post-thumbnail","6":"product_cat-bulk-ceramic-tableware-in-stock","7":"product_tag-custom-porcelain-dinnerware","8":"product_tag-hand-painted-embossed-dinnerware-wholesale","9":"product_tag-wholesale-decal-ceramics","11":"first","12":"instock","13":"shipping-taxable","14":"product-type-simple"},"acf":[],"_links":{"self":[{"href":"https:\/\/www.lianyuanceramic.com\/es\/wp-json\/wp\/v2\/product\/2431","targetHints":{"allow":["GET"]}}],"collection":[{"href":"https:\/\/www.lianyuanceramic.com\/es\/wp-json\/wp\/v2\/product"}],"about":[{"href":"https:\/\/www.lianyuanceramic.com\/es\/wp-json\/wp\/v2\/types\/product"}],"replies":[{"embeddable":true,"href":"https:\/\/www.lianyuanceramic.com\/es\/wp-json\/wp\/v2\/comments?post=2431"}],"wp:featuredmedia":[{"embeddable":true,"href":"https:\/\/www.lianyuanceramic.com\/es\/wp-json\/wp\/v2\/media\/2432"}],"wp:attachment":[{"href":"https:\/\/www.lianyuanceramic.com\/es\/wp-json\/wp\/v2\/media?parent=2431"}],"wp:term":[{"taxonomy":"product_brand","embeddable":true,"href":"https:\/\/www.lianyuanceramic.com\/es\/wp-json\/wp\/v2\/product_brand?post=2431"},{"taxonomy":"product_cat","embeddable":true,"href":"https:\/\/www.lianyuanceramic.com\/es\/wp-json\/wp\/v2\/product_cat?post=2431"},{"taxonomy":"product_tag","embeddable":true,"href":"https:\/\/www.lianyuanceramic.com\/es\/wp-json\/wp\/v2\/product_tag?post=2431"}],"curies":[{"name":"wp","href":"https:\/\/api.w.org\/{rel}","templated":true}]}}