{"id":2421,"date":"2025-12-02T02:14:48","date_gmt":"2025-12-02T02:14:48","guid":{"rendered":"https:\/\/www.lianyuanceramic.com\/?post_type=product&#038;p=2421"},"modified":"2025-12-02T02:14:48","modified_gmt":"2025-12-02T02:14:48","slug":"custom-ceramic-plates","status":"publish","type":"product","link":"https:\/\/www.lianyuanceramic.com\/es\/product\/custom-ceramic-plates\/","title":{"rendered":"Platos de cer\u00e1mica personalizados en relieve Platos de Cena, Decal Cake Ensalada Plato Set a granel"},"content":{"rendered":"<div class=\"wp-block-columns is-layout-flex wp-container-core-columns-is-layout-9d6595d7 wp-block-columns-is-layout-flex\">\n<div class=\"wp-block-column is-layout-flow wp-block-column-is-layout-flow\">\n<h2 class=\"wp-block-heading\">Placas de cer\u00e1mica Caracter\u00edsticas:<\/h2>\n\n\n\n<p><strong>Motivos florales \u00fanicos<\/strong>: Adopta un dise\u00f1o floral y vegetal fresco, principalmente en colores suaves como el verde y el amarillo, lleno de encanto pastoral natural. Tiene fuerte decorativo y puede a\u00f1adir vitalidad y belleza a la mesa de comedor....<\/p>\n\n\n\n<p><strong>Cer\u00e1mica de alta calidad<\/strong>: Fabricada en cer\u00e1mica de primera calidad, esta placa es duradera y elegante, y ofrece un uso duradero y un f\u00e1cil mantenimiento.<\/p>\n\n\n\n<p><strong>Formas diversas:<\/strong> Incluye varios tipos, como platos hondos ovalados, cuencos grandes y cuencos peque\u00f1os altos. Satisface las necesidades de contener diferentes alimentos como ensaladas, alimentos b\u00e1sicos y sopas, adapt\u00e1ndose a diversos escenarios gastron\u00f3micos.<\/p>\n\n\n\n<p><strong>Practicidad<\/strong>: El dise\u00f1o general equilibra belleza y practicidad. La vajilla tiene una capacidad moderada y una forma regular, lo que facilita su apilamiento y almacenamiento. Puede integrarse bien en las comidas familiares diarias, las reuniones con parientes y amigos y otros escenarios.<\/p>\n<\/div>\n\n\n\n<div class=\"wp-block-column is-layout-flow wp-block-column-is-layout-flow\">\n<h2 class=\"wp-block-heading\">Placas de cer\u00e1mica personalizadas:<\/h2>\n\n\n\n<p>Lianyuan fabricante de utensilios de cocina de cer\u00e1mica puede proporcionar servicios completos de personalizaci\u00f3n para realizar sus ideas.<\/p>\n\n\n\n<p><strong>Tama\u00f1o y forma<\/strong>: Incluye tama\u00f1os redondos, ovalados, rectangulares y personalizados.<\/p>\n\n\n\n<p><strong>Material y grosor<\/strong>: Cer\u00e1mica duradera, arcilla resistente al calor, porcelana, gres, hechos a medida en diferentes espesores y resistencia al calor.<\/p>\n\n\n\n<p><strong>Acabados<\/strong>: Las opciones incluyen acabados mate, brillante o texturizado.<\/p>\n\n\n\n<p><strong>Decoraci\u00f3n\/Patr\u00f3n<\/strong>: Gr\u00e1ficos, dise\u00f1os o logotipos personalizados, incluidas calcoman\u00edas, pintados a mano y en relieve.<\/p>\n\n\n\n<p><strong>Paquete<\/strong>: Embalaje personalizado para pedidos a granel, lotes de regalo o distribuci\u00f3n al por menor con etiquetado o marca personalizados.<\/p>\n<\/div>\n<\/div>\n\n\n\n<div class=\"wp-block-columns is-layout-flex wp-container-core-columns-is-layout-9d6595d7 wp-block-columns-is-layout-flex\">\n<div class=\"wp-block-column is-layout-flow wp-block-column-is-layout-flow\">\n<figure class=\"wp-block-image size-full\"><img decoding=\"async\" width=\"800\" height=\"800\" src=\"https:\/\/www.lianyuanceramic.com\/wp-content\/uploads\/2025\/11\/custom-hand-painted-ceramic-dinneware.jpg\" alt=\"vajilla de cer\u00e1mica pintada a mano\" class=\"wp-image-2430\" srcset=\"https:\/\/www.lianyuanceramic.com\/wp-content\/uploads\/2025\/11\/custom-hand-painted-ceramic-dinneware.jpg 800w, https:\/\/www.lianyuanceramic.com\/wp-content\/uploads\/2025\/11\/custom-hand-painted-ceramic-dinneware-300x300.jpg 300w, https:\/\/www.lianyuanceramic.com\/wp-content\/uploads\/2025\/11\/custom-hand-painted-ceramic-dinneware-150x150.jpg 150w, https:\/\/www.lianyuanceramic.com\/wp-content\/uploads\/2025\/11\/custom-hand-painted-ceramic-dinneware-768x768.jpg 768w, https:\/\/www.lianyuanceramic.com\/wp-content\/uploads\/2025\/11\/custom-hand-painted-ceramic-dinneware-12x12.jpg 12w, https:\/\/www.lianyuanceramic.com\/wp-content\/uploads\/2025\/11\/custom-hand-painted-ceramic-dinneware-600x600.jpg 600w, https:\/\/www.lianyuanceramic.com\/wp-content\/uploads\/2025\/11\/custom-hand-painted-ceramic-dinneware-100x100.jpg 100w\" sizes=\"(max-width: 800px) 100vw, 800px\" \/><\/figure>\n<\/div>\n\n\n\n<div class=\"wp-block-column is-layout-flow wp-block-column-is-layout-flow\">\n<figure class=\"wp-block-image size-full\"><img decoding=\"async\" width=\"800\" height=\"800\" src=\"https:\/\/www.lianyuanceramic.com\/wp-content\/uploads\/2025\/11\/wholesale-handmade-ceramic-fruit-plate.jpg\" alt=\"mayorista plato de fruta de ceramica hecho a mano\" class=\"wp-image-2426\" srcset=\"https:\/\/www.lianyuanceramic.com\/wp-content\/uploads\/2025\/11\/wholesale-handmade-ceramic-fruit-plate.jpg 800w, https:\/\/www.lianyuanceramic.com\/wp-content\/uploads\/2025\/11\/wholesale-handmade-ceramic-fruit-plate-300x300.jpg 300w, https:\/\/www.lianyuanceramic.com\/wp-content\/uploads\/2025\/11\/wholesale-handmade-ceramic-fruit-plate-150x150.jpg 150w, https:\/\/www.lianyuanceramic.com\/wp-content\/uploads\/2025\/11\/wholesale-handmade-ceramic-fruit-plate-768x768.jpg 768w, https:\/\/www.lianyuanceramic.com\/wp-content\/uploads\/2025\/11\/wholesale-handmade-ceramic-fruit-plate-12x12.jpg 12w, https:\/\/www.lianyuanceramic.com\/wp-content\/uploads\/2025\/11\/wholesale-handmade-ceramic-fruit-plate-600x600.jpg 600w, https:\/\/www.lianyuanceramic.com\/wp-content\/uploads\/2025\/11\/wholesale-handmade-ceramic-fruit-plate-100x100.jpg 100w\" sizes=\"(max-width: 800px) 100vw, 800px\" \/><\/figure>\n<\/div>\n<\/div>","protected":false},"excerpt":{"rendered":"<p><span class=\"a-list-item\">Platos de cer\u00e1mica personalizados, calcoman\u00eda pintada a mano, material de alta calidad. Disponibles en varias formas, incluidos platos hondos y cuencos grandes, con capacidad moderada, perfectos para ensaladas, platos principales y sopas. Tambi\u00e9n ofrecemos servicios de personalizaci\u00f3n a granel; \u00a1p\u00f3ngase en contacto con nosotros para obtener soluciones!<\/span><\/p>\n<h2>Par\u00e1metros de las placas cer\u00e1micas<\/h2>\n<table style=\"border-collapse: collapse; width: 370.82pt;\" border=\"0\" width=\"618\" cellspacing=\"0\" cellpadding=\"0\">\n<tbody>\n<tr style=\"height: 15.60pt;\">\n<td class=\"et3\" style=\"height: 15.60pt; width: 108.00pt;\" width=\"180\" height=\"26\">Fabricante<\/td>\n<td class=\"et3\" style=\"width: 263.25pt;\" width=\"438\">Lianyuan<\/td>\n<\/tr>\n<tr style=\"height: 15.60pt;\">\n<td class=\"et3\" style=\"height: 15.60pt;\" height=\"26\">Tipo de producto<\/td>\n<td class=\"et3\">Vajilla, Bater\u00eda de reposter\u00eda<\/td>\n<\/tr>\n<tr style=\"height: 15.60pt;\">\n<td class=\"et3\" style=\"height: 15.60pt;\" height=\"26\">Patr\u00f3n<\/td>\n<td class=\"et3\">Floral<\/td>\n<\/tr>\n<tr style=\"height: 15.60pt;\">\n<td class=\"et3\" style=\"height: 15.60pt;\" height=\"26\">Color<\/td>\n<td class=\"et3\">Rojo,Verde<\/td>\n<\/tr>\n<tr style=\"height: 15.60pt;\">\n<td class=\"et3\" style=\"height: 15.60pt;\" height=\"26\">Material<\/td>\n<td class=\"et3\">Porcelana resistente<\/td>\n<\/tr>\n<tr style=\"height: 15.60pt;\">\n<td class=\"et3\" style=\"height: 15.60pt;\" height=\"26\">Artesan\u00eda<\/td>\n<td class=\"et3\">Calcoman\u00eda esmaltada y pintura a mano<\/td>\n<\/tr>\n<tr style=\"height: 15.60pt;\">\n<td class=\"et3\" style=\"height: 15.60pt;\" height=\"26\">Aplicaci\u00f3n<\/td>\n<td class=\"et3\">Apto para microondas, lavavajillas y horno<\/td>\n<\/tr>\n<tr style=\"height: 15.60pt;\">\n<td class=\"et3\" style=\"height: 15.60pt;\" height=\"26\">A medida<\/td>\n<td class=\"et3\">Color\/Tama\u00f1o\/Logotipo\/Embalaje<\/td>\n<\/tr>\n<\/tbody>\n<\/table>","protected":false},"featured_media":2422,"comment_status":"open","ping_status":"closed","template":"","meta":{"_acf_changed":true},"product_brand":[],"product_cat":[34],"product_tag":[30,29,27],"class_list":{"0":"post-2421","1":"product","2":"type-product","3":"status-publish","4":"has-post-thumbnail","6":"product_cat-bulk-ceramic-tableware-in-stock","7":"product_tag-custom-porcelain-dinnerware","8":"product_tag-hand-painted-embossed-dinnerware-wholesale","9":"product_tag-wholesale-decal-ceramics","11":"first","12":"instock","13":"shipping-taxable","14":"product-type-simple"},"acf":[],"_links":{"self":[{"href":"https:\/\/www.lianyuanceramic.com\/es\/wp-json\/wp\/v2\/product\/2421","targetHints":{"allow":["GET"]}}],"collection":[{"href":"https:\/\/www.lianyuanceramic.com\/es\/wp-json\/wp\/v2\/product"}],"about":[{"href":"https:\/\/www.lianyuanceramic.com\/es\/wp-json\/wp\/v2\/types\/product"}],"replies":[{"embeddable":true,"href":"https:\/\/www.lianyuanceramic.com\/es\/wp-json\/wp\/v2\/comments?post=2421"}],"wp:featuredmedia":[{"embeddable":true,"href":"https:\/\/www.lianyuanceramic.com\/es\/wp-json\/wp\/v2\/media\/2422"}],"wp:attachment":[{"href":"https:\/\/www.lianyuanceramic.com\/es\/wp-json\/wp\/v2\/media?parent=2421"}],"wp:term":[{"taxonomy":"product_brand","embeddable":true,"href":"https:\/\/www.lianyuanceramic.com\/es\/wp-json\/wp\/v2\/product_brand?post=2421"},{"taxonomy":"product_cat","embeddable":true,"href":"https:\/\/www.lianyuanceramic.com\/es\/wp-json\/wp\/v2\/product_cat?post=2421"},{"taxonomy":"product_tag","embeddable":true,"href":"https:\/\/www.lianyuanceramic.com\/es\/wp-json\/wp\/v2\/product_tag?post=2421"}],"curies":[{"name":"wp","href":"https:\/\/api.w.org\/{rel}","templated":true}]}}