{"id":2374,"date":"2025-11-15T01:10:06","date_gmt":"2025-11-15T01:10:06","guid":{"rendered":"https:\/\/www.lianyuanceramic.com\/?post_type=product&#038;p=2374"},"modified":"2025-11-15T01:10:06","modified_gmt":"2025-11-15T01:10:06","slug":"tea-sets-in-bulk","status":"publish","type":"product","link":"https:\/\/www.lianyuanceramic.com\/es\/product\/tea-sets-in-bulk\/","title":{"rendered":"Juegos de T\u00e9 Florales al por mayor, Juego de Tazas y Platillo de Caf\u00e9 con Calcoman\u00eda Roja al por mayor"},"content":{"rendered":"<div class=\"wp-block-image\">\n<figure class=\"aligncenter size-full\"><img decoding=\"async\" width=\"750\" height=\"750\" src=\"https:\/\/www.lianyuanceramic.com\/wp-content\/uploads\/2025\/11\/wholesale-hand-printed-ceramic-cup-and-saucer.webp\" alt=\"mayorista taza y platillo de ceramica impresos a mano\" class=\"wp-image-2381\" srcset=\"https:\/\/www.lianyuanceramic.com\/wp-content\/uploads\/2025\/11\/wholesale-hand-printed-ceramic-cup-and-saucer.webp 750w, https:\/\/www.lianyuanceramic.com\/wp-content\/uploads\/2025\/11\/wholesale-hand-printed-ceramic-cup-and-saucer-300x300.webp 300w, https:\/\/www.lianyuanceramic.com\/wp-content\/uploads\/2025\/11\/wholesale-hand-printed-ceramic-cup-and-saucer-150x150.webp 150w, https:\/\/www.lianyuanceramic.com\/wp-content\/uploads\/2025\/11\/wholesale-hand-printed-ceramic-cup-and-saucer-12x12.webp 12w, https:\/\/www.lianyuanceramic.com\/wp-content\/uploads\/2025\/11\/wholesale-hand-printed-ceramic-cup-and-saucer-600x600.webp 600w, https:\/\/www.lianyuanceramic.com\/wp-content\/uploads\/2025\/11\/wholesale-hand-printed-ceramic-cup-and-saucer-100x100.webp 100w\" sizes=\"(max-width: 750px) 100vw, 750px\" \/><\/figure>\n<\/div>\n\n\n<div class=\"wp-block-columns is-layout-flex wp-container-core-columns-is-layout-9d6595d7 wp-block-columns-is-layout-flex\">\n<div class=\"wp-block-column is-layout-flow wp-block-column-is-layout-flow\">\n<h2 class=\"wp-block-heading\">Caracter\u00edsticas de los juegos de t\u00e9 a granel:<\/h2>\n\n\n\n<p><strong>Dise\u00f1o \u00fanico y elegante:<\/strong> El cuerpo de la taza est\u00e1 pintado con ricos motivos florales, y los colores son brillantes y en capas, presentando un fuerte sentido del arte y estilo retro, a\u00f1adiendo un toque de elegancia a cualquier reuni\u00f3n.<\/p>\n\n\n\n<p><strong>C\u00f3modo y pr\u00e1ctico:<\/strong> La taza tiene un dise\u00f1o con pie. El pie rojo de la taza no s\u00f3lo desempe\u00f1a una funci\u00f3n de apoyo, sino que tambi\u00e9n forma un eco crom\u00e1tico con el asa roja de la taza y el borde de la boca de la taza. La forma general es exquisita y tridimensional.<\/p>\n\n\n\n<p><strong>Saludable y seguro:<\/strong> Con tecnolog\u00eda de calcoman\u00eda en esmalte, la superficie es brillante y no contiene plomo, lo que garantiza su seguridad para el uso diario.<\/p>\n\n\n\n<p><strong>Vers\u00e1til: <\/strong>El juego de tazas de t\u00e9 es adecuado para uso dom\u00e9stico, fiestas de t\u00e9 por la tarde o como pieza decorativa en su mesa de comedor. Tambi\u00e9n es un buen regalo para los amantes del t\u00e9, para la inauguraci\u00f3n de una casa o para ocasiones especiales como cumplea\u00f1os y fiestas.<\/p>\n\n\n\n<p><strong>Apoyo a la personalizaci\u00f3n<\/strong>: Lianyuan ofrece soluciones personalizadas como el patr\u00f3n, el color y el embalaje de acuerdo con los requisitos de los clientes para apoyar la diferenciaci\u00f3n de la marca.<\/p>\n<\/div>\n\n\n\n<div class=\"wp-block-column is-layout-flow wp-block-column-is-layout-flow\">\n<h2 class=\"wp-block-heading\">Juegos de t\u00e9 personalizados a granel Soluci\u00f3n :<\/h2>\n\n\n\n<p>Lianyuan ofrece varias opciones de vajilla personalizada seg\u00fan las necesidades de la marca o las tendencias de la moda, por lo que resulta ideal para uso personal y comercial.<\/p>\n\n\n\n<p><strong>Dise\u00f1o:&nbsp;<\/strong>Formas y motivos variados.<\/p>\n\n\n\n<p><strong>Composici\u00f3n del conjunto:<\/strong>&nbsp;Juegos de tazas de cer\u00e1mica personalizados con combinaciones de tazas, cuencos y cucharas.<\/p>\n\n\n\n<p><strong>Tama\u00f1o:&nbsp;<\/strong>Elija entre varios tama\u00f1os para adaptarse a las diferentes raciones de comida.<\/p>\n\n\n\n<p><strong>Material:<\/strong>&nbsp;Cer\u00e1mica, porcelana, porcelana china o pregunte por alternativas.<\/p>\n\n\n\n<p><strong>Artesan\u00eda:&nbsp;<\/strong>Calcoman\u00edas de esmalte, cambio de horno, pintadas a mano, motivos en relieve u otros.<\/p>\n\n\n\n<p><strong>Embalaje:&nbsp;<\/strong>Bulk Pack, caja de color, caja de regalo, caja expositora, caja postal, etc.<\/p>\n<\/div>\n<\/div>","protected":false},"excerpt":{"rendered":"<div class=\"D5aOJc vJwDU\">\n<div data-zone-id=\"0\" data-line-index=\"0\" data-line=\"true\">\n<p>Lianyuan floral juegos de t\u00e9 a granel, el uso artesanal de cer\u00e1mica de caf\u00e9 tazas de t\u00e9 con platillos. Tambi\u00e9n hace un regalo pensativo para los amantes del t\u00e9, housewarmings, o las ocasiones especiales como cumplea\u00f1os y d\u00edas de fiesta. \u00a1P\u00f3ngase en contacto con nosotros para MOQs y opciones de personalizaci\u00f3n!<\/p>\n<\/div>\n<\/div>\n<h2>Par\u00e1metros de juegos de t\u00e9 a granel:<\/h2>\n<table style=\"border-collapse: collapse; width: 370.82pt;\" border=\"0\" width=\"618\" cellspacing=\"0\" cellpadding=\"0\">\n<tbody>\n<tr style=\"height: 15.60pt;\">\n<td class=\"et3\" style=\"height: 15.60pt; width: 108.00pt;\" width=\"180\" height=\"26\">Fabricante<\/td>\n<td class=\"et3\" style=\"width: 263.25pt;\" width=\"438\">Lianyuan<\/td>\n<\/tr>\n<tr style=\"height: 15.60pt;\">\n<td class=\"et3\" style=\"height: 15.60pt;\" height=\"26\">Tipo de producto<\/td>\n<td class=\"et3\">Juegos de t\u00e9<\/td>\n<\/tr>\n<tr style=\"height: 15.60pt;\">\n<td class=\"et3\" style=\"height: 15.60pt;\" height=\"26\">Patr\u00f3n<\/td>\n<td class=\"et3\">Exquisito estampado de hojas<\/td>\n<\/tr>\n<tr style=\"height: 15.60pt;\">\n<td class=\"et3\" style=\"height: 15.60pt;\" height=\"26\">Color<\/td>\n<td class=\"et3\">Colorido<\/td>\n<\/tr>\n<tr style=\"height: 15.60pt;\">\n<td class=\"et3\" style=\"height: 15.60pt;\" height=\"26\">Material<\/td>\n<td class=\"et3\">Porcelana resistente<\/td>\n<\/tr>\n<tr style=\"height: 15.60pt;\">\n<td class=\"et3\" style=\"height: 15.60pt;\" height=\"26\">Artesan\u00eda<\/td>\n<td class=\"et3\">Calcoman\u00eda In-Glaze<\/td>\n<\/tr>\n<tr style=\"height: 15.60pt;\">\n<td class=\"et3\" style=\"height: 15.60pt;\" height=\"26\">Aplicaci\u00f3n<\/td>\n<td class=\"et3\">Apto para microondas, lavavajillas y horno<\/td>\n<\/tr>\n<tr style=\"height: 15.60pt;\">\n<td class=\"et3\" style=\"height: 15.60pt;\" height=\"26\">A medida<\/td>\n<td class=\"et3\">Color\/Tama\u00f1o\/Logotipo\/Embalaje<\/td>\n<\/tr>\n<\/tbody>\n<\/table>","protected":false},"featured_media":2375,"comment_status":"open","ping_status":"closed","template":"","meta":{"_acf_changed":false},"product_brand":[],"product_cat":[34],"product_tag":[31,30,27],"class_list":{"0":"post-2374","1":"product","2":"type-product","3":"status-publish","4":"has-post-thumbnail","6":"product_cat-bulk-ceramic-tableware-in-stock","7":"product_tag-bone-china-dinnerware-wholesale","8":"product_tag-custom-porcelain-dinnerware","9":"product_tag-wholesale-decal-ceramics","11":"first","12":"instock","13":"shipping-taxable","14":"product-type-simple"},"acf":[],"_links":{"self":[{"href":"https:\/\/www.lianyuanceramic.com\/es\/wp-json\/wp\/v2\/product\/2374","targetHints":{"allow":["GET"]}}],"collection":[{"href":"https:\/\/www.lianyuanceramic.com\/es\/wp-json\/wp\/v2\/product"}],"about":[{"href":"https:\/\/www.lianyuanceramic.com\/es\/wp-json\/wp\/v2\/types\/product"}],"replies":[{"embeddable":true,"href":"https:\/\/www.lianyuanceramic.com\/es\/wp-json\/wp\/v2\/comments?post=2374"}],"wp:featuredmedia":[{"embeddable":true,"href":"https:\/\/www.lianyuanceramic.com\/es\/wp-json\/wp\/v2\/media\/2375"}],"wp:attachment":[{"href":"https:\/\/www.lianyuanceramic.com\/es\/wp-json\/wp\/v2\/media?parent=2374"}],"wp:term":[{"taxonomy":"product_brand","embeddable":true,"href":"https:\/\/www.lianyuanceramic.com\/es\/wp-json\/wp\/v2\/product_brand?post=2374"},{"taxonomy":"product_cat","embeddable":true,"href":"https:\/\/www.lianyuanceramic.com\/es\/wp-json\/wp\/v2\/product_cat?post=2374"},{"taxonomy":"product_tag","embeddable":true,"href":"https:\/\/www.lianyuanceramic.com\/es\/wp-json\/wp\/v2\/product_tag?post=2374"}],"curies":[{"name":"wp","href":"https:\/\/api.w.org\/{rel}","templated":true}]}}