{"id":2363,"date":"2025-11-15T01:10:29","date_gmt":"2025-11-15T01:10:29","guid":{"rendered":"https:\/\/www.lianyuanceramic.com\/?post_type=product&#038;p=2363"},"modified":"2025-11-15T01:10:30","modified_gmt":"2025-11-15T01:10:30","slug":"wholesale-ceramic-soup-bowl-set","status":"publish","type":"product","link":"https:\/\/www.lianyuanceramic.com\/es\/product\/wholesale-ceramic-soup-bowl-set\/","title":{"rendered":"Mayorista Taz\u00f3n de Sopa de Cer\u00e1mica,Taz\u00f3n de Ramen Pintado a Mano para Catering Personalizado"},"content":{"rendered":"<div class=\"wp-block-columns is-layout-flex wp-container-core-columns-is-layout-9d6595d7 wp-block-columns-is-layout-flex\">\n<div class=\"wp-block-column is-layout-flow wp-block-column-is-layout-flow\">\n<h2 class=\"wp-block-heading\">Set de taz\u00f3n de sopa de cer\u00e1mica Caracter\u00edsticas:<\/h2>\n\n\n\n<p><strong>Art\u00edstico<\/strong> <strong>Dise\u00f1o de patrones:<\/strong> Adopta un nuevo estilo chino, que integra la est\u00e9tica retro y la moderna. Los motivos florales son exquisitos y delicados, y la combinaci\u00f3n de colores es rica y armoniosa, llena de sentido art\u00edstico.<\/p>\n\n\n\n<p><strong>Forma y estructura<\/strong>: Tiene forma de sombrero de bamb\u00fa, con una boca grande y un fondo peque\u00f1o. El fondo est\u00e1 dise\u00f1ado para ser estable, lo que es conveniente para su colocaci\u00f3n. El cuenco tiene una gran capacidad y puede satisfacer las necesidades de contener sopas, fideos y otros alimentos.<\/p>\n\n\n\n<p><strong>Decoraci\u00f3n floral en esmalte:<\/strong> Fabricado en cer\u00e1mica, utiliza tecnolog\u00eda de color bajo vidriado. Los dibujos son duraderos y no se decoloran f\u00e1cilmente. Adem\u00e1s, es sana y respetuosa con el medio ambiente, y puede entrar en contacto directo con los alimentos.<\/p>\n\n\n\n<p><strong>Funciones pr\u00e1cticas<\/strong>: Es adecuado para comidas diarias, reuniones familiares y otras escenas. Se puede utilizar en microondas y lavavajillas (consulte la descripci\u00f3n del producto para obtener m\u00e1s detalles), y tiene una fuerte practicidad.<\/p>\n\n\n\n<p><strong>Est\u00e9tico y funcional<\/strong>: El cuenco est\u00e1 decorado con motivos florales y l\u00edneas en el borde. No es s\u00f3lo vajilla, pero tambi\u00e9n se puede utilizar como un adorno de decoraci\u00f3n del hogar para mejorar el estilo del entorno de comedor.<\/p>\n<\/div>\n\n\n\n<div class=\"wp-block-column is-layout-flow wp-block-column-is-layout-flow\">\n<h2 class=\"wp-block-heading\">Set de sopera de cer\u00e1mica personalizada:<\/h2>\n\n\n\n<p>Lianyuan ofrece varias opciones de vajilla personalizada seg\u00fan las necesidades de la marca o las tendencias de la moda, por lo que resulta ideal para uso personal y comercial.<\/p>\n\n\n\n<p><strong>Dise\u00f1o:&nbsp;<\/strong>Formas y motivos variados.<\/p>\n\n\n\n<p><strong>Composici\u00f3n del conjunto:<\/strong>&nbsp;Juegos de tazas de cer\u00e1mica personalizados con combinaciones de tazas, cuencos y cucharas.<\/p>\n\n\n\n<p><strong>Tama\u00f1o:&nbsp;<\/strong>Elija entre varios tama\u00f1os para adaptarse a las diferentes raciones de comida.<\/p>\n\n\n\n<p><strong>Material:<\/strong>&nbsp;Cer\u00e1mica, porcelana, porcelana china o pregunte por alternativas.<\/p>\n\n\n\n<p><strong>Artesan\u00eda:&nbsp;<\/strong>Calcoman\u00edas de esmalte, cambio de horno, pintadas a mano, motivos en relieve u otros.<\/p>\n\n\n\n<p><strong>Embalaje:&nbsp;<\/strong>Bulk Pack, caja de color, caja de regalo, caja expositora, caja postal, etc.<\/p>\n<\/div>\n<\/div>\n\n\n\n<div class=\"wp-block-columns is-layout-flex wp-container-core-columns-is-layout-9d6595d7 wp-block-columns-is-layout-flex\">\n<div class=\"wp-block-column is-layout-flow wp-block-column-is-layout-flow\">\n<figure class=\"wp-block-image size-full\"><img decoding=\"async\" width=\"800\" height=\"800\" src=\"https:\/\/www.lianyuanceramic.com\/wp-content\/uploads\/2025\/11\/wholesale-modern-decal-ceramic-noodle-bowl.webp\" alt=\"venta al mayor calcomania moderna taz\u00f3n de fideos de cer\u00e1mica\" class=\"wp-image-2372\" srcset=\"https:\/\/www.lianyuanceramic.com\/wp-content\/uploads\/2025\/11\/wholesale-modern-decal-ceramic-noodle-bowl.webp 800w, https:\/\/www.lianyuanceramic.com\/wp-content\/uploads\/2025\/11\/wholesale-modern-decal-ceramic-noodle-bowl-300x300.webp 300w, https:\/\/www.lianyuanceramic.com\/wp-content\/uploads\/2025\/11\/wholesale-modern-decal-ceramic-noodle-bowl-150x150.webp 150w, https:\/\/www.lianyuanceramic.com\/wp-content\/uploads\/2025\/11\/wholesale-modern-decal-ceramic-noodle-bowl-768x768.webp 768w, https:\/\/www.lianyuanceramic.com\/wp-content\/uploads\/2025\/11\/wholesale-modern-decal-ceramic-noodle-bowl-12x12.webp 12w, https:\/\/www.lianyuanceramic.com\/wp-content\/uploads\/2025\/11\/wholesale-modern-decal-ceramic-noodle-bowl-600x600.webp 600w, https:\/\/www.lianyuanceramic.com\/wp-content\/uploads\/2025\/11\/wholesale-modern-decal-ceramic-noodle-bowl-100x100.webp 100w\" sizes=\"(max-width: 800px) 100vw, 800px\" \/><\/figure>\n<\/div>\n\n\n\n<div class=\"wp-block-column is-layout-flow wp-block-column-is-layout-flow\">\n<figure class=\"wp-block-image size-full\"><img decoding=\"async\" width=\"800\" height=\"800\" src=\"https:\/\/www.lianyuanceramic.com\/wp-content\/uploads\/2025\/11\/wholesale-in-glaze-ceramic-bowl-in-bulk.jpg\" alt=\"venta al por mayor en esmalte bol de ceramica al por mayor\" class=\"wp-image-2373\" srcset=\"https:\/\/www.lianyuanceramic.com\/wp-content\/uploads\/2025\/11\/wholesale-in-glaze-ceramic-bowl-in-bulk.jpg 800w, https:\/\/www.lianyuanceramic.com\/wp-content\/uploads\/2025\/11\/wholesale-in-glaze-ceramic-bowl-in-bulk-300x300.jpg 300w, https:\/\/www.lianyuanceramic.com\/wp-content\/uploads\/2025\/11\/wholesale-in-glaze-ceramic-bowl-in-bulk-150x150.jpg 150w, https:\/\/www.lianyuanceramic.com\/wp-content\/uploads\/2025\/11\/wholesale-in-glaze-ceramic-bowl-in-bulk-768x768.jpg 768w, https:\/\/www.lianyuanceramic.com\/wp-content\/uploads\/2025\/11\/wholesale-in-glaze-ceramic-bowl-in-bulk-12x12.jpg 12w, https:\/\/www.lianyuanceramic.com\/wp-content\/uploads\/2025\/11\/wholesale-in-glaze-ceramic-bowl-in-bulk-600x600.jpg 600w, https:\/\/www.lianyuanceramic.com\/wp-content\/uploads\/2025\/11\/wholesale-in-glaze-ceramic-bowl-in-bulk-100x100.jpg 100w\" sizes=\"(max-width: 800px) 100vw, 800px\" \/><\/figure>\n<\/div>\n<\/div>","protected":false},"excerpt":{"rendered":"<div class=\"D5aOJc vJwDU\">\n<div data-zone-id=\"0\" data-line-index=\"0\" data-line=\"true\">\n<p>Juego de sopera de cer\u00e1mica al por mayor con motivo floral pintado a mano, que combina una gran capacidad con un aspecto de alta gama. Acabado esmaltado saludable, duradero y elegante, compatible con microondas y lavavajillas. Disponible en stock, env\u00edo r\u00e1pido. P\u00f3ngase en contacto con nosotros para pedidos al por mayor.<\/p>\n<\/div>\n<\/div>\n<h2>Par\u00e1metros de los cuencos de cer\u00e1mica para cereales:<\/h2>\n<table style=\"border-collapse: collapse; width: 370.82pt;\" border=\"0\" width=\"618\" cellspacing=\"0\" cellpadding=\"0\">\n<tbody>\n<tr style=\"height: 15.60pt;\">\n<td class=\"et3\" style=\"height: 15.60pt; width: 108.00pt;\" width=\"180\" height=\"26\">Fabricante<\/td>\n<td class=\"et3\" style=\"width: 263.25pt;\" width=\"438\">Lianyuan<\/td>\n<\/tr>\n<tr style=\"height: 15.60pt;\">\n<td class=\"et3\" style=\"height: 15.60pt;\" height=\"26\">Tipo de producto<\/td>\n<td class=\"et3\">Cuencos con motivos florales<\/td>\n<\/tr>\n<tr style=\"height: 15.60pt;\">\n<td class=\"et3\" style=\"height: 15.60pt;\" height=\"26\">Patr\u00f3n<\/td>\n<td class=\"et3\">\u00a0Varios motivos florales<\/td>\n<\/tr>\n<tr style=\"height: 15.60pt;\">\n<td class=\"et3\" style=\"height: 15.60pt;\" height=\"26\">Color<\/td>\n<td class=\"et3\">Rosa, amarillo, verde, azul<\/td>\n<\/tr>\n<tr style=\"height: 15.60pt;\">\n<td class=\"et3\" style=\"height: 15.60pt;\" height=\"26\">Material<\/td>\n<td class=\"et3\">Porcelana resistente<\/td>\n<\/tr>\n<tr style=\"height: 15.60pt;\">\n<td class=\"et3\" style=\"height: 15.60pt;\" height=\"26\">Artesan\u00eda<\/td>\n<td class=\"et3\">Calcoman\u00eda en relieve y esmaltada<\/td>\n<\/tr>\n<tr style=\"height: 15.60pt;\">\n<td class=\"et3\" style=\"height: 15.60pt;\" height=\"26\">Aplicaci\u00f3n<\/td>\n<td class=\"et3\">Apto para microondas, lavavajillas y horno<\/td>\n<\/tr>\n<tr style=\"height: 15.60pt;\">\n<td class=\"et3\" style=\"height: 15.60pt;\" height=\"26\">A medida<\/td>\n<td class=\"et3\">Color\/Tama\u00f1o\/Logotipo\/Embalaje<\/td>\n<\/tr>\n<\/tbody>\n<\/table>","protected":false},"featured_media":2371,"comment_status":"open","ping_status":"closed","template":"","meta":{"_acf_changed":false},"product_brand":[],"product_cat":[34],"product_tag":[31,30,29,27],"class_list":{"0":"post-2363","1":"product","2":"type-product","3":"status-publish","4":"has-post-thumbnail","6":"product_cat-bulk-ceramic-tableware-in-stock","7":"product_tag-bone-china-dinnerware-wholesale","8":"product_tag-custom-porcelain-dinnerware","9":"product_tag-hand-painted-embossed-dinnerware-wholesale","10":"product_tag-wholesale-decal-ceramics","12":"first","13":"instock","14":"shipping-taxable","15":"product-type-simple"},"acf":[],"_links":{"self":[{"href":"https:\/\/www.lianyuanceramic.com\/es\/wp-json\/wp\/v2\/product\/2363","targetHints":{"allow":["GET"]}}],"collection":[{"href":"https:\/\/www.lianyuanceramic.com\/es\/wp-json\/wp\/v2\/product"}],"about":[{"href":"https:\/\/www.lianyuanceramic.com\/es\/wp-json\/wp\/v2\/types\/product"}],"replies":[{"embeddable":true,"href":"https:\/\/www.lianyuanceramic.com\/es\/wp-json\/wp\/v2\/comments?post=2363"}],"wp:featuredmedia":[{"embeddable":true,"href":"https:\/\/www.lianyuanceramic.com\/es\/wp-json\/wp\/v2\/media\/2371"}],"wp:attachment":[{"href":"https:\/\/www.lianyuanceramic.com\/es\/wp-json\/wp\/v2\/media?parent=2363"}],"wp:term":[{"taxonomy":"product_brand","embeddable":true,"href":"https:\/\/www.lianyuanceramic.com\/es\/wp-json\/wp\/v2\/product_brand?post=2363"},{"taxonomy":"product_cat","embeddable":true,"href":"https:\/\/www.lianyuanceramic.com\/es\/wp-json\/wp\/v2\/product_cat?post=2363"},{"taxonomy":"product_tag","embeddable":true,"href":"https:\/\/www.lianyuanceramic.com\/es\/wp-json\/wp\/v2\/product_tag?post=2363"}],"curies":[{"name":"wp","href":"https:\/\/api.w.org\/{rel}","templated":true}]}}