{"id":2334,"date":"2025-11-05T08:57:24","date_gmt":"2025-11-05T08:57:24","guid":{"rendered":"https:\/\/www.lianyuanceramic.com\/?post_type=product&#038;p=2334"},"modified":"2025-11-05T09:51:59","modified_gmt":"2025-11-05T09:51:59","slug":"wholesale-hand-painted-ceramic-coffee-mugs","status":"publish","type":"product","link":"https:\/\/www.lianyuanceramic.com\/es\/product\/wholesale-hand-painted-ceramic-coffee-mugs\/","title":{"rendered":"Mayorista Tazas de Caf\u00e9 de Cer\u00e1mica Pintadas a Mano, Calcoman\u00eda Roja Taza de Caf\u00e9 Vintage para Regalo Personalizada"},"content":{"rendered":"<div class=\"wp-block-columns is-layout-flex wp-container-core-columns-is-layout-9d6595d7 wp-block-columns-is-layout-flex\">\n<div class=\"wp-block-column is-layout-flow wp-block-column-is-layout-flow\">\n<h2 class=\"wp-block-heading\">Tazas de caf\u00e9 de cer\u00e1mica pintadas a mano Caracter\u00edsticas:<\/h2>\n\n\n\n<p><strong><strong>Elegante<\/strong> Patr\u00f3n floral<\/strong>:<strong> <\/strong>El cuerpo de la taza est\u00e1 adornado con vibrantes motivos florales, con rosas rosas, peque\u00f1as flores moradas y ramas y hojas verdes, que en conjunto presentan un marcado estilo pastoral y sentido art\u00edstico.<\/p>\n\n\n\n<p><strong>Tecnolog\u00eda In-Glaze: <\/strong>El esmalte no s\u00f3lo es suave, sino que tambi\u00e9n tiene un brillo sutil. Refleja una luz suave cuando se expone a la luz, mostrando la artesan\u00eda de cocci\u00f3n fina y encarnando el sentido de calidad del producto.<\/p>\n\n\n\n<p><strong>Dise\u00f1o de capacidad moderada:<\/strong> No s\u00f3lo satisface las necesidades diarias de beber, sino que tambi\u00e9n evita ser engorroso gracias a su tama\u00f1o moderado, lo que lo hace adecuado como contenedor de agua diario para desplazamientos o uso dom\u00e9stico.<\/p>\n\n\n\n<p><strong>Formaci\u00f3n del enfoque visual: <\/strong>El asa y la base de la taza, de color rojo, se hacen eco mutuamente y contrastan con las coloridas flores del cuerpo de la taza. De este modo, las partes rojas se convierten en el centro visual del dise\u00f1o general y aumentan la capacidad de reconocimiento de la taza.<\/p>\n\n\n\n<p><strong>Uso multifuncional: <\/strong>Esta taza de cer\u00e1mica vintage y elegante se puede utilizar para caf\u00e9, t\u00e9, chocolate caliente, leche, zumo o cualquier otro uso diario. Perfecta para hoteles, cafeter\u00edas, hogares, restaurantes u oficinas. Tambi\u00e9n es una gran decoraci\u00f3n de mesa para fiestas, reuniones, etc.<\/p>\n<\/div>\n\n\n\n<div class=\"wp-block-column is-layout-flow wp-block-column-is-layout-flow\">\n<h2 class=\"wp-block-heading\">Tazas de caf\u00e9 de cer\u00e1mica pintadas a mano:<\/h2>\n\n\n\n<p>Lianyuan ofrece varias opciones de vajilla personalizada seg\u00fan las necesidades de la marca o las tendencias de la moda, por lo que resulta ideal para uso personal y comercial.<\/p>\n\n\n\n<p><strong>Dise\u00f1o:&nbsp;<\/strong>Formas y motivos variados.<\/p>\n\n\n\n<p><strong>Composici\u00f3n del conjunto:<\/strong>&nbsp;Juegos de tazas de cer\u00e1mica personalizados con combinaciones de tazas, cuencos y cucharas.<\/p>\n\n\n\n<p><strong>Tama\u00f1o:&nbsp;<\/strong>Elija entre varios tama\u00f1os para adaptarse a las diferentes raciones de comida.<\/p>\n\n\n\n<p><strong>Material:<\/strong>&nbsp;Cer\u00e1mica, porcelana, porcelana china o pregunte por alternativas.<\/p>\n\n\n\n<p><strong>Artesan\u00eda:&nbsp;<\/strong>Calcoman\u00edas de esmalte, cambio de horno, pintadas a mano, motivos en relieve u otros.<\/p>\n\n\n\n<p><strong>Embalaje:&nbsp;<\/strong>Bulk Pack, caja de color, caja de regalo, caja expositora, caja postal, etc.<\/p>\n<\/div>\n<\/div>\n\n\n\n<div class=\"wp-block-columns is-layout-flex wp-container-core-columns-is-layout-9d6595d7 wp-block-columns-is-layout-flex\">\n<div class=\"wp-block-column is-layout-flow wp-block-column-is-layout-flow\">\n<figure class=\"wp-block-image size-full\"><img decoding=\"async\" width=\"800\" height=\"800\" src=\"https:\/\/www.lianyuanceramic.com\/wp-content\/uploads\/2025\/11\/custom-decal-ceamic-coffee-cup-mug.png\" alt=\"calcoman\u00eda personalizada taza de caf\u00e9 de cer\u00e1mica\" class=\"wp-image-2341\" srcset=\"https:\/\/www.lianyuanceramic.com\/wp-content\/uploads\/2025\/11\/custom-decal-ceamic-coffee-cup-mug.png 800w, https:\/\/www.lianyuanceramic.com\/wp-content\/uploads\/2025\/11\/custom-decal-ceamic-coffee-cup-mug-300x300.png 300w, https:\/\/www.lianyuanceramic.com\/wp-content\/uploads\/2025\/11\/custom-decal-ceamic-coffee-cup-mug-150x150.png 150w, https:\/\/www.lianyuanceramic.com\/wp-content\/uploads\/2025\/11\/custom-decal-ceamic-coffee-cup-mug-768x768.png 768w, https:\/\/www.lianyuanceramic.com\/wp-content\/uploads\/2025\/11\/custom-decal-ceamic-coffee-cup-mug-12x12.png 12w, https:\/\/www.lianyuanceramic.com\/wp-content\/uploads\/2025\/11\/custom-decal-ceamic-coffee-cup-mug-600x600.png 600w, https:\/\/www.lianyuanceramic.com\/wp-content\/uploads\/2025\/11\/custom-decal-ceamic-coffee-cup-mug-100x100.png 100w\" sizes=\"(max-width: 800px) 100vw, 800px\" \/><\/figure>\n<\/div>\n\n\n\n<div class=\"wp-block-column is-layout-flow wp-block-column-is-layout-flow\">\n<figure class=\"wp-block-image size-full\"><img decoding=\"async\" width=\"800\" height=\"800\" src=\"https:\/\/www.lianyuanceramic.com\/wp-content\/uploads\/2025\/11\/wholesale-restaurant-ceramic-hand-paint-mug.webp\" alt=\"mayorista restaurante taza de ceramica pintada a mano\" class=\"wp-image-2342\" srcset=\"https:\/\/www.lianyuanceramic.com\/wp-content\/uploads\/2025\/11\/wholesale-restaurant-ceramic-hand-paint-mug.webp 800w, https:\/\/www.lianyuanceramic.com\/wp-content\/uploads\/2025\/11\/wholesale-restaurant-ceramic-hand-paint-mug-300x300.webp 300w, https:\/\/www.lianyuanceramic.com\/wp-content\/uploads\/2025\/11\/wholesale-restaurant-ceramic-hand-paint-mug-150x150.webp 150w, https:\/\/www.lianyuanceramic.com\/wp-content\/uploads\/2025\/11\/wholesale-restaurant-ceramic-hand-paint-mug-768x768.webp 768w, https:\/\/www.lianyuanceramic.com\/wp-content\/uploads\/2025\/11\/wholesale-restaurant-ceramic-hand-paint-mug-12x12.webp 12w, https:\/\/www.lianyuanceramic.com\/wp-content\/uploads\/2025\/11\/wholesale-restaurant-ceramic-hand-paint-mug-600x600.webp 600w, https:\/\/www.lianyuanceramic.com\/wp-content\/uploads\/2025\/11\/wholesale-restaurant-ceramic-hand-paint-mug-100x100.webp 100w\" sizes=\"(max-width: 800px) 100vw, 800px\" \/><\/figure>\n<\/div>\n<\/div>","protected":false},"excerpt":{"rendered":"<div class=\"D5aOJc vJwDU\">\n<div data-zone-id=\"0\" data-line-index=\"0\" data-line=\"true\">\n<p>Tazas de caf\u00e9 de cer\u00e1mica pintadas a mano al por mayor con un dise\u00f1o elegante y caracter\u00edsticas pr\u00e1cticas, por lo que es un regalo bien pensado para cumplea\u00f1os, vacaciones, Navidad. \u00a1Pedidos al por mayor est\u00e1n disponibles con listo para enviar!  \u00a1P\u00f3ngase en contacto con nosotros hoy!<\/p>\n<\/div>\n<\/div>\n<h2>Tazas de caf\u00e9 de cer\u00e1mica pintadas a mano Par\u00e1metros:<\/h2>\n<table style=\"border-collapse: collapse; width: 370.82pt;\" border=\"0\" width=\"618\" cellspacing=\"0\" cellpadding=\"0\">\n<tbody>\n<tr style=\"height: 15.60pt;\">\n<td class=\"et3\" style=\"height: 15.60pt; width: 108.00pt;\" width=\"180\" height=\"26\">Fabricante<\/td>\n<td class=\"et3\" style=\"width: 263.25pt;\" width=\"438\">Lianyuan<\/td>\n<\/tr>\n<tr style=\"height: 15.60pt;\">\n<td class=\"et3\" style=\"height: 15.60pt;\" height=\"26\">Tipo de producto<\/td>\n<td class=\"et3\">Tazas de t\u00e9, tazas de caf\u00e9, tazas de desayuno<\/td>\n<\/tr>\n<tr style=\"height: 15.60pt;\">\n<td class=\"et3\" style=\"height: 15.60pt;\" height=\"26\">Patr\u00f3n<\/td>\n<td class=\"et3\">Patr\u00f3n floral<\/td>\n<\/tr>\n<tr style=\"height: 15.60pt;\">\n<td class=\"et3\" style=\"height: 15.60pt;\" height=\"26\">Color<\/td>\n<td class=\"et3\">Rosa, amarillo, verde, azul<\/td>\n<\/tr>\n<tr style=\"height: 15.60pt;\">\n<td class=\"et3\" style=\"height: 15.60pt;\" height=\"26\">Material<\/td>\n<td class=\"et3\">Porcelana resistente<\/td>\n<\/tr>\n<tr style=\"height: 15.60pt;\">\n<td class=\"et3\" style=\"height: 15.60pt;\" height=\"26\">Artesan\u00eda<\/td>\n<td class=\"et3\">Calcoman\u00eda esmaltada<\/td>\n<\/tr>\n<tr style=\"height: 15.60pt;\">\n<td class=\"et3\" style=\"height: 15.60pt;\" height=\"26\">Aplicaci\u00f3n<\/td>\n<td class=\"et3\">Apto para microondas, lavavajillas y horno<\/td>\n<\/tr>\n<tr style=\"height: 15.60pt;\">\n<td class=\"et3\" style=\"height: 15.60pt;\" height=\"26\">A medida<\/td>\n<td class=\"et3\">Color\/Tama\u00f1o\/Logotipo\/Embalaje<\/td>\n<\/tr>\n<\/tbody>\n<\/table>","protected":false},"featured_media":2335,"comment_status":"open","ping_status":"closed","template":"","meta":{"_acf_changed":false},"product_brand":[],"product_cat":[34],"product_tag":[31,30,29,27],"class_list":{"0":"post-2334","1":"product","2":"type-product","3":"status-publish","4":"has-post-thumbnail","6":"product_cat-bulk-ceramic-tableware-in-stock","7":"product_tag-bone-china-dinnerware-wholesale","8":"product_tag-custom-porcelain-dinnerware","9":"product_tag-hand-painted-embossed-dinnerware-wholesale","10":"product_tag-wholesale-decal-ceramics","12":"first","13":"instock","14":"shipping-taxable","15":"product-type-simple"},"acf":[],"_links":{"self":[{"href":"https:\/\/www.lianyuanceramic.com\/es\/wp-json\/wp\/v2\/product\/2334","targetHints":{"allow":["GET"]}}],"collection":[{"href":"https:\/\/www.lianyuanceramic.com\/es\/wp-json\/wp\/v2\/product"}],"about":[{"href":"https:\/\/www.lianyuanceramic.com\/es\/wp-json\/wp\/v2\/types\/product"}],"replies":[{"embeddable":true,"href":"https:\/\/www.lianyuanceramic.com\/es\/wp-json\/wp\/v2\/comments?post=2334"}],"wp:featuredmedia":[{"embeddable":true,"href":"https:\/\/www.lianyuanceramic.com\/es\/wp-json\/wp\/v2\/media\/2335"}],"wp:attachment":[{"href":"https:\/\/www.lianyuanceramic.com\/es\/wp-json\/wp\/v2\/media?parent=2334"}],"wp:term":[{"taxonomy":"product_brand","embeddable":true,"href":"https:\/\/www.lianyuanceramic.com\/es\/wp-json\/wp\/v2\/product_brand?post=2334"},{"taxonomy":"product_cat","embeddable":true,"href":"https:\/\/www.lianyuanceramic.com\/es\/wp-json\/wp\/v2\/product_cat?post=2334"},{"taxonomy":"product_tag","embeddable":true,"href":"https:\/\/www.lianyuanceramic.com\/es\/wp-json\/wp\/v2\/product_tag?post=2334"}],"curies":[{"name":"wp","href":"https:\/\/api.w.org\/{rel}","templated":true}]}}