{"id":2185,"date":"2025-11-05T03:43:31","date_gmt":"2025-11-05T03:43:31","guid":{"rendered":"https:\/\/www.lianyuanceramic.com\/?post_type=product&#038;p=2185"},"modified":"2025-11-08T01:20:33","modified_gmt":"2025-11-08T01:20:33","slug":"custom-cappuccino-cups","status":"publish","type":"product","link":"https:\/\/www.lianyuanceramic.com\/es\/product\/custom-cappuccino-cups\/","title":{"rendered":"Tazas de Cappuccino con Plato, Juego de Tazas de Caf\u00e9 Multicolor para Regalo de Bienvenida y Anfitri\u00f3n\u00a0"},"content":{"rendered":"<div class=\"wp-block-image\">\n<figure class=\"aligncenter size-full\"><img decoding=\"async\" width=\"750\" height=\"731\" src=\"https:\/\/www.lianyuanceramic.com\/wp-content\/uploads\/2025\/10\/manufacturer-cup-and-saucer.webp\" alt=\"fabricante taza y platillo\" class=\"wp-image-2221\" srcset=\"https:\/\/www.lianyuanceramic.com\/wp-content\/uploads\/2025\/10\/manufacturer-cup-and-saucer.webp 750w, https:\/\/www.lianyuanceramic.com\/wp-content\/uploads\/2025\/10\/manufacturer-cup-and-saucer-300x292.webp 300w, https:\/\/www.lianyuanceramic.com\/wp-content\/uploads\/2025\/10\/manufacturer-cup-and-saucer-12x12.webp 12w, https:\/\/www.lianyuanceramic.com\/wp-content\/uploads\/2025\/10\/manufacturer-cup-and-saucer-600x585.webp 600w\" sizes=\"(max-width: 750px) 100vw, 750px\" \/><\/figure>\n<\/div>\n\n\n<div class=\"wp-block-columns is-layout-flex wp-container-core-columns-is-layout-9d6595d7 wp-block-columns-is-layout-flex\">\n<div class=\"wp-block-column is-layout-flow wp-block-column-is-layout-flow\">\n<h2 class=\"wp-block-heading\">Tazas Cappuccino Caracter\u00edsticas:<\/h2>\n\n\n\n<p><strong>Porcelana de alta gama<\/strong>de porcelana de alta calidad, resistente al calor, resistente al desgaste, certificado FDA, LFGB, aplicabilidad en el mercado mundial.<\/p>\n\n\n\n<p><strong>Modelo r\u00fastico americano: <\/strong>Taza de cer\u00e1mica de dise\u00f1o r\u00fastico americano con estampado floral verde, ideal para caf\u00e9, leche o cereales. Seguridad alimentaria, reutilizable, y gran capacidad, mejor para el hogar, oficina, fiesta o regalo.<\/p>\n\n\n\n<p><strong>Saludable y seguro:<\/strong> Apto para lavavajillas y microondas, fabricado en porcelana resistente y preenvasado en una caja de cart\u00f3n segura.<\/p>\n\n\n\n<p><strong>Tecnolog\u00eda de calcoman\u00eda In-Glaze:<\/strong> Con tecnolog\u00eda de calcoman\u00eda en esmalte, la superficie es brillante, suave al tacto, y el color es claro y duradero.<\/p>\n\n\n\n<p><strong>Capacidad funcional y adecuada:<\/strong> La taza tiene una gran capacidad y se puede utilizar para diferentes tipos de bebidas como caf\u00e9, leche y t\u00e9 arom\u00e1tico, lo que puede satisfacer las demandas de catering diarias y comerciales.<\/p>\n\n\n\n<p><strong>Apoyo a la personalizaci\u00f3n<\/strong>: Lianyuan ofrece soluciones personalizadas como el patr\u00f3n, el color y el embalaje de acuerdo con los requisitos de los clientes para apoyar la diferenciaci\u00f3n de la marca.<\/p>\n<\/div>\n\n\n\n<div class=\"wp-block-column is-layout-flow wp-block-column-is-layout-flow\">\n<h2 class=\"wp-block-heading\">Soluci\u00f3n de tazas de capuchino personalizadas :<\/h2>\n\n\n\n<p>Lianyuan ofrece varias opciones de vajilla personalizada seg\u00fan las necesidades de la marca o las tendencias de la moda, por lo que resulta ideal para uso personal y comercial.<\/p>\n\n\n\n<p><strong>Dise\u00f1o:&nbsp;<\/strong>Formas y motivos variados.<\/p>\n\n\n\n<p><strong>Composici\u00f3n del conjunto:<\/strong>&nbsp;Juegos de tazas de cer\u00e1mica personalizados con combinaciones de tazas, cuencos y cucharas.<\/p>\n\n\n\n<p><strong>Tama\u00f1o:&nbsp;<\/strong>Elija entre varios tama\u00f1os para adaptarse a las diferentes raciones de comida.<\/p>\n\n\n\n<p><strong>Material:<\/strong>&nbsp;Cer\u00e1mica, porcelana, porcelana china o pregunte por alternativas.<\/p>\n\n\n\n<p><strong>Artesan\u00eda:&nbsp;<\/strong>Calcoman\u00edas de esmalte, cambio de horno, pintadas a mano, motivos en relieve u otros.<\/p>\n\n\n\n<p><strong>Embalaje:&nbsp;<\/strong>Bulk Pack, caja de color, caja de regalo, caja expositora, caja postal, etc.<\/p>\n<\/div>\n<\/div>","protected":false},"excerpt":{"rendered":"<div class=\"D5aOJc vJwDU\">\n<div data-zone-id=\"0\" data-line-index=\"0\" data-line=\"true\">\n<p>Tazas de cappuccino personalizadas, de estilo r\u00fastico americano, con calcoman\u00edas bajo esmalte y porcelana apta para uso alimentario. Perfectas para cafeter\u00edas, hoteles y regalos al por mayor, tambi\u00e9n ofrecemos opciones OEM. P\u00f3ngase en contacto con nosotros para obtener informaci\u00f3n sobre cantidades m\u00e1ximas y opciones de personalizaci\u00f3n.<\/p>\n<\/div>\n<\/div>\n<h2>Par\u00e1metros de las tazas de capuchino:<\/h2>\n<table style=\"border-collapse: collapse; width: 370.82pt;\" border=\"0\" width=\"618\" cellspacing=\"0\" cellpadding=\"0\">\n<tbody>\n<tr style=\"height: 15.60pt;\">\n<td class=\"et3\" style=\"height: 15.60pt; width: 108.00pt;\" width=\"180\" height=\"26\">Fabricante<\/td>\n<td class=\"et3\" style=\"width: 263.25pt;\" width=\"438\">Lianyuan<\/td>\n<\/tr>\n<tr style=\"height: 15.60pt;\">\n<td class=\"et3\" style=\"height: 15.60pt;\" height=\"26\">Tipo de producto<\/td>\n<td class=\"et3\">Juegos de t\u00e9<\/td>\n<\/tr>\n<tr style=\"height: 15.60pt;\">\n<td class=\"et3\" style=\"height: 15.60pt;\" height=\"26\">Patr\u00f3n<\/td>\n<td class=\"et3\">Exquisito estampado de hojas<\/td>\n<\/tr>\n<tr style=\"height: 15.60pt;\">\n<td class=\"et3\" style=\"height: 15.60pt;\" height=\"26\">Color<\/td>\n<td class=\"et3\">Colorido<\/td>\n<\/tr>\n<tr style=\"height: 15.60pt;\">\n<td class=\"et3\" style=\"height: 15.60pt;\" height=\"26\">Material<\/td>\n<td class=\"et3\">Porcelana resistente<\/td>\n<\/tr>\n<tr style=\"height: 15.60pt;\">\n<td class=\"et3\" style=\"height: 15.60pt;\" height=\"26\">Artesan\u00eda<\/td>\n<td class=\"et3\">Calcoman\u00eda In-Glaze<\/td>\n<\/tr>\n<tr style=\"height: 15.60pt;\">\n<td class=\"et3\" style=\"height: 15.60pt;\" height=\"26\">Aplicaci\u00f3n<\/td>\n<td class=\"et3\">Apto para microondas, lavavajillas y horno<\/td>\n<\/tr>\n<tr style=\"height: 15.60pt;\">\n<td class=\"et3\" style=\"height: 15.60pt;\" height=\"26\">A medida<\/td>\n<td class=\"et3\">Color\/Tama\u00f1o\/Logotipo\/Embalaje<\/td>\n<\/tr>\n<\/tbody>\n<\/table>","protected":false},"featured_media":2217,"comment_status":"open","ping_status":"closed","template":"","meta":{"_acf_changed":false},"product_brand":[],"product_cat":[34],"product_tag":[31,30,27],"class_list":{"0":"post-2185","1":"product","2":"type-product","3":"status-publish","4":"has-post-thumbnail","6":"product_cat-bulk-ceramic-tableware-in-stock","7":"product_tag-bone-china-dinnerware-wholesale","8":"product_tag-custom-porcelain-dinnerware","9":"product_tag-wholesale-decal-ceramics","11":"first","12":"instock","13":"shipping-taxable","14":"product-type-simple"},"acf":[],"_links":{"self":[{"href":"https:\/\/www.lianyuanceramic.com\/es\/wp-json\/wp\/v2\/product\/2185","targetHints":{"allow":["GET"]}}],"collection":[{"href":"https:\/\/www.lianyuanceramic.com\/es\/wp-json\/wp\/v2\/product"}],"about":[{"href":"https:\/\/www.lianyuanceramic.com\/es\/wp-json\/wp\/v2\/types\/product"}],"replies":[{"embeddable":true,"href":"https:\/\/www.lianyuanceramic.com\/es\/wp-json\/wp\/v2\/comments?post=2185"}],"wp:featuredmedia":[{"embeddable":true,"href":"https:\/\/www.lianyuanceramic.com\/es\/wp-json\/wp\/v2\/media\/2217"}],"wp:attachment":[{"href":"https:\/\/www.lianyuanceramic.com\/es\/wp-json\/wp\/v2\/media?parent=2185"}],"wp:term":[{"taxonomy":"product_brand","embeddable":true,"href":"https:\/\/www.lianyuanceramic.com\/es\/wp-json\/wp\/v2\/product_brand?post=2185"},{"taxonomy":"product_cat","embeddable":true,"href":"https:\/\/www.lianyuanceramic.com\/es\/wp-json\/wp\/v2\/product_cat?post=2185"},{"taxonomy":"product_tag","embeddable":true,"href":"https:\/\/www.lianyuanceramic.com\/es\/wp-json\/wp\/v2\/product_tag?post=2185"}],"curies":[{"name":"wp","href":"https:\/\/api.w.org\/{rel}","templated":true}]}}